{"id":97,"date":"2020-11-01T14:22:29","date_gmt":"2020-11-01T14:22:29","guid":{"rendered":"https:\/\/xn--tierrztlichepraxisfr-ezb75c.live-website.com\/?page_id=97"},"modified":"2023-08-07T13:00:50","modified_gmt":"2023-08-07T11:00:50","slug":"ultraschall-beim-pferd","status":"publish","type":"page","link":"https:\/\/pferdepraxis-roedig.de\/en\/ultraschall-beim-pferd","title":{"rendered":"Diagnostik &#8211; Ultraschall beim Pferd"},"content":{"rendered":"<p class=\"has-medium-font-size\">Ultraschalluntersuchung beim Pferd: Pr\u00e4zise Diagnose und effektive Behandlungsm\u00f6glichkeiten, sowie Besamungsmanagement<\/p>\n\n\n\n<p>Die Ultraschalluntersuchung beim Pferd ist ein unverzichtbares diagnostisches Verfahren in der Tiermedizin, insbesondere bei der Untersuchung von Pferden. Wir bieten durch den Einsatz von digitalen Ultraschallscannern hochwertige Ultraschalluntersuchungen f\u00fcr Pferde an. In diesem Artikel werden wir genauer auf die Bedeutung von Ultraschalluntersuchungen beim Pferd eingehen und wie sie zur Diagnose und Behandlung verschiedener Erkrankungen eingesetzt werden.<\/p>\n\n\n<div class=\"wp-block-image\">\n<figure class=\"aligncenter size-large\"><img loading=\"lazy\" decoding=\"async\" width=\"1024\" height=\"683\" src=\"https:\/\/pferdepraxis-roedig.de\/wp-content\/uploads\/2023\/01\/Ultraschalluntersuchung-1024x683.jpg\" alt=\"Ultraschall beim Pferd\" class=\"wp-image-474\" srcset=\"https:\/\/pferdepraxis-roedig.de\/wp-content\/uploads\/2023\/01\/Ultraschalluntersuchung-1024x683.jpg 1024w, https:\/\/pferdepraxis-roedig.de\/wp-content\/uploads\/2023\/01\/Ultraschalluntersuchung-300x200.jpg 300w, https:\/\/pferdepraxis-roedig.de\/wp-content\/uploads\/2023\/01\/Ultraschalluntersuchung-768x512.jpg 768w, https:\/\/pferdepraxis-roedig.de\/wp-content\/uploads\/2023\/01\/Ultraschalluntersuchung-1536x1025.jpg 1536w, https:\/\/pferdepraxis-roedig.de\/wp-content\/uploads\/2023\/01\/Ultraschalluntersuchung-700x467.jpg 700w, https:\/\/pferdepraxis-roedig.de\/wp-content\/uploads\/2023\/01\/Ultraschalluntersuchung-520x347.jpg 520w, https:\/\/pferdepraxis-roedig.de\/wp-content\/uploads\/2023\/01\/Ultraschalluntersuchung-360x240.jpg 360w, https:\/\/pferdepraxis-roedig.de\/wp-content\/uploads\/2023\/01\/Ultraschalluntersuchung-250x167.jpg 250w, https:\/\/pferdepraxis-roedig.de\/wp-content\/uploads\/2023\/01\/Ultraschalluntersuchung-100x67.jpg 100w, https:\/\/pferdepraxis-roedig.de\/wp-content\/uploads\/2023\/01\/Ultraschalluntersuchung.jpg 1731w\" sizes=\"auto, (max-width: 1024px) 100vw, 1024px\" \/><figcaption class=\"wp-element-caption\">Ultraschall beim Pferd<\/figcaption><\/figure>\n<\/div>\n\n\n<p>Die Ultraschalluntersuchung erm\u00f6glicht es Tier\u00e4rzten, das Innere des Pferdek\u00f6rpers zu visualisieren und potenzielle Probleme oder Verletzungen zu erkennen. Dieses nicht-invasive Verfahren verwendet hochfrequente Schallwellen, um detaillierte Bilder der inneren Organe, des Bewegungsapparates und anderer Gewebe zu erzeugen.<\/p>\n\n\n\n<p>Bei Pferden wird die Ultraschalluntersuchung h\u00e4ufig zur Untersuchung von Sehnen- und B\u00e4nderverletzungen eingesetzt. Durch die genaue Darstellung der betroffenen Gewebe k\u00f6nnen wir die Schwere und genaue Lokalisation der Verletzung beurteilen und eine individuelle Behandlung empfehlen. Der Heilungsverlauf wird dann mittels Ultraschalls kontrolliert und dokumentiert.<\/p>\n\n\n\n<p>Dar\u00fcber hinaus kann die Ultraschalluntersuchung auch bei der Diagnose von inneren Erkrankungen sowie Fortpflanzungsst\u00f6rungen und im Besamungsmanagement bei Stuten eingesetzt werden.<\/p>\n\n\n\n<p>F\u00fcr das Besamungsmanagement der K\u00fcnstlichen Besamung bei Pferden ist es wichtig den m\u00f6glichst optimalen Zeitpunkt abzupassen. Daf\u00fcr werden in der Rosse Follikelkontrollen mit dem Ultraschall durchgef\u00fchrt, um Besamungszeitpunkt zu bestimmen.<\/p>\n\n\n\n<p>Ab dem 18. Tag nach der Besamung ist dann eine Tr\u00e4chtigkeitsuntersuchung mit Ultraschall m\u00f6glich. &nbsp;<\/p>\n\n\n\n<p>Au\u00dferdem kann bei durch Hormonprobleme verursachte Rittigkeitsproblemen eine gyn\u00e4kologische Ultraschalluntersuchung Aufschluss \u00fcber die Ursache geben.<\/p>\n\n\n\n<p>Do you have any questions or would you like to make an appointment? <a href=\"https:\/\/pferdepraxis-roedig.de\/en\/contact\/\">Contact <\/a>See us!<\/p>","protected":false},"excerpt":{"rendered":"<p>Ultraschalluntersuchung beim Pferd: Pr\u00e4zise Diagnose und effektive Behandlungsm\u00f6glichkeiten, sowie Besamungsmanagement Die Ultraschalluntersuchung beim Pferd ist ein unverzichtbares diagnostisches Verfahren in der Tiermedizin, insbesondere bei der Untersuchung von Pferden. Wir bieten durch den Einsatz von digitalen Ultraschallscannern hochwertige Ultraschalluntersuchungen f\u00fcr Pferde [&hellip;]<\/p>\n","protected":false},"author":1,"featured_media":0,"parent":0,"menu_order":0,"comment_status":"closed","ping_status":"closed","template":"","meta":{"footnotes":""},"class_list":["post-97","page","type-page","status-publish","hentry","clearfix"],"yoast_head":"<!-- This site is optimized with the Yoast SEO plugin v27.3 - https:\/\/yoast.com\/product\/yoast-seo-wordpress\/ -->\n<title>Ultraschalluntersuchung beim Pferd - Fachtier\u00e4rztin Dr. Nina R\u00f6dig<\/title>\n<meta name=\"description\" content=\"Die Ultraschalluntersuchung (Sonographie) ist das Mittel der Wahl zur Untersuchung von Weichteilgewebe wie Muskulatur und Sehnen beim Pferd.\" \/>\n<meta name=\"robots\" content=\"index, follow, max-snippet:-1, max-image-preview:large, max-video-preview:-1\" \/>\n<link rel=\"canonical\" href=\"https:\/\/pferdepraxis-roedig.de\/en\/ultraschall-beim-pferd\/\" \/>\n<meta property=\"og:locale\" content=\"en_GB\" \/>\n<meta property=\"og:type\" content=\"article\" \/>\n<meta property=\"og:title\" content=\"Ultraschalluntersuchung beim Pferd - Fachtier\u00e4rztin Dr. Nina R\u00f6dig\" \/>\n<meta property=\"og:description\" content=\"Die Ultraschalluntersuchung (Sonographie) ist das Mittel der Wahl zur Untersuchung von Weichteilgewebe wie Muskulatur und Sehnen beim Pferd.\" \/>\n<meta property=\"og:url\" content=\"https:\/\/pferdepraxis-roedig.de\/en\/ultraschall-beim-pferd\/\" \/>\n<meta property=\"og:site_name\" content=\"Tier\u00e4rztliche Praxis f\u00fcr Pferde - Dr. Nina R\u00f6dig - Fachtier\u00e4rztin\" \/>\n<meta property=\"article:publisher\" content=\"https:\/\/www.facebook.com\/tierarztpraxisroedig\/\" \/>\n<meta property=\"article:modified_time\" content=\"2023-08-07T11:00:50+00:00\" \/>\n<meta property=\"og:image\" content=\"https:\/\/pferdepraxis-roedig.de\/wp-content\/uploads\/2023\/01\/Ultraschalluntersuchung-1024x683.jpg\" \/>\n<meta name=\"twitter:card\" content=\"summary_large_image\" \/>\n<meta name=\"twitter:label1\" content=\"Estimated reading time\" \/>\n\t<meta name=\"twitter:data1\" content=\"1 minute\" \/>\n<script type=\"application\/ld+json\" class=\"yoast-schema-graph\">{\"@context\":\"https:\\\/\\\/schema.org\",\"@graph\":[{\"@type\":\"WebPage\",\"@id\":\"https:\\\/\\\/pferdepraxis-roedig.de\\\/ultraschall-beim-pferd\",\"url\":\"https:\\\/\\\/pferdepraxis-roedig.de\\\/ultraschall-beim-pferd\",\"name\":\"Ultraschalluntersuchung beim Pferd - Fachtier\u00e4rztin Dr. Nina R\u00f6dig\",\"isPartOf\":{\"@id\":\"https:\\\/\\\/pferdepraxis-roedig.de\\\/#website\"},\"primaryImageOfPage\":{\"@id\":\"https:\\\/\\\/pferdepraxis-roedig.de\\\/ultraschall-beim-pferd#primaryimage\"},\"image\":{\"@id\":\"https:\\\/\\\/pferdepraxis-roedig.de\\\/ultraschall-beim-pferd#primaryimage\"},\"thumbnailUrl\":\"https:\\\/\\\/pferdepraxis-roedig.de\\\/wp-content\\\/uploads\\\/2023\\\/01\\\/Ultraschalluntersuchung-1024x683.jpg\",\"datePublished\":\"2020-11-01T14:22:29+00:00\",\"dateModified\":\"2023-08-07T11:00:50+00:00\",\"description\":\"Die Ultraschalluntersuchung (Sonographie) ist das Mittel der Wahl zur Untersuchung von Weichteilgewebe wie Muskulatur und Sehnen beim Pferd.\",\"breadcrumb\":{\"@id\":\"https:\\\/\\\/pferdepraxis-roedig.de\\\/ultraschall-beim-pferd#breadcrumb\"},\"inLanguage\":\"en-GB\",\"potentialAction\":[{\"@type\":\"ReadAction\",\"target\":[\"https:\\\/\\\/pferdepraxis-roedig.de\\\/ultraschall-beim-pferd\"]}]},{\"@type\":\"ImageObject\",\"inLanguage\":\"en-GB\",\"@id\":\"https:\\\/\\\/pferdepraxis-roedig.de\\\/ultraschall-beim-pferd#primaryimage\",\"url\":\"https:\\\/\\\/pferdepraxis-roedig.de\\\/wp-content\\\/uploads\\\/2023\\\/01\\\/Ultraschalluntersuchung-1024x683.jpg\",\"contentUrl\":\"https:\\\/\\\/pferdepraxis-roedig.de\\\/wp-content\\\/uploads\\\/2023\\\/01\\\/Ultraschalluntersuchung-1024x683.jpg\"},{\"@type\":\"BreadcrumbList\",\"@id\":\"https:\\\/\\\/pferdepraxis-roedig.de\\\/ultraschall-beim-pferd#breadcrumb\",\"itemListElement\":[{\"@type\":\"ListItem\",\"position\":1,\"name\":\"Startseite\",\"item\":\"https:\\\/\\\/pferdepraxis-roedig.de\\\/\"},{\"@type\":\"ListItem\",\"position\":2,\"name\":\"Diagnostik &#8211; Ultraschall beim Pferd\"}]},{\"@type\":\"WebSite\",\"@id\":\"https:\\\/\\\/pferdepraxis-roedig.de\\\/#website\",\"url\":\"https:\\\/\\\/pferdepraxis-roedig.de\\\/\",\"name\":\"Tier\u00e4rztliche Praxis f\u00fcr Pferde - Dr. Nina R\u00f6dig\",\"description\":\"Orthop\u00e4die mit Ultraschall, dig. R\u00f6ntgen &amp; Endoskopie vor Ort. 24h-Notdienst. Zuverl\u00e4ssige Betreuung. Diagnostik M\u00f6glich. Kompetente Beratung.\",\"publisher\":{\"@id\":\"https:\\\/\\\/pferdepraxis-roedig.de\\\/#organization\"},\"potentialAction\":[{\"@type\":\"SearchAction\",\"target\":{\"@type\":\"EntryPoint\",\"urlTemplate\":\"https:\\\/\\\/pferdepraxis-roedig.de\\\/?s={search_term_string}\"},\"query-input\":{\"@type\":\"PropertyValueSpecification\",\"valueRequired\":true,\"valueName\":\"search_term_string\"}}],\"inLanguage\":\"en-GB\"},{\"@type\":\"Organization\",\"@id\":\"https:\\\/\\\/pferdepraxis-roedig.de\\\/#organization\",\"name\":\"Tier\u00e4rztliche Praxis f\u00fcr Pferde - Dr. Nina R\u00f6dig\",\"url\":\"https:\\\/\\\/pferdepraxis-roedig.de\\\/\",\"logo\":{\"@type\":\"ImageObject\",\"inLanguage\":\"en-GB\",\"@id\":\"https:\\\/\\\/pferdepraxis-roedig.de\\\/#\\\/schema\\\/logo\\\/image\\\/\",\"url\":\"https:\\\/\\\/pferdepraxis-roedig.de\\\/wp-content\\\/uploads\\\/2020\\\/12\\\/Logo_Roedig_TPfP_v2.png\",\"contentUrl\":\"https:\\\/\\\/pferdepraxis-roedig.de\\\/wp-content\\\/uploads\\\/2020\\\/12\\\/Logo_Roedig_TPfP_v2.png\",\"width\":1024,\"height\":386,\"caption\":\"Tier\u00e4rztliche Praxis f\u00fcr Pferde - Dr. Nina R\u00f6dig\"},\"image\":{\"@id\":\"https:\\\/\\\/pferdepraxis-roedig.de\\\/#\\\/schema\\\/logo\\\/image\\\/\"},\"sameAs\":[\"https:\\\/\\\/www.facebook.com\\\/tierarztpraxisroedig\\\/\",\"https:\\\/\\\/www.instagram.com\\\/tierarztpraxis_roedig\\\/\"]}]}<\/script>\n<!-- \/ Yoast SEO plugin. -->","yoast_head_json":{"title":"Ultraschalluntersuchung beim Pferd - Fachtier\u00e4rztin Dr. Nina R\u00f6dig","description":"Die Ultraschalluntersuchung (Sonographie) ist das Mittel der Wahl zur Untersuchung von Weichteilgewebe wie Muskulatur und Sehnen beim Pferd.","robots":{"index":"index","follow":"follow","max-snippet":"max-snippet:-1","max-image-preview":"max-image-preview:large","max-video-preview":"max-video-preview:-1"},"canonical":"https:\/\/pferdepraxis-roedig.de\/en\/ultraschall-beim-pferd\/","og_locale":"en_GB","og_type":"article","og_title":"Ultraschalluntersuchung beim Pferd - Fachtier\u00e4rztin Dr. Nina R\u00f6dig","og_description":"Die Ultraschalluntersuchung (Sonographie) ist das Mittel der Wahl zur Untersuchung von Weichteilgewebe wie Muskulatur und Sehnen beim Pferd.","og_url":"https:\/\/pferdepraxis-roedig.de\/en\/ultraschall-beim-pferd\/","og_site_name":"Tier\u00e4rztliche Praxis f\u00fcr Pferde - Dr. Nina R\u00f6dig - Fachtier\u00e4rztin","article_publisher":"https:\/\/www.facebook.com\/tierarztpraxisroedig\/","article_modified_time":"2023-08-07T11:00:50+00:00","og_image":[{"url":"https:\/\/pferdepraxis-roedig.de\/wp-content\/uploads\/2023\/01\/Ultraschalluntersuchung-1024x683.jpg","type":"","width":"","height":""}],"twitter_card":"summary_large_image","twitter_misc":{"Estimated reading time":"1 minute"},"schema":{"@context":"https:\/\/schema.org","@graph":[{"@type":"WebPage","@id":"https:\/\/pferdepraxis-roedig.de\/ultraschall-beim-pferd","url":"https:\/\/pferdepraxis-roedig.de\/ultraschall-beim-pferd","name":"Ultraschalluntersuchung beim Pferd - Fachtier\u00e4rztin Dr. Nina R\u00f6dig","isPartOf":{"@id":"https:\/\/pferdepraxis-roedig.de\/#website"},"primaryImageOfPage":{"@id":"https:\/\/pferdepraxis-roedig.de\/ultraschall-beim-pferd#primaryimage"},"image":{"@id":"https:\/\/pferdepraxis-roedig.de\/ultraschall-beim-pferd#primaryimage"},"thumbnailUrl":"https:\/\/pferdepraxis-roedig.de\/wp-content\/uploads\/2023\/01\/Ultraschalluntersuchung-1024x683.jpg","datePublished":"2020-11-01T14:22:29+00:00","dateModified":"2023-08-07T11:00:50+00:00","description":"Die Ultraschalluntersuchung (Sonographie) ist das Mittel der Wahl zur Untersuchung von Weichteilgewebe wie Muskulatur und Sehnen beim Pferd.","breadcrumb":{"@id":"https:\/\/pferdepraxis-roedig.de\/ultraschall-beim-pferd#breadcrumb"},"inLanguage":"en-GB","potentialAction":[{"@type":"ReadAction","target":["https:\/\/pferdepraxis-roedig.de\/ultraschall-beim-pferd"]}]},{"@type":"ImageObject","inLanguage":"en-GB","@id":"https:\/\/pferdepraxis-roedig.de\/ultraschall-beim-pferd#primaryimage","url":"https:\/\/pferdepraxis-roedig.de\/wp-content\/uploads\/2023\/01\/Ultraschalluntersuchung-1024x683.jpg","contentUrl":"https:\/\/pferdepraxis-roedig.de\/wp-content\/uploads\/2023\/01\/Ultraschalluntersuchung-1024x683.jpg"},{"@type":"BreadcrumbList","@id":"https:\/\/pferdepraxis-roedig.de\/ultraschall-beim-pferd#breadcrumb","itemListElement":[{"@type":"ListItem","position":1,"name":"Startseite","item":"https:\/\/pferdepraxis-roedig.de\/"},{"@type":"ListItem","position":2,"name":"Diagnostik &#8211; Ultraschall beim Pferd"}]},{"@type":"WebSite","@id":"https:\/\/pferdepraxis-roedig.de\/#website","url":"https:\/\/pferdepraxis-roedig.de\/","name":"Veterinary Practice for Horses - Dr. Nina R\u00f6dig","description":"Orthopaedics with ultrasound, digital X-ray &amp; endoscopy on site. 24-hour emergency service. Reliable care. Diagnostics possible. Competent advice.","publisher":{"@id":"https:\/\/pferdepraxis-roedig.de\/#organization"},"potentialAction":[{"@type":"SearchAction","target":{"@type":"EntryPoint","urlTemplate":"https:\/\/pferdepraxis-roedig.de\/?s={search_term_string}"},"query-input":{"@type":"PropertyValueSpecification","valueRequired":true,"valueName":"search_term_string"}}],"inLanguage":"en-GB"},{"@type":"Organization","@id":"https:\/\/pferdepraxis-roedig.de\/#organization","name":"Veterinary Practice for Horses - Dr. Nina R\u00f6dig","url":"https:\/\/pferdepraxis-roedig.de\/","logo":{"@type":"ImageObject","inLanguage":"en-GB","@id":"https:\/\/pferdepraxis-roedig.de\/#\/schema\/logo\/image\/","url":"https:\/\/pferdepraxis-roedig.de\/wp-content\/uploads\/2020\/12\/Logo_Roedig_TPfP_v2.png","contentUrl":"https:\/\/pferdepraxis-roedig.de\/wp-content\/uploads\/2020\/12\/Logo_Roedig_TPfP_v2.png","width":1024,"height":386,"caption":"Tier\u00e4rztliche Praxis f\u00fcr Pferde - Dr. Nina R\u00f6dig"},"image":{"@id":"https:\/\/pferdepraxis-roedig.de\/#\/schema\/logo\/image\/"},"sameAs":["https:\/\/www.facebook.com\/tierarztpraxisroedig\/","https:\/\/www.instagram.com\/tierarztpraxis_roedig\/"]}]}},"_links":{"self":[{"href":"https:\/\/pferdepraxis-roedig.de\/en\/wp-json\/wp\/v2\/pages\/97","targetHints":{"allow":["GET"]}}],"collection":[{"href":"https:\/\/pferdepraxis-roedig.de\/en\/wp-json\/wp\/v2\/pages"}],"about":[{"href":"https:\/\/pferdepraxis-roedig.de\/en\/wp-json\/wp\/v2\/types\/page"}],"author":[{"embeddable":true,"href":"https:\/\/pferdepraxis-roedig.de\/en\/wp-json\/wp\/v2\/users\/1"}],"replies":[{"embeddable":true,"href":"https:\/\/pferdepraxis-roedig.de\/en\/wp-json\/wp\/v2\/comments?post=97"}],"version-history":[{"count":8,"href":"https:\/\/pferdepraxis-roedig.de\/en\/wp-json\/wp\/v2\/pages\/97\/revisions"}],"predecessor-version":[{"id":521,"href":"https:\/\/pferdepraxis-roedig.de\/en\/wp-json\/wp\/v2\/pages\/97\/revisions\/521"}],"wp:attachment":[{"href":"https:\/\/pferdepraxis-roedig.de\/en\/wp-json\/wp\/v2\/media?parent=97"}],"curies":[{"name":"wp","href":"https:\/\/api.w.org\/{rel}","templated":true}]}}