{"id":95,"date":"2020-11-01T14:20:49","date_gmt":"2020-11-01T14:20:49","guid":{"rendered":"https:\/\/xn--tierrztlichepraxisfr-ezb75c.live-website.com\/?page_id=95"},"modified":"2023-08-07T12:55:15","modified_gmt":"2023-08-07T10:55:15","slug":"x-rays-on-a-horse","status":"publish","type":"page","link":"https:\/\/pferdepraxis-roedig.de\/en\/roentgen-beim-pferd","title":{"rendered":"Diagnostics - Digital X-ray"},"content":{"rendered":"<p class=\"has-medium-font-size\">X-rays in horses: diagnosis and pre-purchase examinations<\/p>\n\n\n\n<p>X-ray examinations are an indispensable tool in veterinary medicine, particularly for the diagnosis and treatment of horses. We offer high-quality X-ray examinations for horses at our practice. In this article, we will delve deeper into the importance of X-ray examinations in horses and how they are used for the diagnosis and treatment of various conditions. <\/p>\n\n\n\n<p>X-ray examinations allow veterinarians to visualise the inside of a horse's body and identify potential problems or injuries. This is particularly important in diagnosing fractures, joint diseases, arthritis, hoof problems, and other orthopaedic issues. By accurately depicting bone structure, veterinarians can assess the exact location and severity of an injury and recommend appropriate treatment.<\/p>\n\n\n\n<figure class=\"wp-block-gallery has-nested-images columns-default is-cropped wp-block-gallery-1 is-layout-flex wp-block-gallery-is-layout-flex\">\n<figure class=\"wp-block-image size-large\"><img loading=\"lazy\" decoding=\"async\" width=\"1024\" height=\"683\" data-id=\"464\" src=\"https:\/\/pferdepraxis-roedig.de\/wp-content\/uploads\/2023\/01\/Mobiles-digitales-Roentgen-1-1024x683.jpg\" alt=\"Radiographic examination in horses\" class=\"wp-image-464\" srcset=\"https:\/\/pferdepraxis-roedig.de\/wp-content\/uploads\/2023\/01\/Mobiles-digitales-Roentgen-1-1024x683.jpg 1024w, https:\/\/pferdepraxis-roedig.de\/wp-content\/uploads\/2023\/01\/Mobiles-digitales-Roentgen-1-300x200.jpg 300w, https:\/\/pferdepraxis-roedig.de\/wp-content\/uploads\/2023\/01\/Mobiles-digitales-Roentgen-1-768x512.jpg 768w, https:\/\/pferdepraxis-roedig.de\/wp-content\/uploads\/2023\/01\/Mobiles-digitales-Roentgen-1-1536x1025.jpg 1536w, https:\/\/pferdepraxis-roedig.de\/wp-content\/uploads\/2023\/01\/Mobiles-digitales-Roentgen-1-700x467.jpg 700w, https:\/\/pferdepraxis-roedig.de\/wp-content\/uploads\/2023\/01\/Mobiles-digitales-Roentgen-1-520x347.jpg 520w, https:\/\/pferdepraxis-roedig.de\/wp-content\/uploads\/2023\/01\/Mobiles-digitales-Roentgen-1-360x240.jpg 360w, https:\/\/pferdepraxis-roedig.de\/wp-content\/uploads\/2023\/01\/Mobiles-digitales-Roentgen-1-250x167.jpg 250w, https:\/\/pferdepraxis-roedig.de\/wp-content\/uploads\/2023\/01\/Mobiles-digitales-Roentgen-1-100x67.jpg 100w, https:\/\/pferdepraxis-roedig.de\/wp-content\/uploads\/2023\/01\/Mobiles-digitales-Roentgen-1.jpg 1731w\" sizes=\"auto, (max-width: 1024px) 100vw, 1024px\" \/><\/figure>\n\n\n\n<figure class=\"wp-block-image size-large\"><img loading=\"lazy\" decoding=\"async\" width=\"1024\" height=\"683\" data-id=\"463\" src=\"https:\/\/pferdepraxis-roedig.de\/wp-content\/uploads\/2023\/01\/Mobiles-digitales-Roentgen-2-1024x683.jpg\" alt=\"Radiographic examination in horses\" class=\"wp-image-463\" srcset=\"https:\/\/pferdepraxis-roedig.de\/wp-content\/uploads\/2023\/01\/Mobiles-digitales-Roentgen-2-1024x683.jpg 1024w, https:\/\/pferdepraxis-roedig.de\/wp-content\/uploads\/2023\/01\/Mobiles-digitales-Roentgen-2-300x200.jpg 300w, https:\/\/pferdepraxis-roedig.de\/wp-content\/uploads\/2023\/01\/Mobiles-digitales-Roentgen-2-768x512.jpg 768w, https:\/\/pferdepraxis-roedig.de\/wp-content\/uploads\/2023\/01\/Mobiles-digitales-Roentgen-2-1536x1025.jpg 1536w, https:\/\/pferdepraxis-roedig.de\/wp-content\/uploads\/2023\/01\/Mobiles-digitales-Roentgen-2-700x467.jpg 700w, https:\/\/pferdepraxis-roedig.de\/wp-content\/uploads\/2023\/01\/Mobiles-digitales-Roentgen-2-520x347.jpg 520w, https:\/\/pferdepraxis-roedig.de\/wp-content\/uploads\/2023\/01\/Mobiles-digitales-Roentgen-2-360x240.jpg 360w, https:\/\/pferdepraxis-roedig.de\/wp-content\/uploads\/2023\/01\/Mobiles-digitales-Roentgen-2-250x167.jpg 250w, https:\/\/pferdepraxis-roedig.de\/wp-content\/uploads\/2023\/01\/Mobiles-digitales-Roentgen-2-100x67.jpg 100w, https:\/\/pferdepraxis-roedig.de\/wp-content\/uploads\/2023\/01\/Mobiles-digitales-Roentgen-2.jpg 1731w\" sizes=\"auto, (max-width: 1024px) 100vw, 1024px\" \/><\/figure>\n<\/figure>\n\n\n\n<p>Our practice uses state-of-the-art FUJI digital systems for mobile X-ray examinations, to meet the individual needs of horse owners. Our X-ray detector is capable of producing high-resolution images of the bony structures of the limbs, as well as teeth or spinous processes of the spine. The X-ray images can be sent directly as DICOM or PDF format upon request.\u00a0\u00a0<\/p>\n\n\n\n<figure class=\"wp-block-gallery has-nested-images columns-4 is-cropped wp-block-gallery-2 is-layout-flex wp-block-gallery-is-layout-flex\">\n<figure class=\"wp-block-image size-thumbnail\"><a href=\"https:\/\/pferdepraxis-roedig.de\/wp-content\/uploads\/2023\/01\/akute-Hufrehe.jpg\" target=\"_blank\" rel=\"noopener\"><img loading=\"lazy\" decoding=\"async\" width=\"150\" height=\"150\" data-id=\"482\" src=\"https:\/\/pferdepraxis-roedig.de\/wp-content\/uploads\/2023\/01\/akute-Hufrehe-150x150.jpg\" alt=\"acute laminitis\" class=\"wp-image-482\"\/><\/a><figcaption class=\"wp-element-caption\">acute laminitis<\/figcaption><\/figure>\n\n\n\n<figure class=\"wp-block-image size-thumbnail\"><a href=\"https:\/\/pferdepraxis-roedig.de\/wp-content\/uploads\/2023\/01\/Griffelbeinbruch.jpg\" target=\"_blank\" rel=\"noopener\"><img loading=\"lazy\" decoding=\"async\" width=\"150\" height=\"150\" data-id=\"481\" src=\"https:\/\/pferdepraxis-roedig.de\/wp-content\/uploads\/2023\/01\/Griffelbeinbruch-150x150.jpg\" alt=\"Shinbone fracture\" class=\"wp-image-481\"\/><\/a><figcaption class=\"wp-element-caption\">Shinbone fracture<\/figcaption><\/figure>\n\n\n\n<figure class=\"wp-block-image size-thumbnail\"><a href=\"https:\/\/pferdepraxis-roedig.de\/wp-content\/uploads\/2023\/01\/hochgradige-Arthrose-bei-einem-Kaltblut.jpg\" target=\"_blank\" rel=\"noopener\"><img loading=\"lazy\" decoding=\"async\" width=\"150\" height=\"150\" data-id=\"484\" src=\"https:\/\/pferdepraxis-roedig.de\/wp-content\/uploads\/2023\/01\/hochgradige-Arthrose-bei-einem-Kaltblut-150x150.jpg\" alt=\"Severe arthritis in a cold-blood horse\" class=\"wp-image-484\"\/><\/a><figcaption class=\"wp-element-caption\">Severe osteoarthritis in a draft horse<\/figcaption><\/figure>\n\n\n\n<figure class=\"wp-block-image size-thumbnail\"><a href=\"https:\/\/pferdepraxis-roedig.de\/wp-content\/uploads\/2023\/01\/Physiologisches-Fesselgelenk.jpg\" target=\"_blank\" rel=\"noopener\"><img loading=\"lazy\" decoding=\"async\" width=\"150\" height=\"150\" data-id=\"483\" src=\"https:\/\/pferdepraxis-roedig.de\/wp-content\/uploads\/2023\/01\/Physiologisches-Fesselgelenk-150x150.jpg\" alt=\"Physiological fetlock joint\" class=\"wp-image-483\"\/><\/a><figcaption class=\"wp-element-caption\">Physiological fetlock joint<\/figcaption><\/figure>\n<\/figure>\n\n\n\n<p>For radiological examination of horses as part of pre-purchase examinations, we follow the 2018 guidelines for radiological examination from the Society for Equine Medicine: <a href=\"https:\/\/www.bundestieraerztekammer.de\/tieraerzte\/leitlinien\/downloads\/171020_GPM-Roentgen-Leitfaden.pdf\" target=\"_blank\" rel=\"noreferrer noopener\">https:\/\/www.bundestieraerztekammer.de\/tieraerzte\/leitlinien\/downloads\/171020_GPM-Roentgen-Leitfaden.pdf<\/a>.&nbsp;<\/p>\n\n\n\n<p>Upon request, it is also of course possible to take individual X-rays as part of a pre-purchase examination. Simply speak to us.&nbsp;<\/p>\n\n\n\n<p>Do you have any questions or would you like to make an appointment? <a href=\"https:\/\/pferdepraxis-roedig.de\/en\/contact\/\">Contact <\/a>See us!<\/p>","protected":false},"excerpt":{"rendered":"<p>R\u00f6ntgen beim Pferd: Diagnose und Ankaufsuntersuchungen R\u00f6ntgenuntersuchungen sind ein unverzichtbares Werkzeug in der Tiermedizin, insbesondere bei der Diagnose und Behandlung von Pferden. Wir bieten in unserer Praxis hochwertige R\u00f6ntgenuntersuchungen f\u00fcr Pferde an. In diesem Artikel werden wir genauer auf die [&hellip;]<\/p>\n","protected":false},"author":1,"featured_media":0,"parent":0,"menu_order":0,"comment_status":"closed","ping_status":"closed","template":"","meta":{"footnotes":""},"class_list":["post-95","page","type-page","status-publish","hentry","clearfix"],"yoast_head":"<!-- This site is optimized with the Yoast SEO plugin v27.4 - https:\/\/yoast.com\/product\/yoast-seo-wordpress\/ -->\n<title>R\u00f6ntgen beim Pferd - Dr. Nina R\u00f6dig - Fachtier\u00e4rztin<\/title>\n<meta name=\"description\" content=\"R\u00f6ntgen beim Pferd (Diagnose und Ankaufsuntersuchungen) liefert umfangreichen Aufschluss \u00fcber Erkrankungen der Knochen und Gelenke.\" \/>\n<meta name=\"robots\" content=\"index, follow, max-snippet:-1, max-image-preview:large, max-video-preview:-1\" \/>\n<link rel=\"canonical\" href=\"https:\/\/pferdepraxis-roedig.de\/en\/x-rays-on-a-horse\/\" \/>\n<meta property=\"og:locale\" content=\"en_GB\" \/>\n<meta property=\"og:type\" content=\"article\" \/>\n<meta property=\"og:title\" content=\"R\u00f6ntgen beim Pferd - Dr. Nina R\u00f6dig - Fachtier\u00e4rztin\" \/>\n<meta property=\"og:description\" content=\"R\u00f6ntgen beim Pferd (Diagnose und Ankaufsuntersuchungen) liefert umfangreichen Aufschluss \u00fcber Erkrankungen der Knochen und Gelenke.\" \/>\n<meta property=\"og:url\" content=\"https:\/\/pferdepraxis-roedig.de\/en\/x-rays-on-a-horse\/\" \/>\n<meta property=\"og:site_name\" content=\"Tier\u00e4rztliche Praxis f\u00fcr Pferde - Dr. Nina R\u00f6dig - Fachtier\u00e4rztin\" \/>\n<meta property=\"article:publisher\" content=\"https:\/\/www.facebook.com\/tierarztpraxisroedig\/\" \/>\n<meta property=\"article:modified_time\" content=\"2023-08-07T10:55:15+00:00\" \/>\n<meta property=\"og:image\" content=\"https:\/\/pferdepraxis-roedig.de\/wp-content\/uploads\/2023\/01\/Mobiles-digitales-Roentgen-1-1024x683.jpg\" \/>\n<meta name=\"twitter:card\" content=\"summary_large_image\" \/>\n<meta name=\"twitter:label1\" content=\"Estimated reading time\" \/>\n\t<meta name=\"twitter:data1\" content=\"1 minute\" \/>\n<script type=\"application\/ld+json\" class=\"yoast-schema-graph\">{\"@context\":\"https:\\\/\\\/schema.org\",\"@graph\":[{\"@type\":\"WebPage\",\"@id\":\"https:\\\/\\\/pferdepraxis-roedig.de\\\/roentgen-beim-pferd\",\"url\":\"https:\\\/\\\/pferdepraxis-roedig.de\\\/roentgen-beim-pferd\",\"name\":\"R\u00f6ntgen beim Pferd - Dr. Nina R\u00f6dig - Fachtier\u00e4rztin\",\"isPartOf\":{\"@id\":\"https:\\\/\\\/pferdepraxis-roedig.de\\\/#website\"},\"primaryImageOfPage\":{\"@id\":\"https:\\\/\\\/pferdepraxis-roedig.de\\\/roentgen-beim-pferd#primaryimage\"},\"image\":{\"@id\":\"https:\\\/\\\/pferdepraxis-roedig.de\\\/roentgen-beim-pferd#primaryimage\"},\"thumbnailUrl\":\"https:\\\/\\\/pferdepraxis-roedig.de\\\/wp-content\\\/uploads\\\/2023\\\/01\\\/Mobiles-digitales-Roentgen-1-1024x683.jpg\",\"datePublished\":\"2020-11-01T14:20:49+00:00\",\"dateModified\":\"2023-08-07T10:55:15+00:00\",\"description\":\"R\u00f6ntgen beim Pferd (Diagnose und Ankaufsuntersuchungen) liefert umfangreichen Aufschluss \u00fcber Erkrankungen der Knochen und Gelenke.\",\"breadcrumb\":{\"@id\":\"https:\\\/\\\/pferdepraxis-roedig.de\\\/roentgen-beim-pferd#breadcrumb\"},\"inLanguage\":\"en-GB\",\"potentialAction\":[{\"@type\":\"ReadAction\",\"target\":[\"https:\\\/\\\/pferdepraxis-roedig.de\\\/roentgen-beim-pferd\"]}]},{\"@type\":\"ImageObject\",\"inLanguage\":\"en-GB\",\"@id\":\"https:\\\/\\\/pferdepraxis-roedig.de\\\/roentgen-beim-pferd#primaryimage\",\"url\":\"https:\\\/\\\/pferdepraxis-roedig.de\\\/wp-content\\\/uploads\\\/2023\\\/01\\\/Mobiles-digitales-Roentgen-1-1024x683.jpg\",\"contentUrl\":\"https:\\\/\\\/pferdepraxis-roedig.de\\\/wp-content\\\/uploads\\\/2023\\\/01\\\/Mobiles-digitales-Roentgen-1-1024x683.jpg\"},{\"@type\":\"BreadcrumbList\",\"@id\":\"https:\\\/\\\/pferdepraxis-roedig.de\\\/roentgen-beim-pferd#breadcrumb\",\"itemListElement\":[{\"@type\":\"ListItem\",\"position\":1,\"name\":\"Startseite\",\"item\":\"https:\\\/\\\/pferdepraxis-roedig.de\\\/\"},{\"@type\":\"ListItem\",\"position\":2,\"name\":\"Diagnostik &#8211; digitales R\u00f6ntgen\"}]},{\"@type\":\"WebSite\",\"@id\":\"https:\\\/\\\/pferdepraxis-roedig.de\\\/#website\",\"url\":\"https:\\\/\\\/pferdepraxis-roedig.de\\\/\",\"name\":\"Tier\u00e4rztliche Praxis f\u00fcr Pferde - Dr. Nina R\u00f6dig\",\"description\":\"Orthop\u00e4die mit Ultraschall, dig. R\u00f6ntgen &amp; Endoskopie vor Ort. 24h-Notdienst. Zuverl\u00e4ssige Betreuung. Diagnostik M\u00f6glich. Kompetente Beratung.\",\"publisher\":{\"@id\":\"https:\\\/\\\/pferdepraxis-roedig.de\\\/#organization\"},\"potentialAction\":[{\"@type\":\"SearchAction\",\"target\":{\"@type\":\"EntryPoint\",\"urlTemplate\":\"https:\\\/\\\/pferdepraxis-roedig.de\\\/?s={search_term_string}\"},\"query-input\":{\"@type\":\"PropertyValueSpecification\",\"valueRequired\":true,\"valueName\":\"search_term_string\"}}],\"inLanguage\":\"en-GB\"},{\"@type\":\"Organization\",\"@id\":\"https:\\\/\\\/pferdepraxis-roedig.de\\\/#organization\",\"name\":\"Tier\u00e4rztliche Praxis f\u00fcr Pferde - Dr. Nina R\u00f6dig\",\"url\":\"https:\\\/\\\/pferdepraxis-roedig.de\\\/\",\"logo\":{\"@type\":\"ImageObject\",\"inLanguage\":\"en-GB\",\"@id\":\"https:\\\/\\\/pferdepraxis-roedig.de\\\/#\\\/schema\\\/logo\\\/image\\\/\",\"url\":\"https:\\\/\\\/pferdepraxis-roedig.de\\\/wp-content\\\/uploads\\\/2020\\\/12\\\/Logo_Roedig_TPfP_v2.png\",\"contentUrl\":\"https:\\\/\\\/pferdepraxis-roedig.de\\\/wp-content\\\/uploads\\\/2020\\\/12\\\/Logo_Roedig_TPfP_v2.png\",\"width\":1024,\"height\":386,\"caption\":\"Tier\u00e4rztliche Praxis f\u00fcr Pferde - Dr. Nina R\u00f6dig\"},\"image\":{\"@id\":\"https:\\\/\\\/pferdepraxis-roedig.de\\\/#\\\/schema\\\/logo\\\/image\\\/\"},\"sameAs\":[\"https:\\\/\\\/www.facebook.com\\\/tierarztpraxisroedig\\\/\",\"https:\\\/\\\/www.instagram.com\\\/tierarztpraxis_roedig\\\/\"]}]}<\/script>\n<!-- \/ Yoast SEO plugin. -->","yoast_head_json":{"title":"X-rays for horses - Dr. Nina R\u00f6dig - Specialist veterinary surgeon","description":"X-rays in horses (diagnosis and pre-purchase examinations) provide extensive information about diseases of the bones and joints.","robots":{"index":"index","follow":"follow","max-snippet":"max-snippet:-1","max-image-preview":"max-image-preview:large","max-video-preview":"max-video-preview:-1"},"canonical":"https:\/\/pferdepraxis-roedig.de\/en\/x-rays-on-a-horse\/","og_locale":"en_GB","og_type":"article","og_title":"R\u00f6ntgen beim Pferd - Dr. Nina R\u00f6dig - Fachtier\u00e4rztin","og_description":"R\u00f6ntgen beim Pferd (Diagnose und Ankaufsuntersuchungen) liefert umfangreichen Aufschluss \u00fcber Erkrankungen der Knochen und Gelenke.","og_url":"https:\/\/pferdepraxis-roedig.de\/en\/x-rays-on-a-horse\/","og_site_name":"Tier\u00e4rztliche Praxis f\u00fcr Pferde - Dr. Nina R\u00f6dig - Fachtier\u00e4rztin","article_publisher":"https:\/\/www.facebook.com\/tierarztpraxisroedig\/","article_modified_time":"2023-08-07T10:55:15+00:00","og_image":[{"url":"https:\/\/pferdepraxis-roedig.de\/wp-content\/uploads\/2023\/01\/Mobiles-digitales-Roentgen-1-1024x683.jpg","type":"","width":"","height":""}],"twitter_card":"summary_large_image","twitter_misc":{"Estimated reading time":"1 minute"},"schema":{"@context":"https:\/\/schema.org","@graph":[{"@type":"WebPage","@id":"https:\/\/pferdepraxis-roedig.de\/roentgen-beim-pferd","url":"https:\/\/pferdepraxis-roedig.de\/roentgen-beim-pferd","name":"X-rays for horses - Dr. Nina R\u00f6dig - Specialist veterinary surgeon","isPartOf":{"@id":"https:\/\/pferdepraxis-roedig.de\/#website"},"primaryImageOfPage":{"@id":"https:\/\/pferdepraxis-roedig.de\/roentgen-beim-pferd#primaryimage"},"image":{"@id":"https:\/\/pferdepraxis-roedig.de\/roentgen-beim-pferd#primaryimage"},"thumbnailUrl":"https:\/\/pferdepraxis-roedig.de\/wp-content\/uploads\/2023\/01\/Mobiles-digitales-Roentgen-1-1024x683.jpg","datePublished":"2020-11-01T14:20:49+00:00","dateModified":"2023-08-07T10:55:15+00:00","description":"X-rays in horses (diagnosis and pre-purchase examinations) provide extensive information about diseases of the bones and joints.","breadcrumb":{"@id":"https:\/\/pferdepraxis-roedig.de\/roentgen-beim-pferd#breadcrumb"},"inLanguage":"en-GB","potentialAction":[{"@type":"ReadAction","target":["https:\/\/pferdepraxis-roedig.de\/roentgen-beim-pferd"]}]},{"@type":"ImageObject","inLanguage":"en-GB","@id":"https:\/\/pferdepraxis-roedig.de\/roentgen-beim-pferd#primaryimage","url":"https:\/\/pferdepraxis-roedig.de\/wp-content\/uploads\/2023\/01\/Mobiles-digitales-Roentgen-1-1024x683.jpg","contentUrl":"https:\/\/pferdepraxis-roedig.de\/wp-content\/uploads\/2023\/01\/Mobiles-digitales-Roentgen-1-1024x683.jpg"},{"@type":"BreadcrumbList","@id":"https:\/\/pferdepraxis-roedig.de\/roentgen-beim-pferd#breadcrumb","itemListElement":[{"@type":"ListItem","position":1,"name":"Startseite","item":"https:\/\/pferdepraxis-roedig.de\/"},{"@type":"ListItem","position":2,"name":"Diagnostik &#8211; digitales R\u00f6ntgen"}]},{"@type":"WebSite","@id":"https:\/\/pferdepraxis-roedig.de\/#website","url":"https:\/\/pferdepraxis-roedig.de\/","name":"Veterinary Practice for Horses - Dr. Nina R\u00f6dig","description":"Orthopaedics with ultrasound, digital X-ray &amp; endoscopy on site. 24-hour emergency service. Reliable care. Diagnostics possible. Competent advice.","publisher":{"@id":"https:\/\/pferdepraxis-roedig.de\/#organization"},"potentialAction":[{"@type":"SearchAction","target":{"@type":"EntryPoint","urlTemplate":"https:\/\/pferdepraxis-roedig.de\/?s={search_term_string}"},"query-input":{"@type":"PropertyValueSpecification","valueRequired":true,"valueName":"search_term_string"}}],"inLanguage":"en-GB"},{"@type":"Organization","@id":"https:\/\/pferdepraxis-roedig.de\/#organization","name":"Veterinary Practice for Horses - Dr. Nina R\u00f6dig","url":"https:\/\/pferdepraxis-roedig.de\/","logo":{"@type":"ImageObject","inLanguage":"en-GB","@id":"https:\/\/pferdepraxis-roedig.de\/#\/schema\/logo\/image\/","url":"https:\/\/pferdepraxis-roedig.de\/wp-content\/uploads\/2020\/12\/Logo_Roedig_TPfP_v2.png","contentUrl":"https:\/\/pferdepraxis-roedig.de\/wp-content\/uploads\/2020\/12\/Logo_Roedig_TPfP_v2.png","width":1024,"height":386,"caption":"Tier\u00e4rztliche Praxis f\u00fcr Pferde - Dr. Nina R\u00f6dig"},"image":{"@id":"https:\/\/pferdepraxis-roedig.de\/#\/schema\/logo\/image\/"},"sameAs":["https:\/\/www.facebook.com\/tierarztpraxisroedig\/","https:\/\/www.instagram.com\/tierarztpraxis_roedig\/"]}]}},"_links":{"self":[{"href":"https:\/\/pferdepraxis-roedig.de\/en\/wp-json\/wp\/v2\/pages\/95","targetHints":{"allow":["GET"]}}],"collection":[{"href":"https:\/\/pferdepraxis-roedig.de\/en\/wp-json\/wp\/v2\/pages"}],"about":[{"href":"https:\/\/pferdepraxis-roedig.de\/en\/wp-json\/wp\/v2\/types\/page"}],"author":[{"embeddable":true,"href":"https:\/\/pferdepraxis-roedig.de\/en\/wp-json\/wp\/v2\/users\/1"}],"replies":[{"embeddable":true,"href":"https:\/\/pferdepraxis-roedig.de\/en\/wp-json\/wp\/v2\/comments?post=95"}],"version-history":[{"count":9,"href":"https:\/\/pferdepraxis-roedig.de\/en\/wp-json\/wp\/v2\/pages\/95\/revisions"}],"predecessor-version":[{"id":519,"href":"https:\/\/pferdepraxis-roedig.de\/en\/wp-json\/wp\/v2\/pages\/95\/revisions\/519"}],"wp:attachment":[{"href":"https:\/\/pferdepraxis-roedig.de\/en\/wp-json\/wp\/v2\/media?parent=95"}],"curies":[{"name":"wp","href":"https:\/\/api.w.org\/{rel}","templated":true}]}}