{"id":82,"date":"2020-11-01T14:18:26","date_gmt":"2020-11-01T14:18:26","guid":{"rendered":"https:\/\/xn--tierrztlichepraxisfr-ezb75c.live-website.com\/?page_id=82"},"modified":"2023-08-07T13:07:09","modified_gmt":"2023-08-07T11:07:09","slug":"zahnbehandlung-beim-pferd","status":"publish","type":"page","link":"https:\/\/pferdepraxis-roedig.de\/en\/zahnbehandlung-beim-pferd","title":{"rendered":"Equine dental treatment"},"content":{"rendered":"<p class=\"has-medium-font-size\">Elektrische Zahnbehandlung beim Pferd: Effektive und schonende Methode f\u00fcr gesunde Pferdez\u00e4hne<\/p>\n\n\n\n<p>Zahnbehandlungen sind ein wichtiger Teil der Gesundheitsversorgung f\u00fcr Pferde. Die Zahngesundheit eines Pferdes ist von gro\u00dfer Bedeutung f\u00fcr sein Wohlbefinden und seine Leistungsf\u00e4higkeit. Eine regelm\u00e4\u00dfige Zahnbehandlung ist daher unerl\u00e4sslich, um m\u00f6gliche Probleme fr\u00fchzeitig zu erkennen und zu behandeln. Wichtig zu beachten ist, dass viele Probleme in der Maulh\u00f6hle bei Pferden h\u00e4ufig nicht offensichtlich sind und sich allm\u00e4hlich verschlechtern k\u00f6nnen. <\/p>\n\n\n\n<p>Durch regelm\u00e4\u00dfige Zahnbehandlungen k\u00f6nnen Zahnerkrankungen wie Zahnfrakturen und Karies vermieden werden, die zu Schmerzen und Problemen beim Kauen f\u00fchren k\u00f6nnen. Zu den h\u00e4ufigsten Zahnproblemen bei Pferden geh\u00f6ren Zahnstein, Haken, spitze Z\u00e4hne und Wackelz\u00e4hne. Eine Zahnbehandlung kann dazu beitragen, diese Probleme zu l\u00f6sen und die allgemeine Gesundheit Ihres Pferdes zu verbessern.<\/p>\n\n\n\n<p>Eine regelm\u00e4\u00dfige Zahnuntersuchung durch einen erfahrenen Tierarzt ist der beste Weg, um sicherzustellen, dass die Z\u00e4hne Ihres Pferdes in gutem Zustand sind. In der Regel werden Zahnbehandlungen alle 6-12 Monate empfohlen.<\/p>\n\n\n\n<p>Die moderne und effektive Methode zur Zahnbehandlung beim Pferd ist die elektrische Zahnbehandlung.<\/p>\n\n\n<div class=\"wp-block-image\">\n<figure class=\"aligncenter size-large\"><img loading=\"lazy\" decoding=\"async\" width=\"1024\" height=\"683\" src=\"https:\/\/pferdepraxis-roedig.de\/wp-content\/uploads\/2023\/01\/Zahnbehandlung-1024x683.jpg\" alt=\"Equine dental treatment\" class=\"wp-image-478\" srcset=\"https:\/\/pferdepraxis-roedig.de\/wp-content\/uploads\/2023\/01\/Zahnbehandlung-1024x683.jpg 1024w, https:\/\/pferdepraxis-roedig.de\/wp-content\/uploads\/2023\/01\/Zahnbehandlung-300x200.jpg 300w, https:\/\/pferdepraxis-roedig.de\/wp-content\/uploads\/2023\/01\/Zahnbehandlung-768x512.jpg 768w, https:\/\/pferdepraxis-roedig.de\/wp-content\/uploads\/2023\/01\/Zahnbehandlung-1536x1025.jpg 1536w, https:\/\/pferdepraxis-roedig.de\/wp-content\/uploads\/2023\/01\/Zahnbehandlung-700x467.jpg 700w, https:\/\/pferdepraxis-roedig.de\/wp-content\/uploads\/2023\/01\/Zahnbehandlung-520x347.jpg 520w, https:\/\/pferdepraxis-roedig.de\/wp-content\/uploads\/2023\/01\/Zahnbehandlung-360x240.jpg 360w, https:\/\/pferdepraxis-roedig.de\/wp-content\/uploads\/2023\/01\/Zahnbehandlung-250x167.jpg 250w, https:\/\/pferdepraxis-roedig.de\/wp-content\/uploads\/2023\/01\/Zahnbehandlung-100x67.jpg 100w, https:\/\/pferdepraxis-roedig.de\/wp-content\/uploads\/2023\/01\/Zahnbehandlung.jpg 1731w\" sizes=\"auto, (max-width: 1024px) 100vw, 1024px\" \/><\/figure>\n<\/div>\n\n\n<p>Die elektrische Zahnbehandlung erm\u00f6glicht eine schonende und pr\u00e4zisere Korrektur der Pferdez\u00e4hne. Dabei wird ein spezielles elektrisches Ger\u00e4t verwendet, das mit rotierenden Schleifk\u00f6rpern ausgestattet ist. Diese rotierenden Schleifk\u00f6rper erm\u00f6glichen es dem Tierarzt, Zahnspitzen zu entfernen, Zahnfl\u00e4chen zu gl\u00e4tten Unebenheiten und Fehlstellungen der Z\u00e4hne zu beseitigen. Durch die pr\u00e4zise Kontrolle des Ger\u00e4ts kann der Tierarzt die Zahnbehandlung gezielt und schonend durchf\u00fchren. Dies tr\u00e4gt zu einer verbesserten Kaufunktion und einem angenehmeren Kauempfinden des Pferdes bei.<\/p>\n\n\n\n<p>Wenn Sie Fragen zur Zahngesundheit Ihres Pferdes haben oder eine Zahnbehandlung planen m\u00f6chten, sprechen Sie mit Ihrem Tierarzt oder Zahnspezialisten<\/p>\n\n\n\n<p>Haben Sie Fragen Rund um das Thema Zahnbehandlung beim Pferd oder w\u00fcnschen einen Termin? <a href=\"https:\/\/pferdepraxis-roedig.de\/en\/contact\/\">Contact <\/a>See us!<\/p>","protected":false},"excerpt":{"rendered":"<p>Elektrische Zahnbehandlung beim Pferd: Effektive und schonende Methode f\u00fcr gesunde Pferdez\u00e4hne Zahnbehandlungen sind ein wichtiger Teil der Gesundheitsversorgung f\u00fcr Pferde. Die Zahngesundheit eines Pferdes ist von gro\u00dfer Bedeutung f\u00fcr sein Wohlbefinden und seine Leistungsf\u00e4higkeit. Eine regelm\u00e4\u00dfige Zahnbehandlung ist daher unerl\u00e4sslich, [&hellip;]<\/p>\n","protected":false},"author":1,"featured_media":0,"parent":0,"menu_order":0,"comment_status":"closed","ping_status":"closed","template":"","meta":{"footnotes":""},"class_list":["post-82","page","type-page","status-publish","hentry","clearfix"],"yoast_head":"<!-- This site is optimized with the Yoast SEO plugin v27.4 - https:\/\/yoast.com\/product\/yoast-seo-wordpress\/ -->\n<title>Zahnbehandlung beim Pferd - Fachtier\u00e4rztin Dr. Nina R\u00f6dig<\/title>\n<meta name=\"description\" content=\"Elektrische Zahnbehandlung beim Pferd: Effektive und schonende Methode f\u00fcr gesunde Pferdez\u00e4hne - ein wichtiger Teil der Gesundheitsversorgung\" \/>\n<meta name=\"robots\" content=\"index, follow, max-snippet:-1, max-image-preview:large, max-video-preview:-1\" \/>\n<link rel=\"canonical\" href=\"https:\/\/pferdepraxis-roedig.de\/en\/zahnbehandlung-beim-pferd\/\" \/>\n<meta property=\"og:locale\" content=\"en_GB\" \/>\n<meta property=\"og:type\" content=\"article\" \/>\n<meta property=\"og:title\" content=\"Zahnbehandlung beim Pferd - Fachtier\u00e4rztin Dr. Nina R\u00f6dig\" \/>\n<meta property=\"og:description\" content=\"Elektrische Zahnbehandlung beim Pferd: Effektive und schonende Methode f\u00fcr gesunde Pferdez\u00e4hne - ein wichtiger Teil der Gesundheitsversorgung\" \/>\n<meta property=\"og:url\" content=\"https:\/\/pferdepraxis-roedig.de\/en\/zahnbehandlung-beim-pferd\/\" \/>\n<meta property=\"og:site_name\" content=\"Tier\u00e4rztliche Praxis f\u00fcr Pferde - Dr. Nina R\u00f6dig - Fachtier\u00e4rztin\" \/>\n<meta property=\"article:publisher\" content=\"https:\/\/www.facebook.com\/tierarztpraxisroedig\/\" \/>\n<meta property=\"article:modified_time\" content=\"2023-08-07T11:07:09+00:00\" \/>\n<meta property=\"og:image\" content=\"https:\/\/pferdepraxis-roedig.de\/wp-content\/uploads\/2023\/01\/Zahnbehandlung-1024x683.jpg\" \/>\n<meta name=\"twitter:card\" content=\"summary_large_image\" \/>\n<meta name=\"twitter:label1\" content=\"Estimated reading time\" \/>\n\t<meta name=\"twitter:data1\" content=\"2 minutes\" \/>\n<script type=\"application\/ld+json\" class=\"yoast-schema-graph\">{\"@context\":\"https:\\\/\\\/schema.org\",\"@graph\":[{\"@type\":\"WebPage\",\"@id\":\"https:\\\/\\\/pferdepraxis-roedig.de\\\/zahnbehandlung-beim-pferd\",\"url\":\"https:\\\/\\\/pferdepraxis-roedig.de\\\/zahnbehandlung-beim-pferd\",\"name\":\"Zahnbehandlung beim Pferd - Fachtier\u00e4rztin Dr. Nina R\u00f6dig\",\"isPartOf\":{\"@id\":\"https:\\\/\\\/pferdepraxis-roedig.de\\\/#website\"},\"primaryImageOfPage\":{\"@id\":\"https:\\\/\\\/pferdepraxis-roedig.de\\\/zahnbehandlung-beim-pferd#primaryimage\"},\"image\":{\"@id\":\"https:\\\/\\\/pferdepraxis-roedig.de\\\/zahnbehandlung-beim-pferd#primaryimage\"},\"thumbnailUrl\":\"https:\\\/\\\/pferdepraxis-roedig.de\\\/wp-content\\\/uploads\\\/2023\\\/01\\\/Zahnbehandlung-1024x683.jpg\",\"datePublished\":\"2020-11-01T14:18:26+00:00\",\"dateModified\":\"2023-08-07T11:07:09+00:00\",\"description\":\"Elektrische Zahnbehandlung beim Pferd: Effektive und schonende Methode f\u00fcr gesunde Pferdez\u00e4hne - ein wichtiger Teil der Gesundheitsversorgung\",\"breadcrumb\":{\"@id\":\"https:\\\/\\\/pferdepraxis-roedig.de\\\/zahnbehandlung-beim-pferd#breadcrumb\"},\"inLanguage\":\"en-GB\",\"potentialAction\":[{\"@type\":\"ReadAction\",\"target\":[\"https:\\\/\\\/pferdepraxis-roedig.de\\\/zahnbehandlung-beim-pferd\"]}]},{\"@type\":\"ImageObject\",\"inLanguage\":\"en-GB\",\"@id\":\"https:\\\/\\\/pferdepraxis-roedig.de\\\/zahnbehandlung-beim-pferd#primaryimage\",\"url\":\"https:\\\/\\\/pferdepraxis-roedig.de\\\/wp-content\\\/uploads\\\/2023\\\/01\\\/Zahnbehandlung-1024x683.jpg\",\"contentUrl\":\"https:\\\/\\\/pferdepraxis-roedig.de\\\/wp-content\\\/uploads\\\/2023\\\/01\\\/Zahnbehandlung-1024x683.jpg\"},{\"@type\":\"BreadcrumbList\",\"@id\":\"https:\\\/\\\/pferdepraxis-roedig.de\\\/zahnbehandlung-beim-pferd#breadcrumb\",\"itemListElement\":[{\"@type\":\"ListItem\",\"position\":1,\"name\":\"Startseite\",\"item\":\"https:\\\/\\\/pferdepraxis-roedig.de\\\/\"},{\"@type\":\"ListItem\",\"position\":2,\"name\":\"Zahnbehandlung beim Pferd\"}]},{\"@type\":\"WebSite\",\"@id\":\"https:\\\/\\\/pferdepraxis-roedig.de\\\/#website\",\"url\":\"https:\\\/\\\/pferdepraxis-roedig.de\\\/\",\"name\":\"Tier\u00e4rztliche Praxis f\u00fcr Pferde - Dr. Nina R\u00f6dig\",\"description\":\"Orthop\u00e4die mit Ultraschall, dig. R\u00f6ntgen &amp; Endoskopie vor Ort. 24h-Notdienst. Zuverl\u00e4ssige Betreuung. Diagnostik M\u00f6glich. Kompetente Beratung.\",\"publisher\":{\"@id\":\"https:\\\/\\\/pferdepraxis-roedig.de\\\/#organization\"},\"potentialAction\":[{\"@type\":\"SearchAction\",\"target\":{\"@type\":\"EntryPoint\",\"urlTemplate\":\"https:\\\/\\\/pferdepraxis-roedig.de\\\/?s={search_term_string}\"},\"query-input\":{\"@type\":\"PropertyValueSpecification\",\"valueRequired\":true,\"valueName\":\"search_term_string\"}}],\"inLanguage\":\"en-GB\"},{\"@type\":\"Organization\",\"@id\":\"https:\\\/\\\/pferdepraxis-roedig.de\\\/#organization\",\"name\":\"Tier\u00e4rztliche Praxis f\u00fcr Pferde - Dr. Nina R\u00f6dig\",\"url\":\"https:\\\/\\\/pferdepraxis-roedig.de\\\/\",\"logo\":{\"@type\":\"ImageObject\",\"inLanguage\":\"en-GB\",\"@id\":\"https:\\\/\\\/pferdepraxis-roedig.de\\\/#\\\/schema\\\/logo\\\/image\\\/\",\"url\":\"https:\\\/\\\/pferdepraxis-roedig.de\\\/wp-content\\\/uploads\\\/2020\\\/12\\\/Logo_Roedig_TPfP_v2.png\",\"contentUrl\":\"https:\\\/\\\/pferdepraxis-roedig.de\\\/wp-content\\\/uploads\\\/2020\\\/12\\\/Logo_Roedig_TPfP_v2.png\",\"width\":1024,\"height\":386,\"caption\":\"Tier\u00e4rztliche Praxis f\u00fcr Pferde - Dr. Nina R\u00f6dig\"},\"image\":{\"@id\":\"https:\\\/\\\/pferdepraxis-roedig.de\\\/#\\\/schema\\\/logo\\\/image\\\/\"},\"sameAs\":[\"https:\\\/\\\/www.facebook.com\\\/tierarztpraxisroedig\\\/\",\"https:\\\/\\\/www.instagram.com\\\/tierarztpraxis_roedig\\\/\"]}]}<\/script>\n<!-- \/ Yoast SEO plugin. -->","yoast_head_json":{"title":"Zahnbehandlung beim Pferd - Fachtier\u00e4rztin Dr. Nina R\u00f6dig","description":"Elektrische Zahnbehandlung beim Pferd: Effektive und schonende Methode f\u00fcr gesunde Pferdez\u00e4hne - ein wichtiger Teil der Gesundheitsversorgung","robots":{"index":"index","follow":"follow","max-snippet":"max-snippet:-1","max-image-preview":"max-image-preview:large","max-video-preview":"max-video-preview:-1"},"canonical":"https:\/\/pferdepraxis-roedig.de\/en\/zahnbehandlung-beim-pferd\/","og_locale":"en_GB","og_type":"article","og_title":"Zahnbehandlung beim Pferd - Fachtier\u00e4rztin Dr. Nina R\u00f6dig","og_description":"Elektrische Zahnbehandlung beim Pferd: Effektive und schonende Methode f\u00fcr gesunde Pferdez\u00e4hne - ein wichtiger Teil der Gesundheitsversorgung","og_url":"https:\/\/pferdepraxis-roedig.de\/en\/zahnbehandlung-beim-pferd\/","og_site_name":"Tier\u00e4rztliche Praxis f\u00fcr Pferde - Dr. Nina R\u00f6dig - Fachtier\u00e4rztin","article_publisher":"https:\/\/www.facebook.com\/tierarztpraxisroedig\/","article_modified_time":"2023-08-07T11:07:09+00:00","og_image":[{"url":"https:\/\/pferdepraxis-roedig.de\/wp-content\/uploads\/2023\/01\/Zahnbehandlung-1024x683.jpg","type":"","width":"","height":""}],"twitter_card":"summary_large_image","twitter_misc":{"Estimated reading time":"2 minutes"},"schema":{"@context":"https:\/\/schema.org","@graph":[{"@type":"WebPage","@id":"https:\/\/pferdepraxis-roedig.de\/zahnbehandlung-beim-pferd","url":"https:\/\/pferdepraxis-roedig.de\/zahnbehandlung-beim-pferd","name":"Zahnbehandlung beim Pferd - Fachtier\u00e4rztin Dr. Nina R\u00f6dig","isPartOf":{"@id":"https:\/\/pferdepraxis-roedig.de\/#website"},"primaryImageOfPage":{"@id":"https:\/\/pferdepraxis-roedig.de\/zahnbehandlung-beim-pferd#primaryimage"},"image":{"@id":"https:\/\/pferdepraxis-roedig.de\/zahnbehandlung-beim-pferd#primaryimage"},"thumbnailUrl":"https:\/\/pferdepraxis-roedig.de\/wp-content\/uploads\/2023\/01\/Zahnbehandlung-1024x683.jpg","datePublished":"2020-11-01T14:18:26+00:00","dateModified":"2023-08-07T11:07:09+00:00","description":"Elektrische Zahnbehandlung beim Pferd: Effektive und schonende Methode f\u00fcr gesunde Pferdez\u00e4hne - ein wichtiger Teil der Gesundheitsversorgung","breadcrumb":{"@id":"https:\/\/pferdepraxis-roedig.de\/zahnbehandlung-beim-pferd#breadcrumb"},"inLanguage":"en-GB","potentialAction":[{"@type":"ReadAction","target":["https:\/\/pferdepraxis-roedig.de\/zahnbehandlung-beim-pferd"]}]},{"@type":"ImageObject","inLanguage":"en-GB","@id":"https:\/\/pferdepraxis-roedig.de\/zahnbehandlung-beim-pferd#primaryimage","url":"https:\/\/pferdepraxis-roedig.de\/wp-content\/uploads\/2023\/01\/Zahnbehandlung-1024x683.jpg","contentUrl":"https:\/\/pferdepraxis-roedig.de\/wp-content\/uploads\/2023\/01\/Zahnbehandlung-1024x683.jpg"},{"@type":"BreadcrumbList","@id":"https:\/\/pferdepraxis-roedig.de\/zahnbehandlung-beim-pferd#breadcrumb","itemListElement":[{"@type":"ListItem","position":1,"name":"Startseite","item":"https:\/\/pferdepraxis-roedig.de\/"},{"@type":"ListItem","position":2,"name":"Zahnbehandlung beim Pferd"}]},{"@type":"WebSite","@id":"https:\/\/pferdepraxis-roedig.de\/#website","url":"https:\/\/pferdepraxis-roedig.de\/","name":"Veterinary Practice for Horses - Dr. Nina R\u00f6dig","description":"Orthopaedics with ultrasound, digital X-ray &amp; endoscopy on site. 24-hour emergency service. Reliable care. Diagnostics possible. Competent advice.","publisher":{"@id":"https:\/\/pferdepraxis-roedig.de\/#organization"},"potentialAction":[{"@type":"SearchAction","target":{"@type":"EntryPoint","urlTemplate":"https:\/\/pferdepraxis-roedig.de\/?s={search_term_string}"},"query-input":{"@type":"PropertyValueSpecification","valueRequired":true,"valueName":"search_term_string"}}],"inLanguage":"en-GB"},{"@type":"Organization","@id":"https:\/\/pferdepraxis-roedig.de\/#organization","name":"Veterinary Practice for Horses - Dr. Nina R\u00f6dig","url":"https:\/\/pferdepraxis-roedig.de\/","logo":{"@type":"ImageObject","inLanguage":"en-GB","@id":"https:\/\/pferdepraxis-roedig.de\/#\/schema\/logo\/image\/","url":"https:\/\/pferdepraxis-roedig.de\/wp-content\/uploads\/2020\/12\/Logo_Roedig_TPfP_v2.png","contentUrl":"https:\/\/pferdepraxis-roedig.de\/wp-content\/uploads\/2020\/12\/Logo_Roedig_TPfP_v2.png","width":1024,"height":386,"caption":"Tier\u00e4rztliche Praxis f\u00fcr Pferde - Dr. Nina R\u00f6dig"},"image":{"@id":"https:\/\/pferdepraxis-roedig.de\/#\/schema\/logo\/image\/"},"sameAs":["https:\/\/www.facebook.com\/tierarztpraxisroedig\/","https:\/\/www.instagram.com\/tierarztpraxis_roedig\/"]}]}},"_links":{"self":[{"href":"https:\/\/pferdepraxis-roedig.de\/en\/wp-json\/wp\/v2\/pages\/82","targetHints":{"allow":["GET"]}}],"collection":[{"href":"https:\/\/pferdepraxis-roedig.de\/en\/wp-json\/wp\/v2\/pages"}],"about":[{"href":"https:\/\/pferdepraxis-roedig.de\/en\/wp-json\/wp\/v2\/types\/page"}],"author":[{"embeddable":true,"href":"https:\/\/pferdepraxis-roedig.de\/en\/wp-json\/wp\/v2\/users\/1"}],"replies":[{"embeddable":true,"href":"https:\/\/pferdepraxis-roedig.de\/en\/wp-json\/wp\/v2\/comments?post=82"}],"version-history":[{"count":5,"href":"https:\/\/pferdepraxis-roedig.de\/en\/wp-json\/wp\/v2\/pages\/82\/revisions"}],"predecessor-version":[{"id":523,"href":"https:\/\/pferdepraxis-roedig.de\/en\/wp-json\/wp\/v2\/pages\/82\/revisions\/523"}],"wp:attachment":[{"href":"https:\/\/pferdepraxis-roedig.de\/en\/wp-json\/wp\/v2\/media?parent=82"}],"curies":[{"name":"wp","href":"https:\/\/api.w.org\/{rel}","templated":true}]}}