{"id":78,"date":"2020-11-01T14:17:52","date_gmt":"2020-11-01T14:17:52","guid":{"rendered":"https:\/\/xn--tierrztlichepraxisfr-ezb75c.live-website.com\/?page_id=78"},"modified":"2020-12-18T11:25:12","modified_gmt":"2020-12-18T10:25:12","slug":"orthopaedie-regenerative-therapie-acs","status":"publish","type":"page","link":"https:\/\/pferdepraxis-roedig.de\/en\/orthopaedie-regenerative-therapie-acs","title":{"rendered":"Orthopaedics \u2013 Regenerative Therapy \u2013 ACS"},"content":{"rendered":"<h3 class=\"wp-block-heading\">ACS (synonym irap\u00ae oder Orthokin)- Autologes Conditiniertes Serum<\/h3>\n\n\n\n<figure class=\"wp-block-image size-large\"><img loading=\"lazy\" decoding=\"async\" width=\"164\" height=\"106\" src=\"https:\/\/pferdepraxis-roedig.de\/wp-content\/uploads\/2020\/12\/regenerative_therapie_acs_logo.jpg\" alt=\"\" class=\"wp-image-185\" srcset=\"https:\/\/pferdepraxis-roedig.de\/wp-content\/uploads\/2020\/12\/regenerative_therapie_acs_logo.jpg 164w, https:\/\/pferdepraxis-roedig.de\/wp-content\/uploads\/2020\/12\/regenerative_therapie_acs_logo-100x65.jpg 100w\" sizes=\"auto, (max-width: 164px) 100vw, 164px\" \/><\/figure>\n\n\n\n<p>In der Humanmedizin ist diese Therapie seit 1997 als \u201eOrthokin\u00ae-Therapie\u201c in Gebrauch. Erfolgreiche Studien belegen die Effektivit\u00e4t der Behandlung von Gelenken, R\u00fcckenschmerzen und Muskelfaserrissen. Mehr als 30.00 Patienten wurden bis heute behandelt.<br>Das irap\u00ae\/ACS wird aus dem Eigenblut des Pferdes gewonnen. Seit 2003 wird es in der Orthop\u00e4die beim Pferd eingesetzt.<br>Dabei wird ACS insbesondere zur Therapie bei Gelenkserkrankungen (Arthritis \/ Arthrose) und verwendet.<\/p>\n\n\n\n<h3 class=\"wp-block-heading\">The healing process<\/h3>\n\n\n\n<p>Der Verlauf von Knorpel- und Sehnendegeneration ist gut bekannt. Er entwickelt sich in der Regel \u00fcber Jahre und kann daher nicht \u00fcber Nacht heilen. Bislang wurden Degeneration und Entz\u00fcndung mit Methoden behandelt, die keinen Einfluss auf die Ursachen Die irap\u00ae-Therapie bietet eine biologische Behandlung von Lahmheit mit Hilfe k\u00f6rpereigener Stoffe. Das bedeutet ein geringes Nebenwirkungsrisiko und keine nachweisbaren chemischen Substanzen.<br>Bei schwereren Gelenkserkrankungen, wie im Rahmen einer ausgepr\u00e4gten Arthritis (Gelenksentz\u00fcndung) werden im Gelenk Eiwei\u00dfe, so genannte Zytokine freigesetzt, die den Knorpelabbau f\u00f6rdern und damit die Zerst\u00f6rung des Gelenkes vorantreiben. Ein dabei wichtiges Zytokin ist das Inteleukin-1.<br>Ziel bei der Herstellung des ACS\u00b4s ist die selektive Vermehrung von geeigneten &#8222;Gegnern&#8220; dieser zerst\u00f6renden Substanzen, so dass ein Knorpelabbau effektiv gehemmt werden kann. Auch Wachstumsfaktoren die einen regenerativen Prozess in Gang setzen k\u00f6nnen werden vermehrt. ACS nutzt daher die k\u00f6rpereigenen Regenerationskr\u00e4fte.<\/p>\n\n\n\n<h3 class=\"wp-block-heading\">Was ist ACS?<\/h3>\n\n\n\n<p>Die ACS-Therapie basiert auf der Produktion von regenerativen und entz\u00fcndungshemmenden Proteinen durch die Blutzellen des Patienten selbst.<br>Zur Herstellung des ACSs werden dem Patienten unter sterilen Bedingungen Blut abgenommen und in einer speziellen Spritze, die mit Glask\u00fcgelchen gef\u00fcllt ist, verbracht. Anschlie\u00dfend wird das vorbereitete Blut in unserem Labor 24 Stunden bei 37\u00b0C bebr\u00fctet.<br>In dieser Zeit kommt es zu einer Anreicherung diverser Blutbestandteile wie dem Interleukin-1-Rezeptorantagonisten und Wachstumsfaktoren. irap\u00ae n\u00e4mlich bedeutet Interleukin &#8211; Rezeptor &#8211; Antagonist \u2013 Protein. Nach dieser Zeit wird die Spritze zentrifugiert und das abgesetzte Serum wird durch einen Filter in Portionsspritzen verbracht. Zur Behandlung des Patienten wird jeweils die Portion entnommen und aufgetaut.<br>Vor der Injektion wird sie nochmals gefiltert.<\/p>\n\n\n\n<figure class=\"wp-block-image size-large\"><img loading=\"lazy\" decoding=\"async\" width=\"550\" height=\"224\" src=\"https:\/\/pferdepraxis-roedig.de\/wp-content\/uploads\/2020\/12\/regenerative_therapie_acs_02.jpg\" alt=\"\" class=\"wp-image-184\" srcset=\"https:\/\/pferdepraxis-roedig.de\/wp-content\/uploads\/2020\/12\/regenerative_therapie_acs_02.jpg 550w, https:\/\/pferdepraxis-roedig.de\/wp-content\/uploads\/2020\/12\/regenerative_therapie_acs_02-300x122.jpg 300w, https:\/\/pferdepraxis-roedig.de\/wp-content\/uploads\/2020\/12\/regenerative_therapie_acs_02-520x212.jpg 520w, https:\/\/pferdepraxis-roedig.de\/wp-content\/uploads\/2020\/12\/regenerative_therapie_acs_02-360x147.jpg 360w, https:\/\/pferdepraxis-roedig.de\/wp-content\/uploads\/2020\/12\/regenerative_therapie_acs_02-250x102.jpg 250w, https:\/\/pferdepraxis-roedig.de\/wp-content\/uploads\/2020\/12\/regenerative_therapie_acs_02-100x41.jpg 100w\" sizes=\"auto, (max-width: 550px) 100vw, 550px\" \/><\/figure>\n\n\n\n<h3 class=\"wp-block-heading\">In welchen F\u00e4llen hilft ACS?<\/h3>\n\n\n\n<p>Die Therapie mit ACS eignet sich daher speziell f\u00fcr erkrankte Gelenke, sowie Entz\u00fcndungen im Bereich der Sehnenscheiden und Sehnen.<br>Die zeitnahe Wirkung der irap\u00ae-Therapie ist schmerzstillend, entz\u00fcndungshemmend und abschwellend. Diese biologische Therapie ist geeignet mittel- bis langfristig eine Regeneration oder zumindest eine Verlangsamung des Abbauprozesses des Gewebes anzuregen.<\/p>\n\n\n\n<p>Text and photos courtesy of&nbsp;<a href=\"http:\/\/www.irap.de\/\">Orthogen Veterinary GmbH<\/a>, 40210 D\u00fcsseldorf<\/p>","protected":false},"excerpt":{"rendered":"<p>ACS (synonym irap\u00ae oder Orthokin)- Autologes Conditiniertes Serum In der Humanmedizin ist diese Therapie seit 1997 als \u201eOrthokin\u00ae-Therapie\u201c in Gebrauch. Erfolgreiche Studien belegen die Effektivit\u00e4t der Behandlung von Gelenken, R\u00fcckenschmerzen und Muskelfaserrissen. Mehr als 30.00 Patienten wurden bis heute behandelt.Das [&hellip;]<\/p>\n","protected":false},"author":1,"featured_media":0,"parent":0,"menu_order":0,"comment_status":"closed","ping_status":"closed","template":"","meta":{"footnotes":""},"class_list":["post-78","page","type-page","status-publish","hentry","clearfix"],"yoast_head":"<!-- This site is optimized with the Yoast SEO plugin v27.3 - https:\/\/yoast.com\/product\/yoast-seo-wordpress\/ -->\n<title>Orthop\u00e4die \u2013 regenerative Therapie \u2013 ACS - Tier\u00e4rztliche Praxis f\u00fcr Pferde - Dr. Nina R\u00f6dig - Fachtier\u00e4rztin<\/title>\n<meta name=\"robots\" content=\"index, follow, max-snippet:-1, max-image-preview:large, max-video-preview:-1\" \/>\n<link rel=\"canonical\" href=\"https:\/\/pferdepraxis-roedig.de\/en\/orthopaedie-regenerative-therapie-acs\/\" \/>\n<meta property=\"og:locale\" content=\"en_GB\" \/>\n<meta property=\"og:type\" content=\"article\" \/>\n<meta property=\"og:title\" content=\"Orthop\u00e4die \u2013 regenerative Therapie \u2013 ACS - Tier\u00e4rztliche Praxis f\u00fcr Pferde - Dr. Nina R\u00f6dig - Fachtier\u00e4rztin\" \/>\n<meta property=\"og:description\" content=\"ACS (synonym irap\u00ae oder Orthokin)- Autologes Conditiniertes Serum In der Humanmedizin ist diese Therapie seit 1997 als \u201eOrthokin\u00ae-Therapie\u201c in Gebrauch. Erfolgreiche Studien belegen die Effektivit\u00e4t der Behandlung von Gelenken, R\u00fcckenschmerzen und Muskelfaserrissen. Mehr als 30.00 Patienten wurden bis heute behandelt.Das [&hellip;]\" \/>\n<meta property=\"og:url\" content=\"https:\/\/pferdepraxis-roedig.de\/en\/orthopaedie-regenerative-therapie-acs\/\" \/>\n<meta property=\"og:site_name\" content=\"Tier\u00e4rztliche Praxis f\u00fcr Pferde - Dr. Nina R\u00f6dig - Fachtier\u00e4rztin\" \/>\n<meta property=\"article:publisher\" content=\"https:\/\/www.facebook.com\/tierarztpraxisroedig\/\" \/>\n<meta property=\"article:modified_time\" content=\"2020-12-18T10:25:12+00:00\" \/>\n<meta property=\"og:image\" content=\"https:\/\/pferdepraxis-roedig.de\/wp-content\/uploads\/2020\/12\/regenerative_therapie_acs_logo.jpg\" \/>\n<meta name=\"twitter:card\" content=\"summary_large_image\" \/>\n<meta name=\"twitter:label1\" content=\"Estimated reading time\" \/>\n\t<meta name=\"twitter:data1\" content=\"2 minutes\" \/>\n<script type=\"application\/ld+json\" class=\"yoast-schema-graph\">{\"@context\":\"https:\\\/\\\/schema.org\",\"@graph\":[{\"@type\":\"WebPage\",\"@id\":\"https:\\\/\\\/pferdepraxis-roedig.de\\\/orthopaedie-regenerative-therapie-acs\",\"url\":\"https:\\\/\\\/pferdepraxis-roedig.de\\\/orthopaedie-regenerative-therapie-acs\",\"name\":\"Orthop\u00e4die \u2013 regenerative Therapie \u2013 ACS - Tier\u00e4rztliche Praxis f\u00fcr Pferde - Dr. Nina R\u00f6dig - Fachtier\u00e4rztin\",\"isPartOf\":{\"@id\":\"https:\\\/\\\/pferdepraxis-roedig.de\\\/#website\"},\"primaryImageOfPage\":{\"@id\":\"https:\\\/\\\/pferdepraxis-roedig.de\\\/orthopaedie-regenerative-therapie-acs#primaryimage\"},\"image\":{\"@id\":\"https:\\\/\\\/pferdepraxis-roedig.de\\\/orthopaedie-regenerative-therapie-acs#primaryimage\"},\"thumbnailUrl\":\"https:\\\/\\\/pferdepraxis-roedig.de\\\/wp-content\\\/uploads\\\/2020\\\/12\\\/regenerative_therapie_acs_logo.jpg\",\"datePublished\":\"2020-11-01T14:17:52+00:00\",\"dateModified\":\"2020-12-18T10:25:12+00:00\",\"breadcrumb\":{\"@id\":\"https:\\\/\\\/pferdepraxis-roedig.de\\\/orthopaedie-regenerative-therapie-acs#breadcrumb\"},\"inLanguage\":\"en-GB\",\"potentialAction\":[{\"@type\":\"ReadAction\",\"target\":[\"https:\\\/\\\/pferdepraxis-roedig.de\\\/orthopaedie-regenerative-therapie-acs\"]}]},{\"@type\":\"ImageObject\",\"inLanguage\":\"en-GB\",\"@id\":\"https:\\\/\\\/pferdepraxis-roedig.de\\\/orthopaedie-regenerative-therapie-acs#primaryimage\",\"url\":\"https:\\\/\\\/pferdepraxis-roedig.de\\\/wp-content\\\/uploads\\\/2020\\\/12\\\/regenerative_therapie_acs_logo.jpg\",\"contentUrl\":\"https:\\\/\\\/pferdepraxis-roedig.de\\\/wp-content\\\/uploads\\\/2020\\\/12\\\/regenerative_therapie_acs_logo.jpg\"},{\"@type\":\"BreadcrumbList\",\"@id\":\"https:\\\/\\\/pferdepraxis-roedig.de\\\/orthopaedie-regenerative-therapie-acs#breadcrumb\",\"itemListElement\":[{\"@type\":\"ListItem\",\"position\":1,\"name\":\"Startseite\",\"item\":\"https:\\\/\\\/pferdepraxis-roedig.de\\\/\"},{\"@type\":\"ListItem\",\"position\":2,\"name\":\"Orthop\u00e4die \u2013 regenerative Therapie \u2013 ACS\"}]},{\"@type\":\"WebSite\",\"@id\":\"https:\\\/\\\/pferdepraxis-roedig.de\\\/#website\",\"url\":\"https:\\\/\\\/pferdepraxis-roedig.de\\\/\",\"name\":\"Tier\u00e4rztliche Praxis f\u00fcr Pferde - Dr. Nina R\u00f6dig\",\"description\":\"Orthop\u00e4die mit Ultraschall, dig. R\u00f6ntgen &amp; Endoskopie vor Ort. 24h-Notdienst. Zuverl\u00e4ssige Betreuung. Diagnostik M\u00f6glich. Kompetente Beratung.\",\"publisher\":{\"@id\":\"https:\\\/\\\/pferdepraxis-roedig.de\\\/#organization\"},\"potentialAction\":[{\"@type\":\"SearchAction\",\"target\":{\"@type\":\"EntryPoint\",\"urlTemplate\":\"https:\\\/\\\/pferdepraxis-roedig.de\\\/?s={search_term_string}\"},\"query-input\":{\"@type\":\"PropertyValueSpecification\",\"valueRequired\":true,\"valueName\":\"search_term_string\"}}],\"inLanguage\":\"en-GB\"},{\"@type\":\"Organization\",\"@id\":\"https:\\\/\\\/pferdepraxis-roedig.de\\\/#organization\",\"name\":\"Tier\u00e4rztliche Praxis f\u00fcr Pferde - Dr. Nina R\u00f6dig\",\"url\":\"https:\\\/\\\/pferdepraxis-roedig.de\\\/\",\"logo\":{\"@type\":\"ImageObject\",\"inLanguage\":\"en-GB\",\"@id\":\"https:\\\/\\\/pferdepraxis-roedig.de\\\/#\\\/schema\\\/logo\\\/image\\\/\",\"url\":\"https:\\\/\\\/pferdepraxis-roedig.de\\\/wp-content\\\/uploads\\\/2020\\\/12\\\/Logo_Roedig_TPfP_v2.png\",\"contentUrl\":\"https:\\\/\\\/pferdepraxis-roedig.de\\\/wp-content\\\/uploads\\\/2020\\\/12\\\/Logo_Roedig_TPfP_v2.png\",\"width\":1024,\"height\":386,\"caption\":\"Tier\u00e4rztliche Praxis f\u00fcr Pferde - Dr. Nina R\u00f6dig\"},\"image\":{\"@id\":\"https:\\\/\\\/pferdepraxis-roedig.de\\\/#\\\/schema\\\/logo\\\/image\\\/\"},\"sameAs\":[\"https:\\\/\\\/www.facebook.com\\\/tierarztpraxisroedig\\\/\",\"https:\\\/\\\/www.instagram.com\\\/tierarztpraxis_roedig\\\/\"]}]}<\/script>\n<!-- \/ Yoast SEO plugin. -->","yoast_head_json":{"title":"Orthop\u00e4die \u2013 regenerative Therapie \u2013 ACS - Tier\u00e4rztliche Praxis f\u00fcr Pferde - Dr. Nina R\u00f6dig - Fachtier\u00e4rztin","robots":{"index":"index","follow":"follow","max-snippet":"max-snippet:-1","max-image-preview":"max-image-preview:large","max-video-preview":"max-video-preview:-1"},"canonical":"https:\/\/pferdepraxis-roedig.de\/en\/orthopaedie-regenerative-therapie-acs\/","og_locale":"en_GB","og_type":"article","og_title":"Orthop\u00e4die \u2013 regenerative Therapie \u2013 ACS - Tier\u00e4rztliche Praxis f\u00fcr Pferde - Dr. Nina R\u00f6dig - Fachtier\u00e4rztin","og_description":"ACS (synonym irap\u00ae oder Orthokin)- Autologes Conditiniertes Serum In der Humanmedizin ist diese Therapie seit 1997 als \u201eOrthokin\u00ae-Therapie\u201c in Gebrauch. Erfolgreiche Studien belegen die Effektivit\u00e4t der Behandlung von Gelenken, R\u00fcckenschmerzen und Muskelfaserrissen. Mehr als 30.00 Patienten wurden bis heute behandelt.Das [&hellip;]","og_url":"https:\/\/pferdepraxis-roedig.de\/en\/orthopaedie-regenerative-therapie-acs\/","og_site_name":"Tier\u00e4rztliche Praxis f\u00fcr Pferde - Dr. Nina R\u00f6dig - Fachtier\u00e4rztin","article_publisher":"https:\/\/www.facebook.com\/tierarztpraxisroedig\/","article_modified_time":"2020-12-18T10:25:12+00:00","og_image":[{"url":"https:\/\/pferdepraxis-roedig.de\/wp-content\/uploads\/2020\/12\/regenerative_therapie_acs_logo.jpg","type":"","width":"","height":""}],"twitter_card":"summary_large_image","twitter_misc":{"Estimated reading time":"2 minutes"},"schema":{"@context":"https:\/\/schema.org","@graph":[{"@type":"WebPage","@id":"https:\/\/pferdepraxis-roedig.de\/orthopaedie-regenerative-therapie-acs","url":"https:\/\/pferdepraxis-roedig.de\/orthopaedie-regenerative-therapie-acs","name":"Orthop\u00e4die \u2013 regenerative Therapie \u2013 ACS - Tier\u00e4rztliche Praxis f\u00fcr Pferde - Dr. Nina R\u00f6dig - Fachtier\u00e4rztin","isPartOf":{"@id":"https:\/\/pferdepraxis-roedig.de\/#website"},"primaryImageOfPage":{"@id":"https:\/\/pferdepraxis-roedig.de\/orthopaedie-regenerative-therapie-acs#primaryimage"},"image":{"@id":"https:\/\/pferdepraxis-roedig.de\/orthopaedie-regenerative-therapie-acs#primaryimage"},"thumbnailUrl":"https:\/\/pferdepraxis-roedig.de\/wp-content\/uploads\/2020\/12\/regenerative_therapie_acs_logo.jpg","datePublished":"2020-11-01T14:17:52+00:00","dateModified":"2020-12-18T10:25:12+00:00","breadcrumb":{"@id":"https:\/\/pferdepraxis-roedig.de\/orthopaedie-regenerative-therapie-acs#breadcrumb"},"inLanguage":"en-GB","potentialAction":[{"@type":"ReadAction","target":["https:\/\/pferdepraxis-roedig.de\/orthopaedie-regenerative-therapie-acs"]}]},{"@type":"ImageObject","inLanguage":"en-GB","@id":"https:\/\/pferdepraxis-roedig.de\/orthopaedie-regenerative-therapie-acs#primaryimage","url":"https:\/\/pferdepraxis-roedig.de\/wp-content\/uploads\/2020\/12\/regenerative_therapie_acs_logo.jpg","contentUrl":"https:\/\/pferdepraxis-roedig.de\/wp-content\/uploads\/2020\/12\/regenerative_therapie_acs_logo.jpg"},{"@type":"BreadcrumbList","@id":"https:\/\/pferdepraxis-roedig.de\/orthopaedie-regenerative-therapie-acs#breadcrumb","itemListElement":[{"@type":"ListItem","position":1,"name":"Startseite","item":"https:\/\/pferdepraxis-roedig.de\/"},{"@type":"ListItem","position":2,"name":"Orthop\u00e4die \u2013 regenerative Therapie \u2013 ACS"}]},{"@type":"WebSite","@id":"https:\/\/pferdepraxis-roedig.de\/#website","url":"https:\/\/pferdepraxis-roedig.de\/","name":"Veterinary Practice for Horses - Dr. Nina R\u00f6dig","description":"Orthopaedics with ultrasound, digital X-ray &amp; endoscopy on site. 24-hour emergency service. Reliable care. Diagnostics possible. Competent advice.","publisher":{"@id":"https:\/\/pferdepraxis-roedig.de\/#organization"},"potentialAction":[{"@type":"SearchAction","target":{"@type":"EntryPoint","urlTemplate":"https:\/\/pferdepraxis-roedig.de\/?s={search_term_string}"},"query-input":{"@type":"PropertyValueSpecification","valueRequired":true,"valueName":"search_term_string"}}],"inLanguage":"en-GB"},{"@type":"Organization","@id":"https:\/\/pferdepraxis-roedig.de\/#organization","name":"Veterinary Practice for Horses - Dr. Nina R\u00f6dig","url":"https:\/\/pferdepraxis-roedig.de\/","logo":{"@type":"ImageObject","inLanguage":"en-GB","@id":"https:\/\/pferdepraxis-roedig.de\/#\/schema\/logo\/image\/","url":"https:\/\/pferdepraxis-roedig.de\/wp-content\/uploads\/2020\/12\/Logo_Roedig_TPfP_v2.png","contentUrl":"https:\/\/pferdepraxis-roedig.de\/wp-content\/uploads\/2020\/12\/Logo_Roedig_TPfP_v2.png","width":1024,"height":386,"caption":"Tier\u00e4rztliche Praxis f\u00fcr Pferde - Dr. Nina R\u00f6dig"},"image":{"@id":"https:\/\/pferdepraxis-roedig.de\/#\/schema\/logo\/image\/"},"sameAs":["https:\/\/www.facebook.com\/tierarztpraxisroedig\/","https:\/\/www.instagram.com\/tierarztpraxis_roedig\/"]}]}},"_links":{"self":[{"href":"https:\/\/pferdepraxis-roedig.de\/en\/wp-json\/wp\/v2\/pages\/78","targetHints":{"allow":["GET"]}}],"collection":[{"href":"https:\/\/pferdepraxis-roedig.de\/en\/wp-json\/wp\/v2\/pages"}],"about":[{"href":"https:\/\/pferdepraxis-roedig.de\/en\/wp-json\/wp\/v2\/types\/page"}],"author":[{"embeddable":true,"href":"https:\/\/pferdepraxis-roedig.de\/en\/wp-json\/wp\/v2\/users\/1"}],"replies":[{"embeddable":true,"href":"https:\/\/pferdepraxis-roedig.de\/en\/wp-json\/wp\/v2\/comments?post=78"}],"version-history":[{"count":2,"href":"https:\/\/pferdepraxis-roedig.de\/en\/wp-json\/wp\/v2\/pages\/78\/revisions"}],"predecessor-version":[{"id":216,"href":"https:\/\/pferdepraxis-roedig.de\/en\/wp-json\/wp\/v2\/pages\/78\/revisions\/216"}],"wp:attachment":[{"href":"https:\/\/pferdepraxis-roedig.de\/en\/wp-json\/wp\/v2\/media?parent=78"}],"curies":[{"name":"wp","href":"https:\/\/api.w.org\/{rel}","templated":true}]}}