{"id":76,"date":"2020-11-01T14:16:58","date_gmt":"2020-11-01T14:16:58","guid":{"rendered":"https:\/\/xn--tierrztlichepraxisfr-ezb75c.live-website.com\/?page_id=76"},"modified":"2022-01-04T17:51:46","modified_gmt":"2022-01-04T16:51:46","slug":"orthopaedics-regenerative-therapy-acp","status":"publish","type":"page","link":"https:\/\/pferdepraxis-roedig.de\/en\/orthopaedie-regenerative-therapie-acp","title":{"rendered":"Orthopaedics \u2013 regenerative therapy \u2013 ACP"},"content":{"rendered":"<h3 class=\"wp-block-heading\">ACP - Autologous Conditioned Plasma<\/h3>\n\n\n\n<figure class=\"wp-block-image size-large\"><img loading=\"lazy\" decoding=\"async\" width=\"110\" height=\"54\" src=\"https:\/\/pferdepraxis-roedig.de\/wp-content\/uploads\/2020\/12\/regenerative_therapie_acp_logo.jpg\" alt=\"\" class=\"wp-image-182\" srcset=\"https:\/\/pferdepraxis-roedig.de\/wp-content\/uploads\/2020\/12\/regenerative_therapie_acp_logo.jpg 110w, https:\/\/pferdepraxis-roedig.de\/wp-content\/uploads\/2020\/12\/regenerative_therapie_acp_logo-100x49.jpg 100w\" sizes=\"auto, (max-width: 110px) 100vw, 110px\" \/><\/figure>\n\n\n\n<p>ACP has been used for many years in human and veterinary medicine for orthopaedic treatment. It is recommended for injuries to tendons, ligaments, and muscles. ACP utilises the body's own regenerative powers. To date, no side effects are known, as the body's own plasma is used.<\/p>\n\n\n\n<figure class=\"wp-block-image size-large\"><img loading=\"lazy\" decoding=\"async\" width=\"308\" height=\"280\" src=\"https:\/\/pferdepraxis-roedig.de\/wp-content\/uploads\/2020\/12\/regenerative_therapie_acp_01.jpg\" alt=\"\" class=\"wp-image-180\" srcset=\"https:\/\/pferdepraxis-roedig.de\/wp-content\/uploads\/2020\/12\/regenerative_therapie_acp_01.jpg 308w, https:\/\/pferdepraxis-roedig.de\/wp-content\/uploads\/2020\/12\/regenerative_therapie_acp_01-300x273.jpg 300w, https:\/\/pferdepraxis-roedig.de\/wp-content\/uploads\/2020\/12\/regenerative_therapie_acp_01-250x227.jpg 250w, https:\/\/pferdepraxis-roedig.de\/wp-content\/uploads\/2020\/12\/regenerative_therapie_acp_01-100x91.jpg 100w\" sizes=\"auto, (max-width: 308px) 100vw, 308px\" \/><\/figure>\n\n\n\n<h3 class=\"wp-block-heading\">The healing process<\/h3>\n\n\n\n<p>Healing after an injury consists of a series of well-coordinated and complex processes. Proteins (i.e. albumin) in the blood play a crucial role in this, as they promote effective tissue repair. A multitude of the proteins involved in the healing process originate from specific blood components, known as platelets.<\/p>\n\n\n\n<p>If an injury occurs, platelets are activated and begin to gather at the site of injury to secrete healing-promoting proteins. These proteins are called growth factors. This is the first step in the healing process.<\/p>\n\n\n\n<p>For many years, blood products have been used in a wide variety of therapeutic forms. New studies and technologies have revealed the positive properties of platelets and expanded the use of blood products in orthopaedic procedures for humans, dogs, and horses.<\/p>\n\n\n\n<h3 class=\"wp-block-heading\">What is autologous conditioned plasma?<\/h3>\n\n\n\n<p>Autologous conditioned plasma is a blood product in which the patient's own plasma is separated.<\/p>\n\n\n\n<p>The vet takes a small amount of blood (15ml) using a needle and a special syringe, which is then centrifuged. This separates and concentrates the platelets and regenerative growth factors contained within the blood plasma.<\/p>\n\n\n\n<figure class=\"wp-block-image size-large\"><img loading=\"lazy\" decoding=\"async\" width=\"154\" height=\"179\" src=\"https:\/\/pferdepraxis-roedig.de\/wp-content\/uploads\/2020\/12\/regenerative_therapie_acp_02.jpg\" alt=\"\" class=\"wp-image-181\" srcset=\"https:\/\/pferdepraxis-roedig.de\/wp-content\/uploads\/2020\/12\/regenerative_therapie_acp_02.jpg 154w, https:\/\/pferdepraxis-roedig.de\/wp-content\/uploads\/2020\/12\/regenerative_therapie_acp_02-100x116.jpg 100w\" sizes=\"auto, (max-width: 154px) 100vw, 154px\" \/><\/figure>\n\n\n\n<p>Platelets are activated outside the bloodstream and release proliferative (e.g., Platelet Growth Factor (PDGF)) and morphogenic proteins (Transforming Growth Factor (TGF)). These growth factors are known to be important for cartilage healing.<\/p>\n\n\n\n<p>The essential effects are:<\/p>\n\n\n\n<ul class=\"wp-block-list\"><li>Introduction of proliferation and differentiation of various cell types (e.g. stem cells, osteoblasts and epidermal cells)<\/li><li>Improvement\/modulation of the production of collagen, proteoglycan and TIMP (Tissue Inhibitor of Metalloproteinases)<\/li><li>Angiogenesis stimulation<\/li><li>Chemotaxis<\/li><\/ul>\n\n\n\n<p>Synergistic effects of growth factors appear to contribute to these positive effects. The patient's own growth factor concentrate can then be used to improve cell activation and delivery to an injury, thus promoting healing. This plasma, enriched with platelets and growth factors, is injected into the injured muscle, tendon, ligament, joint, or wound.<\/p>\n\n\n\n<p>An ACP treatment takes approximately 20 minutes.<\/p>\n\n\n\n<h3 class=\"wp-block-heading\">In welchen F\u00e4llen hilft ACP?<\/h3>\n\n\n\n<p>In most injuries of the musculoskeletal system, ligaments and tendons, as well as in muscle and tendon inflammations, healing can be supported by ACP.<\/p>\n\n\n\n<p>This self-help will speed up recovery and enable pain-free mobility.<\/p>\n\n\n\n<pre class=\"wp-block-code\"><code><iframe loading=\"lazy\" src=\"https:\/\/www.youtube.com\/embed\/hNFTs1UwiVk\" title=\"YouTube video player\" allow=\"accelerometer; autoplay; clipboard-write; encrypted-media; gyroscope; picture-in-picture\" allowfullscreen=\"\" width=\"1264\" height=\"711\" frameborder=\"0\"><\/iframe><\/code><\/pre>\n\n\n\n<p>Text and photos courtesy of&nbsp;<a href=\"http:\/\/www.arthrexvetsystems.com\/\">Arthrex VetSystems<\/a>, 50226 Frechen<\/p>","protected":false},"excerpt":{"rendered":"<p>ACP &#8211; Autologes Conditioniertes Plasma In der Human- und Veterin\u00e4rmedizin wird ACP seit vielen Jahren zur orthop\u00e4dischen Behandlung eingesetzt. Es wird in empfohlen bei Verletzungen der Sehnen, B\u00e4nder und Muskeln. ACP nutzt die k\u00f6rpereigenen Regenerationskr\u00e4fte. Bisher sind keine Nebenwirkungen bekannt, [&hellip;]<\/p>\n","protected":false},"author":1,"featured_media":0,"parent":0,"menu_order":0,"comment_status":"closed","ping_status":"closed","template":"","meta":{"footnotes":""},"class_list":["post-76","page","type-page","status-publish","hentry","clearfix"],"yoast_head":"<!-- This site is optimized with the Yoast SEO plugin v27.3 - https:\/\/yoast.com\/product\/yoast-seo-wordpress\/ -->\n<title>Orthop\u00e4die - regenerative Therapie - ACP - Tier\u00e4rztliche Praxis f\u00fcr Pferde - Dr. Nina R\u00f6dig - Fachtier\u00e4rztin<\/title>\n<meta name=\"robots\" content=\"index, follow, max-snippet:-1, max-image-preview:large, max-video-preview:-1\" \/>\n<link rel=\"canonical\" href=\"https:\/\/pferdepraxis-roedig.de\/en\/orthopaedics-regenerative-therapy-acp\/\" \/>\n<meta property=\"og:locale\" content=\"en_GB\" \/>\n<meta property=\"og:type\" content=\"article\" \/>\n<meta property=\"og:title\" content=\"Orthop\u00e4die - regenerative Therapie - ACP - Tier\u00e4rztliche Praxis f\u00fcr Pferde - Dr. Nina R\u00f6dig - Fachtier\u00e4rztin\" \/>\n<meta property=\"og:description\" content=\"ACP &#8211; Autologes Conditioniertes Plasma In der Human- und Veterin\u00e4rmedizin wird ACP seit vielen Jahren zur orthop\u00e4dischen Behandlung eingesetzt. Es wird in empfohlen bei Verletzungen der Sehnen, B\u00e4nder und Muskeln. ACP nutzt die k\u00f6rpereigenen Regenerationskr\u00e4fte. Bisher sind keine Nebenwirkungen bekannt, [&hellip;]\" \/>\n<meta property=\"og:url\" content=\"https:\/\/pferdepraxis-roedig.de\/en\/orthopaedics-regenerative-therapy-acp\/\" \/>\n<meta property=\"og:site_name\" content=\"Tier\u00e4rztliche Praxis f\u00fcr Pferde - Dr. Nina R\u00f6dig - Fachtier\u00e4rztin\" \/>\n<meta property=\"article:publisher\" content=\"https:\/\/www.facebook.com\/tierarztpraxisroedig\/\" \/>\n<meta property=\"article:modified_time\" content=\"2022-01-04T16:51:46+00:00\" \/>\n<meta property=\"og:image\" content=\"https:\/\/pferdepraxis-roedig.de\/wp-content\/uploads\/2020\/12\/regenerative_therapie_acp_logo.jpg\" \/>\n<meta name=\"twitter:card\" content=\"summary_large_image\" \/>\n<meta name=\"twitter:label1\" content=\"Estimated reading time\" \/>\n\t<meta name=\"twitter:data1\" content=\"3 minutes\" \/>\n<script type=\"application\/ld+json\" class=\"yoast-schema-graph\">{\"@context\":\"https:\\\/\\\/schema.org\",\"@graph\":[{\"@type\":\"WebPage\",\"@id\":\"https:\\\/\\\/pferdepraxis-roedig.de\\\/orthopaedie-regenerative-therapie-acp\",\"url\":\"https:\\\/\\\/pferdepraxis-roedig.de\\\/orthopaedie-regenerative-therapie-acp\",\"name\":\"Orthop\u00e4die - regenerative Therapie - ACP - Tier\u00e4rztliche Praxis f\u00fcr Pferde - Dr. Nina R\u00f6dig - Fachtier\u00e4rztin\",\"isPartOf\":{\"@id\":\"https:\\\/\\\/pferdepraxis-roedig.de\\\/#website\"},\"primaryImageOfPage\":{\"@id\":\"https:\\\/\\\/pferdepraxis-roedig.de\\\/orthopaedie-regenerative-therapie-acp#primaryimage\"},\"image\":{\"@id\":\"https:\\\/\\\/pferdepraxis-roedig.de\\\/orthopaedie-regenerative-therapie-acp#primaryimage\"},\"thumbnailUrl\":\"https:\\\/\\\/pferdepraxis-roedig.de\\\/wp-content\\\/uploads\\\/2020\\\/12\\\/regenerative_therapie_acp_logo.jpg\",\"datePublished\":\"2020-11-01T14:16:58+00:00\",\"dateModified\":\"2022-01-04T16:51:46+00:00\",\"breadcrumb\":{\"@id\":\"https:\\\/\\\/pferdepraxis-roedig.de\\\/orthopaedie-regenerative-therapie-acp#breadcrumb\"},\"inLanguage\":\"en-GB\",\"potentialAction\":[{\"@type\":\"ReadAction\",\"target\":[\"https:\\\/\\\/pferdepraxis-roedig.de\\\/orthopaedie-regenerative-therapie-acp\"]}]},{\"@type\":\"ImageObject\",\"inLanguage\":\"en-GB\",\"@id\":\"https:\\\/\\\/pferdepraxis-roedig.de\\\/orthopaedie-regenerative-therapie-acp#primaryimage\",\"url\":\"https:\\\/\\\/pferdepraxis-roedig.de\\\/wp-content\\\/uploads\\\/2020\\\/12\\\/regenerative_therapie_acp_logo.jpg\",\"contentUrl\":\"https:\\\/\\\/pferdepraxis-roedig.de\\\/wp-content\\\/uploads\\\/2020\\\/12\\\/regenerative_therapie_acp_logo.jpg\"},{\"@type\":\"BreadcrumbList\",\"@id\":\"https:\\\/\\\/pferdepraxis-roedig.de\\\/orthopaedie-regenerative-therapie-acp#breadcrumb\",\"itemListElement\":[{\"@type\":\"ListItem\",\"position\":1,\"name\":\"Startseite\",\"item\":\"https:\\\/\\\/pferdepraxis-roedig.de\\\/\"},{\"@type\":\"ListItem\",\"position\":2,\"name\":\"Orthop\u00e4die &#8211; regenerative Therapie &#8211; ACP\"}]},{\"@type\":\"WebSite\",\"@id\":\"https:\\\/\\\/pferdepraxis-roedig.de\\\/#website\",\"url\":\"https:\\\/\\\/pferdepraxis-roedig.de\\\/\",\"name\":\"Tier\u00e4rztliche Praxis f\u00fcr Pferde - Dr. Nina R\u00f6dig\",\"description\":\"Orthop\u00e4die mit Ultraschall, dig. R\u00f6ntgen &amp; Endoskopie vor Ort. 24h-Notdienst. Zuverl\u00e4ssige Betreuung. Diagnostik M\u00f6glich. Kompetente Beratung.\",\"publisher\":{\"@id\":\"https:\\\/\\\/pferdepraxis-roedig.de\\\/#organization\"},\"potentialAction\":[{\"@type\":\"SearchAction\",\"target\":{\"@type\":\"EntryPoint\",\"urlTemplate\":\"https:\\\/\\\/pferdepraxis-roedig.de\\\/?s={search_term_string}\"},\"query-input\":{\"@type\":\"PropertyValueSpecification\",\"valueRequired\":true,\"valueName\":\"search_term_string\"}}],\"inLanguage\":\"en-GB\"},{\"@type\":\"Organization\",\"@id\":\"https:\\\/\\\/pferdepraxis-roedig.de\\\/#organization\",\"name\":\"Tier\u00e4rztliche Praxis f\u00fcr Pferde - Dr. Nina R\u00f6dig\",\"url\":\"https:\\\/\\\/pferdepraxis-roedig.de\\\/\",\"logo\":{\"@type\":\"ImageObject\",\"inLanguage\":\"en-GB\",\"@id\":\"https:\\\/\\\/pferdepraxis-roedig.de\\\/#\\\/schema\\\/logo\\\/image\\\/\",\"url\":\"https:\\\/\\\/pferdepraxis-roedig.de\\\/wp-content\\\/uploads\\\/2020\\\/12\\\/Logo_Roedig_TPfP_v2.png\",\"contentUrl\":\"https:\\\/\\\/pferdepraxis-roedig.de\\\/wp-content\\\/uploads\\\/2020\\\/12\\\/Logo_Roedig_TPfP_v2.png\",\"width\":1024,\"height\":386,\"caption\":\"Tier\u00e4rztliche Praxis f\u00fcr Pferde - Dr. Nina R\u00f6dig\"},\"image\":{\"@id\":\"https:\\\/\\\/pferdepraxis-roedig.de\\\/#\\\/schema\\\/logo\\\/image\\\/\"},\"sameAs\":[\"https:\\\/\\\/www.facebook.com\\\/tierarztpraxisroedig\\\/\",\"https:\\\/\\\/www.instagram.com\\\/tierarztpraxis_roedig\\\/\"]}]}<\/script>\n<!-- \/ Yoast SEO plugin. -->","yoast_head_json":{"title":"Orthopaedics - Regenerative Therapy - ACP - Veterinary Practice for Horses - Dr. Nina R\u00f6dig - Specialist Veterinarian","robots":{"index":"index","follow":"follow","max-snippet":"max-snippet:-1","max-image-preview":"max-image-preview:large","max-video-preview":"max-video-preview:-1"},"canonical":"https:\/\/pferdepraxis-roedig.de\/en\/orthopaedics-regenerative-therapy-acp\/","og_locale":"en_GB","og_type":"article","og_title":"Orthop\u00e4die - regenerative Therapie - ACP - Tier\u00e4rztliche Praxis f\u00fcr Pferde - Dr. Nina R\u00f6dig - Fachtier\u00e4rztin","og_description":"ACP &#8211; Autologes Conditioniertes Plasma In der Human- und Veterin\u00e4rmedizin wird ACP seit vielen Jahren zur orthop\u00e4dischen Behandlung eingesetzt. Es wird in empfohlen bei Verletzungen der Sehnen, B\u00e4nder und Muskeln. ACP nutzt die k\u00f6rpereigenen Regenerationskr\u00e4fte. Bisher sind keine Nebenwirkungen bekannt, [&hellip;]","og_url":"https:\/\/pferdepraxis-roedig.de\/en\/orthopaedics-regenerative-therapy-acp\/","og_site_name":"Tier\u00e4rztliche Praxis f\u00fcr Pferde - Dr. Nina R\u00f6dig - Fachtier\u00e4rztin","article_publisher":"https:\/\/www.facebook.com\/tierarztpraxisroedig\/","article_modified_time":"2022-01-04T16:51:46+00:00","og_image":[{"url":"https:\/\/pferdepraxis-roedig.de\/wp-content\/uploads\/2020\/12\/regenerative_therapie_acp_logo.jpg","type":"","width":"","height":""}],"twitter_card":"summary_large_image","twitter_misc":{"Estimated reading time":"3 minutes"},"schema":{"@context":"https:\/\/schema.org","@graph":[{"@type":"WebPage","@id":"https:\/\/pferdepraxis-roedig.de\/orthopaedie-regenerative-therapie-acp","url":"https:\/\/pferdepraxis-roedig.de\/orthopaedie-regenerative-therapie-acp","name":"Orthopaedics - Regenerative Therapy - ACP - Veterinary Practice for Horses - Dr. Nina R\u00f6dig - Specialist Veterinarian","isPartOf":{"@id":"https:\/\/pferdepraxis-roedig.de\/#website"},"primaryImageOfPage":{"@id":"https:\/\/pferdepraxis-roedig.de\/orthopaedie-regenerative-therapie-acp#primaryimage"},"image":{"@id":"https:\/\/pferdepraxis-roedig.de\/orthopaedie-regenerative-therapie-acp#primaryimage"},"thumbnailUrl":"https:\/\/pferdepraxis-roedig.de\/wp-content\/uploads\/2020\/12\/regenerative_therapie_acp_logo.jpg","datePublished":"2020-11-01T14:16:58+00:00","dateModified":"2022-01-04T16:51:46+00:00","breadcrumb":{"@id":"https:\/\/pferdepraxis-roedig.de\/orthopaedie-regenerative-therapie-acp#breadcrumb"},"inLanguage":"en-GB","potentialAction":[{"@type":"ReadAction","target":["https:\/\/pferdepraxis-roedig.de\/orthopaedie-regenerative-therapie-acp"]}]},{"@type":"ImageObject","inLanguage":"en-GB","@id":"https:\/\/pferdepraxis-roedig.de\/orthopaedie-regenerative-therapie-acp#primaryimage","url":"https:\/\/pferdepraxis-roedig.de\/wp-content\/uploads\/2020\/12\/regenerative_therapie_acp_logo.jpg","contentUrl":"https:\/\/pferdepraxis-roedig.de\/wp-content\/uploads\/2020\/12\/regenerative_therapie_acp_logo.jpg"},{"@type":"BreadcrumbList","@id":"https:\/\/pferdepraxis-roedig.de\/orthopaedie-regenerative-therapie-acp#breadcrumb","itemListElement":[{"@type":"ListItem","position":1,"name":"Startseite","item":"https:\/\/pferdepraxis-roedig.de\/"},{"@type":"ListItem","position":2,"name":"Orthop\u00e4die &#8211; regenerative Therapie &#8211; ACP"}]},{"@type":"WebSite","@id":"https:\/\/pferdepraxis-roedig.de\/#website","url":"https:\/\/pferdepraxis-roedig.de\/","name":"Veterinary Practice for Horses - Dr. Nina R\u00f6dig","description":"Orthopaedics with ultrasound, digital X-ray &amp; endoscopy on site. 24-hour emergency service. Reliable care. Diagnostics possible. Competent advice.","publisher":{"@id":"https:\/\/pferdepraxis-roedig.de\/#organization"},"potentialAction":[{"@type":"SearchAction","target":{"@type":"EntryPoint","urlTemplate":"https:\/\/pferdepraxis-roedig.de\/?s={search_term_string}"},"query-input":{"@type":"PropertyValueSpecification","valueRequired":true,"valueName":"search_term_string"}}],"inLanguage":"en-GB"},{"@type":"Organization","@id":"https:\/\/pferdepraxis-roedig.de\/#organization","name":"Veterinary Practice for Horses - Dr. Nina R\u00f6dig","url":"https:\/\/pferdepraxis-roedig.de\/","logo":{"@type":"ImageObject","inLanguage":"en-GB","@id":"https:\/\/pferdepraxis-roedig.de\/#\/schema\/logo\/image\/","url":"https:\/\/pferdepraxis-roedig.de\/wp-content\/uploads\/2020\/12\/Logo_Roedig_TPfP_v2.png","contentUrl":"https:\/\/pferdepraxis-roedig.de\/wp-content\/uploads\/2020\/12\/Logo_Roedig_TPfP_v2.png","width":1024,"height":386,"caption":"Tier\u00e4rztliche Praxis f\u00fcr Pferde - Dr. Nina R\u00f6dig"},"image":{"@id":"https:\/\/pferdepraxis-roedig.de\/#\/schema\/logo\/image\/"},"sameAs":["https:\/\/www.facebook.com\/tierarztpraxisroedig\/","https:\/\/www.instagram.com\/tierarztpraxis_roedig\/"]}]}},"_links":{"self":[{"href":"https:\/\/pferdepraxis-roedig.de\/en\/wp-json\/wp\/v2\/pages\/76","targetHints":{"allow":["GET"]}}],"collection":[{"href":"https:\/\/pferdepraxis-roedig.de\/en\/wp-json\/wp\/v2\/pages"}],"about":[{"href":"https:\/\/pferdepraxis-roedig.de\/en\/wp-json\/wp\/v2\/types\/page"}],"author":[{"embeddable":true,"href":"https:\/\/pferdepraxis-roedig.de\/en\/wp-json\/wp\/v2\/users\/1"}],"replies":[{"embeddable":true,"href":"https:\/\/pferdepraxis-roedig.de\/en\/wp-json\/wp\/v2\/comments?post=76"}],"version-history":[{"count":6,"href":"https:\/\/pferdepraxis-roedig.de\/en\/wp-json\/wp\/v2\/pages\/76\/revisions"}],"predecessor-version":[{"id":273,"href":"https:\/\/pferdepraxis-roedig.de\/en\/wp-json\/wp\/v2\/pages\/76\/revisions\/273"}],"wp:attachment":[{"href":"https:\/\/pferdepraxis-roedig.de\/en\/wp-json\/wp\/v2\/media?parent=76"}],"curies":[{"name":"wp","href":"https:\/\/api.w.org\/{rel}","templated":true}]}}