{"id":74,"date":"2020-11-01T14:16:18","date_gmt":"2020-11-01T14:16:18","guid":{"rendered":"https:\/\/xn--tierrztlichepraxisfr-ezb75c.live-website.com\/?page_id=74"},"modified":"2022-01-17T17:30:03","modified_gmt":"2022-01-17T16:30:03","slug":"orthopaedic-regenerative-therapy","status":"publish","type":"page","link":"https:\/\/pferdepraxis-roedig.de\/en\/orthopaedie-regenerative-therapie","title":{"rendered":"Orthopaedics \u2013 Regenerative Therapy"},"content":{"rendered":"<figure class=\"wp-block-image size-large\"><img loading=\"lazy\" decoding=\"async\" width=\"547\" height=\"106\" src=\"https:\/\/pferdepraxis-roedig.de\/wp-content\/uploads\/2020\/12\/regenerative_therapie_top.jpg\" alt=\"Pictures of horses\" class=\"wp-image-186\" srcset=\"https:\/\/pferdepraxis-roedig.de\/wp-content\/uploads\/2020\/12\/regenerative_therapie_top.jpg 547w, https:\/\/pferdepraxis-roedig.de\/wp-content\/uploads\/2020\/12\/regenerative_therapie_top-300x58.jpg 300w, https:\/\/pferdepraxis-roedig.de\/wp-content\/uploads\/2020\/12\/regenerative_therapie_top-520x101.jpg 520w, https:\/\/pferdepraxis-roedig.de\/wp-content\/uploads\/2020\/12\/regenerative_therapie_top-360x70.jpg 360w, https:\/\/pferdepraxis-roedig.de\/wp-content\/uploads\/2020\/12\/regenerative_therapie_top-250x48.jpg 250w, https:\/\/pferdepraxis-roedig.de\/wp-content\/uploads\/2020\/12\/regenerative_therapie_top-100x19.jpg 100w\" sizes=\"auto, (max-width: 547px) 100vw, 547px\" \/><\/figure>\n\n\n\n<h3 class=\"wp-block-heading\">Biotechnological\/regenerative therapies for joint, tendon sheath and tendon problems<\/h3>\n\n\n\n<p>Musculoskeletal damage such as joint inflammation (arthritis\/osteoarthritis) and tendon injuries, as well as ligament damage, play a very significant role in orthopaedic conditions and thus the cause of lameness.<\/p>\n\n\n\n<p>For a long time, therapies mainly involved medications such as glucocorticoids (cortisone) and hyaluronic acid (\u201ejoint lubricant\u201c), which can inhibit inflammation but are of little effectiveness, especially in regeneration and tissue renewal.<\/p>\n\n\n\n<p>For 10 years now, modern biotechnological therapies from human medicine have also found their way into equine medicine. The objective is to use the body's own regenerative substances, activate them, and supply them to the body in concentrated form where inflammation is to be inhibited and\/or a defect is to be healed. From the horse's blood, such endogenous anti-inflammatory and regeneration-promoting proteins (cytokines) can now be obtained.<\/p>\n\n\n\n<p>This involves the processing of the animal's own blood in the laboratory using various technical methods. Here, important substances present in the blood in only small quantities, such as growth factors, are concentrated using special procedures and filled into sterile syringes in an amount suitable for injection.<\/p>\n\n\n\n<p>The products thus obtained are successfully used primarily in the therapy of tendon, ligament, and joint diseases. Due to their native structure, they offer particular advantages in the healing of even serious defects.<\/p>","protected":false},"excerpt":{"rendered":"<p>Biotechnologische\/regenerative Therapien bei Gelenks-, Sehnenscheiden- und Sehnenproblemen Sch\u00e4den des Bewegungsapparates wie Gelenksentz\u00fcndungen (Arthritis \/ Arthrose) und Sehnenverletzungen, aber auch Sch\u00e4den des Bandapparates spielen bei den orthop\u00e4dischen Erkrankungen und damit der Ursache f\u00fcr Lahmheiten eine sehr wesentliche Rolle. Lange standen zur [&hellip;]<\/p>\n","protected":false},"author":1,"featured_media":0,"parent":0,"menu_order":0,"comment_status":"closed","ping_status":"closed","template":"","meta":{"footnotes":""},"class_list":["post-74","page","type-page","status-publish","hentry","clearfix"],"yoast_head":"<!-- This site is optimized with the Yoast SEO plugin v27.4 - https:\/\/yoast.com\/product\/yoast-seo-wordpress\/ -->\n<title>Orthop\u00e4die - regenerative Therapie - Tier\u00e4rztliche Praxis f\u00fcr Pferde - Dr. Nina R\u00f6dig - Fachtier\u00e4rztin<\/title>\n<meta name=\"description\" content=\"Biotechnologische\/regenerative Therapien bei Gelenks-, Sehnenscheiden- und Sehnenproblemen\" \/>\n<meta name=\"robots\" content=\"index, follow, max-snippet:-1, max-image-preview:large, max-video-preview:-1\" \/>\n<link rel=\"canonical\" href=\"https:\/\/pferdepraxis-roedig.de\/en\/orthopaedic-regenerative-therapy\/\" \/>\n<meta property=\"og:locale\" content=\"en_GB\" \/>\n<meta property=\"og:type\" content=\"article\" \/>\n<meta property=\"og:title\" content=\"Orthop\u00e4die - regenerative Therapie - Tier\u00e4rztliche Praxis f\u00fcr Pferde - Dr. Nina R\u00f6dig - Fachtier\u00e4rztin\" \/>\n<meta property=\"og:description\" content=\"Biotechnologische\/regenerative Therapien bei Gelenks-, Sehnenscheiden- und Sehnenproblemen\" \/>\n<meta property=\"og:url\" content=\"https:\/\/pferdepraxis-roedig.de\/en\/orthopaedic-regenerative-therapy\/\" \/>\n<meta property=\"og:site_name\" content=\"Tier\u00e4rztliche Praxis f\u00fcr Pferde - Dr. Nina R\u00f6dig - Fachtier\u00e4rztin\" \/>\n<meta property=\"article:publisher\" content=\"https:\/\/www.facebook.com\/tierarztpraxisroedig\/\" \/>\n<meta property=\"article:modified_time\" content=\"2022-01-17T16:30:03+00:00\" \/>\n<meta property=\"og:image\" content=\"https:\/\/pferdepraxis-roedig.de\/wp-content\/uploads\/2020\/12\/regenerative_therapie_top.jpg\" \/>\n<meta name=\"twitter:card\" content=\"summary_large_image\" \/>\n<meta name=\"twitter:label1\" content=\"Estimated reading time\" \/>\n\t<meta name=\"twitter:data1\" content=\"2 minutes\" \/>\n<script type=\"application\/ld+json\" class=\"yoast-schema-graph\">{\"@context\":\"https:\\\/\\\/schema.org\",\"@graph\":[{\"@type\":\"WebPage\",\"@id\":\"https:\\\/\\\/pferdepraxis-roedig.de\\\/orthopaedie-regenerative-therapie\",\"url\":\"https:\\\/\\\/pferdepraxis-roedig.de\\\/orthopaedie-regenerative-therapie\",\"name\":\"Orthop\u00e4die - regenerative Therapie - Tier\u00e4rztliche Praxis f\u00fcr Pferde - Dr. Nina R\u00f6dig - Fachtier\u00e4rztin\",\"isPartOf\":{\"@id\":\"https:\\\/\\\/pferdepraxis-roedig.de\\\/#website\"},\"primaryImageOfPage\":{\"@id\":\"https:\\\/\\\/pferdepraxis-roedig.de\\\/orthopaedie-regenerative-therapie#primaryimage\"},\"image\":{\"@id\":\"https:\\\/\\\/pferdepraxis-roedig.de\\\/orthopaedie-regenerative-therapie#primaryimage\"},\"thumbnailUrl\":\"https:\\\/\\\/pferdepraxis-roedig.de\\\/wp-content\\\/uploads\\\/2020\\\/12\\\/regenerative_therapie_top.jpg\",\"datePublished\":\"2020-11-01T14:16:18+00:00\",\"dateModified\":\"2022-01-17T16:30:03+00:00\",\"description\":\"Biotechnologische\\\/regenerative Therapien bei Gelenks-, Sehnenscheiden- und Sehnenproblemen\",\"breadcrumb\":{\"@id\":\"https:\\\/\\\/pferdepraxis-roedig.de\\\/orthopaedie-regenerative-therapie#breadcrumb\"},\"inLanguage\":\"en-GB\",\"potentialAction\":[{\"@type\":\"ReadAction\",\"target\":[\"https:\\\/\\\/pferdepraxis-roedig.de\\\/orthopaedie-regenerative-therapie\"]}]},{\"@type\":\"ImageObject\",\"inLanguage\":\"en-GB\",\"@id\":\"https:\\\/\\\/pferdepraxis-roedig.de\\\/orthopaedie-regenerative-therapie#primaryimage\",\"url\":\"https:\\\/\\\/pferdepraxis-roedig.de\\\/wp-content\\\/uploads\\\/2020\\\/12\\\/regenerative_therapie_top.jpg\",\"contentUrl\":\"https:\\\/\\\/pferdepraxis-roedig.de\\\/wp-content\\\/uploads\\\/2020\\\/12\\\/regenerative_therapie_top.jpg\"},{\"@type\":\"BreadcrumbList\",\"@id\":\"https:\\\/\\\/pferdepraxis-roedig.de\\\/orthopaedie-regenerative-therapie#breadcrumb\",\"itemListElement\":[{\"@type\":\"ListItem\",\"position\":1,\"name\":\"Startseite\",\"item\":\"https:\\\/\\\/pferdepraxis-roedig.de\\\/\"},{\"@type\":\"ListItem\",\"position\":2,\"name\":\"Orthop\u00e4die &#8211; regenerative Therapie\"}]},{\"@type\":\"WebSite\",\"@id\":\"https:\\\/\\\/pferdepraxis-roedig.de\\\/#website\",\"url\":\"https:\\\/\\\/pferdepraxis-roedig.de\\\/\",\"name\":\"Tier\u00e4rztliche Praxis f\u00fcr Pferde - Dr. Nina R\u00f6dig\",\"description\":\"Orthop\u00e4die mit Ultraschall, dig. R\u00f6ntgen &amp; Endoskopie vor Ort. 24h-Notdienst. Zuverl\u00e4ssige Betreuung. Diagnostik M\u00f6glich. Kompetente Beratung.\",\"publisher\":{\"@id\":\"https:\\\/\\\/pferdepraxis-roedig.de\\\/#organization\"},\"potentialAction\":[{\"@type\":\"SearchAction\",\"target\":{\"@type\":\"EntryPoint\",\"urlTemplate\":\"https:\\\/\\\/pferdepraxis-roedig.de\\\/?s={search_term_string}\"},\"query-input\":{\"@type\":\"PropertyValueSpecification\",\"valueRequired\":true,\"valueName\":\"search_term_string\"}}],\"inLanguage\":\"en-GB\"},{\"@type\":\"Organization\",\"@id\":\"https:\\\/\\\/pferdepraxis-roedig.de\\\/#organization\",\"name\":\"Tier\u00e4rztliche Praxis f\u00fcr Pferde - Dr. Nina R\u00f6dig\",\"url\":\"https:\\\/\\\/pferdepraxis-roedig.de\\\/\",\"logo\":{\"@type\":\"ImageObject\",\"inLanguage\":\"en-GB\",\"@id\":\"https:\\\/\\\/pferdepraxis-roedig.de\\\/#\\\/schema\\\/logo\\\/image\\\/\",\"url\":\"https:\\\/\\\/pferdepraxis-roedig.de\\\/wp-content\\\/uploads\\\/2020\\\/12\\\/Logo_Roedig_TPfP_v2.png\",\"contentUrl\":\"https:\\\/\\\/pferdepraxis-roedig.de\\\/wp-content\\\/uploads\\\/2020\\\/12\\\/Logo_Roedig_TPfP_v2.png\",\"width\":1024,\"height\":386,\"caption\":\"Tier\u00e4rztliche Praxis f\u00fcr Pferde - Dr. Nina R\u00f6dig\"},\"image\":{\"@id\":\"https:\\\/\\\/pferdepraxis-roedig.de\\\/#\\\/schema\\\/logo\\\/image\\\/\"},\"sameAs\":[\"https:\\\/\\\/www.facebook.com\\\/tierarztpraxisroedig\\\/\",\"https:\\\/\\\/www.instagram.com\\\/tierarztpraxis_roedig\\\/\"]}]}<\/script>\n<!-- \/ Yoast SEO plugin. -->","yoast_head_json":{"title":"Orthopaedics - Regenerative Therapy - Veterinary Practice for Horses - Dr. Nina R\u00f6dig - Specialist Veterinarian","description":"Biotechnological\/regenerative therapies for joint, tendon sheath and tendon problems","robots":{"index":"index","follow":"follow","max-snippet":"max-snippet:-1","max-image-preview":"max-image-preview:large","max-video-preview":"max-video-preview:-1"},"canonical":"https:\/\/pferdepraxis-roedig.de\/en\/orthopaedic-regenerative-therapy\/","og_locale":"en_GB","og_type":"article","og_title":"Orthop\u00e4die - regenerative Therapie - Tier\u00e4rztliche Praxis f\u00fcr Pferde - Dr. Nina R\u00f6dig - Fachtier\u00e4rztin","og_description":"Biotechnologische\/regenerative Therapien bei Gelenks-, Sehnenscheiden- und Sehnenproblemen","og_url":"https:\/\/pferdepraxis-roedig.de\/en\/orthopaedic-regenerative-therapy\/","og_site_name":"Tier\u00e4rztliche Praxis f\u00fcr Pferde - Dr. Nina R\u00f6dig - Fachtier\u00e4rztin","article_publisher":"https:\/\/www.facebook.com\/tierarztpraxisroedig\/","article_modified_time":"2022-01-17T16:30:03+00:00","og_image":[{"url":"https:\/\/pferdepraxis-roedig.de\/wp-content\/uploads\/2020\/12\/regenerative_therapie_top.jpg","type":"","width":"","height":""}],"twitter_card":"summary_large_image","twitter_misc":{"Estimated reading time":"2 minutes"},"schema":{"@context":"https:\/\/schema.org","@graph":[{"@type":"WebPage","@id":"https:\/\/pferdepraxis-roedig.de\/orthopaedie-regenerative-therapie","url":"https:\/\/pferdepraxis-roedig.de\/orthopaedie-regenerative-therapie","name":"Orthopaedics - Regenerative Therapy - Veterinary Practice for Horses - Dr. Nina R\u00f6dig - Specialist Veterinarian","isPartOf":{"@id":"https:\/\/pferdepraxis-roedig.de\/#website"},"primaryImageOfPage":{"@id":"https:\/\/pferdepraxis-roedig.de\/orthopaedie-regenerative-therapie#primaryimage"},"image":{"@id":"https:\/\/pferdepraxis-roedig.de\/orthopaedie-regenerative-therapie#primaryimage"},"thumbnailUrl":"https:\/\/pferdepraxis-roedig.de\/wp-content\/uploads\/2020\/12\/regenerative_therapie_top.jpg","datePublished":"2020-11-01T14:16:18+00:00","dateModified":"2022-01-17T16:30:03+00:00","description":"Biotechnological\/regenerative therapies for joint, tendon sheath and tendon problems","breadcrumb":{"@id":"https:\/\/pferdepraxis-roedig.de\/orthopaedie-regenerative-therapie#breadcrumb"},"inLanguage":"en-GB","potentialAction":[{"@type":"ReadAction","target":["https:\/\/pferdepraxis-roedig.de\/orthopaedie-regenerative-therapie"]}]},{"@type":"ImageObject","inLanguage":"en-GB","@id":"https:\/\/pferdepraxis-roedig.de\/orthopaedie-regenerative-therapie#primaryimage","url":"https:\/\/pferdepraxis-roedig.de\/wp-content\/uploads\/2020\/12\/regenerative_therapie_top.jpg","contentUrl":"https:\/\/pferdepraxis-roedig.de\/wp-content\/uploads\/2020\/12\/regenerative_therapie_top.jpg"},{"@type":"BreadcrumbList","@id":"https:\/\/pferdepraxis-roedig.de\/orthopaedie-regenerative-therapie#breadcrumb","itemListElement":[{"@type":"ListItem","position":1,"name":"Startseite","item":"https:\/\/pferdepraxis-roedig.de\/"},{"@type":"ListItem","position":2,"name":"Orthop\u00e4die &#8211; regenerative Therapie"}]},{"@type":"WebSite","@id":"https:\/\/pferdepraxis-roedig.de\/#website","url":"https:\/\/pferdepraxis-roedig.de\/","name":"Veterinary Practice for Horses - Dr. Nina R\u00f6dig","description":"Orthopaedics with ultrasound, digital X-ray &amp; endoscopy on site. 24-hour emergency service. Reliable care. Diagnostics possible. Competent advice.","publisher":{"@id":"https:\/\/pferdepraxis-roedig.de\/#organization"},"potentialAction":[{"@type":"SearchAction","target":{"@type":"EntryPoint","urlTemplate":"https:\/\/pferdepraxis-roedig.de\/?s={search_term_string}"},"query-input":{"@type":"PropertyValueSpecification","valueRequired":true,"valueName":"search_term_string"}}],"inLanguage":"en-GB"},{"@type":"Organization","@id":"https:\/\/pferdepraxis-roedig.de\/#organization","name":"Veterinary Practice for Horses - Dr. Nina R\u00f6dig","url":"https:\/\/pferdepraxis-roedig.de\/","logo":{"@type":"ImageObject","inLanguage":"en-GB","@id":"https:\/\/pferdepraxis-roedig.de\/#\/schema\/logo\/image\/","url":"https:\/\/pferdepraxis-roedig.de\/wp-content\/uploads\/2020\/12\/Logo_Roedig_TPfP_v2.png","contentUrl":"https:\/\/pferdepraxis-roedig.de\/wp-content\/uploads\/2020\/12\/Logo_Roedig_TPfP_v2.png","width":1024,"height":386,"caption":"Tier\u00e4rztliche Praxis f\u00fcr Pferde - Dr. Nina R\u00f6dig"},"image":{"@id":"https:\/\/pferdepraxis-roedig.de\/#\/schema\/logo\/image\/"},"sameAs":["https:\/\/www.facebook.com\/tierarztpraxisroedig\/","https:\/\/www.instagram.com\/tierarztpraxis_roedig\/"]}]}},"_links":{"self":[{"href":"https:\/\/pferdepraxis-roedig.de\/en\/wp-json\/wp\/v2\/pages\/74","targetHints":{"allow":["GET"]}}],"collection":[{"href":"https:\/\/pferdepraxis-roedig.de\/en\/wp-json\/wp\/v2\/pages"}],"about":[{"href":"https:\/\/pferdepraxis-roedig.de\/en\/wp-json\/wp\/v2\/types\/page"}],"author":[{"embeddable":true,"href":"https:\/\/pferdepraxis-roedig.de\/en\/wp-json\/wp\/v2\/users\/1"}],"replies":[{"embeddable":true,"href":"https:\/\/pferdepraxis-roedig.de\/en\/wp-json\/wp\/v2\/comments?post=74"}],"version-history":[{"count":3,"href":"https:\/\/pferdepraxis-roedig.de\/en\/wp-json\/wp\/v2\/pages\/74\/revisions"}],"predecessor-version":[{"id":369,"href":"https:\/\/pferdepraxis-roedig.de\/en\/wp-json\/wp\/v2\/pages\/74\/revisions\/369"}],"wp:attachment":[{"href":"https:\/\/pferdepraxis-roedig.de\/en\/wp-json\/wp\/v2\/media?parent=74"}],"curies":[{"name":"wp","href":"https:\/\/api.w.org\/{rel}","templated":true}]}}