{"id":72,"date":"2020-11-01T14:15:40","date_gmt":"2020-11-01T14:15:40","guid":{"rendered":"https:\/\/xn--tierrztlichepraxisfr-ezb75c.live-website.com\/?page_id=72"},"modified":"2023-09-30T16:07:52","modified_gmt":"2023-09-30T14:07:52","slug":"general-orthopaedics","status":"publish","type":"page","link":"https:\/\/pferdepraxis-roedig.de\/en\/orthopaedie-allgemein","title":{"rendered":"Equine Orthopaedics \u2013 General"},"content":{"rendered":"<p>Equine Orthopaedics \u2013 An exact diagnosis is indispensable for the successful treatment of lameness. To achieve this, we conduct meticulous clinical examinations with gait analyses (on hand, lunge and possibly under the rider) on hard and\/or soft ground, on a straight and\/or on a circle.<\/p>\n\n\n\n<figure class=\"wp-block-image size-large\"><img loading=\"lazy\" decoding=\"async\" width=\"1024\" height=\"683\" src=\"https:\/\/pferdepraxis-roedig.de\/wp-content\/uploads\/2023\/01\/Orthopaedische-Untersuchung-4-1024x683.jpg\" alt=\"Orthopaedics in horses\" class=\"wp-image-468\" srcset=\"https:\/\/pferdepraxis-roedig.de\/wp-content\/uploads\/2023\/01\/Orthopaedische-Untersuchung-4-1024x683.jpg 1024w, https:\/\/pferdepraxis-roedig.de\/wp-content\/uploads\/2023\/01\/Orthopaedische-Untersuchung-4-300x200.jpg 300w, https:\/\/pferdepraxis-roedig.de\/wp-content\/uploads\/2023\/01\/Orthopaedische-Untersuchung-4-768x512.jpg 768w, https:\/\/pferdepraxis-roedig.de\/wp-content\/uploads\/2023\/01\/Orthopaedische-Untersuchung-4-1536x1025.jpg 1536w, https:\/\/pferdepraxis-roedig.de\/wp-content\/uploads\/2023\/01\/Orthopaedische-Untersuchung-4-700x467.jpg 700w, https:\/\/pferdepraxis-roedig.de\/wp-content\/uploads\/2023\/01\/Orthopaedische-Untersuchung-4-520x347.jpg 520w, https:\/\/pferdepraxis-roedig.de\/wp-content\/uploads\/2023\/01\/Orthopaedische-Untersuchung-4-360x240.jpg 360w, https:\/\/pferdepraxis-roedig.de\/wp-content\/uploads\/2023\/01\/Orthopaedische-Untersuchung-4-250x167.jpg 250w, https:\/\/pferdepraxis-roedig.de\/wp-content\/uploads\/2023\/01\/Orthopaedische-Untersuchung-4-100x67.jpg 100w, https:\/\/pferdepraxis-roedig.de\/wp-content\/uploads\/2023\/01\/Orthopaedische-Untersuchung-4.jpg 1731w\" sizes=\"auto, (max-width: 1024px) 100vw, 1024px\" \/><\/figure>\n\n\n\n<p>The cause of lameness can also be further identified through diagnostic anaesthesia (local anaesthetics of the affected limb), X-rays and ultrasound.<\/p>\n\n\n\n<p>Naturally, at our equine orthopaedics department, we will create an individual therapy and exercise plan for your horse. Additionally, if requested, we will provide appropriate shoeing advice, naturally in close cooperation with your trusted farrier or a specialist recommended by us.<\/p>\n\n\n\n<figure class=\"wp-block-gallery has-nested-images columns-default is-cropped wp-block-gallery-1 is-layout-flex wp-block-gallery-is-layout-flex\">\n<figure class=\"wp-block-image size-large\"><img loading=\"lazy\" decoding=\"async\" width=\"683\" height=\"1024\" data-id=\"470\" src=\"https:\/\/pferdepraxis-roedig.de\/wp-content\/uploads\/2023\/01\/Orthopaedische-Untersuchung2-683x1024.jpg\" alt=\"Orthopaedics in horses\" class=\"wp-image-470\" srcset=\"https:\/\/pferdepraxis-roedig.de\/wp-content\/uploads\/2023\/01\/Orthopaedische-Untersuchung2-683x1024.jpg 683w, https:\/\/pferdepraxis-roedig.de\/wp-content\/uploads\/2023\/01\/Orthopaedische-Untersuchung2-200x300.jpg 200w, https:\/\/pferdepraxis-roedig.de\/wp-content\/uploads\/2023\/01\/Orthopaedische-Untersuchung2-768x1151.jpg 768w, https:\/\/pferdepraxis-roedig.de\/wp-content\/uploads\/2023\/01\/Orthopaedische-Untersuchung2-1025x1536.jpg 1025w, https:\/\/pferdepraxis-roedig.de\/wp-content\/uploads\/2023\/01\/Orthopaedische-Untersuchung2-700x1049.jpg 700w, https:\/\/pferdepraxis-roedig.de\/wp-content\/uploads\/2023\/01\/Orthopaedische-Untersuchung2-520x779.jpg 520w, https:\/\/pferdepraxis-roedig.de\/wp-content\/uploads\/2023\/01\/Orthopaedische-Untersuchung2-360x540.jpg 360w, https:\/\/pferdepraxis-roedig.de\/wp-content\/uploads\/2023\/01\/Orthopaedische-Untersuchung2-250x375.jpg 250w, https:\/\/pferdepraxis-roedig.de\/wp-content\/uploads\/2023\/01\/Orthopaedische-Untersuchung2-100x150.jpg 100w, https:\/\/pferdepraxis-roedig.de\/wp-content\/uploads\/2023\/01\/Orthopaedische-Untersuchung2.jpg 1155w\" sizes=\"auto, (max-width: 683px) 100vw, 683px\" \/><\/figure>\n\n\n\n<figure class=\"wp-block-image size-large\"><img loading=\"lazy\" decoding=\"async\" width=\"1024\" height=\"683\" data-id=\"469\" src=\"https:\/\/pferdepraxis-roedig.de\/wp-content\/uploads\/2023\/01\/Orthopaedische-Untersuchung3-1024x683.jpg\" alt=\"Orthopaedics in horses\" class=\"wp-image-469\" srcset=\"https:\/\/pferdepraxis-roedig.de\/wp-content\/uploads\/2023\/01\/Orthopaedische-Untersuchung3-1024x683.jpg 1024w, https:\/\/pferdepraxis-roedig.de\/wp-content\/uploads\/2023\/01\/Orthopaedische-Untersuchung3-300x200.jpg 300w, https:\/\/pferdepraxis-roedig.de\/wp-content\/uploads\/2023\/01\/Orthopaedische-Untersuchung3-768x512.jpg 768w, https:\/\/pferdepraxis-roedig.de\/wp-content\/uploads\/2023\/01\/Orthopaedische-Untersuchung3-1536x1025.jpg 1536w, https:\/\/pferdepraxis-roedig.de\/wp-content\/uploads\/2023\/01\/Orthopaedische-Untersuchung3-700x467.jpg 700w, https:\/\/pferdepraxis-roedig.de\/wp-content\/uploads\/2023\/01\/Orthopaedische-Untersuchung3-520x347.jpg 520w, https:\/\/pferdepraxis-roedig.de\/wp-content\/uploads\/2023\/01\/Orthopaedische-Untersuchung3-360x240.jpg 360w, https:\/\/pferdepraxis-roedig.de\/wp-content\/uploads\/2023\/01\/Orthopaedische-Untersuchung3-250x167.jpg 250w, https:\/\/pferdepraxis-roedig.de\/wp-content\/uploads\/2023\/01\/Orthopaedische-Untersuchung3-100x67.jpg 100w, https:\/\/pferdepraxis-roedig.de\/wp-content\/uploads\/2023\/01\/Orthopaedische-Untersuchung3.jpg 1731w\" sizes=\"auto, (max-width: 1024px) 100vw, 1024px\" \/><\/figure>\n<\/figure>\n\n\n\n<p>Do you have any questions or would you like to make an appointment? <a href=\"https:\/\/pferdepraxis-roedig.de\/en\/contact\/\">Contact <\/a>See us!<\/p>\n\n\n\n<p><\/p>","protected":false},"excerpt":{"rendered":"<p>Orthop\u00e4die beim Pferd &#8211; F\u00fcr die erfolgreiche Behandlung von Lahmheiten ist eine exakte Diagnose unumg\u00e4nglich. Dazu f\u00fchren wir sorgf\u00e4ltige klinische Untersuchungen mit Ganganalysen (an der Hand, Longe und evtl. unter dem Reiter) auf hartem und\/oder weichem Boden, auf der Geraden [&hellip;]<\/p>\n","protected":false},"author":1,"featured_media":0,"parent":0,"menu_order":0,"comment_status":"closed","ping_status":"closed","template":"","meta":{"footnotes":""},"class_list":["post-72","page","type-page","status-publish","hentry","clearfix"],"yoast_head":"<!-- This site is optimized with the Yoast SEO plugin v27.4 - https:\/\/yoast.com\/product\/yoast-seo-wordpress\/ -->\n<title>Orthop\u00e4die beim Pferd - Allgemein - Tier\u00e4rztliche Praxis f\u00fcr Pferde - Dr. Nina R\u00f6dig - Fachtier\u00e4rztin<\/title>\n<meta name=\"description\" content=\"Orthop\u00e4die beim Pferd - F\u00fcr die erfolgreiche Behandlung von Lahmheiten ist eine exakte Diagnose unumg\u00e4nglich.\" \/>\n<meta name=\"robots\" content=\"index, follow, max-snippet:-1, max-image-preview:large, max-video-preview:-1\" \/>\n<link rel=\"canonical\" href=\"https:\/\/pferdepraxis-roedig.de\/en\/general-orthopaedics\/\" \/>\n<meta property=\"og:locale\" content=\"en_GB\" \/>\n<meta property=\"og:type\" content=\"article\" \/>\n<meta property=\"og:title\" content=\"Orthop\u00e4die beim Pferd - Allgemein - Tier\u00e4rztliche Praxis f\u00fcr Pferde - Dr. Nina R\u00f6dig - Fachtier\u00e4rztin\" \/>\n<meta property=\"og:description\" content=\"Orthop\u00e4die beim Pferd - F\u00fcr die erfolgreiche Behandlung von Lahmheiten ist eine exakte Diagnose unumg\u00e4nglich.\" \/>\n<meta property=\"og:url\" content=\"https:\/\/pferdepraxis-roedig.de\/en\/general-orthopaedics\/\" \/>\n<meta property=\"og:site_name\" content=\"Tier\u00e4rztliche Praxis f\u00fcr Pferde - Dr. Nina R\u00f6dig - Fachtier\u00e4rztin\" \/>\n<meta property=\"article:publisher\" content=\"https:\/\/www.facebook.com\/tierarztpraxisroedig\/\" \/>\n<meta property=\"article:modified_time\" content=\"2023-09-30T14:07:52+00:00\" \/>\n<meta property=\"og:image\" content=\"https:\/\/pferdepraxis-roedig.de\/wp-content\/uploads\/2023\/01\/Orthopaedische-Untersuchung-4-1024x683.jpg\" \/>\n<meta name=\"twitter:card\" content=\"summary_large_image\" \/>\n<meta name=\"twitter:label1\" content=\"Estimated reading time\" \/>\n\t<meta name=\"twitter:data1\" content=\"1 minute\" \/>\n<script type=\"application\/ld+json\" class=\"yoast-schema-graph\">{\"@context\":\"https:\\\/\\\/schema.org\",\"@graph\":[{\"@type\":\"WebPage\",\"@id\":\"https:\\\/\\\/pferdepraxis-roedig.de\\\/orthopaedie-allgemein\",\"url\":\"https:\\\/\\\/pferdepraxis-roedig.de\\\/orthopaedie-allgemein\",\"name\":\"Orthop\u00e4die beim Pferd - Allgemein - Tier\u00e4rztliche Praxis f\u00fcr Pferde - Dr. Nina R\u00f6dig - Fachtier\u00e4rztin\",\"isPartOf\":{\"@id\":\"https:\\\/\\\/pferdepraxis-roedig.de\\\/#website\"},\"primaryImageOfPage\":{\"@id\":\"https:\\\/\\\/pferdepraxis-roedig.de\\\/orthopaedie-allgemein#primaryimage\"},\"image\":{\"@id\":\"https:\\\/\\\/pferdepraxis-roedig.de\\\/orthopaedie-allgemein#primaryimage\"},\"thumbnailUrl\":\"https:\\\/\\\/pferdepraxis-roedig.de\\\/wp-content\\\/uploads\\\/2023\\\/01\\\/Orthopaedische-Untersuchung-4-1024x683.jpg\",\"datePublished\":\"2020-11-01T14:15:40+00:00\",\"dateModified\":\"2023-09-30T14:07:52+00:00\",\"description\":\"Orthop\u00e4die beim Pferd - F\u00fcr die erfolgreiche Behandlung von Lahmheiten ist eine exakte Diagnose unumg\u00e4nglich.\",\"breadcrumb\":{\"@id\":\"https:\\\/\\\/pferdepraxis-roedig.de\\\/orthopaedie-allgemein#breadcrumb\"},\"inLanguage\":\"en-GB\",\"potentialAction\":[{\"@type\":\"ReadAction\",\"target\":[\"https:\\\/\\\/pferdepraxis-roedig.de\\\/orthopaedie-allgemein\"]}]},{\"@type\":\"ImageObject\",\"inLanguage\":\"en-GB\",\"@id\":\"https:\\\/\\\/pferdepraxis-roedig.de\\\/orthopaedie-allgemein#primaryimage\",\"url\":\"https:\\\/\\\/pferdepraxis-roedig.de\\\/wp-content\\\/uploads\\\/2023\\\/01\\\/Orthopaedische-Untersuchung-4-1024x683.jpg\",\"contentUrl\":\"https:\\\/\\\/pferdepraxis-roedig.de\\\/wp-content\\\/uploads\\\/2023\\\/01\\\/Orthopaedische-Untersuchung-4-1024x683.jpg\"},{\"@type\":\"BreadcrumbList\",\"@id\":\"https:\\\/\\\/pferdepraxis-roedig.de\\\/orthopaedie-allgemein#breadcrumb\",\"itemListElement\":[{\"@type\":\"ListItem\",\"position\":1,\"name\":\"Startseite\",\"item\":\"https:\\\/\\\/pferdepraxis-roedig.de\\\/\"},{\"@type\":\"ListItem\",\"position\":2,\"name\":\"Orthop\u00e4die beim Pferd &#8211; Allgemein\"}]},{\"@type\":\"WebSite\",\"@id\":\"https:\\\/\\\/pferdepraxis-roedig.de\\\/#website\",\"url\":\"https:\\\/\\\/pferdepraxis-roedig.de\\\/\",\"name\":\"Tier\u00e4rztliche Praxis f\u00fcr Pferde - Dr. Nina R\u00f6dig\",\"description\":\"Orthop\u00e4die mit Ultraschall, dig. R\u00f6ntgen &amp; Endoskopie vor Ort. 24h-Notdienst. Zuverl\u00e4ssige Betreuung. Diagnostik M\u00f6glich. Kompetente Beratung.\",\"publisher\":{\"@id\":\"https:\\\/\\\/pferdepraxis-roedig.de\\\/#organization\"},\"potentialAction\":[{\"@type\":\"SearchAction\",\"target\":{\"@type\":\"EntryPoint\",\"urlTemplate\":\"https:\\\/\\\/pferdepraxis-roedig.de\\\/?s={search_term_string}\"},\"query-input\":{\"@type\":\"PropertyValueSpecification\",\"valueRequired\":true,\"valueName\":\"search_term_string\"}}],\"inLanguage\":\"en-GB\"},{\"@type\":\"Organization\",\"@id\":\"https:\\\/\\\/pferdepraxis-roedig.de\\\/#organization\",\"name\":\"Tier\u00e4rztliche Praxis f\u00fcr Pferde - Dr. Nina R\u00f6dig\",\"url\":\"https:\\\/\\\/pferdepraxis-roedig.de\\\/\",\"logo\":{\"@type\":\"ImageObject\",\"inLanguage\":\"en-GB\",\"@id\":\"https:\\\/\\\/pferdepraxis-roedig.de\\\/#\\\/schema\\\/logo\\\/image\\\/\",\"url\":\"https:\\\/\\\/pferdepraxis-roedig.de\\\/wp-content\\\/uploads\\\/2020\\\/12\\\/Logo_Roedig_TPfP_v2.png\",\"contentUrl\":\"https:\\\/\\\/pferdepraxis-roedig.de\\\/wp-content\\\/uploads\\\/2020\\\/12\\\/Logo_Roedig_TPfP_v2.png\",\"width\":1024,\"height\":386,\"caption\":\"Tier\u00e4rztliche Praxis f\u00fcr Pferde - Dr. Nina R\u00f6dig\"},\"image\":{\"@id\":\"https:\\\/\\\/pferdepraxis-roedig.de\\\/#\\\/schema\\\/logo\\\/image\\\/\"},\"sameAs\":[\"https:\\\/\\\/www.facebook.com\\\/tierarztpraxisroedig\\\/\",\"https:\\\/\\\/www.instagram.com\\\/tierarztpraxis_roedig\\\/\"]}]}<\/script>\n<!-- \/ Yoast SEO plugin. -->","yoast_head_json":{"title":"Orthopaedics in Horses - General - Veterinary Practice for Horses - Dr. Nina R\u00f6dig - Specialist Veterinarian","description":"Equine Orthopaedics - An exact diagnosis is essential for the successful treatment of lameness.","robots":{"index":"index","follow":"follow","max-snippet":"max-snippet:-1","max-image-preview":"max-image-preview:large","max-video-preview":"max-video-preview:-1"},"canonical":"https:\/\/pferdepraxis-roedig.de\/en\/general-orthopaedics\/","og_locale":"en_GB","og_type":"article","og_title":"Orthop\u00e4die beim Pferd - Allgemein - Tier\u00e4rztliche Praxis f\u00fcr Pferde - Dr. Nina R\u00f6dig - Fachtier\u00e4rztin","og_description":"Orthop\u00e4die beim Pferd - F\u00fcr die erfolgreiche Behandlung von Lahmheiten ist eine exakte Diagnose unumg\u00e4nglich.","og_url":"https:\/\/pferdepraxis-roedig.de\/en\/general-orthopaedics\/","og_site_name":"Tier\u00e4rztliche Praxis f\u00fcr Pferde - Dr. Nina R\u00f6dig - Fachtier\u00e4rztin","article_publisher":"https:\/\/www.facebook.com\/tierarztpraxisroedig\/","article_modified_time":"2023-09-30T14:07:52+00:00","og_image":[{"url":"https:\/\/pferdepraxis-roedig.de\/wp-content\/uploads\/2023\/01\/Orthopaedische-Untersuchung-4-1024x683.jpg","type":"","width":"","height":""}],"twitter_card":"summary_large_image","twitter_misc":{"Estimated reading time":"1 minute"},"schema":{"@context":"https:\/\/schema.org","@graph":[{"@type":"WebPage","@id":"https:\/\/pferdepraxis-roedig.de\/orthopaedie-allgemein","url":"https:\/\/pferdepraxis-roedig.de\/orthopaedie-allgemein","name":"Orthopaedics in Horses - General - Veterinary Practice for Horses - Dr. Nina R\u00f6dig - Specialist Veterinarian","isPartOf":{"@id":"https:\/\/pferdepraxis-roedig.de\/#website"},"primaryImageOfPage":{"@id":"https:\/\/pferdepraxis-roedig.de\/orthopaedie-allgemein#primaryimage"},"image":{"@id":"https:\/\/pferdepraxis-roedig.de\/orthopaedie-allgemein#primaryimage"},"thumbnailUrl":"https:\/\/pferdepraxis-roedig.de\/wp-content\/uploads\/2023\/01\/Orthopaedische-Untersuchung-4-1024x683.jpg","datePublished":"2020-11-01T14:15:40+00:00","dateModified":"2023-09-30T14:07:52+00:00","description":"Equine Orthopaedics - An exact diagnosis is essential for the successful treatment of lameness.","breadcrumb":{"@id":"https:\/\/pferdepraxis-roedig.de\/orthopaedie-allgemein#breadcrumb"},"inLanguage":"en-GB","potentialAction":[{"@type":"ReadAction","target":["https:\/\/pferdepraxis-roedig.de\/orthopaedie-allgemein"]}]},{"@type":"ImageObject","inLanguage":"en-GB","@id":"https:\/\/pferdepraxis-roedig.de\/orthopaedie-allgemein#primaryimage","url":"https:\/\/pferdepraxis-roedig.de\/wp-content\/uploads\/2023\/01\/Orthopaedische-Untersuchung-4-1024x683.jpg","contentUrl":"https:\/\/pferdepraxis-roedig.de\/wp-content\/uploads\/2023\/01\/Orthopaedische-Untersuchung-4-1024x683.jpg"},{"@type":"BreadcrumbList","@id":"https:\/\/pferdepraxis-roedig.de\/orthopaedie-allgemein#breadcrumb","itemListElement":[{"@type":"ListItem","position":1,"name":"Startseite","item":"https:\/\/pferdepraxis-roedig.de\/"},{"@type":"ListItem","position":2,"name":"Orthop\u00e4die beim Pferd &#8211; Allgemein"}]},{"@type":"WebSite","@id":"https:\/\/pferdepraxis-roedig.de\/#website","url":"https:\/\/pferdepraxis-roedig.de\/","name":"Veterinary Practice for Horses - Dr. Nina R\u00f6dig","description":"Orthopaedics with ultrasound, digital X-ray &amp; endoscopy on site. 24-hour emergency service. Reliable care. Diagnostics possible. Competent advice.","publisher":{"@id":"https:\/\/pferdepraxis-roedig.de\/#organization"},"potentialAction":[{"@type":"SearchAction","target":{"@type":"EntryPoint","urlTemplate":"https:\/\/pferdepraxis-roedig.de\/?s={search_term_string}"},"query-input":{"@type":"PropertyValueSpecification","valueRequired":true,"valueName":"search_term_string"}}],"inLanguage":"en-GB"},{"@type":"Organization","@id":"https:\/\/pferdepraxis-roedig.de\/#organization","name":"Veterinary Practice for Horses - Dr. Nina R\u00f6dig","url":"https:\/\/pferdepraxis-roedig.de\/","logo":{"@type":"ImageObject","inLanguage":"en-GB","@id":"https:\/\/pferdepraxis-roedig.de\/#\/schema\/logo\/image\/","url":"https:\/\/pferdepraxis-roedig.de\/wp-content\/uploads\/2020\/12\/Logo_Roedig_TPfP_v2.png","contentUrl":"https:\/\/pferdepraxis-roedig.de\/wp-content\/uploads\/2020\/12\/Logo_Roedig_TPfP_v2.png","width":1024,"height":386,"caption":"Tier\u00e4rztliche Praxis f\u00fcr Pferde - Dr. Nina R\u00f6dig"},"image":{"@id":"https:\/\/pferdepraxis-roedig.de\/#\/schema\/logo\/image\/"},"sameAs":["https:\/\/www.facebook.com\/tierarztpraxisroedig\/","https:\/\/www.instagram.com\/tierarztpraxis_roedig\/"]}]}},"_links":{"self":[{"href":"https:\/\/pferdepraxis-roedig.de\/en\/wp-json\/wp\/v2\/pages\/72","targetHints":{"allow":["GET"]}}],"collection":[{"href":"https:\/\/pferdepraxis-roedig.de\/en\/wp-json\/wp\/v2\/pages"}],"about":[{"href":"https:\/\/pferdepraxis-roedig.de\/en\/wp-json\/wp\/v2\/types\/page"}],"author":[{"embeddable":true,"href":"https:\/\/pferdepraxis-roedig.de\/en\/wp-json\/wp\/v2\/users\/1"}],"replies":[{"embeddable":true,"href":"https:\/\/pferdepraxis-roedig.de\/en\/wp-json\/wp\/v2\/comments?post=72"}],"version-history":[{"count":5,"href":"https:\/\/pferdepraxis-roedig.de\/en\/wp-json\/wp\/v2\/pages\/72\/revisions"}],"predecessor-version":[{"id":575,"href":"https:\/\/pferdepraxis-roedig.de\/en\/wp-json\/wp\/v2\/pages\/72\/revisions\/575"}],"wp:attachment":[{"href":"https:\/\/pferdepraxis-roedig.de\/en\/wp-json\/wp\/v2\/media?parent=72"}],"curies":[{"name":"wp","href":"https:\/\/api.w.org\/{rel}","templated":true}]}}