{"id":68,"date":"2020-11-01T14:14:10","date_gmt":"2020-11-01T14:14:10","guid":{"rendered":"https:\/\/xn--tierrztlichepraxisfr-ezb75c.live-website.com\/?page_id=68"},"modified":"2022-01-17T15:29:34","modified_gmt":"2022-01-17T14:29:34","slug":"internal-medicine","status":"publish","type":"page","link":"https:\/\/pferdepraxis-roedig.de\/en\/innere-medizin","title":{"rendered":"Internal Medicine"},"content":{"rendered":"<p>In the field of Internal Medicine, the focus of my work lies in the treatment of colics, infections, respiratory diseases, allergies, skin conditions, and metabolic disorders.<\/p>\n\n\n\n<p>Through my many years of experience in the field of\u00a0<strong>How many diagnostics<\/strong>\u00a0Is it possible for me to conscientiously assess and treat the status of your horse with this acute and often life-threatening illness. Please remember: When signs of colic appear, you should never hesitate and should consult a vet immediately, as this illness can quickly become life-threatening.<\/p>\n\n\n\n<figure class=\"wp-block-image size-large is-resized is-style-rounded\"><img loading=\"lazy\" decoding=\"async\" src=\"https:\/\/pferdepraxis-roedig.de\/wp-content\/uploads\/2022\/01\/IMG_3520-1024x683.jpg\" alt=\"Internal Medicine Image\" class=\"wp-image-352\" width=\"512\" height=\"342\" srcset=\"https:\/\/pferdepraxis-roedig.de\/wp-content\/uploads\/2022\/01\/IMG_3520-1024x683.jpg 1024w, https:\/\/pferdepraxis-roedig.de\/wp-content\/uploads\/2022\/01\/IMG_3520-300x200.jpg 300w, https:\/\/pferdepraxis-roedig.de\/wp-content\/uploads\/2022\/01\/IMG_3520-768x512.jpg 768w, https:\/\/pferdepraxis-roedig.de\/wp-content\/uploads\/2022\/01\/IMG_3520-1536x1024.jpg 1536w, https:\/\/pferdepraxis-roedig.de\/wp-content\/uploads\/2022\/01\/IMG_3520-2048x1365.jpg 2048w, https:\/\/pferdepraxis-roedig.de\/wp-content\/uploads\/2022\/01\/IMG_3520-700x467.jpg 700w, https:\/\/pferdepraxis-roedig.de\/wp-content\/uploads\/2022\/01\/IMG_3520-520x347.jpg 520w, https:\/\/pferdepraxis-roedig.de\/wp-content\/uploads\/2022\/01\/IMG_3520-360x240.jpg 360w, https:\/\/pferdepraxis-roedig.de\/wp-content\/uploads\/2022\/01\/IMG_3520-250x167.jpg 250w, https:\/\/pferdepraxis-roedig.de\/wp-content\/uploads\/2022\/01\/IMG_3520-100x67.jpg 100w\" sizes=\"auto, (max-width: 512px) 100vw, 512px\" \/><\/figure>\n\n\n\n<p>In the field of&nbsp;<strong>Respiratory tract diagnostics<\/strong>&nbsp;I perform detailed clinical examinations at rest and, if necessary, under exertion. In addition, further endoscopic examinations of the nasal passages, pharynx, larynx, and lungs are optional. I have samples obtained during these examinations analysed promptly by experienced laboratories. Unfortunately, respiratory diseases are often underestimated by horse owners in their seriousness, as they can lead to significant limitations in the sporting use of the riding partner. The sooner consistent therapy is initiated, the lower the time and cost involved in treatment will often be.<\/p>\n\n\n\n<p>a survey of the&nbsp;<strong>Health status<\/strong>&nbsp;With individual questions, it is of course possible, in cases of acute as well as chronic illnesses (e.g. allergies), through blood tests. For chronic skin conditions, a biopsy is advisable for finding a targeted therapy. If necessary, I will create an individual feeding and\/or exercise plan for you and advise you on issues concerning feeding, husbandry, dental treatment and deworming.<\/p>","protected":false},"excerpt":{"rendered":"<p>Im Bereich der Inneren Medizin liegen die Schwerpunkte meiner Arbeit in der Behandlung von Koliken, Infektionen, Atemwegserkrankungen, Allergien, Hauterkrankungen und Stoffwechselst\u00f6rungen. Durch meine langj\u00e4hrige Erfahrung im Bereich der\u00a0Kolikdiagnostik\u00a0ist es mir m\u00f6glich, den Status Ihres Pferdes bei dieser akuten und h\u00e4ufig [&hellip;]<\/p>\n","protected":false},"author":1,"featured_media":0,"parent":0,"menu_order":0,"comment_status":"closed","ping_status":"closed","template":"","meta":{"footnotes":""},"class_list":["post-68","page","type-page","status-publish","hentry","clearfix"],"yoast_head":"<!-- This site is optimized with the Yoast SEO plugin v27.3 - https:\/\/yoast.com\/product\/yoast-seo-wordpress\/ -->\n<title>Innere Medizin - Tier\u00e4rztliche Praxis f\u00fcr Pferde - Dr. Nina R\u00f6dig - Fachtier\u00e4rztin<\/title>\n<meta name=\"description\" content=\"Im Bereich der Inneren Medizin liegen die Schwerpunkte meiner Arbeit in der Behandlung von Koliken, Infektionen, Atemwegserkrankungen, Allergien, Hauterkrankungen und Stoffwechselst\u00f6rungen.\" \/>\n<meta name=\"robots\" content=\"index, follow, max-snippet:-1, max-image-preview:large, max-video-preview:-1\" \/>\n<link rel=\"canonical\" href=\"https:\/\/pferdepraxis-roedig.de\/en\/internal-medicine\/\" \/>\n<meta property=\"og:locale\" content=\"en_GB\" \/>\n<meta property=\"og:type\" content=\"article\" \/>\n<meta property=\"og:title\" content=\"Innere Medizin - Tier\u00e4rztliche Praxis f\u00fcr Pferde - Dr. Nina R\u00f6dig - Fachtier\u00e4rztin\" \/>\n<meta property=\"og:description\" content=\"Im Bereich der Inneren Medizin liegen die Schwerpunkte meiner Arbeit in der Behandlung von Koliken, Infektionen, Atemwegserkrankungen, Allergien, Hauterkrankungen und Stoffwechselst\u00f6rungen.\" \/>\n<meta property=\"og:url\" content=\"https:\/\/pferdepraxis-roedig.de\/en\/internal-medicine\/\" \/>\n<meta property=\"og:site_name\" content=\"Tier\u00e4rztliche Praxis f\u00fcr Pferde - Dr. Nina R\u00f6dig - Fachtier\u00e4rztin\" \/>\n<meta property=\"article:publisher\" content=\"https:\/\/www.facebook.com\/tierarztpraxisroedig\/\" \/>\n<meta property=\"article:modified_time\" content=\"2022-01-17T14:29:34+00:00\" \/>\n<meta property=\"og:image\" content=\"https:\/\/pferdepraxis-roedig.de\/wp-content\/uploads\/2022\/01\/IMG_3520-1024x683.jpg\" \/>\n<meta name=\"twitter:card\" content=\"summary_large_image\" \/>\n<meta name=\"twitter:label1\" content=\"Estimated reading time\" \/>\n\t<meta name=\"twitter:data1\" content=\"2 minutes\" \/>\n<script type=\"application\/ld+json\" class=\"yoast-schema-graph\">{\"@context\":\"https:\\\/\\\/schema.org\",\"@graph\":[{\"@type\":\"WebPage\",\"@id\":\"https:\\\/\\\/pferdepraxis-roedig.de\\\/innere-medizin\",\"url\":\"https:\\\/\\\/pferdepraxis-roedig.de\\\/innere-medizin\",\"name\":\"Innere Medizin - Tier\u00e4rztliche Praxis f\u00fcr Pferde - Dr. Nina R\u00f6dig - Fachtier\u00e4rztin\",\"isPartOf\":{\"@id\":\"https:\\\/\\\/pferdepraxis-roedig.de\\\/#website\"},\"primaryImageOfPage\":{\"@id\":\"https:\\\/\\\/pferdepraxis-roedig.de\\\/innere-medizin#primaryimage\"},\"image\":{\"@id\":\"https:\\\/\\\/pferdepraxis-roedig.de\\\/innere-medizin#primaryimage\"},\"thumbnailUrl\":\"https:\\\/\\\/pferdepraxis-roedig.de\\\/wp-content\\\/uploads\\\/2022\\\/01\\\/IMG_3520-1024x683.jpg\",\"datePublished\":\"2020-11-01T14:14:10+00:00\",\"dateModified\":\"2022-01-17T14:29:34+00:00\",\"description\":\"Im Bereich der Inneren Medizin liegen die Schwerpunkte meiner Arbeit in der Behandlung von Koliken, Infektionen, Atemwegserkrankungen, Allergien, Hauterkrankungen und Stoffwechselst\u00f6rungen.\",\"breadcrumb\":{\"@id\":\"https:\\\/\\\/pferdepraxis-roedig.de\\\/innere-medizin#breadcrumb\"},\"inLanguage\":\"en-GB\",\"potentialAction\":[{\"@type\":\"ReadAction\",\"target\":[\"https:\\\/\\\/pferdepraxis-roedig.de\\\/innere-medizin\"]}]},{\"@type\":\"ImageObject\",\"inLanguage\":\"en-GB\",\"@id\":\"https:\\\/\\\/pferdepraxis-roedig.de\\\/innere-medizin#primaryimage\",\"url\":\"https:\\\/\\\/pferdepraxis-roedig.de\\\/wp-content\\\/uploads\\\/2022\\\/01\\\/IMG_3520-1024x683.jpg\",\"contentUrl\":\"https:\\\/\\\/pferdepraxis-roedig.de\\\/wp-content\\\/uploads\\\/2022\\\/01\\\/IMG_3520-1024x683.jpg\"},{\"@type\":\"BreadcrumbList\",\"@id\":\"https:\\\/\\\/pferdepraxis-roedig.de\\\/innere-medizin#breadcrumb\",\"itemListElement\":[{\"@type\":\"ListItem\",\"position\":1,\"name\":\"Startseite\",\"item\":\"https:\\\/\\\/pferdepraxis-roedig.de\\\/\"},{\"@type\":\"ListItem\",\"position\":2,\"name\":\"Innere Medizin\"}]},{\"@type\":\"WebSite\",\"@id\":\"https:\\\/\\\/pferdepraxis-roedig.de\\\/#website\",\"url\":\"https:\\\/\\\/pferdepraxis-roedig.de\\\/\",\"name\":\"Tier\u00e4rztliche Praxis f\u00fcr Pferde - Dr. Nina R\u00f6dig\",\"description\":\"Orthop\u00e4die mit Ultraschall, dig. R\u00f6ntgen &amp; Endoskopie vor Ort. 24h-Notdienst. Zuverl\u00e4ssige Betreuung. Diagnostik M\u00f6glich. Kompetente Beratung.\",\"publisher\":{\"@id\":\"https:\\\/\\\/pferdepraxis-roedig.de\\\/#organization\"},\"potentialAction\":[{\"@type\":\"SearchAction\",\"target\":{\"@type\":\"EntryPoint\",\"urlTemplate\":\"https:\\\/\\\/pferdepraxis-roedig.de\\\/?s={search_term_string}\"},\"query-input\":{\"@type\":\"PropertyValueSpecification\",\"valueRequired\":true,\"valueName\":\"search_term_string\"}}],\"inLanguage\":\"en-GB\"},{\"@type\":\"Organization\",\"@id\":\"https:\\\/\\\/pferdepraxis-roedig.de\\\/#organization\",\"name\":\"Tier\u00e4rztliche Praxis f\u00fcr Pferde - Dr. Nina R\u00f6dig\",\"url\":\"https:\\\/\\\/pferdepraxis-roedig.de\\\/\",\"logo\":{\"@type\":\"ImageObject\",\"inLanguage\":\"en-GB\",\"@id\":\"https:\\\/\\\/pferdepraxis-roedig.de\\\/#\\\/schema\\\/logo\\\/image\\\/\",\"url\":\"https:\\\/\\\/pferdepraxis-roedig.de\\\/wp-content\\\/uploads\\\/2020\\\/12\\\/Logo_Roedig_TPfP_v2.png\",\"contentUrl\":\"https:\\\/\\\/pferdepraxis-roedig.de\\\/wp-content\\\/uploads\\\/2020\\\/12\\\/Logo_Roedig_TPfP_v2.png\",\"width\":1024,\"height\":386,\"caption\":\"Tier\u00e4rztliche Praxis f\u00fcr Pferde - Dr. Nina R\u00f6dig\"},\"image\":{\"@id\":\"https:\\\/\\\/pferdepraxis-roedig.de\\\/#\\\/schema\\\/logo\\\/image\\\/\"},\"sameAs\":[\"https:\\\/\\\/www.facebook.com\\\/tierarztpraxisroedig\\\/\",\"https:\\\/\\\/www.instagram.com\\\/tierarztpraxis_roedig\\\/\"]}]}<\/script>\n<!-- \/ Yoast SEO plugin. -->","yoast_head_json":{"title":"Internal Medicine - Veterinary Equine Practice - Dr. Nina R\u00f6dig - Specialist Veterinarian","description":"In the field of Internal Medicine, the focus of my work lies in the treatment of colics, infections, respiratory diseases, allergies, skin conditions, and metabolic disorders.","robots":{"index":"index","follow":"follow","max-snippet":"max-snippet:-1","max-image-preview":"max-image-preview:large","max-video-preview":"max-video-preview:-1"},"canonical":"https:\/\/pferdepraxis-roedig.de\/en\/internal-medicine\/","og_locale":"en_GB","og_type":"article","og_title":"Innere Medizin - Tier\u00e4rztliche Praxis f\u00fcr Pferde - Dr. Nina R\u00f6dig - Fachtier\u00e4rztin","og_description":"Im Bereich der Inneren Medizin liegen die Schwerpunkte meiner Arbeit in der Behandlung von Koliken, Infektionen, Atemwegserkrankungen, Allergien, Hauterkrankungen und Stoffwechselst\u00f6rungen.","og_url":"https:\/\/pferdepraxis-roedig.de\/en\/internal-medicine\/","og_site_name":"Tier\u00e4rztliche Praxis f\u00fcr Pferde - Dr. Nina R\u00f6dig - Fachtier\u00e4rztin","article_publisher":"https:\/\/www.facebook.com\/tierarztpraxisroedig\/","article_modified_time":"2022-01-17T14:29:34+00:00","og_image":[{"url":"https:\/\/pferdepraxis-roedig.de\/wp-content\/uploads\/2022\/01\/IMG_3520-1024x683.jpg","type":"","width":"","height":""}],"twitter_card":"summary_large_image","twitter_misc":{"Estimated reading time":"2 minutes"},"schema":{"@context":"https:\/\/schema.org","@graph":[{"@type":"WebPage","@id":"https:\/\/pferdepraxis-roedig.de\/innere-medizin","url":"https:\/\/pferdepraxis-roedig.de\/innere-medizin","name":"Internal Medicine - Veterinary Equine Practice - Dr. Nina R\u00f6dig - Specialist Veterinarian","isPartOf":{"@id":"https:\/\/pferdepraxis-roedig.de\/#website"},"primaryImageOfPage":{"@id":"https:\/\/pferdepraxis-roedig.de\/innere-medizin#primaryimage"},"image":{"@id":"https:\/\/pferdepraxis-roedig.de\/innere-medizin#primaryimage"},"thumbnailUrl":"https:\/\/pferdepraxis-roedig.de\/wp-content\/uploads\/2022\/01\/IMG_3520-1024x683.jpg","datePublished":"2020-11-01T14:14:10+00:00","dateModified":"2022-01-17T14:29:34+00:00","description":"In the field of Internal Medicine, the focus of my work lies in the treatment of colics, infections, respiratory diseases, allergies, skin conditions, and metabolic disorders.","breadcrumb":{"@id":"https:\/\/pferdepraxis-roedig.de\/innere-medizin#breadcrumb"},"inLanguage":"en-GB","potentialAction":[{"@type":"ReadAction","target":["https:\/\/pferdepraxis-roedig.de\/innere-medizin"]}]},{"@type":"ImageObject","inLanguage":"en-GB","@id":"https:\/\/pferdepraxis-roedig.de\/innere-medizin#primaryimage","url":"https:\/\/pferdepraxis-roedig.de\/wp-content\/uploads\/2022\/01\/IMG_3520-1024x683.jpg","contentUrl":"https:\/\/pferdepraxis-roedig.de\/wp-content\/uploads\/2022\/01\/IMG_3520-1024x683.jpg"},{"@type":"BreadcrumbList","@id":"https:\/\/pferdepraxis-roedig.de\/innere-medizin#breadcrumb","itemListElement":[{"@type":"ListItem","position":1,"name":"Startseite","item":"https:\/\/pferdepraxis-roedig.de\/"},{"@type":"ListItem","position":2,"name":"Innere Medizin"}]},{"@type":"WebSite","@id":"https:\/\/pferdepraxis-roedig.de\/#website","url":"https:\/\/pferdepraxis-roedig.de\/","name":"Veterinary Practice for Horses - Dr. Nina R\u00f6dig","description":"Orthopaedics with ultrasound, digital X-ray &amp; endoscopy on site. 24-hour emergency service. Reliable care. Diagnostics possible. Competent advice.","publisher":{"@id":"https:\/\/pferdepraxis-roedig.de\/#organization"},"potentialAction":[{"@type":"SearchAction","target":{"@type":"EntryPoint","urlTemplate":"https:\/\/pferdepraxis-roedig.de\/?s={search_term_string}"},"query-input":{"@type":"PropertyValueSpecification","valueRequired":true,"valueName":"search_term_string"}}],"inLanguage":"en-GB"},{"@type":"Organization","@id":"https:\/\/pferdepraxis-roedig.de\/#organization","name":"Veterinary Practice for Horses - Dr. Nina R\u00f6dig","url":"https:\/\/pferdepraxis-roedig.de\/","logo":{"@type":"ImageObject","inLanguage":"en-GB","@id":"https:\/\/pferdepraxis-roedig.de\/#\/schema\/logo\/image\/","url":"https:\/\/pferdepraxis-roedig.de\/wp-content\/uploads\/2020\/12\/Logo_Roedig_TPfP_v2.png","contentUrl":"https:\/\/pferdepraxis-roedig.de\/wp-content\/uploads\/2020\/12\/Logo_Roedig_TPfP_v2.png","width":1024,"height":386,"caption":"Tier\u00e4rztliche Praxis f\u00fcr Pferde - Dr. Nina R\u00f6dig"},"image":{"@id":"https:\/\/pferdepraxis-roedig.de\/#\/schema\/logo\/image\/"},"sameAs":["https:\/\/www.facebook.com\/tierarztpraxisroedig\/","https:\/\/www.instagram.com\/tierarztpraxis_roedig\/"]}]}},"_links":{"self":[{"href":"https:\/\/pferdepraxis-roedig.de\/en\/wp-json\/wp\/v2\/pages\/68","targetHints":{"allow":["GET"]}}],"collection":[{"href":"https:\/\/pferdepraxis-roedig.de\/en\/wp-json\/wp\/v2\/pages"}],"about":[{"href":"https:\/\/pferdepraxis-roedig.de\/en\/wp-json\/wp\/v2\/types\/page"}],"author":[{"embeddable":true,"href":"https:\/\/pferdepraxis-roedig.de\/en\/wp-json\/wp\/v2\/users\/1"}],"replies":[{"embeddable":true,"href":"https:\/\/pferdepraxis-roedig.de\/en\/wp-json\/wp\/v2\/comments?post=68"}],"version-history":[{"count":2,"href":"https:\/\/pferdepraxis-roedig.de\/en\/wp-json\/wp\/v2\/pages\/68\/revisions"}],"predecessor-version":[{"id":353,"href":"https:\/\/pferdepraxis-roedig.de\/en\/wp-json\/wp\/v2\/pages\/68\/revisions\/353"}],"wp:attachment":[{"href":"https:\/\/pferdepraxis-roedig.de\/en\/wp-json\/wp\/v2\/media?parent=68"}],"curies":[{"name":"wp","href":"https:\/\/api.w.org\/{rel}","templated":true}]}}