{"id":656,"date":"2025-01-21T23:18:15","date_gmt":"2025-01-21T22:18:15","guid":{"rendered":"https:\/\/pferdepraxis-roedig.de\/?page_id=656"},"modified":"2025-10-05T15:44:55","modified_gmt":"2025-10-05T13:44:55","slug":"eye-examination-in-horses-precise-diagnostics-from-the-eye-specialist","status":"publish","type":"page","link":"https:\/\/pferdepraxis-roedig.de\/en\/augenuntersuchung-beim-pferd-praezise-diagnostik-vom-augenspezialisten","title":{"rendered":"Ophthalmological examination for horses"},"content":{"rendered":"<p><strong>Eye examination for horses \u2013 Specialists in diagnosis &amp; therapy<\/strong><\/p>\n\n\n\n<p>Your horse's eyes are sensitive and crucial for their health and performance. In our specialised practice, we carry out comprehensive eye examinations \u2013 often on-site, avoiding stressful trips to the clinic.<\/p>\n\n\n\n<hr class=\"wp-block-separator has-alpha-channel-opacity\"\/>\n\n\n\n<h2 class=\"wp-block-heading\"><strong>\ud83e\ude7a Diagnostics \u2013 fast, precise, and gentle<\/strong><\/h2>\n\n\n\n<p>Our examination begins with a clinical assessment, during which we observe behaviour, pupillary light responses and external signs. Building on this, we employ state-of-the-art diagnostic techniques:<\/p>\n\n\n\n<ul class=\"wp-block-list\">\n<li>Ophthalmoscope \u2013 examination of the retina and optic nerve head<\/li>\n\n\n\n<li>Slit lamp \u2013 examination of the cornea, lens, iris, and fundus<\/li>\n\n\n\n<li>Fluorescein test \u2013 visualising minor corneal injuries<\/li>\n\n\n\n<li>Tonometer \u2013 Measurement of intraocular pressure, e.g. for glaucoma<\/li>\n\n\n\n<li>Ultrasound \u2013 Assessment of vitreous and retina<\/li>\n\n\n\n<li>Special samples for laboratory \u2013 microbiological, mycological or pathological<\/li>\n<\/ul>\n\n\n\n<figure class=\"wp-block-image size-large\"><img loading=\"lazy\" decoding=\"async\" width=\"1024\" height=\"683\" src=\"https:\/\/pferdepraxis-roedig.de\/wp-content\/uploads\/2023\/01\/Augenuntersuchchung-2-1024x683.jpg\" alt=\"Slit lamp examination of the horse\" class=\"wp-image-429\" srcset=\"https:\/\/pferdepraxis-roedig.de\/wp-content\/uploads\/2023\/01\/Augenuntersuchchung-2-1024x683.jpg 1024w, https:\/\/pferdepraxis-roedig.de\/wp-content\/uploads\/2023\/01\/Augenuntersuchchung-2-300x200.jpg 300w, https:\/\/pferdepraxis-roedig.de\/wp-content\/uploads\/2023\/01\/Augenuntersuchchung-2-768x512.jpg 768w, https:\/\/pferdepraxis-roedig.de\/wp-content\/uploads\/2023\/01\/Augenuntersuchchung-2-1536x1025.jpg 1536w, https:\/\/pferdepraxis-roedig.de\/wp-content\/uploads\/2023\/01\/Augenuntersuchchung-2-2048x1366.jpg 2048w, https:\/\/pferdepraxis-roedig.de\/wp-content\/uploads\/2023\/01\/Augenuntersuchchung-2-700x467.jpg 700w, https:\/\/pferdepraxis-roedig.de\/wp-content\/uploads\/2023\/01\/Augenuntersuchchung-2-520x347.jpg 520w, https:\/\/pferdepraxis-roedig.de\/wp-content\/uploads\/2023\/01\/Augenuntersuchchung-2-360x240.jpg 360w, https:\/\/pferdepraxis-roedig.de\/wp-content\/uploads\/2023\/01\/Augenuntersuchchung-2-250x167.jpg 250w, https:\/\/pferdepraxis-roedig.de\/wp-content\/uploads\/2023\/01\/Augenuntersuchchung-2-100x67.jpg 100w\" sizes=\"auto, (max-width: 1024px) 100vw, 1024px\" \/><\/figure>\n\n\n\n<hr class=\"wp-block-separator has-alpha-channel-opacity\"\/>\n\n\n\n<h2 class=\"wp-block-heading\"><strong>\ud83d\udc8a Treatment options <\/strong><\/h2>\n\n\n\n<p>Depending on the findings of the horse's eye examination, we use specifically:<\/p>\n\n\n\n<ul class=\"wp-block-list\">\n<li>Targeted eye ointments<\/li>\n\n\n\n<li>Eye injections<\/li>\n\n\n\n<li>Tear duct flushing<\/li>\n<\/ul>\n\n\n\n<p>All therapies are carried out precisely, under sterile conditions and gently for your horse.<\/p>\n\n\n\n<hr class=\"wp-block-separator has-alpha-channel-opacity\"\/>\n\n\n\n<h2 class=\"wp-block-heading\"><strong>\ud83d\udc34 Common Illnesses<\/strong><\/h2>\n\n\n\n<p>Early examinations help to recognise and treat diseases such as conjunctivitis, corneal defects, immune-mediated keratitis (IMMK), glaucoma or ERU\/moon blindness in good time. This helps to maintain your horse's quality of life.<\/p>\n\n\n\n<hr class=\"wp-block-separator has-alpha-channel-opacity\"\/>\n\n\n\n<h2 class=\"wp-block-heading\"><strong>Mobile service \u2013 no clinic stress<\/strong><\/h2>\n\n\n\n<p>Thanks to state-of-the-art equipment, many examinations and therapies can be carried out directly on your premises. This saves stress, time, and costs, while we guarantee the highest quality.<\/p>\n\n\n\n<hr class=\"wp-block-separator has-alpha-channel-opacity\"\/>\n\n\n\n<h2 class=\"wp-block-heading\"><strong>\ud83d\udcde <a href=\"https:\/\/pferdepraxis-roedig.de\/en\/contact\/\">Appointment <\/a>To agree<\/strong><\/h2>\n\n\n\n<p>Protect your horse's eyes. Book an appointment today:<\/p>\n\n\n\n<p>Veterinary Practice for Horses Dr. Nina R\u00f6dig<br>+49 151 23063527<br>\u2709\ufe0f <a href=\"mailto:info@pferdepraxis-roedig.de\">info@pferdepraxis-roedig.de<\/a><\/p>\n\n\n\n<p><\/p>","protected":false},"excerpt":{"rendered":"<p>Augenuntersuchung beim Pferd \u2013 Spezialisten f\u00fcr Diagnose &amp; Therapie Die Augen Ihres Pferdes sind sensibel und wichtig f\u00fcr Gesundheit und Leistung. In unserer spezialisierten Praxis f\u00fchren wir umfassende Augenuntersuchungen durch \u2013 oft direkt vor Ort, ohne stressige Klinikfahrt. \ud83e\ude7a Diagnostik [&hellip;]<\/p>\n","protected":false},"author":1,"featured_media":0,"parent":0,"menu_order":0,"comment_status":"closed","ping_status":"closed","template":"","meta":{"footnotes":""},"class_list":["post-656","page","type-page","status-publish","hentry","clearfix"],"yoast_head":"<!-- This site is optimized with the Yoast SEO plugin v27.3 - https:\/\/yoast.com\/product\/yoast-seo-wordpress\/ -->\n<title>Augenuntersuchung beim Pferd - Tier\u00e4rztliche Praxis f\u00fcr Pferde - Dr. Nina R\u00f6dig - Fachtier\u00e4rztin<\/title>\n<meta name=\"description\" content=\"In unserer spezialisierten Praxis f\u00fchren wir umfassende Augenuntersuchungen durch \u2013 oft direkt vor Ort, ohne stressige Klinikfahrt.\" \/>\n<meta name=\"robots\" content=\"index, follow, max-snippet:-1, max-image-preview:large, max-video-preview:-1\" \/>\n<link rel=\"canonical\" href=\"https:\/\/pferdepraxis-roedig.de\/en\/eye-examination-in-horses-precise-diagnostics-from-the-eye-specialist\/\" \/>\n<meta property=\"og:locale\" content=\"en_GB\" \/>\n<meta property=\"og:type\" content=\"article\" \/>\n<meta property=\"og:title\" content=\"Augenuntersuchung beim Pferd - Tier\u00e4rztliche Praxis f\u00fcr Pferde - Dr. Nina R\u00f6dig - Fachtier\u00e4rztin\" \/>\n<meta property=\"og:description\" content=\"In unserer spezialisierten Praxis f\u00fchren wir umfassende Augenuntersuchungen durch \u2013 oft direkt vor Ort, ohne stressige Klinikfahrt.\" \/>\n<meta property=\"og:url\" content=\"https:\/\/pferdepraxis-roedig.de\/en\/eye-examination-in-horses-precise-diagnostics-from-the-eye-specialist\/\" \/>\n<meta property=\"og:site_name\" content=\"Tier\u00e4rztliche Praxis f\u00fcr Pferde - Dr. Nina R\u00f6dig - Fachtier\u00e4rztin\" \/>\n<meta property=\"article:publisher\" content=\"https:\/\/www.facebook.com\/tierarztpraxisroedig\/\" \/>\n<meta property=\"article:modified_time\" content=\"2025-10-05T13:44:55+00:00\" \/>\n<meta property=\"og:image\" content=\"https:\/\/pferdepraxis-roedig.de\/wp-content\/uploads\/2023\/01\/Augenuntersuchchung-2-scaled.jpg\" \/>\n\t<meta property=\"og:image:width\" content=\"2560\" \/>\n\t<meta property=\"og:image:height\" content=\"1708\" \/>\n\t<meta property=\"og:image:type\" content=\"image\/jpeg\" \/>\n<meta name=\"twitter:card\" content=\"summary_large_image\" \/>\n<meta name=\"twitter:label1\" content=\"Estimated reading time\" \/>\n\t<meta name=\"twitter:data1\" content=\"1 minute\" \/>\n<script type=\"application\/ld+json\" class=\"yoast-schema-graph\">{\"@context\":\"https:\\\/\\\/schema.org\",\"@graph\":[{\"@type\":\"WebPage\",\"@id\":\"https:\\\/\\\/pferdepraxis-roedig.de\\\/augenuntersuchung-beim-pferd-praezise-diagnostik-vom-augenspezialisten\",\"url\":\"https:\\\/\\\/pferdepraxis-roedig.de\\\/augenuntersuchung-beim-pferd-praezise-diagnostik-vom-augenspezialisten\",\"name\":\"Augenuntersuchung beim Pferd - Tier\u00e4rztliche Praxis f\u00fcr Pferde - Dr. Nina R\u00f6dig - Fachtier\u00e4rztin\",\"isPartOf\":{\"@id\":\"https:\\\/\\\/pferdepraxis-roedig.de\\\/#website\"},\"primaryImageOfPage\":{\"@id\":\"https:\\\/\\\/pferdepraxis-roedig.de\\\/augenuntersuchung-beim-pferd-praezise-diagnostik-vom-augenspezialisten#primaryimage\"},\"image\":{\"@id\":\"https:\\\/\\\/pferdepraxis-roedig.de\\\/augenuntersuchung-beim-pferd-praezise-diagnostik-vom-augenspezialisten#primaryimage\"},\"thumbnailUrl\":\"https:\\\/\\\/pferdepraxis-roedig.de\\\/wp-content\\\/uploads\\\/2023\\\/01\\\/Augenuntersuchchung-2-1024x683.jpg\",\"datePublished\":\"2025-01-21T22:18:15+00:00\",\"dateModified\":\"2025-10-05T13:44:55+00:00\",\"description\":\"In unserer spezialisierten Praxis f\u00fchren wir umfassende Augenuntersuchungen durch \u2013 oft direkt vor Ort, ohne stressige Klinikfahrt.\",\"breadcrumb\":{\"@id\":\"https:\\\/\\\/pferdepraxis-roedig.de\\\/augenuntersuchung-beim-pferd-praezise-diagnostik-vom-augenspezialisten#breadcrumb\"},\"inLanguage\":\"en-GB\",\"potentialAction\":[{\"@type\":\"ReadAction\",\"target\":[\"https:\\\/\\\/pferdepraxis-roedig.de\\\/augenuntersuchung-beim-pferd-praezise-diagnostik-vom-augenspezialisten\"]}]},{\"@type\":\"ImageObject\",\"inLanguage\":\"en-GB\",\"@id\":\"https:\\\/\\\/pferdepraxis-roedig.de\\\/augenuntersuchung-beim-pferd-praezise-diagnostik-vom-augenspezialisten#primaryimage\",\"url\":\"https:\\\/\\\/pferdepraxis-roedig.de\\\/wp-content\\\/uploads\\\/2023\\\/01\\\/Augenuntersuchchung-2-1024x683.jpg\",\"contentUrl\":\"https:\\\/\\\/pferdepraxis-roedig.de\\\/wp-content\\\/uploads\\\/2023\\\/01\\\/Augenuntersuchchung-2-1024x683.jpg\"},{\"@type\":\"BreadcrumbList\",\"@id\":\"https:\\\/\\\/pferdepraxis-roedig.de\\\/augenuntersuchung-beim-pferd-praezise-diagnostik-vom-augenspezialisten#breadcrumb\",\"itemListElement\":[{\"@type\":\"ListItem\",\"position\":1,\"name\":\"Startseite\",\"item\":\"https:\\\/\\\/pferdepraxis-roedig.de\\\/\"},{\"@type\":\"ListItem\",\"position\":2,\"name\":\"Augenuntersuchung beim Pferd\"}]},{\"@type\":\"WebSite\",\"@id\":\"https:\\\/\\\/pferdepraxis-roedig.de\\\/#website\",\"url\":\"https:\\\/\\\/pferdepraxis-roedig.de\\\/\",\"name\":\"Tier\u00e4rztliche Praxis f\u00fcr Pferde - Dr. Nina R\u00f6dig\",\"description\":\"Orthop\u00e4die mit Ultraschall, dig. R\u00f6ntgen &amp; Endoskopie vor Ort. 24h-Notdienst. Zuverl\u00e4ssige Betreuung. Diagnostik M\u00f6glich. Kompetente Beratung.\",\"publisher\":{\"@id\":\"https:\\\/\\\/pferdepraxis-roedig.de\\\/#organization\"},\"potentialAction\":[{\"@type\":\"SearchAction\",\"target\":{\"@type\":\"EntryPoint\",\"urlTemplate\":\"https:\\\/\\\/pferdepraxis-roedig.de\\\/?s={search_term_string}\"},\"query-input\":{\"@type\":\"PropertyValueSpecification\",\"valueRequired\":true,\"valueName\":\"search_term_string\"}}],\"inLanguage\":\"en-GB\"},{\"@type\":\"Organization\",\"@id\":\"https:\\\/\\\/pferdepraxis-roedig.de\\\/#organization\",\"name\":\"Tier\u00e4rztliche Praxis f\u00fcr Pferde - Dr. Nina R\u00f6dig\",\"url\":\"https:\\\/\\\/pferdepraxis-roedig.de\\\/\",\"logo\":{\"@type\":\"ImageObject\",\"inLanguage\":\"en-GB\",\"@id\":\"https:\\\/\\\/pferdepraxis-roedig.de\\\/#\\\/schema\\\/logo\\\/image\\\/\",\"url\":\"https:\\\/\\\/pferdepraxis-roedig.de\\\/wp-content\\\/uploads\\\/2020\\\/12\\\/Logo_Roedig_TPfP_v2.png\",\"contentUrl\":\"https:\\\/\\\/pferdepraxis-roedig.de\\\/wp-content\\\/uploads\\\/2020\\\/12\\\/Logo_Roedig_TPfP_v2.png\",\"width\":1024,\"height\":386,\"caption\":\"Tier\u00e4rztliche Praxis f\u00fcr Pferde - Dr. Nina R\u00f6dig\"},\"image\":{\"@id\":\"https:\\\/\\\/pferdepraxis-roedig.de\\\/#\\\/schema\\\/logo\\\/image\\\/\"},\"sameAs\":[\"https:\\\/\\\/www.facebook.com\\\/tierarztpraxisroedig\\\/\",\"https:\\\/\\\/www.instagram.com\\\/tierarztpraxis_roedig\\\/\"]}]}<\/script>\n<!-- \/ Yoast SEO plugin. -->","yoast_head_json":{"title":"Eye examination in horses - Veterinary practice for horses - Dr. Nina R\u00f6dig - Specialist veterinarian","description":"In our specialised practice, we conduct comprehensive eye examinations \u2013 often on-site, without the stress of a trip to the clinic.","robots":{"index":"index","follow":"follow","max-snippet":"max-snippet:-1","max-image-preview":"max-image-preview:large","max-video-preview":"max-video-preview:-1"},"canonical":"https:\/\/pferdepraxis-roedig.de\/en\/eye-examination-in-horses-precise-diagnostics-from-the-eye-specialist\/","og_locale":"en_GB","og_type":"article","og_title":"Augenuntersuchung beim Pferd - Tier\u00e4rztliche Praxis f\u00fcr Pferde - Dr. Nina R\u00f6dig - Fachtier\u00e4rztin","og_description":"In unserer spezialisierten Praxis f\u00fchren wir umfassende Augenuntersuchungen durch \u2013 oft direkt vor Ort, ohne stressige Klinikfahrt.","og_url":"https:\/\/pferdepraxis-roedig.de\/en\/eye-examination-in-horses-precise-diagnostics-from-the-eye-specialist\/","og_site_name":"Tier\u00e4rztliche Praxis f\u00fcr Pferde - Dr. Nina R\u00f6dig - Fachtier\u00e4rztin","article_publisher":"https:\/\/www.facebook.com\/tierarztpraxisroedig\/","article_modified_time":"2025-10-05T13:44:55+00:00","og_image":[{"width":2560,"height":1708,"url":"https:\/\/pferdepraxis-roedig.de\/wp-content\/uploads\/2023\/01\/Augenuntersuchchung-2-scaled.jpg","type":"image\/jpeg"}],"twitter_card":"summary_large_image","twitter_misc":{"Estimated reading time":"1 minute"},"schema":{"@context":"https:\/\/schema.org","@graph":[{"@type":"WebPage","@id":"https:\/\/pferdepraxis-roedig.de\/augenuntersuchung-beim-pferd-praezise-diagnostik-vom-augenspezialisten","url":"https:\/\/pferdepraxis-roedig.de\/augenuntersuchung-beim-pferd-praezise-diagnostik-vom-augenspezialisten","name":"Eye examination in horses - Veterinary practice for horses - Dr. Nina R\u00f6dig - Specialist veterinarian","isPartOf":{"@id":"https:\/\/pferdepraxis-roedig.de\/#website"},"primaryImageOfPage":{"@id":"https:\/\/pferdepraxis-roedig.de\/augenuntersuchung-beim-pferd-praezise-diagnostik-vom-augenspezialisten#primaryimage"},"image":{"@id":"https:\/\/pferdepraxis-roedig.de\/augenuntersuchung-beim-pferd-praezise-diagnostik-vom-augenspezialisten#primaryimage"},"thumbnailUrl":"https:\/\/pferdepraxis-roedig.de\/wp-content\/uploads\/2023\/01\/Augenuntersuchchung-2-1024x683.jpg","datePublished":"2025-01-21T22:18:15+00:00","dateModified":"2025-10-05T13:44:55+00:00","description":"In our specialised practice, we conduct comprehensive eye examinations \u2013 often on-site, without the stress of a trip to the clinic.","breadcrumb":{"@id":"https:\/\/pferdepraxis-roedig.de\/augenuntersuchung-beim-pferd-praezise-diagnostik-vom-augenspezialisten#breadcrumb"},"inLanguage":"en-GB","potentialAction":[{"@type":"ReadAction","target":["https:\/\/pferdepraxis-roedig.de\/augenuntersuchung-beim-pferd-praezise-diagnostik-vom-augenspezialisten"]}]},{"@type":"ImageObject","inLanguage":"en-GB","@id":"https:\/\/pferdepraxis-roedig.de\/augenuntersuchung-beim-pferd-praezise-diagnostik-vom-augenspezialisten#primaryimage","url":"https:\/\/pferdepraxis-roedig.de\/wp-content\/uploads\/2023\/01\/Augenuntersuchchung-2-1024x683.jpg","contentUrl":"https:\/\/pferdepraxis-roedig.de\/wp-content\/uploads\/2023\/01\/Augenuntersuchchung-2-1024x683.jpg"},{"@type":"BreadcrumbList","@id":"https:\/\/pferdepraxis-roedig.de\/augenuntersuchung-beim-pferd-praezise-diagnostik-vom-augenspezialisten#breadcrumb","itemListElement":[{"@type":"ListItem","position":1,"name":"Startseite","item":"https:\/\/pferdepraxis-roedig.de\/"},{"@type":"ListItem","position":2,"name":"Augenuntersuchung beim Pferd"}]},{"@type":"WebSite","@id":"https:\/\/pferdepraxis-roedig.de\/#website","url":"https:\/\/pferdepraxis-roedig.de\/","name":"Veterinary Practice for Horses - Dr. Nina R\u00f6dig","description":"Orthopaedics with ultrasound, digital X-ray &amp; endoscopy on site. 24-hour emergency service. Reliable care. Diagnostics possible. Competent advice.","publisher":{"@id":"https:\/\/pferdepraxis-roedig.de\/#organization"},"potentialAction":[{"@type":"SearchAction","target":{"@type":"EntryPoint","urlTemplate":"https:\/\/pferdepraxis-roedig.de\/?s={search_term_string}"},"query-input":{"@type":"PropertyValueSpecification","valueRequired":true,"valueName":"search_term_string"}}],"inLanguage":"en-GB"},{"@type":"Organization","@id":"https:\/\/pferdepraxis-roedig.de\/#organization","name":"Veterinary Practice for Horses - Dr. Nina R\u00f6dig","url":"https:\/\/pferdepraxis-roedig.de\/","logo":{"@type":"ImageObject","inLanguage":"en-GB","@id":"https:\/\/pferdepraxis-roedig.de\/#\/schema\/logo\/image\/","url":"https:\/\/pferdepraxis-roedig.de\/wp-content\/uploads\/2020\/12\/Logo_Roedig_TPfP_v2.png","contentUrl":"https:\/\/pferdepraxis-roedig.de\/wp-content\/uploads\/2020\/12\/Logo_Roedig_TPfP_v2.png","width":1024,"height":386,"caption":"Tier\u00e4rztliche Praxis f\u00fcr Pferde - Dr. Nina R\u00f6dig"},"image":{"@id":"https:\/\/pferdepraxis-roedig.de\/#\/schema\/logo\/image\/"},"sameAs":["https:\/\/www.facebook.com\/tierarztpraxisroedig\/","https:\/\/www.instagram.com\/tierarztpraxis_roedig\/"]}]}},"_links":{"self":[{"href":"https:\/\/pferdepraxis-roedig.de\/en\/wp-json\/wp\/v2\/pages\/656","targetHints":{"allow":["GET"]}}],"collection":[{"href":"https:\/\/pferdepraxis-roedig.de\/en\/wp-json\/wp\/v2\/pages"}],"about":[{"href":"https:\/\/pferdepraxis-roedig.de\/en\/wp-json\/wp\/v2\/types\/page"}],"author":[{"embeddable":true,"href":"https:\/\/pferdepraxis-roedig.de\/en\/wp-json\/wp\/v2\/users\/1"}],"replies":[{"embeddable":true,"href":"https:\/\/pferdepraxis-roedig.de\/en\/wp-json\/wp\/v2\/comments?post=656"}],"version-history":[{"count":4,"href":"https:\/\/pferdepraxis-roedig.de\/en\/wp-json\/wp\/v2\/pages\/656\/revisions"}],"predecessor-version":[{"id":789,"href":"https:\/\/pferdepraxis-roedig.de\/en\/wp-json\/wp\/v2\/pages\/656\/revisions\/789"}],"wp:attachment":[{"href":"https:\/\/pferdepraxis-roedig.de\/en\/wp-json\/wp\/v2\/media?parent=656"}],"curies":[{"name":"wp","href":"https:\/\/api.w.org\/{rel}","templated":true}]}}