{"id":62,"date":"2020-11-01T14:13:23","date_gmt":"2020-11-01T14:13:23","guid":{"rendered":"https:\/\/xn--tierrztlichepraxisfr-ezb75c.live-website.com\/?page_id=62"},"modified":"2022-01-17T15:20:53","modified_gmt":"2022-01-17T14:20:53","slug":"chirugie","status":"publish","type":"page","link":"https:\/\/pferdepraxis-roedig.de\/en\/chirugie","title":{"rendered":"Surgery"},"content":{"rendered":"<p>Zu den chirurgischen Eingriffen, die auch im Heimatstall an Ihrem Pferd durchgef\u00fchrt werden k\u00f6nnen, geh\u00f6ren <\/p>\n\n\n\n<ul class=\"wp-block-list\"><li>die Versorgung von Verletzungen aller Art und <\/li><li>kleinere operative Ma\u00dfnahmen, wie z.B. die Entfernung von Hauttumoren und <\/li><li>Spaltung von Abszessen.<\/li><\/ul>\n\n\n\n<p>Hierbei ist es immer mein Ziel, den Stress und die Gefahr f\u00fcr Patienten und Besitzer zu minimieren. Aus diesem Grund werden so viele Eingriffe wie m\u00f6glich am stehenden Pferd durchgef\u00fchrt. <\/p>\n\n\n\n<p>Bei <strong>Verletzungen <\/strong>&#8211; vor allem im Bereich der Gliedma\u00dfen und der Augen &#8211; sollten sie <strong>nicht z\u00f6gern, einen Tierarzt hinzuzuziehen<\/strong>, da auch vermeintlich harmlose Blessuren in diesen Bereichen zu gro\u00dfen l\u00e4ngerfristigen Problemen f\u00fchren k\u00f6nnen.<\/p>\n\n\n\n<p>Sollten gr\u00f6\u00dfere Operationen notwendig werden, arbeite ich eng und vertrauensvoll mit den umliegenden Kliniken wie z.B. <a href=\"https:\/\/www.pferdeklinik-leichlingen.de\/\">Pferdeklinik Leichlingen<\/a> oder <a href=\"http:\/\/www.pferdeklinik-kerken.de\/\">Pferdeklinik Kerken<\/a> zusammen.<\/p>\n\n\n\n<h2 class=\"wp-block-heading\">Beispiel 1:<\/h2>\n\n\n\n<figure class=\"wp-block-image size-large\"><img loading=\"lazy\" decoding=\"async\" width=\"600\" height=\"300\" src=\"https:\/\/pferdepraxis-roedig.de\/wp-content\/uploads\/2020\/12\/verletzung_01.jpg\" alt=\"Chirugie Verletzung\" class=\"wp-image-189\" srcset=\"https:\/\/pferdepraxis-roedig.de\/wp-content\/uploads\/2020\/12\/verletzung_01.jpg 600w, https:\/\/pferdepraxis-roedig.de\/wp-content\/uploads\/2020\/12\/verletzung_01-300x150.jpg 300w, https:\/\/pferdepraxis-roedig.de\/wp-content\/uploads\/2020\/12\/verletzung_01-520x260.jpg 520w, https:\/\/pferdepraxis-roedig.de\/wp-content\/uploads\/2020\/12\/verletzung_01-360x180.jpg 360w, https:\/\/pferdepraxis-roedig.de\/wp-content\/uploads\/2020\/12\/verletzung_01-250x125.jpg 250w, https:\/\/pferdepraxis-roedig.de\/wp-content\/uploads\/2020\/12\/verletzung_01-100x50.jpg 100w\" sizes=\"auto, (max-width: 600px) 100vw, 600px\" \/><\/figure>\n\n\n\n<h2 class=\"wp-block-heading\">Beispiel 2:<\/h2>\n\n\n\n<figure class=\"wp-block-image size-large\"><img loading=\"lazy\" decoding=\"async\" width=\"600\" height=\"300\" src=\"https:\/\/pferdepraxis-roedig.de\/wp-content\/uploads\/2020\/12\/verletzung_02.jpg\" alt=\"Chirugie Verletzung\" class=\"wp-image-190\" srcset=\"https:\/\/pferdepraxis-roedig.de\/wp-content\/uploads\/2020\/12\/verletzung_02.jpg 600w, https:\/\/pferdepraxis-roedig.de\/wp-content\/uploads\/2020\/12\/verletzung_02-300x150.jpg 300w, https:\/\/pferdepraxis-roedig.de\/wp-content\/uploads\/2020\/12\/verletzung_02-520x260.jpg 520w, https:\/\/pferdepraxis-roedig.de\/wp-content\/uploads\/2020\/12\/verletzung_02-360x180.jpg 360w, https:\/\/pferdepraxis-roedig.de\/wp-content\/uploads\/2020\/12\/verletzung_02-250x125.jpg 250w, https:\/\/pferdepraxis-roedig.de\/wp-content\/uploads\/2020\/12\/verletzung_02-100x50.jpg 100w\" sizes=\"auto, (max-width: 600px) 100vw, 600px\" \/><\/figure>\n\n\n\n<p>Do you have any questions or would you like to make an appointment? <a href=\"https:\/\/pferdepraxis-roedig.de\/en\/contact\/\">Contact <\/a>See us!<\/p>","protected":false},"excerpt":{"rendered":"<p>Zu den chirurgischen Eingriffen, die auch im Heimatstall an Ihrem Pferd durchgef\u00fchrt werden k\u00f6nnen, geh\u00f6ren die Versorgung von Verletzungen aller Art und kleinere operative Ma\u00dfnahmen, wie z.B. die Entfernung von Hauttumoren und Spaltung von Abszessen. Hierbei ist es immer mein [&hellip;]<\/p>\n","protected":false},"author":1,"featured_media":0,"parent":0,"menu_order":0,"comment_status":"closed","ping_status":"closed","template":"","meta":{"footnotes":""},"class_list":["post-62","page","type-page","status-publish","hentry","clearfix"],"yoast_head":"<!-- This site is optimized with the Yoast SEO plugin v27.3 - https:\/\/yoast.com\/product\/yoast-seo-wordpress\/ -->\n<title>Chirugie - Tier\u00e4rztliche Praxis f\u00fcr Pferde - Dr. Nina R\u00f6dig - Fachtier\u00e4rztin<\/title>\n<meta name=\"description\" content=\"Zu den chirurgischen Eingriffen, die auch im Heimatstall an Ihrem Pferd durchgef\u00fchrt werden k\u00f6nnen, geh\u00f6ren Verletzungen und kleinere Eingriffe.\" \/>\n<meta name=\"robots\" content=\"index, follow, max-snippet:-1, max-image-preview:large, max-video-preview:-1\" \/>\n<link rel=\"canonical\" href=\"https:\/\/pferdepraxis-roedig.de\/en\/chirugie\/\" \/>\n<meta property=\"og:locale\" content=\"en_GB\" \/>\n<meta property=\"og:type\" content=\"article\" \/>\n<meta property=\"og:title\" content=\"Chirugie - Tier\u00e4rztliche Praxis f\u00fcr Pferde - Dr. Nina R\u00f6dig - Fachtier\u00e4rztin\" \/>\n<meta property=\"og:description\" content=\"Zu den chirurgischen Eingriffen, die auch im Heimatstall an Ihrem Pferd durchgef\u00fchrt werden k\u00f6nnen, geh\u00f6ren Verletzungen und kleinere Eingriffe.\" \/>\n<meta property=\"og:url\" content=\"https:\/\/pferdepraxis-roedig.de\/en\/chirugie\/\" \/>\n<meta property=\"og:site_name\" content=\"Tier\u00e4rztliche Praxis f\u00fcr Pferde - Dr. Nina R\u00f6dig - Fachtier\u00e4rztin\" \/>\n<meta property=\"article:publisher\" content=\"https:\/\/www.facebook.com\/tierarztpraxisroedig\/\" \/>\n<meta property=\"article:modified_time\" content=\"2022-01-17T14:20:53+00:00\" \/>\n<meta property=\"og:image\" content=\"https:\/\/pferdepraxis-roedig.de\/wp-content\/uploads\/2020\/12\/verletzung_01.jpg\" \/>\n<meta name=\"twitter:card\" content=\"summary_large_image\" \/>\n<meta name=\"twitter:label1\" content=\"Estimated reading time\" \/>\n\t<meta name=\"twitter:data1\" content=\"2 minutes\" \/>\n<script type=\"application\/ld+json\" class=\"yoast-schema-graph\">{\"@context\":\"https:\\\/\\\/schema.org\",\"@graph\":[{\"@type\":\"WebPage\",\"@id\":\"https:\\\/\\\/pferdepraxis-roedig.de\\\/chirugie\",\"url\":\"https:\\\/\\\/pferdepraxis-roedig.de\\\/chirugie\",\"name\":\"Chirugie - Tier\u00e4rztliche Praxis f\u00fcr Pferde - Dr. Nina R\u00f6dig - Fachtier\u00e4rztin\",\"isPartOf\":{\"@id\":\"https:\\\/\\\/pferdepraxis-roedig.de\\\/#website\"},\"primaryImageOfPage\":{\"@id\":\"https:\\\/\\\/pferdepraxis-roedig.de\\\/chirugie#primaryimage\"},\"image\":{\"@id\":\"https:\\\/\\\/pferdepraxis-roedig.de\\\/chirugie#primaryimage\"},\"thumbnailUrl\":\"https:\\\/\\\/pferdepraxis-roedig.de\\\/wp-content\\\/uploads\\\/2020\\\/12\\\/verletzung_01.jpg\",\"datePublished\":\"2020-11-01T14:13:23+00:00\",\"dateModified\":\"2022-01-17T14:20:53+00:00\",\"description\":\"Zu den chirurgischen Eingriffen, die auch im Heimatstall an Ihrem Pferd durchgef\u00fchrt werden k\u00f6nnen, geh\u00f6ren Verletzungen und kleinere Eingriffe.\",\"breadcrumb\":{\"@id\":\"https:\\\/\\\/pferdepraxis-roedig.de\\\/chirugie#breadcrumb\"},\"inLanguage\":\"en-GB\",\"potentialAction\":[{\"@type\":\"ReadAction\",\"target\":[\"https:\\\/\\\/pferdepraxis-roedig.de\\\/chirugie\"]}]},{\"@type\":\"ImageObject\",\"inLanguage\":\"en-GB\",\"@id\":\"https:\\\/\\\/pferdepraxis-roedig.de\\\/chirugie#primaryimage\",\"url\":\"https:\\\/\\\/pferdepraxis-roedig.de\\\/wp-content\\\/uploads\\\/2020\\\/12\\\/verletzung_01.jpg\",\"contentUrl\":\"https:\\\/\\\/pferdepraxis-roedig.de\\\/wp-content\\\/uploads\\\/2020\\\/12\\\/verletzung_01.jpg\"},{\"@type\":\"BreadcrumbList\",\"@id\":\"https:\\\/\\\/pferdepraxis-roedig.de\\\/chirugie#breadcrumb\",\"itemListElement\":[{\"@type\":\"ListItem\",\"position\":1,\"name\":\"Startseite\",\"item\":\"https:\\\/\\\/pferdepraxis-roedig.de\\\/\"},{\"@type\":\"ListItem\",\"position\":2,\"name\":\"Chirugie\"}]},{\"@type\":\"WebSite\",\"@id\":\"https:\\\/\\\/pferdepraxis-roedig.de\\\/#website\",\"url\":\"https:\\\/\\\/pferdepraxis-roedig.de\\\/\",\"name\":\"Tier\u00e4rztliche Praxis f\u00fcr Pferde - Dr. Nina R\u00f6dig\",\"description\":\"Orthop\u00e4die mit Ultraschall, dig. R\u00f6ntgen &amp; Endoskopie vor Ort. 24h-Notdienst. Zuverl\u00e4ssige Betreuung. Diagnostik M\u00f6glich. Kompetente Beratung.\",\"publisher\":{\"@id\":\"https:\\\/\\\/pferdepraxis-roedig.de\\\/#organization\"},\"potentialAction\":[{\"@type\":\"SearchAction\",\"target\":{\"@type\":\"EntryPoint\",\"urlTemplate\":\"https:\\\/\\\/pferdepraxis-roedig.de\\\/?s={search_term_string}\"},\"query-input\":{\"@type\":\"PropertyValueSpecification\",\"valueRequired\":true,\"valueName\":\"search_term_string\"}}],\"inLanguage\":\"en-GB\"},{\"@type\":\"Organization\",\"@id\":\"https:\\\/\\\/pferdepraxis-roedig.de\\\/#organization\",\"name\":\"Tier\u00e4rztliche Praxis f\u00fcr Pferde - Dr. Nina R\u00f6dig\",\"url\":\"https:\\\/\\\/pferdepraxis-roedig.de\\\/\",\"logo\":{\"@type\":\"ImageObject\",\"inLanguage\":\"en-GB\",\"@id\":\"https:\\\/\\\/pferdepraxis-roedig.de\\\/#\\\/schema\\\/logo\\\/image\\\/\",\"url\":\"https:\\\/\\\/pferdepraxis-roedig.de\\\/wp-content\\\/uploads\\\/2020\\\/12\\\/Logo_Roedig_TPfP_v2.png\",\"contentUrl\":\"https:\\\/\\\/pferdepraxis-roedig.de\\\/wp-content\\\/uploads\\\/2020\\\/12\\\/Logo_Roedig_TPfP_v2.png\",\"width\":1024,\"height\":386,\"caption\":\"Tier\u00e4rztliche Praxis f\u00fcr Pferde - Dr. Nina R\u00f6dig\"},\"image\":{\"@id\":\"https:\\\/\\\/pferdepraxis-roedig.de\\\/#\\\/schema\\\/logo\\\/image\\\/\"},\"sameAs\":[\"https:\\\/\\\/www.facebook.com\\\/tierarztpraxisroedig\\\/\",\"https:\\\/\\\/www.instagram.com\\\/tierarztpraxis_roedig\\\/\"]}]}<\/script>\n<!-- \/ Yoast SEO plugin. -->","yoast_head_json":{"title":"Chirugie - Tier\u00e4rztliche Praxis f\u00fcr Pferde - Dr. Nina R\u00f6dig - Fachtier\u00e4rztin","description":"Zu den chirurgischen Eingriffen, die auch im Heimatstall an Ihrem Pferd durchgef\u00fchrt werden k\u00f6nnen, geh\u00f6ren Verletzungen und kleinere Eingriffe.","robots":{"index":"index","follow":"follow","max-snippet":"max-snippet:-1","max-image-preview":"max-image-preview:large","max-video-preview":"max-video-preview:-1"},"canonical":"https:\/\/pferdepraxis-roedig.de\/en\/chirugie\/","og_locale":"en_GB","og_type":"article","og_title":"Chirugie - Tier\u00e4rztliche Praxis f\u00fcr Pferde - Dr. Nina R\u00f6dig - Fachtier\u00e4rztin","og_description":"Zu den chirurgischen Eingriffen, die auch im Heimatstall an Ihrem Pferd durchgef\u00fchrt werden k\u00f6nnen, geh\u00f6ren Verletzungen und kleinere Eingriffe.","og_url":"https:\/\/pferdepraxis-roedig.de\/en\/chirugie\/","og_site_name":"Tier\u00e4rztliche Praxis f\u00fcr Pferde - Dr. Nina R\u00f6dig - Fachtier\u00e4rztin","article_publisher":"https:\/\/www.facebook.com\/tierarztpraxisroedig\/","article_modified_time":"2022-01-17T14:20:53+00:00","og_image":[{"url":"https:\/\/pferdepraxis-roedig.de\/wp-content\/uploads\/2020\/12\/verletzung_01.jpg","type":"","width":"","height":""}],"twitter_card":"summary_large_image","twitter_misc":{"Estimated reading time":"2 minutes"},"schema":{"@context":"https:\/\/schema.org","@graph":[{"@type":"WebPage","@id":"https:\/\/pferdepraxis-roedig.de\/chirugie","url":"https:\/\/pferdepraxis-roedig.de\/chirugie","name":"Chirugie - Tier\u00e4rztliche Praxis f\u00fcr Pferde - Dr. Nina R\u00f6dig - Fachtier\u00e4rztin","isPartOf":{"@id":"https:\/\/pferdepraxis-roedig.de\/#website"},"primaryImageOfPage":{"@id":"https:\/\/pferdepraxis-roedig.de\/chirugie#primaryimage"},"image":{"@id":"https:\/\/pferdepraxis-roedig.de\/chirugie#primaryimage"},"thumbnailUrl":"https:\/\/pferdepraxis-roedig.de\/wp-content\/uploads\/2020\/12\/verletzung_01.jpg","datePublished":"2020-11-01T14:13:23+00:00","dateModified":"2022-01-17T14:20:53+00:00","description":"Zu den chirurgischen Eingriffen, die auch im Heimatstall an Ihrem Pferd durchgef\u00fchrt werden k\u00f6nnen, geh\u00f6ren Verletzungen und kleinere Eingriffe.","breadcrumb":{"@id":"https:\/\/pferdepraxis-roedig.de\/chirugie#breadcrumb"},"inLanguage":"en-GB","potentialAction":[{"@type":"ReadAction","target":["https:\/\/pferdepraxis-roedig.de\/chirugie"]}]},{"@type":"ImageObject","inLanguage":"en-GB","@id":"https:\/\/pferdepraxis-roedig.de\/chirugie#primaryimage","url":"https:\/\/pferdepraxis-roedig.de\/wp-content\/uploads\/2020\/12\/verletzung_01.jpg","contentUrl":"https:\/\/pferdepraxis-roedig.de\/wp-content\/uploads\/2020\/12\/verletzung_01.jpg"},{"@type":"BreadcrumbList","@id":"https:\/\/pferdepraxis-roedig.de\/chirugie#breadcrumb","itemListElement":[{"@type":"ListItem","position":1,"name":"Startseite","item":"https:\/\/pferdepraxis-roedig.de\/"},{"@type":"ListItem","position":2,"name":"Chirugie"}]},{"@type":"WebSite","@id":"https:\/\/pferdepraxis-roedig.de\/#website","url":"https:\/\/pferdepraxis-roedig.de\/","name":"Veterinary Practice for Horses - Dr. Nina R\u00f6dig","description":"Orthopaedics with ultrasound, digital X-ray &amp; endoscopy on site. 24-hour emergency service. Reliable care. Diagnostics possible. Competent advice.","publisher":{"@id":"https:\/\/pferdepraxis-roedig.de\/#organization"},"potentialAction":[{"@type":"SearchAction","target":{"@type":"EntryPoint","urlTemplate":"https:\/\/pferdepraxis-roedig.de\/?s={search_term_string}"},"query-input":{"@type":"PropertyValueSpecification","valueRequired":true,"valueName":"search_term_string"}}],"inLanguage":"en-GB"},{"@type":"Organization","@id":"https:\/\/pferdepraxis-roedig.de\/#organization","name":"Veterinary Practice for Horses - Dr. Nina R\u00f6dig","url":"https:\/\/pferdepraxis-roedig.de\/","logo":{"@type":"ImageObject","inLanguage":"en-GB","@id":"https:\/\/pferdepraxis-roedig.de\/#\/schema\/logo\/image\/","url":"https:\/\/pferdepraxis-roedig.de\/wp-content\/uploads\/2020\/12\/Logo_Roedig_TPfP_v2.png","contentUrl":"https:\/\/pferdepraxis-roedig.de\/wp-content\/uploads\/2020\/12\/Logo_Roedig_TPfP_v2.png","width":1024,"height":386,"caption":"Tier\u00e4rztliche Praxis f\u00fcr Pferde - Dr. Nina R\u00f6dig"},"image":{"@id":"https:\/\/pferdepraxis-roedig.de\/#\/schema\/logo\/image\/"},"sameAs":["https:\/\/www.facebook.com\/tierarztpraxisroedig\/","https:\/\/www.instagram.com\/tierarztpraxis_roedig\/"]}]}},"_links":{"self":[{"href":"https:\/\/pferdepraxis-roedig.de\/en\/wp-json\/wp\/v2\/pages\/62","targetHints":{"allow":["GET"]}}],"collection":[{"href":"https:\/\/pferdepraxis-roedig.de\/en\/wp-json\/wp\/v2\/pages"}],"about":[{"href":"https:\/\/pferdepraxis-roedig.de\/en\/wp-json\/wp\/v2\/types\/page"}],"author":[{"embeddable":true,"href":"https:\/\/pferdepraxis-roedig.de\/en\/wp-json\/wp\/v2\/users\/1"}],"replies":[{"embeddable":true,"href":"https:\/\/pferdepraxis-roedig.de\/en\/wp-json\/wp\/v2\/comments?post=62"}],"version-history":[{"count":3,"href":"https:\/\/pferdepraxis-roedig.de\/en\/wp-json\/wp\/v2\/pages\/62\/revisions"}],"predecessor-version":[{"id":349,"href":"https:\/\/pferdepraxis-roedig.de\/en\/wp-json\/wp\/v2\/pages\/62\/revisions\/349"}],"wp:attachment":[{"href":"https:\/\/pferdepraxis-roedig.de\/en\/wp-json\/wp\/v2\/media?parent=62"}],"curies":[{"name":"wp","href":"https:\/\/api.w.org\/{rel}","templated":true}]}}