{"id":606,"date":"2024-09-19T21:38:08","date_gmt":"2024-09-19T19:38:08","guid":{"rendered":"https:\/\/pferdepraxis-roedig.de\/?page_id=606"},"modified":"2024-09-19T21:38:09","modified_gmt":"2024-09-19T19:38:09","slug":"west-nile-fever-virus-wnfv-information-for-horse-owners","status":"publish","type":"page","link":"https:\/\/pferdepraxis-roedig.de\/en\/west-nil-fieber-virus-wnfv-informationen-fuer-pferdebesitzer","title":{"rendered":"West Nile Virus (WNV) \u2013 Information for horse owners"},"content":{"rendered":"<p>Here you can find all the essential information about the West Nile virus (WNV), a potentially serious viral infection that can occur in horses.\u00a0<br>\u00a0<br><strong>Was ist das West-Nil-Fieber-Virus?\u00a0<br><\/strong>\u00a0<br>Das West-Nil-Fieber wird durch das West-Nile-Virus verursacht, das haupts\u00e4chlich von Stechm\u00fccken \u00fcbertragen wird. In den letzten Jahren hat die H\u00e4ufigkeit von West-Nil-Fieber in verschiedenen Regionen zugenommen. Daher ist es f\u00fcr Pferdebesitzer unerl\u00e4sslich, sich \u00fcber die Symptome, \u00dcbertragungswege und Pr\u00e4ventionsm\u00f6glichkeiten zu informieren. Hauptwirte des Virus sind Wildv\u00f6gel, insbesondere Raben-, Greif- und Eulenv\u00f6gel.\u00a0<br>\u00a0<br><strong>\u00dcbertragung des West-Nil-Fieber-Virus\u00a0<br><\/strong>\u00a0<br>Das West-Nil-Virus wird vor allem durch den Stich infizierter Stechm\u00fccken \u00fcbertragen. Pferde sind sogenannte \u201eFehlwirte\u201c, was bedeutet, dass sie erkranken k\u00f6nnen, das Virus jedoch nicht in ausreichender Menge produzieren, um andere Pferde zu infizieren. Eine \u00dcbertragung von Pferd zu Pferd ist nicht m\u00f6glich, und auch eine \u00dcbertragung vom Pferd auf den Menschen erfolgt nicht. \u00a0<\/p>\n\n\n\n<figure class=\"wp-block-image size-large is-resized\"><img loading=\"lazy\" decoding=\"async\" width=\"1024\" height=\"683\" src=\"https:\/\/pferdepraxis-roedig.de\/wp-content\/uploads\/2024\/09\/DSC04908-1024x683.jpg\" alt=\"Impfung 1\" class=\"wp-image-607\" style=\"width:645px;height:auto\" srcset=\"https:\/\/pferdepraxis-roedig.de\/wp-content\/uploads\/2024\/09\/DSC04908-1024x683.jpg 1024w, https:\/\/pferdepraxis-roedig.de\/wp-content\/uploads\/2024\/09\/DSC04908-300x200.jpg 300w, https:\/\/pferdepraxis-roedig.de\/wp-content\/uploads\/2024\/09\/DSC04908-768x512.jpg 768w, https:\/\/pferdepraxis-roedig.de\/wp-content\/uploads\/2024\/09\/DSC04908-1536x1024.jpg 1536w, https:\/\/pferdepraxis-roedig.de\/wp-content\/uploads\/2024\/09\/DSC04908-2048x1365.jpg 2048w, https:\/\/pferdepraxis-roedig.de\/wp-content\/uploads\/2024\/09\/DSC04908-700x467.jpg 700w, https:\/\/pferdepraxis-roedig.de\/wp-content\/uploads\/2024\/09\/DSC04908-520x347.jpg 520w, https:\/\/pferdepraxis-roedig.de\/wp-content\/uploads\/2024\/09\/DSC04908-360x240.jpg 360w, https:\/\/pferdepraxis-roedig.de\/wp-content\/uploads\/2024\/09\/DSC04908-250x167.jpg 250w, https:\/\/pferdepraxis-roedig.de\/wp-content\/uploads\/2024\/09\/DSC04908-100x67.jpg 100w\" sizes=\"auto, (max-width: 1024px) 100vw, 1024px\" \/><\/figure>\n\n\n\n<p><strong>Symptome einer WNFV-Infektion\u00a0<br><\/strong>\u00a0<br>Die Inkubationszeit f\u00fcr das West-Nil-Fieber betr\u00e4gt 2 bis 14 Tage. Etwa 80 % der positiv getesteten Pferde zeigen keine oder nur milde Symptome. Bei 8-10 % der ungeimpften Pferde k\u00f6nnen neurologische Symptome auftreten, die von milden bis zu schweren St\u00f6rungen reichen. Zu den h\u00e4ufigsten Anzeichen geh\u00f6ren:\u00a0<br>\u00a0<br>&#8211; Fieber\u00a0<br>&#8211; Appetitlosigkeit\u00a0<br>&#8211; Schw\u00e4che oder Lethargie\u00a0<br>&#8211; Koordinationsst\u00f6rungen (Ataxie)\u00a0<br>&#8211; Zittern oder Muskelzuckungen\u00a0<br>&#8211; Ver\u00e4nderungen im Verhalten\u00a0<br>\u00a0<br>In schweren F\u00e4llen kann das Virus zu einer lebensbedrohlichen Entz\u00fcndung des Gehirns (Enzephalitis) f\u00fchren. Bei Verdacht auf WNFV ist es wichtig, umgehend einen Tierarzt zu konsultieren.\u00a0<br>\u00a0<br><strong>Impfung gegen das West-Nil-Fieber-Virus<\/strong>\u00a0<br>\u00a0<br>Die beste Methode, Ihr Pferd zu sch\u00fctzen, ist die Impfung. Die Impfung gegen WNFV ist eine Einzeltiervakzine, die bereits nach der zweiten Impfung einen Schutz von bis zu 12 Monaten bietet. Die Grundimmunisierung besteht aus zwei Impfungen im Abstand von 4-6 Wochen. Eine j\u00e4hrliche Nachimpfung wird empfohlen, um den Schutz aufrechtzuerhalten.\u00a0<br>\u00a0<br>Die Impfung sollte im Fr\u00fchjahr erfolgen, um Ihr Pferd w\u00e4hrend der M\u00fcckensaison optimal zu sch\u00fctzen. Es gibt keine Gegenanzeigen f\u00fcr die Impfung von tragenden oder laktierenden Stuten.\u00a0<br>\u00a0<br><strong>Aktuelles Geschehen und Empfehlungen<\/strong>\u00a0<br>\u00a0<br>Aktuell wurden Infektionen bei Pferden in mehreren Bundesl\u00e4ndern, darunter Brandenburg, Berlin, Sachsen und Bayern, nachgewiesen. Die StikoVet (st\u00e4ndige Impfkomission f\u00fcr Veterin\u00e4rmedizin) empfiehlt, die Grundimmunisierung vor Beginn der M\u00fcckensaison 2025 abzuschlie\u00dfen.\u00a0<br>\u00a0<br>F\u00fcr weitere Informationen \u00fcber das aktuelle Tierseuchengeschehen besuchen Sie bitte die Webseite des\u202f<a href=\"https:\/\/www.fli.de\/de\/aktuelles\/tierseuchengeschehen\/west-nil-virus\/\" target=\"_blank\" rel=\"noreferrer noopener\">Friedrich-L\u00f6ffler-Instituts<\/a>.\u00a0<br>\u00a0<br><strong>Conclusion<\/strong>\u00a0<br>\u00a0<br>Das West-Nil-Fieber ist eine ernstzunehmende Erkrankung, die durch pr\u00e4ventive Ma\u00dfnahmen wie Impfungen und Aufkl\u00e4rung \u00fcber Symptome und \u00dcbertragungswege kontrolliert werden kann. Bei Fragen oder zur Terminvereinbarung stehen wir Ihnen jederzeit zur Verf\u00fcgung. Sch\u00fctzen Sie Ihr Pferd und informieren Sie sich bei uns!\u00a0<br>\u00a0<br>&#8212;\u00a0<br>\u00a0<br>Do you have any questions or requests regarding horse vaccinations?\u00a0<a href=\"https:\/\/pferdepraxis-roedig.de\/en\/contact\/\">Contact\u00a0<\/a>See us!<\/p>","protected":false},"excerpt":{"rendered":"<p>Hier erfahren Sie alles Wichtige \u00fcber das West-Nil-Fieber-Virus (WNFV), eine potenziell schwere Virusinfektion, die bei Pferden auftreten kann.\u00a0\u00a0Was ist das West-Nil-Fieber-Virus?\u00a0\u00a0Das West-Nil-Fieber wird durch das West-Nile-Virus verursacht, das haupts\u00e4chlich von Stechm\u00fccken \u00fcbertragen wird. In den letzten Jahren hat die H\u00e4ufigkeit [&hellip;]<\/p>\n","protected":false},"author":1,"featured_media":0,"parent":0,"menu_order":0,"comment_status":"closed","ping_status":"closed","template":"","meta":{"footnotes":""},"class_list":["post-606","page","type-page","status-publish","hentry","clearfix"],"yoast_head":"<!-- This site is optimized with the Yoast SEO plugin v27.3 - https:\/\/yoast.com\/product\/yoast-seo-wordpress\/ -->\n<title>West-Nil-Fieber-Virus (WNFV) \u2013 Informationen f\u00fcr Pferdebesitzer - Tier\u00e4rztliche Praxis f\u00fcr Pferde - Dr. Nina R\u00f6dig - Fachtier\u00e4rztin<\/title>\n<meta name=\"description\" content=\"Hier erfahren Sie alles Wichtige \u00fcber das West-Nil-Fieber-Virus (WNFV), eine potenziell schwere Virusinfektion, die bei Pferden auftreten kann.\u00a0\" \/>\n<meta name=\"robots\" content=\"index, follow, max-snippet:-1, max-image-preview:large, max-video-preview:-1\" \/>\n<link rel=\"canonical\" href=\"https:\/\/pferdepraxis-roedig.de\/en\/west-nile-fever-virus-wnfv-information-for-horse-owners\/\" \/>\n<meta property=\"og:locale\" content=\"en_GB\" \/>\n<meta property=\"og:type\" content=\"article\" \/>\n<meta property=\"og:title\" content=\"West-Nil-Fieber-Virus (WNFV) \u2013 Informationen f\u00fcr Pferdebesitzer - Tier\u00e4rztliche Praxis f\u00fcr Pferde - Dr. Nina R\u00f6dig - Fachtier\u00e4rztin\" \/>\n<meta property=\"og:description\" content=\"Hier erfahren Sie alles Wichtige \u00fcber das West-Nil-Fieber-Virus (WNFV), eine potenziell schwere Virusinfektion, die bei Pferden auftreten kann.\u00a0\" \/>\n<meta property=\"og:url\" content=\"https:\/\/pferdepraxis-roedig.de\/en\/west-nile-fever-virus-wnfv-information-for-horse-owners\/\" \/>\n<meta property=\"og:site_name\" content=\"Tier\u00e4rztliche Praxis f\u00fcr Pferde - Dr. Nina R\u00f6dig - Fachtier\u00e4rztin\" \/>\n<meta property=\"article:publisher\" content=\"https:\/\/www.facebook.com\/tierarztpraxisroedig\/\" \/>\n<meta property=\"article:modified_time\" content=\"2024-09-19T19:38:09+00:00\" \/>\n<meta property=\"og:image\" content=\"https:\/\/pferdepraxis-roedig.de\/wp-content\/uploads\/2024\/09\/DSC04908-1024x683.jpg\" \/>\n<meta name=\"twitter:card\" content=\"summary_large_image\" \/>\n<meta name=\"twitter:label1\" content=\"Estimated reading time\" \/>\n\t<meta name=\"twitter:data1\" content=\"2 minutes\" \/>\n<script type=\"application\/ld+json\" class=\"yoast-schema-graph\">{\"@context\":\"https:\\\/\\\/schema.org\",\"@graph\":[{\"@type\":\"WebPage\",\"@id\":\"https:\\\/\\\/pferdepraxis-roedig.de\\\/west-nil-fieber-virus-wnfv-informationen-fuer-pferdebesitzer\",\"url\":\"https:\\\/\\\/pferdepraxis-roedig.de\\\/west-nil-fieber-virus-wnfv-informationen-fuer-pferdebesitzer\",\"name\":\"West-Nil-Fieber-Virus (WNFV) \u2013 Informationen f\u00fcr Pferdebesitzer - Tier\u00e4rztliche Praxis f\u00fcr Pferde - Dr. Nina R\u00f6dig - Fachtier\u00e4rztin\",\"isPartOf\":{\"@id\":\"https:\\\/\\\/pferdepraxis-roedig.de\\\/#website\"},\"primaryImageOfPage\":{\"@id\":\"https:\\\/\\\/pferdepraxis-roedig.de\\\/west-nil-fieber-virus-wnfv-informationen-fuer-pferdebesitzer#primaryimage\"},\"image\":{\"@id\":\"https:\\\/\\\/pferdepraxis-roedig.de\\\/west-nil-fieber-virus-wnfv-informationen-fuer-pferdebesitzer#primaryimage\"},\"thumbnailUrl\":\"https:\\\/\\\/pferdepraxis-roedig.de\\\/wp-content\\\/uploads\\\/2024\\\/09\\\/DSC04908-1024x683.jpg\",\"datePublished\":\"2024-09-19T19:38:08+00:00\",\"dateModified\":\"2024-09-19T19:38:09+00:00\",\"description\":\"Hier erfahren Sie alles Wichtige \u00fcber das West-Nil-Fieber-Virus (WNFV), eine potenziell schwere Virusinfektion, die bei Pferden auftreten kann.\u00a0\",\"breadcrumb\":{\"@id\":\"https:\\\/\\\/pferdepraxis-roedig.de\\\/west-nil-fieber-virus-wnfv-informationen-fuer-pferdebesitzer#breadcrumb\"},\"inLanguage\":\"en-GB\",\"potentialAction\":[{\"@type\":\"ReadAction\",\"target\":[\"https:\\\/\\\/pferdepraxis-roedig.de\\\/west-nil-fieber-virus-wnfv-informationen-fuer-pferdebesitzer\"]}]},{\"@type\":\"ImageObject\",\"inLanguage\":\"en-GB\",\"@id\":\"https:\\\/\\\/pferdepraxis-roedig.de\\\/west-nil-fieber-virus-wnfv-informationen-fuer-pferdebesitzer#primaryimage\",\"url\":\"https:\\\/\\\/pferdepraxis-roedig.de\\\/wp-content\\\/uploads\\\/2024\\\/09\\\/DSC04908-1024x683.jpg\",\"contentUrl\":\"https:\\\/\\\/pferdepraxis-roedig.de\\\/wp-content\\\/uploads\\\/2024\\\/09\\\/DSC04908-1024x683.jpg\"},{\"@type\":\"BreadcrumbList\",\"@id\":\"https:\\\/\\\/pferdepraxis-roedig.de\\\/west-nil-fieber-virus-wnfv-informationen-fuer-pferdebesitzer#breadcrumb\",\"itemListElement\":[{\"@type\":\"ListItem\",\"position\":1,\"name\":\"Startseite\",\"item\":\"https:\\\/\\\/pferdepraxis-roedig.de\\\/\"},{\"@type\":\"ListItem\",\"position\":2,\"name\":\"West-Nil-Fieber-Virus (WNFV) \u2013 Informationen f\u00fcr Pferdebesitzer\"}]},{\"@type\":\"WebSite\",\"@id\":\"https:\\\/\\\/pferdepraxis-roedig.de\\\/#website\",\"url\":\"https:\\\/\\\/pferdepraxis-roedig.de\\\/\",\"name\":\"Tier\u00e4rztliche Praxis f\u00fcr Pferde - Dr. Nina R\u00f6dig\",\"description\":\"Orthop\u00e4die mit Ultraschall, dig. R\u00f6ntgen &amp; Endoskopie vor Ort. 24h-Notdienst. Zuverl\u00e4ssige Betreuung. Diagnostik M\u00f6glich. Kompetente Beratung.\",\"publisher\":{\"@id\":\"https:\\\/\\\/pferdepraxis-roedig.de\\\/#organization\"},\"potentialAction\":[{\"@type\":\"SearchAction\",\"target\":{\"@type\":\"EntryPoint\",\"urlTemplate\":\"https:\\\/\\\/pferdepraxis-roedig.de\\\/?s={search_term_string}\"},\"query-input\":{\"@type\":\"PropertyValueSpecification\",\"valueRequired\":true,\"valueName\":\"search_term_string\"}}],\"inLanguage\":\"en-GB\"},{\"@type\":\"Organization\",\"@id\":\"https:\\\/\\\/pferdepraxis-roedig.de\\\/#organization\",\"name\":\"Tier\u00e4rztliche Praxis f\u00fcr Pferde - Dr. Nina R\u00f6dig\",\"url\":\"https:\\\/\\\/pferdepraxis-roedig.de\\\/\",\"logo\":{\"@type\":\"ImageObject\",\"inLanguage\":\"en-GB\",\"@id\":\"https:\\\/\\\/pferdepraxis-roedig.de\\\/#\\\/schema\\\/logo\\\/image\\\/\",\"url\":\"https:\\\/\\\/pferdepraxis-roedig.de\\\/wp-content\\\/uploads\\\/2020\\\/12\\\/Logo_Roedig_TPfP_v2.png\",\"contentUrl\":\"https:\\\/\\\/pferdepraxis-roedig.de\\\/wp-content\\\/uploads\\\/2020\\\/12\\\/Logo_Roedig_TPfP_v2.png\",\"width\":1024,\"height\":386,\"caption\":\"Tier\u00e4rztliche Praxis f\u00fcr Pferde - Dr. Nina R\u00f6dig\"},\"image\":{\"@id\":\"https:\\\/\\\/pferdepraxis-roedig.de\\\/#\\\/schema\\\/logo\\\/image\\\/\"},\"sameAs\":[\"https:\\\/\\\/www.facebook.com\\\/tierarztpraxisroedig\\\/\",\"https:\\\/\\\/www.instagram.com\\\/tierarztpraxis_roedig\\\/\"]}]}<\/script>\n<!-- \/ Yoast SEO plugin. -->","yoast_head_json":{"title":"West Nile Fever Virus (WNFV) \u2013 Information for Horse Owners - Veterinary Practice for Horses - Dr. Nina R\u00f6dig - Specialist Veterinarian","description":"Here you can find all the essential information about the West Nile virus (WNV), a potentially serious viral infection that can occur in horses.\u00a0","robots":{"index":"index","follow":"follow","max-snippet":"max-snippet:-1","max-image-preview":"max-image-preview:large","max-video-preview":"max-video-preview:-1"},"canonical":"https:\/\/pferdepraxis-roedig.de\/en\/west-nile-fever-virus-wnfv-information-for-horse-owners\/","og_locale":"en_GB","og_type":"article","og_title":"West-Nil-Fieber-Virus (WNFV) \u2013 Informationen f\u00fcr Pferdebesitzer - Tier\u00e4rztliche Praxis f\u00fcr Pferde - Dr. Nina R\u00f6dig - Fachtier\u00e4rztin","og_description":"Hier erfahren Sie alles Wichtige \u00fcber das West-Nil-Fieber-Virus (WNFV), eine potenziell schwere Virusinfektion, die bei Pferden auftreten kann.\u00a0","og_url":"https:\/\/pferdepraxis-roedig.de\/en\/west-nile-fever-virus-wnfv-information-for-horse-owners\/","og_site_name":"Tier\u00e4rztliche Praxis f\u00fcr Pferde - Dr. Nina R\u00f6dig - Fachtier\u00e4rztin","article_publisher":"https:\/\/www.facebook.com\/tierarztpraxisroedig\/","article_modified_time":"2024-09-19T19:38:09+00:00","og_image":[{"url":"https:\/\/pferdepraxis-roedig.de\/wp-content\/uploads\/2024\/09\/DSC04908-1024x683.jpg","type":"","width":"","height":""}],"twitter_card":"summary_large_image","twitter_misc":{"Estimated reading time":"2 minutes"},"schema":{"@context":"https:\/\/schema.org","@graph":[{"@type":"WebPage","@id":"https:\/\/pferdepraxis-roedig.de\/west-nil-fieber-virus-wnfv-informationen-fuer-pferdebesitzer","url":"https:\/\/pferdepraxis-roedig.de\/west-nil-fieber-virus-wnfv-informationen-fuer-pferdebesitzer","name":"West Nile Fever Virus (WNFV) \u2013 Information for Horse Owners - Veterinary Practice for Horses - Dr. Nina R\u00f6dig - Specialist Veterinarian","isPartOf":{"@id":"https:\/\/pferdepraxis-roedig.de\/#website"},"primaryImageOfPage":{"@id":"https:\/\/pferdepraxis-roedig.de\/west-nil-fieber-virus-wnfv-informationen-fuer-pferdebesitzer#primaryimage"},"image":{"@id":"https:\/\/pferdepraxis-roedig.de\/west-nil-fieber-virus-wnfv-informationen-fuer-pferdebesitzer#primaryimage"},"thumbnailUrl":"https:\/\/pferdepraxis-roedig.de\/wp-content\/uploads\/2024\/09\/DSC04908-1024x683.jpg","datePublished":"2024-09-19T19:38:08+00:00","dateModified":"2024-09-19T19:38:09+00:00","description":"Here you can find all the essential information about the West Nile virus (WNV), a potentially serious viral infection that can occur in horses.\u00a0","breadcrumb":{"@id":"https:\/\/pferdepraxis-roedig.de\/west-nil-fieber-virus-wnfv-informationen-fuer-pferdebesitzer#breadcrumb"},"inLanguage":"en-GB","potentialAction":[{"@type":"ReadAction","target":["https:\/\/pferdepraxis-roedig.de\/west-nil-fieber-virus-wnfv-informationen-fuer-pferdebesitzer"]}]},{"@type":"ImageObject","inLanguage":"en-GB","@id":"https:\/\/pferdepraxis-roedig.de\/west-nil-fieber-virus-wnfv-informationen-fuer-pferdebesitzer#primaryimage","url":"https:\/\/pferdepraxis-roedig.de\/wp-content\/uploads\/2024\/09\/DSC04908-1024x683.jpg","contentUrl":"https:\/\/pferdepraxis-roedig.de\/wp-content\/uploads\/2024\/09\/DSC04908-1024x683.jpg"},{"@type":"BreadcrumbList","@id":"https:\/\/pferdepraxis-roedig.de\/west-nil-fieber-virus-wnfv-informationen-fuer-pferdebesitzer#breadcrumb","itemListElement":[{"@type":"ListItem","position":1,"name":"Startseite","item":"https:\/\/pferdepraxis-roedig.de\/"},{"@type":"ListItem","position":2,"name":"West-Nil-Fieber-Virus (WNFV) \u2013 Informationen f\u00fcr Pferdebesitzer"}]},{"@type":"WebSite","@id":"https:\/\/pferdepraxis-roedig.de\/#website","url":"https:\/\/pferdepraxis-roedig.de\/","name":"Veterinary Practice for Horses - Dr. Nina R\u00f6dig","description":"Orthopaedics with ultrasound, digital X-ray &amp; endoscopy on site. 24-hour emergency service. Reliable care. Diagnostics possible. Competent advice.","publisher":{"@id":"https:\/\/pferdepraxis-roedig.de\/#organization"},"potentialAction":[{"@type":"SearchAction","target":{"@type":"EntryPoint","urlTemplate":"https:\/\/pferdepraxis-roedig.de\/?s={search_term_string}"},"query-input":{"@type":"PropertyValueSpecification","valueRequired":true,"valueName":"search_term_string"}}],"inLanguage":"en-GB"},{"@type":"Organization","@id":"https:\/\/pferdepraxis-roedig.de\/#organization","name":"Veterinary Practice for Horses - Dr. Nina R\u00f6dig","url":"https:\/\/pferdepraxis-roedig.de\/","logo":{"@type":"ImageObject","inLanguage":"en-GB","@id":"https:\/\/pferdepraxis-roedig.de\/#\/schema\/logo\/image\/","url":"https:\/\/pferdepraxis-roedig.de\/wp-content\/uploads\/2020\/12\/Logo_Roedig_TPfP_v2.png","contentUrl":"https:\/\/pferdepraxis-roedig.de\/wp-content\/uploads\/2020\/12\/Logo_Roedig_TPfP_v2.png","width":1024,"height":386,"caption":"Tier\u00e4rztliche Praxis f\u00fcr Pferde - Dr. Nina R\u00f6dig"},"image":{"@id":"https:\/\/pferdepraxis-roedig.de\/#\/schema\/logo\/image\/"},"sameAs":["https:\/\/www.facebook.com\/tierarztpraxisroedig\/","https:\/\/www.instagram.com\/tierarztpraxis_roedig\/"]}]}},"_links":{"self":[{"href":"https:\/\/pferdepraxis-roedig.de\/en\/wp-json\/wp\/v2\/pages\/606","targetHints":{"allow":["GET"]}}],"collection":[{"href":"https:\/\/pferdepraxis-roedig.de\/en\/wp-json\/wp\/v2\/pages"}],"about":[{"href":"https:\/\/pferdepraxis-roedig.de\/en\/wp-json\/wp\/v2\/types\/page"}],"author":[{"embeddable":true,"href":"https:\/\/pferdepraxis-roedig.de\/en\/wp-json\/wp\/v2\/users\/1"}],"replies":[{"embeddable":true,"href":"https:\/\/pferdepraxis-roedig.de\/en\/wp-json\/wp\/v2\/comments?post=606"}],"version-history":[{"count":1,"href":"https:\/\/pferdepraxis-roedig.de\/en\/wp-json\/wp\/v2\/pages\/606\/revisions"}],"predecessor-version":[{"id":608,"href":"https:\/\/pferdepraxis-roedig.de\/en\/wp-json\/wp\/v2\/pages\/606\/revisions\/608"}],"wp:attachment":[{"href":"https:\/\/pferdepraxis-roedig.de\/en\/wp-json\/wp\/v2\/media?parent=606"}],"curies":[{"name":"wp","href":"https:\/\/api.w.org\/{rel}","templated":true}]}}