{"id":581,"date":"2024-04-16T09:26:00","date_gmt":"2024-04-16T07:26:00","guid":{"rendered":"https:\/\/pferdepraxis-roedig.de\/?page_id=581"},"modified":"2025-01-22T15:59:24","modified_gmt":"2025-01-22T14:59:24","slug":"gastroskopie-magenulcera-beim-pferd","status":"publish","type":"page","link":"https:\/\/pferdepraxis-roedig.de\/en\/gastroskopie-magenulcera-beim-pferd","title":{"rendered":"Gastroskopie beim Pferd &#8211; Pr\u00e4zise Diagnose und effektive Behandlung"},"content":{"rendered":"<h2 class=\"wp-block-heading\"><strong>Was ist eine ambulante Gastroskopie beim Pferd?<\/strong><\/h2>\n\n\n\n<p>Magenprobleme wie Magengeschw\u00fcre (Magenulcera) sind beim Pferd h\u00e4ufig und k\u00f6nnen zu ernsthaften Gesundheitsst\u00f6rungen f\u00fchren. In der Tierarztpraxis Dr. Nina R\u00f6dig bieten wir eine moderne und schonende Methode zur Diagnose und Behandlung von Magenerkrankungen: Die <strong>Ambulante<\/strong> <strong>Gastroscopy on horses<\/strong>. Diese pr\u00e4zise Untersuchung erm\u00f6glicht es, Magenprobleme wie Magengeschw\u00fcre und Entz\u00fcndungen schnell und zuverl\u00e4ssig zu erkennen.<\/p>\n\n\n\n<figure class=\"wp-block-image size-large is-resized\"><img loading=\"lazy\" decoding=\"async\" width=\"768\" height=\"1024\" src=\"https:\/\/pferdepraxis-roedig.de\/wp-content\/uploads\/2024\/09\/IMG_4376-768x1024.jpeg\" alt=\"Bild Gastroskopie\" class=\"wp-image-597\" style=\"width:440px;height:auto\" srcset=\"https:\/\/pferdepraxis-roedig.de\/wp-content\/uploads\/2024\/09\/IMG_4376-768x1024.jpeg 768w, https:\/\/pferdepraxis-roedig.de\/wp-content\/uploads\/2024\/09\/IMG_4376-225x300.jpeg 225w, https:\/\/pferdepraxis-roedig.de\/wp-content\/uploads\/2024\/09\/IMG_4376-1152x1536.jpeg 1152w, https:\/\/pferdepraxis-roedig.de\/wp-content\/uploads\/2024\/09\/IMG_4376-700x933.jpeg 700w, https:\/\/pferdepraxis-roedig.de\/wp-content\/uploads\/2024\/09\/IMG_4376-520x693.jpeg 520w, https:\/\/pferdepraxis-roedig.de\/wp-content\/uploads\/2024\/09\/IMG_4376-360x480.jpeg 360w, https:\/\/pferdepraxis-roedig.de\/wp-content\/uploads\/2024\/09\/IMG_4376-250x333.jpeg 250w, https:\/\/pferdepraxis-roedig.de\/wp-content\/uploads\/2024\/09\/IMG_4376-100x133.jpeg 100w, https:\/\/pferdepraxis-roedig.de\/wp-content\/uploads\/2024\/09\/IMG_4376.jpeg 1200w\" sizes=\"auto, (max-width: 768px) 100vw, 768px\" \/><\/figure>\n\n\n\n<p>The <strong>Gastroscopy on horses<\/strong>, also <strong>Magenspiegelung beim Pferd<\/strong> genannt, ist ein minimalinvasives Verfahren, das ohne gro\u00dfen chirurgischen Eingriff auskommt. Dabei wird das Endoskop \u00fcber die Speiser\u00f6hre in den Magen des Pferdes eingef\u00fchrt. Mit dieser Technik k\u00f6nnen wir die Magenschleimhaut und den oberen D\u00fcnndarm gr\u00fcndlich untersuchen. Dabei werden Magengeschw\u00fcre, Schleimhautl\u00e4sionen, chronische Entz\u00fcndungen oder andere pathologische Ver\u00e4nderungen schnell und zuverl\u00e4ssig erkannt und diagnostiziert.\u00a0<\/p>\n\n\n\n<h2 class=\"wp-block-heading\"><strong>Vorteile der ambulanten Gastroskopie<\/strong> <strong>im Stall<\/strong><\/h2>\n\n\n\n<p>Ein gro\u00dfer Vorteil unserer Praxis ist die <strong>ambulante Gastroskopie im Stall<\/strong>. Diese Methode erspart Ihrem Pferd den Stress eines Transportes in eine Pferdeklinik- oder Praxis. Die Untersuchung erfolgt in der gewohnten Umgebung Ihres Pferdes, dies sorgt f\u00fcr eine ruhigere Atmosph\u00e4re. F\u00fcr die Untersuchung bekommt Ihr Pferd eine gering dosierte Sedierung, um den Stress der Untersuchung weiter zu minimieren. Mit der <strong>Magenspiegelung im Stall<\/strong> erhalten Sie eine schnelle und genaue Diagnose, ohne Ihr Pferd unn\u00f6tig zu belasten.\u00a0<\/p>\n\n\n\n<figure class=\"wp-block-image size-large is-resized\"><img loading=\"lazy\" decoding=\"async\" width=\"768\" height=\"1024\" src=\"https:\/\/pferdepraxis-roedig.de\/wp-content\/uploads\/2024\/09\/IMG_4375-768x1024.jpeg\" alt=\"Bild Gastroskopie 2\" class=\"wp-image-600\" style=\"width:387px;height:auto\" srcset=\"https:\/\/pferdepraxis-roedig.de\/wp-content\/uploads\/2024\/09\/IMG_4375-768x1024.jpeg 768w, https:\/\/pferdepraxis-roedig.de\/wp-content\/uploads\/2024\/09\/IMG_4375-225x300.jpeg 225w, https:\/\/pferdepraxis-roedig.de\/wp-content\/uploads\/2024\/09\/IMG_4375-1152x1536.jpeg 1152w, https:\/\/pferdepraxis-roedig.de\/wp-content\/uploads\/2024\/09\/IMG_4375-700x933.jpeg 700w, https:\/\/pferdepraxis-roedig.de\/wp-content\/uploads\/2024\/09\/IMG_4375-520x693.jpeg 520w, https:\/\/pferdepraxis-roedig.de\/wp-content\/uploads\/2024\/09\/IMG_4375-360x480.jpeg 360w, https:\/\/pferdepraxis-roedig.de\/wp-content\/uploads\/2024\/09\/IMG_4375-250x333.jpeg 250w, https:\/\/pferdepraxis-roedig.de\/wp-content\/uploads\/2024\/09\/IMG_4375-100x133.jpeg 100w, https:\/\/pferdepraxis-roedig.de\/wp-content\/uploads\/2024\/09\/IMG_4375.jpeg 1200w\" sizes=\"auto, (max-width: 768px) 100vw, 768px\" \/><\/figure>\n\n\n\n<h2 class=\"wp-block-heading\"><strong>Wann ist eine Gastroskopie sinnvoll?<\/strong>\u00a0<\/h2>\n\n\n\n<p>Eine Gastroskopie wird besonders bei Symptomen wie Koliken, Appetitlosigkeit, Verhaltens\u00e4nderungen, Sattelzwang, pl\u00f6tzlich aufgetretene Bewegungsunlust oder Ver\u00e4nderungen im Verhalten, die auf Schmerzen hindeuten k\u00f6nnten, empfohlen. Auch bei Leistungspferden kann eine regelm\u00e4\u00dfige Untersuchung helfen, Magenprobleme fr\u00fchzeitig zu erkennen und rechtzeitig und zielgenau zu behandeln. Auch eine Folgeuntersuchung nach erster Diagnosestellung ist selbstverst\u00e4ndlich m\u00f6glich.\u00a0\u00a0<\/p>\n\n\n\n<p>Vertrauen Sie auf die Expertise der <strong>Veterinary Practice Dr. Nina R\u00f6dig<\/strong> und lassen Sie Ihr Pferd stressfrei und umfassend untersuchen. <a href=\"https:\/\/pferdepraxis-roedig.de\/en\/contact\/\">Contact<\/a> Sie uns, um eine <strong>Magenspiegelung im Stall<\/strong> zu vereinbaren und gemeinsam einen individuellen Therapieplan zu erstellen.\u00a0<\/p>","protected":false},"excerpt":{"rendered":"<p>Was ist eine ambulante Gastroskopie beim Pferd? Magenprobleme wie Magengeschw\u00fcre (Magenulcera) sind beim Pferd h\u00e4ufig und k\u00f6nnen zu ernsthaften Gesundheitsst\u00f6rungen f\u00fchren. In der Tierarztpraxis Dr. Nina R\u00f6dig bieten wir eine moderne und schonende Methode zur Diagnose und Behandlung von Magenerkrankungen: [&hellip;]<\/p>\n","protected":false},"author":1,"featured_media":0,"parent":0,"menu_order":0,"comment_status":"closed","ping_status":"closed","template":"","meta":{"footnotes":""},"class_list":["post-581","page","type-page","status-publish","hentry","clearfix"],"yoast_head":"<!-- This site is optimized with the Yoast SEO plugin v27.3 - https:\/\/yoast.com\/product\/yoast-seo-wordpress\/ -->\n<title>Gastroskopie beim Pferd - Fachtierarzt Dr. Nina R\u00f6dig<\/title>\n<meta name=\"description\" content=\"Wenn Sie Anzeichen f\u00fcr Magenprobleme bemerken, ist eine Gastroskopie beim Pferd, auch durch einen erfahrenen Tierarzt unerl\u00e4sslich.\" \/>\n<meta name=\"robots\" content=\"index, follow, max-snippet:-1, max-image-preview:large, max-video-preview:-1\" \/>\n<link rel=\"canonical\" href=\"https:\/\/pferdepraxis-roedig.de\/en\/gastroskopie-magenulcera-beim-pferd\/\" \/>\n<meta property=\"og:locale\" content=\"en_GB\" \/>\n<meta property=\"og:type\" content=\"article\" \/>\n<meta property=\"og:title\" content=\"Gastroskopie beim Pferd - Fachtierarzt Dr. Nina R\u00f6dig\" \/>\n<meta property=\"og:description\" content=\"Wenn Sie Anzeichen f\u00fcr Magenprobleme bemerken, ist eine Gastroskopie beim Pferd, auch durch einen erfahrenen Tierarzt unerl\u00e4sslich.\" \/>\n<meta property=\"og:url\" content=\"https:\/\/pferdepraxis-roedig.de\/en\/gastroskopie-magenulcera-beim-pferd\/\" \/>\n<meta property=\"og:site_name\" content=\"Tier\u00e4rztliche Praxis f\u00fcr Pferde - Dr. Nina R\u00f6dig - Fachtier\u00e4rztin\" \/>\n<meta property=\"article:publisher\" content=\"https:\/\/www.facebook.com\/tierarztpraxisroedig\/\" \/>\n<meta property=\"article:modified_time\" content=\"2025-01-22T14:59:24+00:00\" \/>\n<meta property=\"og:image\" content=\"https:\/\/pferdepraxis-roedig.de\/wp-content\/uploads\/2024\/09\/IMG_4376.jpeg\" \/>\n\t<meta property=\"og:image:width\" content=\"1200\" \/>\n\t<meta property=\"og:image:height\" content=\"1600\" \/>\n\t<meta property=\"og:image:type\" content=\"image\/jpeg\" \/>\n<meta name=\"twitter:card\" content=\"summary_large_image\" \/>\n<meta name=\"twitter:label1\" content=\"Estimated reading time\" \/>\n\t<meta name=\"twitter:data1\" content=\"2 minutes\" \/>\n<script type=\"application\/ld+json\" class=\"yoast-schema-graph\">{\"@context\":\"https:\\\/\\\/schema.org\",\"@graph\":[{\"@type\":\"WebPage\",\"@id\":\"https:\\\/\\\/pferdepraxis-roedig.de\\\/gastroskopie-magenulcera-beim-pferd\",\"url\":\"https:\\\/\\\/pferdepraxis-roedig.de\\\/gastroskopie-magenulcera-beim-pferd\",\"name\":\"Gastroskopie beim Pferd - Fachtierarzt Dr. Nina R\u00f6dig\",\"isPartOf\":{\"@id\":\"https:\\\/\\\/pferdepraxis-roedig.de\\\/#website\"},\"primaryImageOfPage\":{\"@id\":\"https:\\\/\\\/pferdepraxis-roedig.de\\\/gastroskopie-magenulcera-beim-pferd#primaryimage\"},\"image\":{\"@id\":\"https:\\\/\\\/pferdepraxis-roedig.de\\\/gastroskopie-magenulcera-beim-pferd#primaryimage\"},\"thumbnailUrl\":\"https:\\\/\\\/pferdepraxis-roedig.de\\\/wp-content\\\/uploads\\\/2024\\\/09\\\/IMG_4376-768x1024.jpeg\",\"datePublished\":\"2024-04-16T07:26:00+00:00\",\"dateModified\":\"2025-01-22T14:59:24+00:00\",\"description\":\"Wenn Sie Anzeichen f\u00fcr Magenprobleme bemerken, ist eine Gastroskopie beim Pferd, auch durch einen erfahrenen Tierarzt unerl\u00e4sslich.\",\"breadcrumb\":{\"@id\":\"https:\\\/\\\/pferdepraxis-roedig.de\\\/gastroskopie-magenulcera-beim-pferd#breadcrumb\"},\"inLanguage\":\"en-GB\",\"potentialAction\":[{\"@type\":\"ReadAction\",\"target\":[\"https:\\\/\\\/pferdepraxis-roedig.de\\\/gastroskopie-magenulcera-beim-pferd\"]}]},{\"@type\":\"ImageObject\",\"inLanguage\":\"en-GB\",\"@id\":\"https:\\\/\\\/pferdepraxis-roedig.de\\\/gastroskopie-magenulcera-beim-pferd#primaryimage\",\"url\":\"https:\\\/\\\/pferdepraxis-roedig.de\\\/wp-content\\\/uploads\\\/2024\\\/09\\\/IMG_4376-768x1024.jpeg\",\"contentUrl\":\"https:\\\/\\\/pferdepraxis-roedig.de\\\/wp-content\\\/uploads\\\/2024\\\/09\\\/IMG_4376-768x1024.jpeg\"},{\"@type\":\"BreadcrumbList\",\"@id\":\"https:\\\/\\\/pferdepraxis-roedig.de\\\/gastroskopie-magenulcera-beim-pferd#breadcrumb\",\"itemListElement\":[{\"@type\":\"ListItem\",\"position\":1,\"name\":\"Startseite\",\"item\":\"https:\\\/\\\/pferdepraxis-roedig.de\\\/\"},{\"@type\":\"ListItem\",\"position\":2,\"name\":\"Gastroskopie beim Pferd &#8211; Pr\u00e4zise Diagnose und effektive Behandlung\"}]},{\"@type\":\"WebSite\",\"@id\":\"https:\\\/\\\/pferdepraxis-roedig.de\\\/#website\",\"url\":\"https:\\\/\\\/pferdepraxis-roedig.de\\\/\",\"name\":\"Tier\u00e4rztliche Praxis f\u00fcr Pferde - Dr. Nina R\u00f6dig\",\"description\":\"Orthop\u00e4die mit Ultraschall, dig. R\u00f6ntgen &amp; Endoskopie vor Ort. 24h-Notdienst. Zuverl\u00e4ssige Betreuung. Diagnostik M\u00f6glich. Kompetente Beratung.\",\"publisher\":{\"@id\":\"https:\\\/\\\/pferdepraxis-roedig.de\\\/#organization\"},\"potentialAction\":[{\"@type\":\"SearchAction\",\"target\":{\"@type\":\"EntryPoint\",\"urlTemplate\":\"https:\\\/\\\/pferdepraxis-roedig.de\\\/?s={search_term_string}\"},\"query-input\":{\"@type\":\"PropertyValueSpecification\",\"valueRequired\":true,\"valueName\":\"search_term_string\"}}],\"inLanguage\":\"en-GB\"},{\"@type\":\"Organization\",\"@id\":\"https:\\\/\\\/pferdepraxis-roedig.de\\\/#organization\",\"name\":\"Tier\u00e4rztliche Praxis f\u00fcr Pferde - Dr. Nina R\u00f6dig\",\"url\":\"https:\\\/\\\/pferdepraxis-roedig.de\\\/\",\"logo\":{\"@type\":\"ImageObject\",\"inLanguage\":\"en-GB\",\"@id\":\"https:\\\/\\\/pferdepraxis-roedig.de\\\/#\\\/schema\\\/logo\\\/image\\\/\",\"url\":\"https:\\\/\\\/pferdepraxis-roedig.de\\\/wp-content\\\/uploads\\\/2020\\\/12\\\/Logo_Roedig_TPfP_v2.png\",\"contentUrl\":\"https:\\\/\\\/pferdepraxis-roedig.de\\\/wp-content\\\/uploads\\\/2020\\\/12\\\/Logo_Roedig_TPfP_v2.png\",\"width\":1024,\"height\":386,\"caption\":\"Tier\u00e4rztliche Praxis f\u00fcr Pferde - Dr. Nina R\u00f6dig\"},\"image\":{\"@id\":\"https:\\\/\\\/pferdepraxis-roedig.de\\\/#\\\/schema\\\/logo\\\/image\\\/\"},\"sameAs\":[\"https:\\\/\\\/www.facebook.com\\\/tierarztpraxisroedig\\\/\",\"https:\\\/\\\/www.instagram.com\\\/tierarztpraxis_roedig\\\/\"]}]}<\/script>\n<!-- \/ Yoast SEO plugin. -->","yoast_head_json":{"title":"Gastroskopie beim Pferd - Fachtierarzt Dr. Nina R\u00f6dig","description":"Wenn Sie Anzeichen f\u00fcr Magenprobleme bemerken, ist eine Gastroskopie beim Pferd, auch durch einen erfahrenen Tierarzt unerl\u00e4sslich.","robots":{"index":"index","follow":"follow","max-snippet":"max-snippet:-1","max-image-preview":"max-image-preview:large","max-video-preview":"max-video-preview:-1"},"canonical":"https:\/\/pferdepraxis-roedig.de\/en\/gastroskopie-magenulcera-beim-pferd\/","og_locale":"en_GB","og_type":"article","og_title":"Gastroskopie beim Pferd - Fachtierarzt Dr. Nina R\u00f6dig","og_description":"Wenn Sie Anzeichen f\u00fcr Magenprobleme bemerken, ist eine Gastroskopie beim Pferd, auch durch einen erfahrenen Tierarzt unerl\u00e4sslich.","og_url":"https:\/\/pferdepraxis-roedig.de\/en\/gastroskopie-magenulcera-beim-pferd\/","og_site_name":"Tier\u00e4rztliche Praxis f\u00fcr Pferde - Dr. Nina R\u00f6dig - Fachtier\u00e4rztin","article_publisher":"https:\/\/www.facebook.com\/tierarztpraxisroedig\/","article_modified_time":"2025-01-22T14:59:24+00:00","og_image":[{"width":1200,"height":1600,"url":"https:\/\/pferdepraxis-roedig.de\/wp-content\/uploads\/2024\/09\/IMG_4376.jpeg","type":"image\/jpeg"}],"twitter_card":"summary_large_image","twitter_misc":{"Estimated reading time":"2 minutes"},"schema":{"@context":"https:\/\/schema.org","@graph":[{"@type":"WebPage","@id":"https:\/\/pferdepraxis-roedig.de\/gastroskopie-magenulcera-beim-pferd","url":"https:\/\/pferdepraxis-roedig.de\/gastroskopie-magenulcera-beim-pferd","name":"Gastroskopie beim Pferd - Fachtierarzt Dr. Nina R\u00f6dig","isPartOf":{"@id":"https:\/\/pferdepraxis-roedig.de\/#website"},"primaryImageOfPage":{"@id":"https:\/\/pferdepraxis-roedig.de\/gastroskopie-magenulcera-beim-pferd#primaryimage"},"image":{"@id":"https:\/\/pferdepraxis-roedig.de\/gastroskopie-magenulcera-beim-pferd#primaryimage"},"thumbnailUrl":"https:\/\/pferdepraxis-roedig.de\/wp-content\/uploads\/2024\/09\/IMG_4376-768x1024.jpeg","datePublished":"2024-04-16T07:26:00+00:00","dateModified":"2025-01-22T14:59:24+00:00","description":"Wenn Sie Anzeichen f\u00fcr Magenprobleme bemerken, ist eine Gastroskopie beim Pferd, auch durch einen erfahrenen Tierarzt unerl\u00e4sslich.","breadcrumb":{"@id":"https:\/\/pferdepraxis-roedig.de\/gastroskopie-magenulcera-beim-pferd#breadcrumb"},"inLanguage":"en-GB","potentialAction":[{"@type":"ReadAction","target":["https:\/\/pferdepraxis-roedig.de\/gastroskopie-magenulcera-beim-pferd"]}]},{"@type":"ImageObject","inLanguage":"en-GB","@id":"https:\/\/pferdepraxis-roedig.de\/gastroskopie-magenulcera-beim-pferd#primaryimage","url":"https:\/\/pferdepraxis-roedig.de\/wp-content\/uploads\/2024\/09\/IMG_4376-768x1024.jpeg","contentUrl":"https:\/\/pferdepraxis-roedig.de\/wp-content\/uploads\/2024\/09\/IMG_4376-768x1024.jpeg"},{"@type":"BreadcrumbList","@id":"https:\/\/pferdepraxis-roedig.de\/gastroskopie-magenulcera-beim-pferd#breadcrumb","itemListElement":[{"@type":"ListItem","position":1,"name":"Startseite","item":"https:\/\/pferdepraxis-roedig.de\/"},{"@type":"ListItem","position":2,"name":"Gastroskopie beim Pferd &#8211; Pr\u00e4zise Diagnose und effektive Behandlung"}]},{"@type":"WebSite","@id":"https:\/\/pferdepraxis-roedig.de\/#website","url":"https:\/\/pferdepraxis-roedig.de\/","name":"Veterinary Practice for Horses - Dr. Nina R\u00f6dig","description":"Orthopaedics with ultrasound, digital X-ray &amp; endoscopy on site. 24-hour emergency service. Reliable care. Diagnostics possible. Competent advice.","publisher":{"@id":"https:\/\/pferdepraxis-roedig.de\/#organization"},"potentialAction":[{"@type":"SearchAction","target":{"@type":"EntryPoint","urlTemplate":"https:\/\/pferdepraxis-roedig.de\/?s={search_term_string}"},"query-input":{"@type":"PropertyValueSpecification","valueRequired":true,"valueName":"search_term_string"}}],"inLanguage":"en-GB"},{"@type":"Organization","@id":"https:\/\/pferdepraxis-roedig.de\/#organization","name":"Veterinary Practice for Horses - Dr. Nina R\u00f6dig","url":"https:\/\/pferdepraxis-roedig.de\/","logo":{"@type":"ImageObject","inLanguage":"en-GB","@id":"https:\/\/pferdepraxis-roedig.de\/#\/schema\/logo\/image\/","url":"https:\/\/pferdepraxis-roedig.de\/wp-content\/uploads\/2020\/12\/Logo_Roedig_TPfP_v2.png","contentUrl":"https:\/\/pferdepraxis-roedig.de\/wp-content\/uploads\/2020\/12\/Logo_Roedig_TPfP_v2.png","width":1024,"height":386,"caption":"Tier\u00e4rztliche Praxis f\u00fcr Pferde - Dr. Nina R\u00f6dig"},"image":{"@id":"https:\/\/pferdepraxis-roedig.de\/#\/schema\/logo\/image\/"},"sameAs":["https:\/\/www.facebook.com\/tierarztpraxisroedig\/","https:\/\/www.instagram.com\/tierarztpraxis_roedig\/"]}]}},"_links":{"self":[{"href":"https:\/\/pferdepraxis-roedig.de\/en\/wp-json\/wp\/v2\/pages\/581","targetHints":{"allow":["GET"]}}],"collection":[{"href":"https:\/\/pferdepraxis-roedig.de\/en\/wp-json\/wp\/v2\/pages"}],"about":[{"href":"https:\/\/pferdepraxis-roedig.de\/en\/wp-json\/wp\/v2\/types\/page"}],"author":[{"embeddable":true,"href":"https:\/\/pferdepraxis-roedig.de\/en\/wp-json\/wp\/v2\/users\/1"}],"replies":[{"embeddable":true,"href":"https:\/\/pferdepraxis-roedig.de\/en\/wp-json\/wp\/v2\/comments?post=581"}],"version-history":[{"count":7,"href":"https:\/\/pferdepraxis-roedig.de\/en\/wp-json\/wp\/v2\/pages\/581\/revisions"}],"predecessor-version":[{"id":663,"href":"https:\/\/pferdepraxis-roedig.de\/en\/wp-json\/wp\/v2\/pages\/581\/revisions\/663"}],"wp:attachment":[{"href":"https:\/\/pferdepraxis-roedig.de\/en\/wp-json\/wp\/v2\/media?parent=581"}],"curies":[{"name":"wp","href":"https:\/\/api.w.org\/{rel}","templated":true}]}}