{"id":567,"date":"2023-09-30T16:02:23","date_gmt":"2023-09-30T14:02:23","guid":{"rendered":"https:\/\/pferdepraxis-roedig.de\/?page_id=567"},"modified":"2023-09-30T16:02:23","modified_gmt":"2023-09-30T14:02:23","slug":"revolutionary-healing-stem-cell-therapy-for-horses","status":"publish","type":"page","link":"https:\/\/pferdepraxis-roedig.de\/en\/revolutionaere-heilung-stammzelltherapie-beim-pferd","title":{"rendered":"Revolutionary Healing: Stem Cell Therapy in Horses"},"content":{"rendered":"<p>In this article, we would like to discuss a fascinating development in veterinary medicine: stem cell therapy in horses. We will explain how this revolutionary technique works and how it can contribute to the healing and health of your horses.<\/p>\n\n\n\n<figure class=\"wp-block-image size-large\"><img loading=\"lazy\" decoding=\"async\" width=\"1024\" height=\"683\" src=\"https:\/\/pferdepraxis-roedig.de\/wp-content\/uploads\/2023\/09\/Sehne-1-1024x683.jpg\" alt=\"Stem cell therapy in horses\" class=\"wp-image-568\" srcset=\"https:\/\/pferdepraxis-roedig.de\/wp-content\/uploads\/2023\/09\/Sehne-1-1024x683.jpg 1024w, https:\/\/pferdepraxis-roedig.de\/wp-content\/uploads\/2023\/09\/Sehne-1-300x200.jpg 300w, https:\/\/pferdepraxis-roedig.de\/wp-content\/uploads\/2023\/09\/Sehne-1-768x512.jpg 768w, https:\/\/pferdepraxis-roedig.de\/wp-content\/uploads\/2023\/09\/Sehne-1-1536x1025.jpg 1536w, https:\/\/pferdepraxis-roedig.de\/wp-content\/uploads\/2023\/09\/Sehne-1-2048x1366.jpg 2048w, https:\/\/pferdepraxis-roedig.de\/wp-content\/uploads\/2023\/09\/Sehne-1-700x467.jpg 700w, https:\/\/pferdepraxis-roedig.de\/wp-content\/uploads\/2023\/09\/Sehne-1-520x347.jpg 520w, https:\/\/pferdepraxis-roedig.de\/wp-content\/uploads\/2023\/09\/Sehne-1-360x240.jpg 360w, https:\/\/pferdepraxis-roedig.de\/wp-content\/uploads\/2023\/09\/Sehne-1-250x167.jpg 250w, https:\/\/pferdepraxis-roedig.de\/wp-content\/uploads\/2023\/09\/Sehne-1-100x67.jpg 100w\" sizes=\"auto, (max-width: 1024px) 100vw, 1024px\" \/><\/figure>\n\n\n\n<p><strong>Stem cell therapy in horses: A breakthrough in veterinary medicine<\/strong><\/p>\n\n\n\n<p>Stem cell therapy is an exciting advancement in veterinary medicine, offering promising possibilities for treating various conditions and injuries in horses. It is based on the use of stem cells, which have the ability to differentiate into different cell types and repair damaged tissue.<\/p>\n\n\n\n<p><strong>Applications of stem cell therapy in horses:<\/strong><\/p>\n\n\n\n<ol class=\"wp-block-list\" type=\"1\">\n<li><strong>Tendon and ligament injuries<\/strong> Stem cell therapy can help to speed up the healing of tendon and ligament injuries, shortening the recovery period.<\/li>\n\n\n\n<li><strong>Joint problems<\/strong> In joint diseases such as osteoarthritis, stem cells can help to reduce inflammation and repair damaged tissue.<\/li>\n<\/ol>\n\n\n\n<p><strong>How does stem cell therapy work?<\/strong><\/p>\n\n\n\n<p>Stem cell therapy has been available for a few years now in the form of tested, approved medicinal products for horses. For the treatment of certain joint or tendon diseases in horses, so-called mesenchymal stem cells with a special imprint for their target tissues are used. These ready-to-use stem cell solutions represent a significant advantage over the previous application of stem cells.<\/p>\n\n\n\n<ol class=\"wp-block-list\" type=\"1\">\n<li>The complex extraction of stem cells from bone marrow or the body's own fat is eliminated.<\/li>\n\n\n\n<li>The multiplication and processing, as well as the sorting to the \u201ecorrect imprinting\u201c of the stem cells, are dispensed with.<\/li>\n\n\n\n<li>The stem cell solutions are ready for use immediately after thawing.<\/li>\n<\/ol>\n\n\n\n<p>&nbsp;.<strong> The benefits of stem cell therapy in horses:<\/strong><\/p>\n\n\n\n<ul class=\"wp-block-list\">\n<li>Faster healing<\/li>\n\n\n\n<li>Reduced inflammation<\/li>\n\n\n\n<li>Improved tissue regeneration<\/li>\n\n\n\n<li>Less pain for your horse<\/li>\n\n\n\n<li>Minimal side effects<\/li>\n<\/ul>\n\n\n\n<p><strong>Professional care for your horse:<\/strong><\/p>\n\n\n\n<p>Stem cell therapy requires expertise and experience to be performed safely and effectively. Dr. Nina R\u00f6dig and our team have the know-how and facilities to best treat your horse.<\/p>\n\n\n\n<p>If you are interested or have any questions about stem cell therapy for your horse, please do not hesitate to contact us. We are happy to discuss the best treatment option for your horse.<\/p>\n\n\n\n<p>Stem cell therapy in horses opens up exciting possibilities for the health and well-being of your horses. We look forward to helping you and your horses achieve optimal health and performance.<\/p>\n\n\n\n<p>Do you have any questions or would you like to make an appointment?\u00a0<a href=\"https:\/\/pferdepraxis-roedig.de\/en\/contact\/\">Contact\u00a0<\/a>See us!<\/p>","protected":false},"excerpt":{"rendered":"<p>In diesem Artikel m\u00f6chten wir eine faszinierende Entwicklung in der Tiermedizin besprechen: die Stammzelltherapie beim Pferd. Wir werden erl\u00e4utern, wie diese revolution\u00e4re Technik funktioniert und wie sie zur Heilung und Gesundheit Ihrer Pferde beitragen kann. Stammzelltherapie beim Pferd: Ein Durchbruch [&hellip;]<\/p>\n","protected":false},"author":1,"featured_media":0,"parent":0,"menu_order":0,"comment_status":"closed","ping_status":"closed","template":"","meta":{"footnotes":""},"class_list":["post-567","page","type-page","status-publish","hentry","clearfix"],"yoast_head":"<!-- This site is optimized with the Yoast SEO plugin v27.4 - https:\/\/yoast.com\/product\/yoast-seo-wordpress\/ -->\n<title>Revolution\u00e4re Heilung: Stammzelltherapie beim Pferd - Tier\u00e4rztliche Praxis f\u00fcr Pferde - Dr. Nina R\u00f6dig - Fachtier\u00e4rztin<\/title>\n<meta name=\"description\" content=\"In diesem Artikel m\u00f6chten wir eine faszinierende Entwicklung in der Tiermedizin besprechen: die Stammzelltherapie beim Pferd.\" \/>\n<meta name=\"robots\" content=\"index, follow, max-snippet:-1, max-image-preview:large, max-video-preview:-1\" \/>\n<link rel=\"canonical\" href=\"https:\/\/pferdepraxis-roedig.de\/en\/revolutionary-healing-stem-cell-therapy-for-horses\/\" \/>\n<meta property=\"og:locale\" content=\"en_GB\" \/>\n<meta property=\"og:type\" content=\"article\" \/>\n<meta property=\"og:title\" content=\"Revolution\u00e4re Heilung: Stammzelltherapie beim Pferd - Tier\u00e4rztliche Praxis f\u00fcr Pferde - Dr. Nina R\u00f6dig - Fachtier\u00e4rztin\" \/>\n<meta property=\"og:description\" content=\"In diesem Artikel m\u00f6chten wir eine faszinierende Entwicklung in der Tiermedizin besprechen: die Stammzelltherapie beim Pferd.\" \/>\n<meta property=\"og:url\" content=\"https:\/\/pferdepraxis-roedig.de\/en\/revolutionary-healing-stem-cell-therapy-for-horses\/\" \/>\n<meta property=\"og:site_name\" content=\"Tier\u00e4rztliche Praxis f\u00fcr Pferde - Dr. Nina R\u00f6dig - Fachtier\u00e4rztin\" \/>\n<meta property=\"article:publisher\" content=\"https:\/\/www.facebook.com\/tierarztpraxisroedig\/\" \/>\n<meta property=\"og:image\" content=\"https:\/\/pferdepraxis-roedig.de\/wp-content\/uploads\/2023\/09\/Sehne-1-1024x683.jpg\" \/>\n<meta name=\"twitter:card\" content=\"summary_large_image\" \/>\n<meta name=\"twitter:label1\" content=\"Estimated reading time\" \/>\n\t<meta name=\"twitter:data1\" content=\"2 minutes\" \/>\n<script type=\"application\/ld+json\" class=\"yoast-schema-graph\">{\"@context\":\"https:\\\/\\\/schema.org\",\"@graph\":[{\"@type\":\"WebPage\",\"@id\":\"https:\\\/\\\/pferdepraxis-roedig.de\\\/revolutionaere-heilung-stammzelltherapie-beim-pferd\",\"url\":\"https:\\\/\\\/pferdepraxis-roedig.de\\\/revolutionaere-heilung-stammzelltherapie-beim-pferd\",\"name\":\"Revolution\u00e4re Heilung: Stammzelltherapie beim Pferd - Tier\u00e4rztliche Praxis f\u00fcr Pferde - Dr. Nina R\u00f6dig - Fachtier\u00e4rztin\",\"isPartOf\":{\"@id\":\"https:\\\/\\\/pferdepraxis-roedig.de\\\/#website\"},\"primaryImageOfPage\":{\"@id\":\"https:\\\/\\\/pferdepraxis-roedig.de\\\/revolutionaere-heilung-stammzelltherapie-beim-pferd#primaryimage\"},\"image\":{\"@id\":\"https:\\\/\\\/pferdepraxis-roedig.de\\\/revolutionaere-heilung-stammzelltherapie-beim-pferd#primaryimage\"},\"thumbnailUrl\":\"https:\\\/\\\/pferdepraxis-roedig.de\\\/wp-content\\\/uploads\\\/2023\\\/09\\\/Sehne-1-1024x683.jpg\",\"datePublished\":\"2023-09-30T14:02:23+00:00\",\"description\":\"In diesem Artikel m\u00f6chten wir eine faszinierende Entwicklung in der Tiermedizin besprechen: die Stammzelltherapie beim Pferd.\",\"breadcrumb\":{\"@id\":\"https:\\\/\\\/pferdepraxis-roedig.de\\\/revolutionaere-heilung-stammzelltherapie-beim-pferd#breadcrumb\"},\"inLanguage\":\"en-GB\",\"potentialAction\":[{\"@type\":\"ReadAction\",\"target\":[\"https:\\\/\\\/pferdepraxis-roedig.de\\\/revolutionaere-heilung-stammzelltherapie-beim-pferd\"]}]},{\"@type\":\"ImageObject\",\"inLanguage\":\"en-GB\",\"@id\":\"https:\\\/\\\/pferdepraxis-roedig.de\\\/revolutionaere-heilung-stammzelltherapie-beim-pferd#primaryimage\",\"url\":\"https:\\\/\\\/pferdepraxis-roedig.de\\\/wp-content\\\/uploads\\\/2023\\\/09\\\/Sehne-1-1024x683.jpg\",\"contentUrl\":\"https:\\\/\\\/pferdepraxis-roedig.de\\\/wp-content\\\/uploads\\\/2023\\\/09\\\/Sehne-1-1024x683.jpg\"},{\"@type\":\"BreadcrumbList\",\"@id\":\"https:\\\/\\\/pferdepraxis-roedig.de\\\/revolutionaere-heilung-stammzelltherapie-beim-pferd#breadcrumb\",\"itemListElement\":[{\"@type\":\"ListItem\",\"position\":1,\"name\":\"Startseite\",\"item\":\"https:\\\/\\\/pferdepraxis-roedig.de\\\/\"},{\"@type\":\"ListItem\",\"position\":2,\"name\":\"Revolution\u00e4re Heilung: Stammzelltherapie beim Pferd\"}]},{\"@type\":\"WebSite\",\"@id\":\"https:\\\/\\\/pferdepraxis-roedig.de\\\/#website\",\"url\":\"https:\\\/\\\/pferdepraxis-roedig.de\\\/\",\"name\":\"Tier\u00e4rztliche Praxis f\u00fcr Pferde - Dr. Nina R\u00f6dig\",\"description\":\"Orthop\u00e4die mit Ultraschall, dig. R\u00f6ntgen &amp; Endoskopie vor Ort. 24h-Notdienst. Zuverl\u00e4ssige Betreuung. Diagnostik M\u00f6glich. Kompetente Beratung.\",\"publisher\":{\"@id\":\"https:\\\/\\\/pferdepraxis-roedig.de\\\/#organization\"},\"potentialAction\":[{\"@type\":\"SearchAction\",\"target\":{\"@type\":\"EntryPoint\",\"urlTemplate\":\"https:\\\/\\\/pferdepraxis-roedig.de\\\/?s={search_term_string}\"},\"query-input\":{\"@type\":\"PropertyValueSpecification\",\"valueRequired\":true,\"valueName\":\"search_term_string\"}}],\"inLanguage\":\"en-GB\"},{\"@type\":\"Organization\",\"@id\":\"https:\\\/\\\/pferdepraxis-roedig.de\\\/#organization\",\"name\":\"Tier\u00e4rztliche Praxis f\u00fcr Pferde - Dr. Nina R\u00f6dig\",\"url\":\"https:\\\/\\\/pferdepraxis-roedig.de\\\/\",\"logo\":{\"@type\":\"ImageObject\",\"inLanguage\":\"en-GB\",\"@id\":\"https:\\\/\\\/pferdepraxis-roedig.de\\\/#\\\/schema\\\/logo\\\/image\\\/\",\"url\":\"https:\\\/\\\/pferdepraxis-roedig.de\\\/wp-content\\\/uploads\\\/2020\\\/12\\\/Logo_Roedig_TPfP_v2.png\",\"contentUrl\":\"https:\\\/\\\/pferdepraxis-roedig.de\\\/wp-content\\\/uploads\\\/2020\\\/12\\\/Logo_Roedig_TPfP_v2.png\",\"width\":1024,\"height\":386,\"caption\":\"Tier\u00e4rztliche Praxis f\u00fcr Pferde - Dr. Nina R\u00f6dig\"},\"image\":{\"@id\":\"https:\\\/\\\/pferdepraxis-roedig.de\\\/#\\\/schema\\\/logo\\\/image\\\/\"},\"sameAs\":[\"https:\\\/\\\/www.facebook.com\\\/tierarztpraxisroedig\\\/\",\"https:\\\/\\\/www.instagram.com\\\/tierarztpraxis_roedig\\\/\"]}]}<\/script>\n<!-- \/ Yoast SEO plugin. -->","yoast_head_json":{"title":"Revolutionary Healing: Stem Cell Therapy in Horses - Veterinary Practice for Horses - Dr. Nina R\u00f6dig - Specialist Veterinarian","description":"In this article, we want to discuss a fascinating development in veterinary medicine: stem cell therapy in horses.","robots":{"index":"index","follow":"follow","max-snippet":"max-snippet:-1","max-image-preview":"max-image-preview:large","max-video-preview":"max-video-preview:-1"},"canonical":"https:\/\/pferdepraxis-roedig.de\/en\/revolutionary-healing-stem-cell-therapy-for-horses\/","og_locale":"en_GB","og_type":"article","og_title":"Revolution\u00e4re Heilung: Stammzelltherapie beim Pferd - Tier\u00e4rztliche Praxis f\u00fcr Pferde - Dr. Nina R\u00f6dig - Fachtier\u00e4rztin","og_description":"In diesem Artikel m\u00f6chten wir eine faszinierende Entwicklung in der Tiermedizin besprechen: die Stammzelltherapie beim Pferd.","og_url":"https:\/\/pferdepraxis-roedig.de\/en\/revolutionary-healing-stem-cell-therapy-for-horses\/","og_site_name":"Tier\u00e4rztliche Praxis f\u00fcr Pferde - Dr. Nina R\u00f6dig - Fachtier\u00e4rztin","article_publisher":"https:\/\/www.facebook.com\/tierarztpraxisroedig\/","og_image":[{"url":"https:\/\/pferdepraxis-roedig.de\/wp-content\/uploads\/2023\/09\/Sehne-1-1024x683.jpg","type":"","width":"","height":""}],"twitter_card":"summary_large_image","twitter_misc":{"Estimated reading time":"2 minutes"},"schema":{"@context":"https:\/\/schema.org","@graph":[{"@type":"WebPage","@id":"https:\/\/pferdepraxis-roedig.de\/revolutionaere-heilung-stammzelltherapie-beim-pferd","url":"https:\/\/pferdepraxis-roedig.de\/revolutionaere-heilung-stammzelltherapie-beim-pferd","name":"Revolutionary Healing: Stem Cell Therapy in Horses - Veterinary Practice for Horses - Dr. Nina R\u00f6dig - Specialist Veterinarian","isPartOf":{"@id":"https:\/\/pferdepraxis-roedig.de\/#website"},"primaryImageOfPage":{"@id":"https:\/\/pferdepraxis-roedig.de\/revolutionaere-heilung-stammzelltherapie-beim-pferd#primaryimage"},"image":{"@id":"https:\/\/pferdepraxis-roedig.de\/revolutionaere-heilung-stammzelltherapie-beim-pferd#primaryimage"},"thumbnailUrl":"https:\/\/pferdepraxis-roedig.de\/wp-content\/uploads\/2023\/09\/Sehne-1-1024x683.jpg","datePublished":"2023-09-30T14:02:23+00:00","description":"In this article, we want to discuss a fascinating development in veterinary medicine: stem cell therapy in horses.","breadcrumb":{"@id":"https:\/\/pferdepraxis-roedig.de\/revolutionaere-heilung-stammzelltherapie-beim-pferd#breadcrumb"},"inLanguage":"en-GB","potentialAction":[{"@type":"ReadAction","target":["https:\/\/pferdepraxis-roedig.de\/revolutionaere-heilung-stammzelltherapie-beim-pferd"]}]},{"@type":"ImageObject","inLanguage":"en-GB","@id":"https:\/\/pferdepraxis-roedig.de\/revolutionaere-heilung-stammzelltherapie-beim-pferd#primaryimage","url":"https:\/\/pferdepraxis-roedig.de\/wp-content\/uploads\/2023\/09\/Sehne-1-1024x683.jpg","contentUrl":"https:\/\/pferdepraxis-roedig.de\/wp-content\/uploads\/2023\/09\/Sehne-1-1024x683.jpg"},{"@type":"BreadcrumbList","@id":"https:\/\/pferdepraxis-roedig.de\/revolutionaere-heilung-stammzelltherapie-beim-pferd#breadcrumb","itemListElement":[{"@type":"ListItem","position":1,"name":"Startseite","item":"https:\/\/pferdepraxis-roedig.de\/"},{"@type":"ListItem","position":2,"name":"Revolution\u00e4re Heilung: Stammzelltherapie beim Pferd"}]},{"@type":"WebSite","@id":"https:\/\/pferdepraxis-roedig.de\/#website","url":"https:\/\/pferdepraxis-roedig.de\/","name":"Veterinary Practice for Horses - Dr. Nina R\u00f6dig","description":"Orthopaedics with ultrasound, digital X-ray &amp; endoscopy on site. 24-hour emergency service. Reliable care. Diagnostics possible. Competent advice.","publisher":{"@id":"https:\/\/pferdepraxis-roedig.de\/#organization"},"potentialAction":[{"@type":"SearchAction","target":{"@type":"EntryPoint","urlTemplate":"https:\/\/pferdepraxis-roedig.de\/?s={search_term_string}"},"query-input":{"@type":"PropertyValueSpecification","valueRequired":true,"valueName":"search_term_string"}}],"inLanguage":"en-GB"},{"@type":"Organization","@id":"https:\/\/pferdepraxis-roedig.de\/#organization","name":"Veterinary Practice for Horses - Dr. Nina R\u00f6dig","url":"https:\/\/pferdepraxis-roedig.de\/","logo":{"@type":"ImageObject","inLanguage":"en-GB","@id":"https:\/\/pferdepraxis-roedig.de\/#\/schema\/logo\/image\/","url":"https:\/\/pferdepraxis-roedig.de\/wp-content\/uploads\/2020\/12\/Logo_Roedig_TPfP_v2.png","contentUrl":"https:\/\/pferdepraxis-roedig.de\/wp-content\/uploads\/2020\/12\/Logo_Roedig_TPfP_v2.png","width":1024,"height":386,"caption":"Tier\u00e4rztliche Praxis f\u00fcr Pferde - Dr. Nina R\u00f6dig"},"image":{"@id":"https:\/\/pferdepraxis-roedig.de\/#\/schema\/logo\/image\/"},"sameAs":["https:\/\/www.facebook.com\/tierarztpraxisroedig\/","https:\/\/www.instagram.com\/tierarztpraxis_roedig\/"]}]}},"_links":{"self":[{"href":"https:\/\/pferdepraxis-roedig.de\/en\/wp-json\/wp\/v2\/pages\/567","targetHints":{"allow":["GET"]}}],"collection":[{"href":"https:\/\/pferdepraxis-roedig.de\/en\/wp-json\/wp\/v2\/pages"}],"about":[{"href":"https:\/\/pferdepraxis-roedig.de\/en\/wp-json\/wp\/v2\/types\/page"}],"author":[{"embeddable":true,"href":"https:\/\/pferdepraxis-roedig.de\/en\/wp-json\/wp\/v2\/users\/1"}],"replies":[{"embeddable":true,"href":"https:\/\/pferdepraxis-roedig.de\/en\/wp-json\/wp\/v2\/comments?post=567"}],"version-history":[{"count":1,"href":"https:\/\/pferdepraxis-roedig.de\/en\/wp-json\/wp\/v2\/pages\/567\/revisions"}],"predecessor-version":[{"id":569,"href":"https:\/\/pferdepraxis-roedig.de\/en\/wp-json\/wp\/v2\/pages\/567\/revisions\/569"}],"wp:attachment":[{"href":"https:\/\/pferdepraxis-roedig.de\/en\/wp-json\/wp\/v2\/media?parent=567"}],"curies":[{"name":"wp","href":"https:\/\/api.w.org\/{rel}","templated":true}]}}