{"id":560,"date":"2023-09-30T15:52:08","date_gmt":"2023-09-30T13:52:08","guid":{"rendered":"https:\/\/pferdepraxis-roedig.de\/?page_id=560"},"modified":"2023-09-30T15:52:09","modified_gmt":"2023-09-30T13:52:09","slug":"understanding-and-treating-uveitis-in-horses","status":"publish","type":"page","link":"https:\/\/pferdepraxis-roedig.de\/en\/uveitis-beim-pferd-verstehen-und-behandeln","title":{"rendered":"Uveitis in horses \u2013 understanding and treatment"},"content":{"rendered":"<p>Liebe Pferdebesitzer, in der Tier\u00e4rztlichen Praxis f\u00fcr Pferde von Dr. Nina R\u00f6dig liegt uns die Gesundheit Ihrer Pferde besonders am Herzen. In diesem Artikel m\u00f6chten wir \u00fcber eine ernste Augenerkrankung sprechen: <strong>Uveitis beim Pferd &#8211; verstehen und behandeln.<\/strong><\/p>\n\n\n\n<figure class=\"wp-block-image size-large is-resized is-style-default\"><img loading=\"lazy\" decoding=\"async\" src=\"https:\/\/pferdepraxis-roedig.de\/wp-content\/uploads\/2023\/01\/Augenuntersuchung-1-1-1024x683.jpg\" alt=\"Augenuntersuchung Uveitis beim Pferd - verstehen und behandeln\" class=\"wp-image-433\" style=\"width:615px;height:410px\" width=\"615\" height=\"410\" srcset=\"https:\/\/pferdepraxis-roedig.de\/wp-content\/uploads\/2023\/01\/Augenuntersuchung-1-1-1024x683.jpg 1024w, https:\/\/pferdepraxis-roedig.de\/wp-content\/uploads\/2023\/01\/Augenuntersuchung-1-1-300x200.jpg 300w, https:\/\/pferdepraxis-roedig.de\/wp-content\/uploads\/2023\/01\/Augenuntersuchung-1-1-768x512.jpg 768w, https:\/\/pferdepraxis-roedig.de\/wp-content\/uploads\/2023\/01\/Augenuntersuchung-1-1-1536x1025.jpg 1536w, https:\/\/pferdepraxis-roedig.de\/wp-content\/uploads\/2023\/01\/Augenuntersuchung-1-1-700x467.jpg 700w, https:\/\/pferdepraxis-roedig.de\/wp-content\/uploads\/2023\/01\/Augenuntersuchung-1-1-520x347.jpg 520w, https:\/\/pferdepraxis-roedig.de\/wp-content\/uploads\/2023\/01\/Augenuntersuchung-1-1-360x240.jpg 360w, https:\/\/pferdepraxis-roedig.de\/wp-content\/uploads\/2023\/01\/Augenuntersuchung-1-1-250x167.jpg 250w, https:\/\/pferdepraxis-roedig.de\/wp-content\/uploads\/2023\/01\/Augenuntersuchung-1-1-100x67.jpg 100w, https:\/\/pferdepraxis-roedig.de\/wp-content\/uploads\/2023\/01\/Augenuntersuchung-1-1.jpg 1731w\" sizes=\"auto, (max-width: 615px) 100vw, 615px\" \/><\/figure>\n\n\n\n<p>Weitere spezielle Formen der Uveitis beim Pferd sind unter anderem die die immunmediierte Keratis (IMMK), die Herpesvirus-Keratitis und die gef\u00fcrchtete Equine rezidivierende Keratitis (ERU) auch umgangssprachlich Mondblindheit genannt.<\/p>\n\n\n\n<p><strong><strong>Uveitis in horses \u2013 understanding and treatment<\/strong>: Ein \u00dcberblick<\/strong><\/p>\n\n\n\n<p>Uveitis, auch als Augenentz\u00fcndung oder innere Augenentz\u00fcndung bekannt, ist eine schmerzhafte und potenziell ernsthafte Augenerkrankung, die die inneren Schichten des Auges betrifft. Die richtige Diagnose und Behandlung sind entscheidend, um das Sehverm\u00f6gen und das Wohlbefinden Ihres Pferdes zu sch\u00fctzen.<\/p>\n\n\n\n<p><strong>Ursachen von Uveitis:<\/strong><\/p>\n\n\n\n<p>Die genaue Ursache von Uveitis kann variieren, aber einige h\u00e4ufige Ausl\u00f6ser sind:<\/p>\n\n\n\n<ol class=\"wp-block-list\" type=\"1\">\n<li><strong>Infections<\/strong> Bakterielle, virale oder parasit\u00e4re Infektionen k\u00f6nnen die Entz\u00fcndung im Auge ausl\u00f6sen.<\/li>\n\n\n\n<li><strong>Verletzungen:<\/strong> Traumatische Augenverletzungen k\u00f6nnen die Uveitis verursachen.<\/li>\n\n\n\n<li><strong>Autoimmunerkrankungen:<\/strong> Das Immunsystem kann f\u00e4lschlicherweise das Auge angreifen und Entz\u00fcndungen verursachen.<br><\/li>\n<\/ol>\n\n\n\n<p><strong>Symptome von Uveitis:<\/strong><\/p>\n\n\n\n<p>Die Anzeichen von Uveitis k\u00f6nnen subtil sein, aber typische Symptome umfassen:<\/p>\n\n\n\n<ul class=\"wp-block-list\">\n<li>Augenr\u00f6tung<\/li>\n\n\n\n<li>Tr\u00e4nende Augen<\/li>\n\n\n\n<li>Lichtempfindlichkeit<\/li>\n\n\n\n<li>Blinzeln oder zwinkern<\/li>\n\n\n\n<li>Miosis (verengte Pupillen)<\/li>\n\n\n\n<li>Hornhauttr\u00fcbung<\/li>\n\n\n\n<li>Abnahme des Sehverm\u00f6gens<\/li>\n<\/ul>\n\n\n\n<p><strong>Professional help for your horse:<\/strong><\/p>\n\n\n\n<p>Wenn Sie Anzeichen von Uveitis bei Ihrem Pferd bemerken, ist es entscheidend, sofort professionelle Hilfe in Anspruch zu nehmen. Dr. Nina R\u00f6dig und unser erfahrenes Team sind spezialisiert auf die Diagnose und Behandlung von Augenerkrankungen bei Pferden. Wir bieten umfassende Untersuchungen und Therapieoptionen an, um die Entz\u00fcndung im Auge Ihres Pferdes zu kontrollieren und m\u00f6gliche Sch\u00e4den zu minimieren.<\/p>\n\n\n\n<p><strong>Diagnostik und Therapie:<\/strong><\/p>\n\n\n\n<p>F\u00fcr die Diagnostik und Therapie von Augenerkrankungen ist unsere Praxis besonders gut ausger\u00fcstet und ausgebildet. Wir sind&nbsp;<strong>Mitglied der&nbsp;<\/strong><a href=\"https:\/\/www.dvg.net\/fachgruppen\/ags-innerhalb-von-fachgruppen\/arbeitsgruppe-pferdeophthalmologie\/\"><strong>Arbeitsgruppe Ophthalmologie der Deutschen Veterin\u00e4rmedizinischen Vereinigung<\/strong><\/a>&nbsp;(DVG AG Pferdeophthalmologie) dem einzigen Zusammenschluss der Augenspezialisten f\u00fcr Pferde in Deutschland. Die Gruppe steht in st\u00e4ndigem Austausch mit internationalen Fachleuten, die an den bestm\u00f6glichen Therapien zu Erkrankungen des Pferdeauges forschen.<\/p>\n\n\n\n<p>Durch die M\u00f6glichkeit der&nbsp;<strong>direkten<\/strong>&nbsp;and&nbsp;<strong>indirekten Ophthalmoskopie<\/strong>, der&nbsp;<strong>Spaltlampen<\/strong>\u2013 und&nbsp;<strong>Ultraschalluntersuchung&nbsp;<\/strong>des Auges im Stall, k\u00f6nnen wir vor Ort eine umfassende Diagnostik und eine schnelle und vor allem gezielte Therapie durchf\u00fchren. Dadurch sind h\u00e4ufig chronische therapieintensive Folgen zu verhindern und dem Pferd wird eine rasche Linderung erm\u00f6glicht.<\/p>\n\n\n\n<p>Gerne betreuen wir auch Pferde nach Operationen am Auge im engen Austausch mit der behandelnden Pferdeklinik.<\/p>\n\n\n\n<p>Gemeinsam setzen wir alles daran, die klaren Augen und das Wohlbefinden Ihrer Pferde zu bewahren \u2013 f\u00fcr ein gesundes und gl\u00fcckliches Pferdeleben.<\/p>\n\n\n\n<p>Do you have any questions regarding endoscopy in horses, or would you like to book an appointment?\u00a0<a href=\"https:\/\/pferdepraxis-roedig.de\/en\/contact\/\">Contact\u00a0<\/a>See us!<\/p>","protected":false},"excerpt":{"rendered":"<p>Liebe Pferdebesitzer, in der Tier\u00e4rztlichen Praxis f\u00fcr Pferde von Dr. Nina R\u00f6dig liegt uns die Gesundheit Ihrer Pferde besonders am Herzen. In diesem Artikel m\u00f6chten wir \u00fcber eine ernste Augenerkrankung sprechen: Uveitis beim Pferd &#8211; verstehen und behandeln. Weitere spezielle [&hellip;]<\/p>\n","protected":false},"author":1,"featured_media":0,"parent":0,"menu_order":0,"comment_status":"closed","ping_status":"closed","template":"","meta":{"footnotes":""},"class_list":["post-560","page","type-page","status-publish","hentry","clearfix"],"yoast_head":"<!-- This site is optimized with the Yoast SEO plugin v27.4 - https:\/\/yoast.com\/product\/yoast-seo-wordpress\/ -->\n<title>Uveitis beim Pferd - verstehen und behandeln - Tier\u00e4rztliche Praxis f\u00fcr Pferde - Dr. Nina R\u00f6dig - Fachtier\u00e4rztin<\/title>\n<meta name=\"description\" content=\"In diesem Artikel m\u00f6chten wir \u00fcber eine ernste Augenerkrankung sprechen: Uveitis beim Pferd - verstehen und behandeln\" \/>\n<meta name=\"robots\" content=\"index, follow, max-snippet:-1, max-image-preview:large, max-video-preview:-1\" \/>\n<link rel=\"canonical\" href=\"https:\/\/pferdepraxis-roedig.de\/en\/understanding-and-treating-uveitis-in-horses\/\" \/>\n<meta property=\"og:locale\" content=\"en_GB\" \/>\n<meta property=\"og:type\" content=\"article\" \/>\n<meta property=\"og:title\" content=\"Uveitis beim Pferd - verstehen und behandeln - Tier\u00e4rztliche Praxis f\u00fcr Pferde - Dr. Nina R\u00f6dig - Fachtier\u00e4rztin\" \/>\n<meta property=\"og:description\" content=\"In diesem Artikel m\u00f6chten wir \u00fcber eine ernste Augenerkrankung sprechen: Uveitis beim Pferd - verstehen und behandeln\" \/>\n<meta property=\"og:url\" content=\"https:\/\/pferdepraxis-roedig.de\/en\/understanding-and-treating-uveitis-in-horses\/\" \/>\n<meta property=\"og:site_name\" content=\"Tier\u00e4rztliche Praxis f\u00fcr Pferde - Dr. Nina R\u00f6dig - Fachtier\u00e4rztin\" \/>\n<meta property=\"article:publisher\" content=\"https:\/\/www.facebook.com\/tierarztpraxisroedig\/\" \/>\n<meta property=\"article:modified_time\" content=\"2023-09-30T13:52:09+00:00\" \/>\n<meta property=\"og:image\" content=\"https:\/\/pferdepraxis-roedig.de\/wp-content\/uploads\/2023\/01\/Augenuntersuchung-1-1-1024x683.jpg\" \/>\n<meta name=\"twitter:card\" content=\"summary_large_image\" \/>\n<meta name=\"twitter:label1\" content=\"Estimated reading time\" \/>\n\t<meta name=\"twitter:data1\" content=\"2 minutes\" \/>\n<script type=\"application\/ld+json\" class=\"yoast-schema-graph\">{\"@context\":\"https:\\\/\\\/schema.org\",\"@graph\":[{\"@type\":\"WebPage\",\"@id\":\"https:\\\/\\\/pferdepraxis-roedig.de\\\/uveitis-beim-pferd-verstehen-und-behandeln\",\"url\":\"https:\\\/\\\/pferdepraxis-roedig.de\\\/uveitis-beim-pferd-verstehen-und-behandeln\",\"name\":\"Uveitis beim Pferd - verstehen und behandeln - Tier\u00e4rztliche Praxis f\u00fcr Pferde - Dr. Nina R\u00f6dig - Fachtier\u00e4rztin\",\"isPartOf\":{\"@id\":\"https:\\\/\\\/pferdepraxis-roedig.de\\\/#website\"},\"primaryImageOfPage\":{\"@id\":\"https:\\\/\\\/pferdepraxis-roedig.de\\\/uveitis-beim-pferd-verstehen-und-behandeln#primaryimage\"},\"image\":{\"@id\":\"https:\\\/\\\/pferdepraxis-roedig.de\\\/uveitis-beim-pferd-verstehen-und-behandeln#primaryimage\"},\"thumbnailUrl\":\"https:\\\/\\\/pferdepraxis-roedig.de\\\/wp-content\\\/uploads\\\/2023\\\/01\\\/Augenuntersuchung-1-1-1024x683.jpg\",\"datePublished\":\"2023-09-30T13:52:08+00:00\",\"dateModified\":\"2023-09-30T13:52:09+00:00\",\"description\":\"In diesem Artikel m\u00f6chten wir \u00fcber eine ernste Augenerkrankung sprechen: Uveitis beim Pferd - verstehen und behandeln\",\"breadcrumb\":{\"@id\":\"https:\\\/\\\/pferdepraxis-roedig.de\\\/uveitis-beim-pferd-verstehen-und-behandeln#breadcrumb\"},\"inLanguage\":\"en-GB\",\"potentialAction\":[{\"@type\":\"ReadAction\",\"target\":[\"https:\\\/\\\/pferdepraxis-roedig.de\\\/uveitis-beim-pferd-verstehen-und-behandeln\"]}]},{\"@type\":\"ImageObject\",\"inLanguage\":\"en-GB\",\"@id\":\"https:\\\/\\\/pferdepraxis-roedig.de\\\/uveitis-beim-pferd-verstehen-und-behandeln#primaryimage\",\"url\":\"https:\\\/\\\/pferdepraxis-roedig.de\\\/wp-content\\\/uploads\\\/2023\\\/01\\\/Augenuntersuchung-1-1-1024x683.jpg\",\"contentUrl\":\"https:\\\/\\\/pferdepraxis-roedig.de\\\/wp-content\\\/uploads\\\/2023\\\/01\\\/Augenuntersuchung-1-1-1024x683.jpg\"},{\"@type\":\"BreadcrumbList\",\"@id\":\"https:\\\/\\\/pferdepraxis-roedig.de\\\/uveitis-beim-pferd-verstehen-und-behandeln#breadcrumb\",\"itemListElement\":[{\"@type\":\"ListItem\",\"position\":1,\"name\":\"Startseite\",\"item\":\"https:\\\/\\\/pferdepraxis-roedig.de\\\/\"},{\"@type\":\"ListItem\",\"position\":2,\"name\":\"Uveitis beim Pferd &#8211; verstehen und behandeln\"}]},{\"@type\":\"WebSite\",\"@id\":\"https:\\\/\\\/pferdepraxis-roedig.de\\\/#website\",\"url\":\"https:\\\/\\\/pferdepraxis-roedig.de\\\/\",\"name\":\"Tier\u00e4rztliche Praxis f\u00fcr Pferde - Dr. Nina R\u00f6dig\",\"description\":\"Orthop\u00e4die mit Ultraschall, dig. R\u00f6ntgen &amp; Endoskopie vor Ort. 24h-Notdienst. Zuverl\u00e4ssige Betreuung. Diagnostik M\u00f6glich. Kompetente Beratung.\",\"publisher\":{\"@id\":\"https:\\\/\\\/pferdepraxis-roedig.de\\\/#organization\"},\"potentialAction\":[{\"@type\":\"SearchAction\",\"target\":{\"@type\":\"EntryPoint\",\"urlTemplate\":\"https:\\\/\\\/pferdepraxis-roedig.de\\\/?s={search_term_string}\"},\"query-input\":{\"@type\":\"PropertyValueSpecification\",\"valueRequired\":true,\"valueName\":\"search_term_string\"}}],\"inLanguage\":\"en-GB\"},{\"@type\":\"Organization\",\"@id\":\"https:\\\/\\\/pferdepraxis-roedig.de\\\/#organization\",\"name\":\"Tier\u00e4rztliche Praxis f\u00fcr Pferde - Dr. Nina R\u00f6dig\",\"url\":\"https:\\\/\\\/pferdepraxis-roedig.de\\\/\",\"logo\":{\"@type\":\"ImageObject\",\"inLanguage\":\"en-GB\",\"@id\":\"https:\\\/\\\/pferdepraxis-roedig.de\\\/#\\\/schema\\\/logo\\\/image\\\/\",\"url\":\"https:\\\/\\\/pferdepraxis-roedig.de\\\/wp-content\\\/uploads\\\/2020\\\/12\\\/Logo_Roedig_TPfP_v2.png\",\"contentUrl\":\"https:\\\/\\\/pferdepraxis-roedig.de\\\/wp-content\\\/uploads\\\/2020\\\/12\\\/Logo_Roedig_TPfP_v2.png\",\"width\":1024,\"height\":386,\"caption\":\"Tier\u00e4rztliche Praxis f\u00fcr Pferde - Dr. Nina R\u00f6dig\"},\"image\":{\"@id\":\"https:\\\/\\\/pferdepraxis-roedig.de\\\/#\\\/schema\\\/logo\\\/image\\\/\"},\"sameAs\":[\"https:\\\/\\\/www.facebook.com\\\/tierarztpraxisroedig\\\/\",\"https:\\\/\\\/www.instagram.com\\\/tierarztpraxis_roedig\\\/\"]}]}<\/script>\n<!-- \/ Yoast SEO plugin. -->","yoast_head_json":{"title":"Uveitis in Horses - Understanding and Treatment - Veterinary Practice for Horses - Dr. Nina R\u00f6dig - Specialist Veterinarian","description":"In this article, we want to discuss a serious eye condition: Uveitis in horses - understanding and treatment.","robots":{"index":"index","follow":"follow","max-snippet":"max-snippet:-1","max-image-preview":"max-image-preview:large","max-video-preview":"max-video-preview:-1"},"canonical":"https:\/\/pferdepraxis-roedig.de\/en\/understanding-and-treating-uveitis-in-horses\/","og_locale":"en_GB","og_type":"article","og_title":"Uveitis beim Pferd - verstehen und behandeln - Tier\u00e4rztliche Praxis f\u00fcr Pferde - Dr. Nina R\u00f6dig - Fachtier\u00e4rztin","og_description":"In diesem Artikel m\u00f6chten wir \u00fcber eine ernste Augenerkrankung sprechen: Uveitis beim Pferd - verstehen und behandeln","og_url":"https:\/\/pferdepraxis-roedig.de\/en\/understanding-and-treating-uveitis-in-horses\/","og_site_name":"Tier\u00e4rztliche Praxis f\u00fcr Pferde - Dr. Nina R\u00f6dig - Fachtier\u00e4rztin","article_publisher":"https:\/\/www.facebook.com\/tierarztpraxisroedig\/","article_modified_time":"2023-09-30T13:52:09+00:00","og_image":[{"url":"https:\/\/pferdepraxis-roedig.de\/wp-content\/uploads\/2023\/01\/Augenuntersuchung-1-1-1024x683.jpg","type":"","width":"","height":""}],"twitter_card":"summary_large_image","twitter_misc":{"Estimated reading time":"2 minutes"},"schema":{"@context":"https:\/\/schema.org","@graph":[{"@type":"WebPage","@id":"https:\/\/pferdepraxis-roedig.de\/uveitis-beim-pferd-verstehen-und-behandeln","url":"https:\/\/pferdepraxis-roedig.de\/uveitis-beim-pferd-verstehen-und-behandeln","name":"Uveitis in Horses - Understanding and Treatment - Veterinary Practice for Horses - Dr. Nina R\u00f6dig - Specialist Veterinarian","isPartOf":{"@id":"https:\/\/pferdepraxis-roedig.de\/#website"},"primaryImageOfPage":{"@id":"https:\/\/pferdepraxis-roedig.de\/uveitis-beim-pferd-verstehen-und-behandeln#primaryimage"},"image":{"@id":"https:\/\/pferdepraxis-roedig.de\/uveitis-beim-pferd-verstehen-und-behandeln#primaryimage"},"thumbnailUrl":"https:\/\/pferdepraxis-roedig.de\/wp-content\/uploads\/2023\/01\/Augenuntersuchung-1-1-1024x683.jpg","datePublished":"2023-09-30T13:52:08+00:00","dateModified":"2023-09-30T13:52:09+00:00","description":"In this article, we want to discuss a serious eye condition: Uveitis in horses - understanding and treatment.","breadcrumb":{"@id":"https:\/\/pferdepraxis-roedig.de\/uveitis-beim-pferd-verstehen-und-behandeln#breadcrumb"},"inLanguage":"en-GB","potentialAction":[{"@type":"ReadAction","target":["https:\/\/pferdepraxis-roedig.de\/uveitis-beim-pferd-verstehen-und-behandeln"]}]},{"@type":"ImageObject","inLanguage":"en-GB","@id":"https:\/\/pferdepraxis-roedig.de\/uveitis-beim-pferd-verstehen-und-behandeln#primaryimage","url":"https:\/\/pferdepraxis-roedig.de\/wp-content\/uploads\/2023\/01\/Augenuntersuchung-1-1-1024x683.jpg","contentUrl":"https:\/\/pferdepraxis-roedig.de\/wp-content\/uploads\/2023\/01\/Augenuntersuchung-1-1-1024x683.jpg"},{"@type":"BreadcrumbList","@id":"https:\/\/pferdepraxis-roedig.de\/uveitis-beim-pferd-verstehen-und-behandeln#breadcrumb","itemListElement":[{"@type":"ListItem","position":1,"name":"Startseite","item":"https:\/\/pferdepraxis-roedig.de\/"},{"@type":"ListItem","position":2,"name":"Uveitis beim Pferd &#8211; verstehen und behandeln"}]},{"@type":"WebSite","@id":"https:\/\/pferdepraxis-roedig.de\/#website","url":"https:\/\/pferdepraxis-roedig.de\/","name":"Veterinary Practice for Horses - Dr. Nina R\u00f6dig","description":"Orthopaedics with ultrasound, digital X-ray &amp; endoscopy on site. 24-hour emergency service. Reliable care. Diagnostics possible. Competent advice.","publisher":{"@id":"https:\/\/pferdepraxis-roedig.de\/#organization"},"potentialAction":[{"@type":"SearchAction","target":{"@type":"EntryPoint","urlTemplate":"https:\/\/pferdepraxis-roedig.de\/?s={search_term_string}"},"query-input":{"@type":"PropertyValueSpecification","valueRequired":true,"valueName":"search_term_string"}}],"inLanguage":"en-GB"},{"@type":"Organization","@id":"https:\/\/pferdepraxis-roedig.de\/#organization","name":"Veterinary Practice for Horses - Dr. Nina R\u00f6dig","url":"https:\/\/pferdepraxis-roedig.de\/","logo":{"@type":"ImageObject","inLanguage":"en-GB","@id":"https:\/\/pferdepraxis-roedig.de\/#\/schema\/logo\/image\/","url":"https:\/\/pferdepraxis-roedig.de\/wp-content\/uploads\/2020\/12\/Logo_Roedig_TPfP_v2.png","contentUrl":"https:\/\/pferdepraxis-roedig.de\/wp-content\/uploads\/2020\/12\/Logo_Roedig_TPfP_v2.png","width":1024,"height":386,"caption":"Tier\u00e4rztliche Praxis f\u00fcr Pferde - Dr. Nina R\u00f6dig"},"image":{"@id":"https:\/\/pferdepraxis-roedig.de\/#\/schema\/logo\/image\/"},"sameAs":["https:\/\/www.facebook.com\/tierarztpraxisroedig\/","https:\/\/www.instagram.com\/tierarztpraxis_roedig\/"]}]}},"_links":{"self":[{"href":"https:\/\/pferdepraxis-roedig.de\/en\/wp-json\/wp\/v2\/pages\/560","targetHints":{"allow":["GET"]}}],"collection":[{"href":"https:\/\/pferdepraxis-roedig.de\/en\/wp-json\/wp\/v2\/pages"}],"about":[{"href":"https:\/\/pferdepraxis-roedig.de\/en\/wp-json\/wp\/v2\/types\/page"}],"author":[{"embeddable":true,"href":"https:\/\/pferdepraxis-roedig.de\/en\/wp-json\/wp\/v2\/users\/1"}],"replies":[{"embeddable":true,"href":"https:\/\/pferdepraxis-roedig.de\/en\/wp-json\/wp\/v2\/comments?post=560"}],"version-history":[{"count":1,"href":"https:\/\/pferdepraxis-roedig.de\/en\/wp-json\/wp\/v2\/pages\/560\/revisions"}],"predecessor-version":[{"id":561,"href":"https:\/\/pferdepraxis-roedig.de\/en\/wp-json\/wp\/v2\/pages\/560\/revisions\/561"}],"wp:attachment":[{"href":"https:\/\/pferdepraxis-roedig.de\/en\/wp-json\/wp\/v2\/media?parent=560"}],"curies":[{"name":"wp","href":"https:\/\/api.w.org\/{rel}","templated":true}]}}