{"id":556,"date":"2023-09-11T14:51:21","date_gmt":"2023-09-11T12:51:21","guid":{"rendered":"https:\/\/pferdepraxis-roedig.de\/?page_id=556"},"modified":"2023-09-30T16:04:49","modified_gmt":"2023-09-30T14:04:49","slug":"kotwasser-beim-pferd","status":"publish","type":"page","link":"https:\/\/pferdepraxis-roedig.de\/en\/kotwasser-beim-pferd","title":{"rendered":"Horse dehydration: Causes, symptoms and treatment"},"content":{"rendered":"<p>Liebe Pferdebesitzer,<\/p>\n\n\n\n<p>bei der Tier\u00e4rztlichen Praxis f\u00fcr Pferde von Dr. Nina R\u00f6dig verstehen wir, wie wichtig die Gesundheit Ihres Pferdes f\u00fcr Sie ist. Deshalb m\u00f6chten wir Ihnen Informationen \u00fcber ein h\u00e4ufiges Problem zur Verf\u00fcgung stellen, das Pferde betreffen kann: <strong>Kotwasser<\/strong>. Dieser Artikel wird Ihnen dabei helfen, die Ursachen, Symptome und die Bedeutung professioneller Hilfe bei diesem Gesundheitsproblem zu verstehen.<\/p>\n\n\n\n<figure class=\"wp-block-image size-large\"><img loading=\"lazy\" decoding=\"async\" width=\"1024\" height=\"683\" src=\"https:\/\/pferdepraxis-roedig.de\/wp-content\/uploads\/2023\/09\/Kotwasser-1-1024x683.jpg\" alt=\"Kotwasser beim Pferd\" class=\"wp-image-571\" srcset=\"https:\/\/pferdepraxis-roedig.de\/wp-content\/uploads\/2023\/09\/Kotwasser-1-1024x683.jpg 1024w, https:\/\/pferdepraxis-roedig.de\/wp-content\/uploads\/2023\/09\/Kotwasser-1-300x200.jpg 300w, https:\/\/pferdepraxis-roedig.de\/wp-content\/uploads\/2023\/09\/Kotwasser-1-768x512.jpg 768w, https:\/\/pferdepraxis-roedig.de\/wp-content\/uploads\/2023\/09\/Kotwasser-1-1536x1025.jpg 1536w, https:\/\/pferdepraxis-roedig.de\/wp-content\/uploads\/2023\/09\/Kotwasser-1-2048x1366.jpg 2048w, https:\/\/pferdepraxis-roedig.de\/wp-content\/uploads\/2023\/09\/Kotwasser-1-700x467.jpg 700w, https:\/\/pferdepraxis-roedig.de\/wp-content\/uploads\/2023\/09\/Kotwasser-1-520x347.jpg 520w, https:\/\/pferdepraxis-roedig.de\/wp-content\/uploads\/2023\/09\/Kotwasser-1-360x240.jpg 360w, https:\/\/pferdepraxis-roedig.de\/wp-content\/uploads\/2023\/09\/Kotwasser-1-250x167.jpg 250w, https:\/\/pferdepraxis-roedig.de\/wp-content\/uploads\/2023\/09\/Kotwasser-1-100x67.jpg 100w\" sizes=\"auto, (max-width: 1024px) 100vw, 1024px\" \/><\/figure>\n\n\n\n<p><strong>Was ist Kotwasser bei Pferden?<\/strong><\/p>\n\n\n\n<p>Unter freiem Kotwasser verstehen Tier\u00e4rzte das Absetzen von <strong>geformtem Kot <\/strong>and <strong>zus\u00e4tzlich freier Fl\u00fcssigkeit<\/strong>. Bei zahlreichen Pferden tritt das Kotwasser so massiv auf, so dass es zu erheblicher Verschmutzung des Schweifes und der Hinterbeine kommt.<\/p>\n\n\n\n<p>Zun\u00e4chst eine gute Nachricht: Der Fl\u00fcssigkeitsverlust stellt f\u00fcr die Pferde keine Gesundheitsgef\u00e4hrdung dar, da sie ohne weiteres durch die normale Aufnahme von Wasser ausgeglichen werden kann.<\/p>\n\n\n\n<p>Trotzdem kann das Kotwasser beim Pferd gerade bei massivem Auftreten durch die Verschmutzung des Pferdes eine erheblichen Leidensdruck bei den Besitzern verursachen.<\/p>\n\n\n\n<p><strong>Wichtig<\/strong>: Abzugrenzen von Kotwasser sind unbedingt Durchfallerkrankungen, bei denen kein geformter Kot mehr abgesetzt wird und die in einzelnen F\u00e4llen wie zum Beispiel der gef\u00fcrchteten Colitis X durch den massiven Fl\u00fcssigkeitsverlust im schlimmsten Fall zum Tod des Pferdes f\u00fchren kann. Diese Erkrankungen sollten nicht verharmlost werden und ben\u00f6tigen m\u00f6glicherweise zeitnah tier\u00e4rztliche Hilfe.<\/p>\n\n\n\n<p><strong>Ursachen von Kotwasser beim Pferd:<\/strong><\/p>\n\n\n\n<ol class=\"wp-block-list\" type=\"1\" start=\"1\">\n<li><strong>F\u00fctterung<\/strong>: F\u00fctterungsumstellung Eine abrupte \u00c4nderung in der F\u00fctterung Ihres Pferdes, insbesondere die Einf\u00fchrung neuer Futtermittel oder das \u00dcberf\u00fcttern von Gras, st\u00f6rt die f\u00fcr die Verdauung essenzielle und sehr empfindliche Darmflora des Pferdes.<br>Silagef\u00fctterung kann durch ihren S\u00e4ureanteil und Anteil von speziellen Bakterien, die f\u00fcr den Seliervorgang ben\u00f6tigt werden, zu St\u00f6rungen der Darmflora bei einigen Pferden f\u00fchren.<\/li>\n<\/ol>\n\n\n\n<ol class=\"wp-block-list\" type=\"1\" start=\"2\">\n<li><strong>Chronische Obstipation des Blinddarms: <\/strong>Der Blinddarm ist das wichtigste Organ bei der Verdauung der Rohfaser bei Pferden. Ist er verstopft, wird ein Gro\u00dfteil der Rohfaser nicht gen\u00fcgend fermentiert und kann daher nicht ad\u00e4quat Fl\u00fcssigkeit aufnehmen. Bei einer chronischen Obstipation des Blinddarms m\u00fcssen nicht zwangsl\u00e4ufig Koliksymptome auftreten.<br><\/li>\n\n\n\n<li><strong>Zahnprobleme: <\/strong>Wenn das Pferd das Raufutter nicht ad\u00e4quat zerkleinern kann, wird die Rohfaser schlechter verdaut und kann weniger Fl\u00fcssigkeit im Darm binden.<br><\/li>\n\n\n\n<li><strong>Stress \/ Magengeschw\u00fcre: &nbsp;<\/strong>Stress, sei es durch Transport, Turniere oder Ver\u00e4nderungen im Lebensumfeld des Pferdes, kann zu Magengeschw\u00fcren f\u00fchren. Dadurch verringert sich die Kontraktionsbereitschaft des Magens, was sich negativ auf die Darmperistaltik des Dickdarms auswirkt. Dadurch kann es zu Verstopfungen oder Kotwasser kommen.<br><\/li>\n\n\n\n<li><strong>Parasiten:<\/strong> Ein Befall mit Darmw\u00fcrmern oder anderen Parasiten kann die Verdauung Ihres Pferdes st\u00f6ren, f\u00fchrt aber eher zu Durchfall und nicht zu Kotwasser.<\/li>\n<\/ol>\n\n\n\n<p><strong>Behandlung von Kotwasser:<\/strong><\/p>\n\n\n\n<p>F\u00fcr die Behandlung von Kotwasser sind sehr viele kommerziell erh\u00e4ltliche Zusatzfuttermittel im Handel. Fast alle zeigen eine vor\u00fcbergehende Verbesserung der Symptome. Ohne dass die Ursache der Erkrankung systematisch bek\u00e4mpft wird, wird es langfristig nicht zu einer Verbesserung der Symptome kommen. Wenn Sie bei Ihrem Pferd Kotwasser bemerken, ist es wichtig, den Tierarzt zu konsultieren. Der Tierarzt kann die genaue Ursache diagnostizieren und die richtige Behandlung empfehlen.<\/p>\n\n\n\n<figure class=\"wp-block-image size-large\"><img loading=\"lazy\" decoding=\"async\" width=\"1024\" height=\"683\" src=\"https:\/\/pferdepraxis-roedig.de\/wp-content\/uploads\/2023\/09\/Kotwasser-2-1024x683.jpg\" alt=\"Kotwasser beim Pferd\" class=\"wp-image-572\" srcset=\"https:\/\/pferdepraxis-roedig.de\/wp-content\/uploads\/2023\/09\/Kotwasser-2-1024x683.jpg 1024w, https:\/\/pferdepraxis-roedig.de\/wp-content\/uploads\/2023\/09\/Kotwasser-2-300x200.jpg 300w, https:\/\/pferdepraxis-roedig.de\/wp-content\/uploads\/2023\/09\/Kotwasser-2-768x512.jpg 768w, https:\/\/pferdepraxis-roedig.de\/wp-content\/uploads\/2023\/09\/Kotwasser-2-1536x1025.jpg 1536w, https:\/\/pferdepraxis-roedig.de\/wp-content\/uploads\/2023\/09\/Kotwasser-2-2048x1366.jpg 2048w, https:\/\/pferdepraxis-roedig.de\/wp-content\/uploads\/2023\/09\/Kotwasser-2-700x467.jpg 700w, https:\/\/pferdepraxis-roedig.de\/wp-content\/uploads\/2023\/09\/Kotwasser-2-520x347.jpg 520w, https:\/\/pferdepraxis-roedig.de\/wp-content\/uploads\/2023\/09\/Kotwasser-2-360x240.jpg 360w, https:\/\/pferdepraxis-roedig.de\/wp-content\/uploads\/2023\/09\/Kotwasser-2-250x167.jpg 250w, https:\/\/pferdepraxis-roedig.de\/wp-content\/uploads\/2023\/09\/Kotwasser-2-100x67.jpg 100w\" sizes=\"auto, (max-width: 1024px) 100vw, 1024px\" \/><\/figure>\n\n\n\n<p><strong>Fazit:<\/strong><\/p>\n\n\n\n<p>Kotwasser bei Pferden ist ein h\u00e4ufiges Gesundheitsproblem, das verschiedene Ursachen haben kann. Die richtige Diagnose und Behandlung sind entscheidend, um Ihrem Pferd zu helfen. Achten Sie auf Ver\u00e4nderungen im Kot Ihres Pferdes und z\u00f6gern Sie nicht, professionelle tier\u00e4rztliche Hilfe in Anspruch zu nehmen. Die Gesundheit Ihres Pferdes ist von gr\u00f6\u00dfter Bedeutung, und eine fr\u00fchzeitige Intervention kann die Genesung f\u00f6rdern.<\/p>\n\n\n\n<p>Wenn Sie weitere Fragen oder Bedenken zur Gesundheit Ihres Pferdes haben, z\u00f6gern Sie nicht, uns zu <a href=\"https:\/\/pferdepraxis-roedig.de\/en\/contact\/\">contact<\/a>. Wir stehen Ihnen gerne zur Verf\u00fcgung, um Ihnen bei der Pflege und dem Wohlbefinden Ihres geliebten Pferdes zu helfen.<\/p>","protected":false},"excerpt":{"rendered":"<p>Liebe Pferdebesitzer, bei der Tier\u00e4rztlichen Praxis f\u00fcr Pferde von Dr. Nina R\u00f6dig verstehen wir, wie wichtig die Gesundheit Ihres Pferdes f\u00fcr Sie ist. Deshalb m\u00f6chten wir Ihnen Informationen \u00fcber ein h\u00e4ufiges Problem zur Verf\u00fcgung stellen, das Pferde betreffen kann: Kotwasser. [&hellip;]<\/p>\n","protected":false},"author":1,"featured_media":0,"parent":0,"menu_order":0,"comment_status":"closed","ping_status":"closed","template":"","meta":{"footnotes":""},"class_list":["post-556","page","type-page","status-publish","hentry","clearfix"],"yoast_head":"<!-- This site is optimized with the Yoast SEO plugin v27.3 - https:\/\/yoast.com\/product\/yoast-seo-wordpress\/ -->\n<title>Kotwasser beim Pferd: Ursachen, Symptome und Behandlung - Tier\u00e4rztliche Praxis f\u00fcr Pferde - Dr. Nina R\u00f6dig - Fachtier\u00e4rztin<\/title>\n<meta name=\"description\" content=\"Unter freiem Kotwasser beim Pferd verstehen Tier\u00e4rzte das Absetzen von geformtem Kot und zus\u00e4tzlich freier Fl\u00fcssigkeit.\" \/>\n<meta name=\"robots\" content=\"index, follow, max-snippet:-1, max-image-preview:large, max-video-preview:-1\" \/>\n<link rel=\"canonical\" href=\"https:\/\/pferdepraxis-roedig.de\/en\/kotwasser-beim-pferd\/\" \/>\n<meta property=\"og:locale\" content=\"en_GB\" \/>\n<meta property=\"og:type\" content=\"article\" \/>\n<meta property=\"og:title\" content=\"Kotwasser beim Pferd: Ursachen, Symptome und Behandlung - Tier\u00e4rztliche Praxis f\u00fcr Pferde - Dr. Nina R\u00f6dig - Fachtier\u00e4rztin\" \/>\n<meta property=\"og:description\" content=\"Unter freiem Kotwasser beim Pferd verstehen Tier\u00e4rzte das Absetzen von geformtem Kot und zus\u00e4tzlich freier Fl\u00fcssigkeit.\" \/>\n<meta property=\"og:url\" content=\"https:\/\/pferdepraxis-roedig.de\/en\/kotwasser-beim-pferd\/\" \/>\n<meta property=\"og:site_name\" content=\"Tier\u00e4rztliche Praxis f\u00fcr Pferde - Dr. Nina R\u00f6dig - Fachtier\u00e4rztin\" \/>\n<meta property=\"article:publisher\" content=\"https:\/\/www.facebook.com\/tierarztpraxisroedig\/\" \/>\n<meta property=\"article:modified_time\" content=\"2023-09-30T14:04:49+00:00\" \/>\n<meta property=\"og:image\" content=\"https:\/\/pferdepraxis-roedig.de\/wp-content\/uploads\/2023\/09\/Kotwasser-1-1024x683.jpg\" \/>\n<meta name=\"twitter:card\" content=\"summary_large_image\" \/>\n<meta name=\"twitter:label1\" content=\"Estimated reading time\" \/>\n\t<meta name=\"twitter:data1\" content=\"3 minutes\" \/>\n<script type=\"application\/ld+json\" class=\"yoast-schema-graph\">{\"@context\":\"https:\\\/\\\/schema.org\",\"@graph\":[{\"@type\":\"WebPage\",\"@id\":\"https:\\\/\\\/pferdepraxis-roedig.de\\\/kotwasser-beim-pferd\",\"url\":\"https:\\\/\\\/pferdepraxis-roedig.de\\\/kotwasser-beim-pferd\",\"name\":\"Kotwasser beim Pferd: Ursachen, Symptome und Behandlung - Tier\u00e4rztliche Praxis f\u00fcr Pferde - Dr. Nina R\u00f6dig - Fachtier\u00e4rztin\",\"isPartOf\":{\"@id\":\"https:\\\/\\\/pferdepraxis-roedig.de\\\/#website\"},\"primaryImageOfPage\":{\"@id\":\"https:\\\/\\\/pferdepraxis-roedig.de\\\/kotwasser-beim-pferd#primaryimage\"},\"image\":{\"@id\":\"https:\\\/\\\/pferdepraxis-roedig.de\\\/kotwasser-beim-pferd#primaryimage\"},\"thumbnailUrl\":\"https:\\\/\\\/pferdepraxis-roedig.de\\\/wp-content\\\/uploads\\\/2023\\\/09\\\/Kotwasser-1-1024x683.jpg\",\"datePublished\":\"2023-09-11T12:51:21+00:00\",\"dateModified\":\"2023-09-30T14:04:49+00:00\",\"description\":\"Unter freiem Kotwasser beim Pferd verstehen Tier\u00e4rzte das Absetzen von geformtem Kot und zus\u00e4tzlich freier Fl\u00fcssigkeit.\",\"breadcrumb\":{\"@id\":\"https:\\\/\\\/pferdepraxis-roedig.de\\\/kotwasser-beim-pferd#breadcrumb\"},\"inLanguage\":\"en-GB\",\"potentialAction\":[{\"@type\":\"ReadAction\",\"target\":[\"https:\\\/\\\/pferdepraxis-roedig.de\\\/kotwasser-beim-pferd\"]}]},{\"@type\":\"ImageObject\",\"inLanguage\":\"en-GB\",\"@id\":\"https:\\\/\\\/pferdepraxis-roedig.de\\\/kotwasser-beim-pferd#primaryimage\",\"url\":\"https:\\\/\\\/pferdepraxis-roedig.de\\\/wp-content\\\/uploads\\\/2023\\\/09\\\/Kotwasser-1-1024x683.jpg\",\"contentUrl\":\"https:\\\/\\\/pferdepraxis-roedig.de\\\/wp-content\\\/uploads\\\/2023\\\/09\\\/Kotwasser-1-1024x683.jpg\"},{\"@type\":\"BreadcrumbList\",\"@id\":\"https:\\\/\\\/pferdepraxis-roedig.de\\\/kotwasser-beim-pferd#breadcrumb\",\"itemListElement\":[{\"@type\":\"ListItem\",\"position\":1,\"name\":\"Startseite\",\"item\":\"https:\\\/\\\/pferdepraxis-roedig.de\\\/\"},{\"@type\":\"ListItem\",\"position\":2,\"name\":\"Kotwasser beim Pferd: Ursachen, Symptome und Behandlung\"}]},{\"@type\":\"WebSite\",\"@id\":\"https:\\\/\\\/pferdepraxis-roedig.de\\\/#website\",\"url\":\"https:\\\/\\\/pferdepraxis-roedig.de\\\/\",\"name\":\"Tier\u00e4rztliche Praxis f\u00fcr Pferde - Dr. Nina R\u00f6dig\",\"description\":\"Orthop\u00e4die mit Ultraschall, dig. R\u00f6ntgen &amp; Endoskopie vor Ort. 24h-Notdienst. Zuverl\u00e4ssige Betreuung. Diagnostik M\u00f6glich. Kompetente Beratung.\",\"publisher\":{\"@id\":\"https:\\\/\\\/pferdepraxis-roedig.de\\\/#organization\"},\"potentialAction\":[{\"@type\":\"SearchAction\",\"target\":{\"@type\":\"EntryPoint\",\"urlTemplate\":\"https:\\\/\\\/pferdepraxis-roedig.de\\\/?s={search_term_string}\"},\"query-input\":{\"@type\":\"PropertyValueSpecification\",\"valueRequired\":true,\"valueName\":\"search_term_string\"}}],\"inLanguage\":\"en-GB\"},{\"@type\":\"Organization\",\"@id\":\"https:\\\/\\\/pferdepraxis-roedig.de\\\/#organization\",\"name\":\"Tier\u00e4rztliche Praxis f\u00fcr Pferde - Dr. Nina R\u00f6dig\",\"url\":\"https:\\\/\\\/pferdepraxis-roedig.de\\\/\",\"logo\":{\"@type\":\"ImageObject\",\"inLanguage\":\"en-GB\",\"@id\":\"https:\\\/\\\/pferdepraxis-roedig.de\\\/#\\\/schema\\\/logo\\\/image\\\/\",\"url\":\"https:\\\/\\\/pferdepraxis-roedig.de\\\/wp-content\\\/uploads\\\/2020\\\/12\\\/Logo_Roedig_TPfP_v2.png\",\"contentUrl\":\"https:\\\/\\\/pferdepraxis-roedig.de\\\/wp-content\\\/uploads\\\/2020\\\/12\\\/Logo_Roedig_TPfP_v2.png\",\"width\":1024,\"height\":386,\"caption\":\"Tier\u00e4rztliche Praxis f\u00fcr Pferde - Dr. Nina R\u00f6dig\"},\"image\":{\"@id\":\"https:\\\/\\\/pferdepraxis-roedig.de\\\/#\\\/schema\\\/logo\\\/image\\\/\"},\"sameAs\":[\"https:\\\/\\\/www.facebook.com\\\/tierarztpraxisroedig\\\/\",\"https:\\\/\\\/www.instagram.com\\\/tierarztpraxis_roedig\\\/\"]}]}<\/script>\n<!-- \/ Yoast SEO plugin. -->","yoast_head_json":{"title":"Kotwasser beim Pferd: Ursachen, Symptome und Behandlung - Tier\u00e4rztliche Praxis f\u00fcr Pferde - Dr. Nina R\u00f6dig - Fachtier\u00e4rztin","description":"Unter freiem Kotwasser beim Pferd verstehen Tier\u00e4rzte das Absetzen von geformtem Kot und zus\u00e4tzlich freier Fl\u00fcssigkeit.","robots":{"index":"index","follow":"follow","max-snippet":"max-snippet:-1","max-image-preview":"max-image-preview:large","max-video-preview":"max-video-preview:-1"},"canonical":"https:\/\/pferdepraxis-roedig.de\/en\/kotwasser-beim-pferd\/","og_locale":"en_GB","og_type":"article","og_title":"Kotwasser beim Pferd: Ursachen, Symptome und Behandlung - Tier\u00e4rztliche Praxis f\u00fcr Pferde - Dr. Nina R\u00f6dig - Fachtier\u00e4rztin","og_description":"Unter freiem Kotwasser beim Pferd verstehen Tier\u00e4rzte das Absetzen von geformtem Kot und zus\u00e4tzlich freier Fl\u00fcssigkeit.","og_url":"https:\/\/pferdepraxis-roedig.de\/en\/kotwasser-beim-pferd\/","og_site_name":"Tier\u00e4rztliche Praxis f\u00fcr Pferde - Dr. Nina R\u00f6dig - Fachtier\u00e4rztin","article_publisher":"https:\/\/www.facebook.com\/tierarztpraxisroedig\/","article_modified_time":"2023-09-30T14:04:49+00:00","og_image":[{"url":"https:\/\/pferdepraxis-roedig.de\/wp-content\/uploads\/2023\/09\/Kotwasser-1-1024x683.jpg","type":"","width":"","height":""}],"twitter_card":"summary_large_image","twitter_misc":{"Estimated reading time":"3 minutes"},"schema":{"@context":"https:\/\/schema.org","@graph":[{"@type":"WebPage","@id":"https:\/\/pferdepraxis-roedig.de\/kotwasser-beim-pferd","url":"https:\/\/pferdepraxis-roedig.de\/kotwasser-beim-pferd","name":"Kotwasser beim Pferd: Ursachen, Symptome und Behandlung - Tier\u00e4rztliche Praxis f\u00fcr Pferde - Dr. Nina R\u00f6dig - Fachtier\u00e4rztin","isPartOf":{"@id":"https:\/\/pferdepraxis-roedig.de\/#website"},"primaryImageOfPage":{"@id":"https:\/\/pferdepraxis-roedig.de\/kotwasser-beim-pferd#primaryimage"},"image":{"@id":"https:\/\/pferdepraxis-roedig.de\/kotwasser-beim-pferd#primaryimage"},"thumbnailUrl":"https:\/\/pferdepraxis-roedig.de\/wp-content\/uploads\/2023\/09\/Kotwasser-1-1024x683.jpg","datePublished":"2023-09-11T12:51:21+00:00","dateModified":"2023-09-30T14:04:49+00:00","description":"Unter freiem Kotwasser beim Pferd verstehen Tier\u00e4rzte das Absetzen von geformtem Kot und zus\u00e4tzlich freier Fl\u00fcssigkeit.","breadcrumb":{"@id":"https:\/\/pferdepraxis-roedig.de\/kotwasser-beim-pferd#breadcrumb"},"inLanguage":"en-GB","potentialAction":[{"@type":"ReadAction","target":["https:\/\/pferdepraxis-roedig.de\/kotwasser-beim-pferd"]}]},{"@type":"ImageObject","inLanguage":"en-GB","@id":"https:\/\/pferdepraxis-roedig.de\/kotwasser-beim-pferd#primaryimage","url":"https:\/\/pferdepraxis-roedig.de\/wp-content\/uploads\/2023\/09\/Kotwasser-1-1024x683.jpg","contentUrl":"https:\/\/pferdepraxis-roedig.de\/wp-content\/uploads\/2023\/09\/Kotwasser-1-1024x683.jpg"},{"@type":"BreadcrumbList","@id":"https:\/\/pferdepraxis-roedig.de\/kotwasser-beim-pferd#breadcrumb","itemListElement":[{"@type":"ListItem","position":1,"name":"Startseite","item":"https:\/\/pferdepraxis-roedig.de\/"},{"@type":"ListItem","position":2,"name":"Kotwasser beim Pferd: Ursachen, Symptome und Behandlung"}]},{"@type":"WebSite","@id":"https:\/\/pferdepraxis-roedig.de\/#website","url":"https:\/\/pferdepraxis-roedig.de\/","name":"Veterinary Practice for Horses - Dr. Nina R\u00f6dig","description":"Orthopaedics with ultrasound, digital X-ray &amp; endoscopy on site. 24-hour emergency service. Reliable care. Diagnostics possible. Competent advice.","publisher":{"@id":"https:\/\/pferdepraxis-roedig.de\/#organization"},"potentialAction":[{"@type":"SearchAction","target":{"@type":"EntryPoint","urlTemplate":"https:\/\/pferdepraxis-roedig.de\/?s={search_term_string}"},"query-input":{"@type":"PropertyValueSpecification","valueRequired":true,"valueName":"search_term_string"}}],"inLanguage":"en-GB"},{"@type":"Organization","@id":"https:\/\/pferdepraxis-roedig.de\/#organization","name":"Veterinary Practice for Horses - Dr. Nina R\u00f6dig","url":"https:\/\/pferdepraxis-roedig.de\/","logo":{"@type":"ImageObject","inLanguage":"en-GB","@id":"https:\/\/pferdepraxis-roedig.de\/#\/schema\/logo\/image\/","url":"https:\/\/pferdepraxis-roedig.de\/wp-content\/uploads\/2020\/12\/Logo_Roedig_TPfP_v2.png","contentUrl":"https:\/\/pferdepraxis-roedig.de\/wp-content\/uploads\/2020\/12\/Logo_Roedig_TPfP_v2.png","width":1024,"height":386,"caption":"Tier\u00e4rztliche Praxis f\u00fcr Pferde - Dr. Nina R\u00f6dig"},"image":{"@id":"https:\/\/pferdepraxis-roedig.de\/#\/schema\/logo\/image\/"},"sameAs":["https:\/\/www.facebook.com\/tierarztpraxisroedig\/","https:\/\/www.instagram.com\/tierarztpraxis_roedig\/"]}]}},"_links":{"self":[{"href":"https:\/\/pferdepraxis-roedig.de\/en\/wp-json\/wp\/v2\/pages\/556","targetHints":{"allow":["GET"]}}],"collection":[{"href":"https:\/\/pferdepraxis-roedig.de\/en\/wp-json\/wp\/v2\/pages"}],"about":[{"href":"https:\/\/pferdepraxis-roedig.de\/en\/wp-json\/wp\/v2\/types\/page"}],"author":[{"embeddable":true,"href":"https:\/\/pferdepraxis-roedig.de\/en\/wp-json\/wp\/v2\/users\/1"}],"replies":[{"embeddable":true,"href":"https:\/\/pferdepraxis-roedig.de\/en\/wp-json\/wp\/v2\/comments?post=556"}],"version-history":[{"count":2,"href":"https:\/\/pferdepraxis-roedig.de\/en\/wp-json\/wp\/v2\/pages\/556\/revisions"}],"predecessor-version":[{"id":573,"href":"https:\/\/pferdepraxis-roedig.de\/en\/wp-json\/wp\/v2\/pages\/556\/revisions\/573"}],"wp:attachment":[{"href":"https:\/\/pferdepraxis-roedig.de\/en\/wp-json\/wp\/v2\/media?parent=556"}],"curies":[{"name":"wp","href":"https:\/\/api.w.org\/{rel}","templated":true}]}}