{"id":52,"date":"2020-11-01T14:10:37","date_gmt":"2020-11-01T14:10:37","guid":{"rendered":"https:\/\/xn--tierrztlichepraxisfr-ezb75c.live-website.com\/?page_id=52"},"modified":"2022-01-17T16:44:45","modified_gmt":"2022-01-17T15:44:45","slug":"benefits","status":"publish","type":"page","link":"https:\/\/pferdepraxis-roedig.de\/en\/leistungen","title":{"rendered":"Services"},"content":{"rendered":"<figure class=\"wp-block-image size-large\"><img loading=\"lazy\" decoding=\"async\" width=\"400\" height=\"348\" src=\"https:\/\/pferdepraxis-roedig.de\/wp-content\/uploads\/2020\/12\/leistungen.jpg\" alt=\"Veterinarian with horse\" class=\"wp-image-173\" srcset=\"https:\/\/pferdepraxis-roedig.de\/wp-content\/uploads\/2020\/12\/leistungen.jpg 400w, https:\/\/pferdepraxis-roedig.de\/wp-content\/uploads\/2020\/12\/leistungen-300x261.jpg 300w, https:\/\/pferdepraxis-roedig.de\/wp-content\/uploads\/2020\/12\/leistungen-360x313.jpg 360w, https:\/\/pferdepraxis-roedig.de\/wp-content\/uploads\/2020\/12\/leistungen-250x218.jpg 250w, https:\/\/pferdepraxis-roedig.de\/wp-content\/uploads\/2020\/12\/leistungen-100x87.jpg 100w\" sizes=\"auto, (max-width: 400px) 100vw, 400px\" \/><\/figure>\n\n\n\n<p>I am very happy to carry out all possible outpatient examinations at your home stable \u2013 always coupled with a detailed consultation, as well as a discussion of the findings and treatment options. Because you know your horse as well as nobody else.<\/p>\n\n\n\n<p>The possibilities and approaches in equine medicine are as diverse and individual as each animal itself. That is why I work in a team with competent dentists, physiotherapists, farriers and alternative practitioners.<\/p>\n\n\n\n<p>Here is a list of our services:<\/p>\n\n\n\n<ul class=\"wp-block-list\"><li><a href=\"https:\/\/pferdepraxis-roedig.de\/en\/auge\/\">Eye diseases<\/a><\/li><li><a href=\"https:\/\/pferdepraxis-roedig.de\/en\/leech\/\">Leeches<\/a><\/li><li><a href=\"https:\/\/pferdepraxis-roedig.de\/en\/chirugie\/\">Surgery<\/a><\/li><li><a href=\"https:\/\/pferdepraxis-roedig.de\/en\/equine-passport\/\">Equine passport<\/a><\/li><li><a href=\"https:\/\/pferdepraxis-roedig.de\/en\/vaccination-in-horses\/\">Vaccination in horses<\/a><\/li><li><a href=\"https:\/\/pferdepraxis-roedig.de\/en\/internal-medicine\/\">Internal Medicine<\/a><\/li><li><a href=\"https:\/\/pferdepraxis-roedig.de\/en\/pre-purchase-examination-of-a-horse\/\">Pre-purchase examination of a horse<\/a><\/li><li><a href=\"https:\/\/pferdepraxis-roedig.de\/en\/general-orthopaedics\/\">Orthopaedics \u2013 General<\/a><\/li><li><a href=\"https:\/\/pferdepraxis-roedig.de\/en\/stuten-fohlen\/\">Mares &amp; Foals<\/a><\/li><li><a href=\"https:\/\/pferdepraxis-roedig.de\/en\/zahnbehandlung\/\">Equine dental treatment<\/a><\/li><\/ul>","protected":false},"excerpt":{"rendered":"<p>Alle ambulant m\u00f6glichen Untersuchungen f\u00fchre ich gerne in Ihrem Heimatstall durch \u2013 immer verbunden mit einer ausf\u00fchrlichen Beratung sowie der Besprechung der Befunde und Therapiem\u00f6glichkeiten. Denn Sie kennen Ihr Pferd so gut wie kein anderer. Die M\u00f6glichkeiten und Ans\u00e4tze in [&hellip;]<\/p>\n","protected":false},"author":1,"featured_media":0,"parent":0,"menu_order":0,"comment_status":"closed","ping_status":"closed","template":"","meta":{"footnotes":""},"class_list":["post-52","page","type-page","status-publish","hentry","clearfix"],"yoast_head":"<!-- This site is optimized with the Yoast SEO plugin v27.3 - https:\/\/yoast.com\/product\/yoast-seo-wordpress\/ -->\n<title>Leistungen - Tier\u00e4rztliche Praxis f\u00fcr Pferde - Dr. Nina R\u00f6dig - Fachtier\u00e4rztin<\/title>\n<meta name=\"description\" content=\"Alle ambulant m\u00f6glichen Untersuchungen f\u00fchre ich gerne in Ihrem Heimatstall durch \u2013 immer verbunden mit einer ausf\u00fchrlichen Beratung.\" \/>\n<meta name=\"robots\" content=\"index, follow, max-snippet:-1, max-image-preview:large, max-video-preview:-1\" \/>\n<link rel=\"canonical\" href=\"https:\/\/pferdepraxis-roedig.de\/en\/benefits\/\" \/>\n<meta property=\"og:locale\" content=\"en_GB\" \/>\n<meta property=\"og:type\" content=\"article\" \/>\n<meta property=\"og:title\" content=\"Leistungen - Tier\u00e4rztliche Praxis f\u00fcr Pferde - Dr. Nina R\u00f6dig - Fachtier\u00e4rztin\" \/>\n<meta property=\"og:description\" content=\"Alle ambulant m\u00f6glichen Untersuchungen f\u00fchre ich gerne in Ihrem Heimatstall durch \u2013 immer verbunden mit einer ausf\u00fchrlichen Beratung.\" \/>\n<meta property=\"og:url\" content=\"https:\/\/pferdepraxis-roedig.de\/en\/benefits\/\" \/>\n<meta property=\"og:site_name\" content=\"Tier\u00e4rztliche Praxis f\u00fcr Pferde - Dr. Nina R\u00f6dig - Fachtier\u00e4rztin\" \/>\n<meta property=\"article:publisher\" content=\"https:\/\/www.facebook.com\/tierarztpraxisroedig\/\" \/>\n<meta property=\"article:modified_time\" content=\"2022-01-17T15:44:45+00:00\" \/>\n<meta property=\"og:image\" content=\"https:\/\/pferdepraxis-roedig.de\/wp-content\/uploads\/2020\/12\/leistungen.jpg\" \/>\n<meta name=\"twitter:card\" content=\"summary_large_image\" \/>\n<meta name=\"twitter:label1\" content=\"Estimated reading time\" \/>\n\t<meta name=\"twitter:data1\" content=\"1 minute\" \/>\n<script type=\"application\/ld+json\" class=\"yoast-schema-graph\">{\"@context\":\"https:\\\/\\\/schema.org\",\"@graph\":[{\"@type\":\"WebPage\",\"@id\":\"https:\\\/\\\/pferdepraxis-roedig.de\\\/leistungen\",\"url\":\"https:\\\/\\\/pferdepraxis-roedig.de\\\/leistungen\",\"name\":\"Leistungen - Tier\u00e4rztliche Praxis f\u00fcr Pferde - Dr. Nina R\u00f6dig - Fachtier\u00e4rztin\",\"isPartOf\":{\"@id\":\"https:\\\/\\\/pferdepraxis-roedig.de\\\/#website\"},\"primaryImageOfPage\":{\"@id\":\"https:\\\/\\\/pferdepraxis-roedig.de\\\/leistungen#primaryimage\"},\"image\":{\"@id\":\"https:\\\/\\\/pferdepraxis-roedig.de\\\/leistungen#primaryimage\"},\"thumbnailUrl\":\"https:\\\/\\\/pferdepraxis-roedig.de\\\/wp-content\\\/uploads\\\/2020\\\/12\\\/leistungen.jpg\",\"datePublished\":\"2020-11-01T14:10:37+00:00\",\"dateModified\":\"2022-01-17T15:44:45+00:00\",\"description\":\"Alle ambulant m\u00f6glichen Untersuchungen f\u00fchre ich gerne in Ihrem Heimatstall durch \u2013 immer verbunden mit einer ausf\u00fchrlichen Beratung.\",\"breadcrumb\":{\"@id\":\"https:\\\/\\\/pferdepraxis-roedig.de\\\/leistungen#breadcrumb\"},\"inLanguage\":\"en-GB\",\"potentialAction\":[{\"@type\":\"ReadAction\",\"target\":[\"https:\\\/\\\/pferdepraxis-roedig.de\\\/leistungen\"]}]},{\"@type\":\"ImageObject\",\"inLanguage\":\"en-GB\",\"@id\":\"https:\\\/\\\/pferdepraxis-roedig.de\\\/leistungen#primaryimage\",\"url\":\"https:\\\/\\\/pferdepraxis-roedig.de\\\/wp-content\\\/uploads\\\/2020\\\/12\\\/leistungen.jpg\",\"contentUrl\":\"https:\\\/\\\/pferdepraxis-roedig.de\\\/wp-content\\\/uploads\\\/2020\\\/12\\\/leistungen.jpg\"},{\"@type\":\"BreadcrumbList\",\"@id\":\"https:\\\/\\\/pferdepraxis-roedig.de\\\/leistungen#breadcrumb\",\"itemListElement\":[{\"@type\":\"ListItem\",\"position\":1,\"name\":\"Startseite\",\"item\":\"https:\\\/\\\/pferdepraxis-roedig.de\\\/\"},{\"@type\":\"ListItem\",\"position\":2,\"name\":\"Leistungen\"}]},{\"@type\":\"WebSite\",\"@id\":\"https:\\\/\\\/pferdepraxis-roedig.de\\\/#website\",\"url\":\"https:\\\/\\\/pferdepraxis-roedig.de\\\/\",\"name\":\"Tier\u00e4rztliche Praxis f\u00fcr Pferde - Dr. Nina R\u00f6dig\",\"description\":\"Orthop\u00e4die mit Ultraschall, dig. R\u00f6ntgen &amp; Endoskopie vor Ort. 24h-Notdienst. Zuverl\u00e4ssige Betreuung. Diagnostik M\u00f6glich. Kompetente Beratung.\",\"publisher\":{\"@id\":\"https:\\\/\\\/pferdepraxis-roedig.de\\\/#organization\"},\"potentialAction\":[{\"@type\":\"SearchAction\",\"target\":{\"@type\":\"EntryPoint\",\"urlTemplate\":\"https:\\\/\\\/pferdepraxis-roedig.de\\\/?s={search_term_string}\"},\"query-input\":{\"@type\":\"PropertyValueSpecification\",\"valueRequired\":true,\"valueName\":\"search_term_string\"}}],\"inLanguage\":\"en-GB\"},{\"@type\":\"Organization\",\"@id\":\"https:\\\/\\\/pferdepraxis-roedig.de\\\/#organization\",\"name\":\"Tier\u00e4rztliche Praxis f\u00fcr Pferde - Dr. Nina R\u00f6dig\",\"url\":\"https:\\\/\\\/pferdepraxis-roedig.de\\\/\",\"logo\":{\"@type\":\"ImageObject\",\"inLanguage\":\"en-GB\",\"@id\":\"https:\\\/\\\/pferdepraxis-roedig.de\\\/#\\\/schema\\\/logo\\\/image\\\/\",\"url\":\"https:\\\/\\\/pferdepraxis-roedig.de\\\/wp-content\\\/uploads\\\/2020\\\/12\\\/Logo_Roedig_TPfP_v2.png\",\"contentUrl\":\"https:\\\/\\\/pferdepraxis-roedig.de\\\/wp-content\\\/uploads\\\/2020\\\/12\\\/Logo_Roedig_TPfP_v2.png\",\"width\":1024,\"height\":386,\"caption\":\"Tier\u00e4rztliche Praxis f\u00fcr Pferde - Dr. Nina R\u00f6dig\"},\"image\":{\"@id\":\"https:\\\/\\\/pferdepraxis-roedig.de\\\/#\\\/schema\\\/logo\\\/image\\\/\"},\"sameAs\":[\"https:\\\/\\\/www.facebook.com\\\/tierarztpraxisroedig\\\/\",\"https:\\\/\\\/www.instagram.com\\\/tierarztpraxis_roedig\\\/\"]}]}<\/script>\n<!-- \/ Yoast SEO plugin. -->","yoast_head_json":{"title":"Services - Veterinary Practice for Horses - Dr. Nina R\u00f6dig - Specialist Veterinary Surgeon","description":"I am happy to carry out all examinations that can be done on an outpatient basis at your home stable \u2013 always combined with detailed advice.","robots":{"index":"index","follow":"follow","max-snippet":"max-snippet:-1","max-image-preview":"max-image-preview:large","max-video-preview":"max-video-preview:-1"},"canonical":"https:\/\/pferdepraxis-roedig.de\/en\/benefits\/","og_locale":"en_GB","og_type":"article","og_title":"Leistungen - Tier\u00e4rztliche Praxis f\u00fcr Pferde - Dr. Nina R\u00f6dig - Fachtier\u00e4rztin","og_description":"Alle ambulant m\u00f6glichen Untersuchungen f\u00fchre ich gerne in Ihrem Heimatstall durch \u2013 immer verbunden mit einer ausf\u00fchrlichen Beratung.","og_url":"https:\/\/pferdepraxis-roedig.de\/en\/benefits\/","og_site_name":"Tier\u00e4rztliche Praxis f\u00fcr Pferde - Dr. Nina R\u00f6dig - Fachtier\u00e4rztin","article_publisher":"https:\/\/www.facebook.com\/tierarztpraxisroedig\/","article_modified_time":"2022-01-17T15:44:45+00:00","og_image":[{"url":"https:\/\/pferdepraxis-roedig.de\/wp-content\/uploads\/2020\/12\/leistungen.jpg","type":"","width":"","height":""}],"twitter_card":"summary_large_image","twitter_misc":{"Estimated reading time":"1 minute"},"schema":{"@context":"https:\/\/schema.org","@graph":[{"@type":"WebPage","@id":"https:\/\/pferdepraxis-roedig.de\/leistungen","url":"https:\/\/pferdepraxis-roedig.de\/leistungen","name":"Services - Veterinary Practice for Horses - Dr. Nina R\u00f6dig - Specialist Veterinary Surgeon","isPartOf":{"@id":"https:\/\/pferdepraxis-roedig.de\/#website"},"primaryImageOfPage":{"@id":"https:\/\/pferdepraxis-roedig.de\/leistungen#primaryimage"},"image":{"@id":"https:\/\/pferdepraxis-roedig.de\/leistungen#primaryimage"},"thumbnailUrl":"https:\/\/pferdepraxis-roedig.de\/wp-content\/uploads\/2020\/12\/leistungen.jpg","datePublished":"2020-11-01T14:10:37+00:00","dateModified":"2022-01-17T15:44:45+00:00","description":"I am happy to carry out all examinations that can be done on an outpatient basis at your home stable \u2013 always combined with detailed advice.","breadcrumb":{"@id":"https:\/\/pferdepraxis-roedig.de\/leistungen#breadcrumb"},"inLanguage":"en-GB","potentialAction":[{"@type":"ReadAction","target":["https:\/\/pferdepraxis-roedig.de\/leistungen"]}]},{"@type":"ImageObject","inLanguage":"en-GB","@id":"https:\/\/pferdepraxis-roedig.de\/leistungen#primaryimage","url":"https:\/\/pferdepraxis-roedig.de\/wp-content\/uploads\/2020\/12\/leistungen.jpg","contentUrl":"https:\/\/pferdepraxis-roedig.de\/wp-content\/uploads\/2020\/12\/leistungen.jpg"},{"@type":"BreadcrumbList","@id":"https:\/\/pferdepraxis-roedig.de\/leistungen#breadcrumb","itemListElement":[{"@type":"ListItem","position":1,"name":"Startseite","item":"https:\/\/pferdepraxis-roedig.de\/"},{"@type":"ListItem","position":2,"name":"Leistungen"}]},{"@type":"WebSite","@id":"https:\/\/pferdepraxis-roedig.de\/#website","url":"https:\/\/pferdepraxis-roedig.de\/","name":"Veterinary Practice for Horses - Dr. Nina R\u00f6dig","description":"Orthopaedics with ultrasound, digital X-ray &amp; endoscopy on site. 24-hour emergency service. Reliable care. Diagnostics possible. Competent advice.","publisher":{"@id":"https:\/\/pferdepraxis-roedig.de\/#organization"},"potentialAction":[{"@type":"SearchAction","target":{"@type":"EntryPoint","urlTemplate":"https:\/\/pferdepraxis-roedig.de\/?s={search_term_string}"},"query-input":{"@type":"PropertyValueSpecification","valueRequired":true,"valueName":"search_term_string"}}],"inLanguage":"en-GB"},{"@type":"Organization","@id":"https:\/\/pferdepraxis-roedig.de\/#organization","name":"Veterinary Practice for Horses - Dr. Nina R\u00f6dig","url":"https:\/\/pferdepraxis-roedig.de\/","logo":{"@type":"ImageObject","inLanguage":"en-GB","@id":"https:\/\/pferdepraxis-roedig.de\/#\/schema\/logo\/image\/","url":"https:\/\/pferdepraxis-roedig.de\/wp-content\/uploads\/2020\/12\/Logo_Roedig_TPfP_v2.png","contentUrl":"https:\/\/pferdepraxis-roedig.de\/wp-content\/uploads\/2020\/12\/Logo_Roedig_TPfP_v2.png","width":1024,"height":386,"caption":"Tier\u00e4rztliche Praxis f\u00fcr Pferde - Dr. Nina R\u00f6dig"},"image":{"@id":"https:\/\/pferdepraxis-roedig.de\/#\/schema\/logo\/image\/"},"sameAs":["https:\/\/www.facebook.com\/tierarztpraxisroedig\/","https:\/\/www.instagram.com\/tierarztpraxis_roedig\/"]}]}},"_links":{"self":[{"href":"https:\/\/pferdepraxis-roedig.de\/en\/wp-json\/wp\/v2\/pages\/52","targetHints":{"allow":["GET"]}}],"collection":[{"href":"https:\/\/pferdepraxis-roedig.de\/en\/wp-json\/wp\/v2\/pages"}],"about":[{"href":"https:\/\/pferdepraxis-roedig.de\/en\/wp-json\/wp\/v2\/types\/page"}],"author":[{"embeddable":true,"href":"https:\/\/pferdepraxis-roedig.de\/en\/wp-json\/wp\/v2\/users\/1"}],"replies":[{"embeddable":true,"href":"https:\/\/pferdepraxis-roedig.de\/en\/wp-json\/wp\/v2\/comments?post=52"}],"version-history":[{"count":4,"href":"https:\/\/pferdepraxis-roedig.de\/en\/wp-json\/wp\/v2\/pages\/52\/revisions"}],"predecessor-version":[{"id":366,"href":"https:\/\/pferdepraxis-roedig.de\/en\/wp-json\/wp\/v2\/pages\/52\/revisions\/366"}],"wp:attachment":[{"href":"https:\/\/pferdepraxis-roedig.de\/en\/wp-json\/wp\/v2\/media?parent=52"}],"curies":[{"name":"wp","href":"https:\/\/api.w.org\/{rel}","templated":true}]}}