{"id":44,"date":"2020-11-01T13:55:18","date_gmt":"2020-11-01T13:55:18","guid":{"rendered":"https:\/\/xn--tierrztlichepraxisfr-ezb75c.live-website.com\/?page_id=44"},"modified":"2025-05-11T10:59:29","modified_gmt":"2025-05-11T08:59:29","slug":"team","status":"publish","type":"page","link":"https:\/\/pferdepraxis-roedig.de\/en\/team","title":{"rendered":"Team"},"content":{"rendered":"<div class=\"wp-block-image\">\n<figure class=\"aligncenter size-large\"><img loading=\"lazy\" decoding=\"async\" width=\"1024\" height=\"683\" src=\"https:\/\/pferdepraxis-roedig.de\/wp-content\/uploads\/2023\/01\/Gruppenbild-1024x683.jpg\" alt=\"\" class=\"wp-image-454\" srcset=\"https:\/\/pferdepraxis-roedig.de\/wp-content\/uploads\/2023\/01\/Gruppenbild-1024x683.jpg 1024w, https:\/\/pferdepraxis-roedig.de\/wp-content\/uploads\/2023\/01\/Gruppenbild-300x200.jpg 300w, https:\/\/pferdepraxis-roedig.de\/wp-content\/uploads\/2023\/01\/Gruppenbild-768x512.jpg 768w, https:\/\/pferdepraxis-roedig.de\/wp-content\/uploads\/2023\/01\/Gruppenbild-1536x1024.jpg 1536w, https:\/\/pferdepraxis-roedig.de\/wp-content\/uploads\/2023\/01\/Gruppenbild-700x467.jpg 700w, https:\/\/pferdepraxis-roedig.de\/wp-content\/uploads\/2023\/01\/Gruppenbild-520x347.jpg 520w, https:\/\/pferdepraxis-roedig.de\/wp-content\/uploads\/2023\/01\/Gruppenbild-360x240.jpg 360w, https:\/\/pferdepraxis-roedig.de\/wp-content\/uploads\/2023\/01\/Gruppenbild-250x167.jpg 250w, https:\/\/pferdepraxis-roedig.de\/wp-content\/uploads\/2023\/01\/Gruppenbild-100x67.jpg 100w, https:\/\/pferdepraxis-roedig.de\/wp-content\/uploads\/2023\/01\/Gruppenbild.jpg 1731w\" sizes=\"auto, (max-width: 1024px) 100vw, 1024px\" \/><\/figure>\n<\/div>\n\n\n<h2 class=\"wp-block-heading\">Dr Nina R\u00f6dig<\/h2>\n\n\n\n<div class=\"wp-block-media-text alignwide is-stacked-on-mobile is-vertically-aligned-top\" style=\"grid-template-columns:25% auto\"><figure class=\"wp-block-media-text__media\"><img loading=\"lazy\" decoding=\"async\" width=\"768\" height=\"1024\" src=\"https:\/\/pferdepraxis-roedig.de\/wp-content\/uploads\/2025\/05\/Nina_Roedig_web-768x1024.jpg\" alt=\"\" class=\"wp-image-730 size-full\" srcset=\"https:\/\/pferdepraxis-roedig.de\/wp-content\/uploads\/2025\/05\/Nina_Roedig_web-768x1024.jpg 768w, https:\/\/pferdepraxis-roedig.de\/wp-content\/uploads\/2025\/05\/Nina_Roedig_web-225x300.jpg 225w, https:\/\/pferdepraxis-roedig.de\/wp-content\/uploads\/2025\/05\/Nina_Roedig_web-1152x1536.jpg 1152w, https:\/\/pferdepraxis-roedig.de\/wp-content\/uploads\/2025\/05\/Nina_Roedig_web-700x933.jpg 700w, https:\/\/pferdepraxis-roedig.de\/wp-content\/uploads\/2025\/05\/Nina_Roedig_web-520x693.jpg 520w, https:\/\/pferdepraxis-roedig.de\/wp-content\/uploads\/2025\/05\/Nina_Roedig_web-360x480.jpg 360w, https:\/\/pferdepraxis-roedig.de\/wp-content\/uploads\/2025\/05\/Nina_Roedig_web-250x333.jpg 250w, https:\/\/pferdepraxis-roedig.de\/wp-content\/uploads\/2025\/05\/Nina_Roedig_web-100x133.jpg 100w, https:\/\/pferdepraxis-roedig.de\/wp-content\/uploads\/2025\/05\/Nina_Roedig_web.jpg 1536w\" sizes=\"auto, (max-width: 768px) 100vw, 768px\" \/><\/figure><div class=\"wp-block-media-text__content\">\n<figure class=\"wp-block-table\"><table><tbody><tr><th>1999 \u2013 2004<\/th><td>Study of Veterinary Medicine at the Veterinary Faculty of Leipzig University<\/td><\/tr><tr><th>2004<\/th><td>Assistant doctor at the Dinkelsb\u00fchl Equine Clinic<\/td><\/tr><tr><th>2005 \u2013 2007<\/th><td>Assistant Doctor at Meerbusch Equine Clinic<\/td><\/tr><tr><th>2007<\/th><td>Completion of Doctorate at the Veterinary Faculty of the University of Leipzig<br>Doctoral thesis topic: \u201eInvestigations into the detection of vital Escherichia coli strain Nissle 1917 in the faeces of adult horses after oral administration\u201c<\/td><\/tr><tr><th>2007<\/th><td>Assistant veterinarian at the Odenkirchen veterinary practice in Unna<\/td><\/tr><tr><th>2007 \u2013 2009<\/th><td>Assistant veterinarian at Dr. Markus Gerlach's veterinary practice in Kaarst<\/td><\/tr><tr><th>2009<\/th><td>Establishment of the Veterinary Practice Dr. Nina Albers in Aachen<\/td><\/tr><tr><th>2010<\/th><td>Moving the practice to D\u00fcsseldorf<\/td><\/tr><tr><th>2011<\/th><td>Renaming of the practice to Dr. Nina R\u00f6dig Veterinary Practice after wedding<\/td><\/tr><tr><th>2013<\/th><td>Relocating the practice to Meerbusch<\/td><\/tr><tr><th>2020<\/th><td>Appointment as a Specialist Veterinarian for Horses<\/td><\/tr><\/tbody><\/table><\/figure>\n<\/div><\/div>\n\n\n\n<hr class=\"wp-block-separator has-alpha-channel-opacity\"\/>\n\n\n\n<h2 class=\"wp-block-heading\">Veterinary surgeon Barbara Kaiser<\/h2>\n\n\n\n<div class=\"wp-block-media-text alignwide is-stacked-on-mobile is-vertically-aligned-top\" style=\"grid-template-columns:25% auto\"><figure class=\"wp-block-media-text__media\"><img loading=\"lazy\" decoding=\"async\" width=\"683\" height=\"1024\" src=\"https:\/\/pferdepraxis-roedig.de\/wp-content\/uploads\/2023\/01\/Barbara-Kaiser-683x1024.jpg\" alt=\"\" class=\"wp-image-411 size-full\" srcset=\"https:\/\/pferdepraxis-roedig.de\/wp-content\/uploads\/2023\/01\/Barbara-Kaiser-683x1024.jpg 683w, https:\/\/pferdepraxis-roedig.de\/wp-content\/uploads\/2023\/01\/Barbara-Kaiser-200x300.jpg 200w, https:\/\/pferdepraxis-roedig.de\/wp-content\/uploads\/2023\/01\/Barbara-Kaiser-768x1152.jpg 768w, https:\/\/pferdepraxis-roedig.de\/wp-content\/uploads\/2023\/01\/Barbara-Kaiser-700x1050.jpg 700w, https:\/\/pferdepraxis-roedig.de\/wp-content\/uploads\/2023\/01\/Barbara-Kaiser-520x780.jpg 520w, https:\/\/pferdepraxis-roedig.de\/wp-content\/uploads\/2023\/01\/Barbara-Kaiser-360x540.jpg 360w, https:\/\/pferdepraxis-roedig.de\/wp-content\/uploads\/2023\/01\/Barbara-Kaiser-250x375.jpg 250w, https:\/\/pferdepraxis-roedig.de\/wp-content\/uploads\/2023\/01\/Barbara-Kaiser-100x150.jpg 100w, https:\/\/pferdepraxis-roedig.de\/wp-content\/uploads\/2023\/01\/Barbara-Kaiser.jpg 800w\" sizes=\"auto, (max-width: 683px) 100vw, 683px\" \/><\/figure><div class=\"wp-block-media-text__content\">\n<figure class=\"wp-block-table\"><table><tbody><tr><th>2007 \u2013 2014<\/th><td>Veterinary medicine studies at Ludwig Maximilian University of Munich<\/td><\/tr><tr><th>2014<\/th><td>Assistant Veterinarian at Leichlingen Equine Clinic<\/td><\/tr><tr><th>2014 \u2013 2016<\/th><td>Assistant Veterinarian at the community practice Dr. L\u00f6ttgen &amp; Dr. Gerwing in Vreden<\/td><\/tr><tr><th>Since 07\/2016<\/th><td>Veterinary Assistant at Dr. Nina R\u00f6dig's Veterinary Practice in Meerbusch<\/td><\/tr><\/tbody><\/table><\/figure>\n<\/div><\/div>\n\n\n\n<p><\/p>\n\n\n\n<hr class=\"wp-block-separator has-alpha-channel-opacity\"\/>\n\n\n\n<h2 class=\"wp-block-heading\">Veterinarian Christine Sloothaak <\/h2>\n\n\n\n<div class=\"wp-block-media-text alignwide is-stacked-on-mobile is-vertically-aligned-top\" style=\"grid-template-columns:25% auto\"><figure class=\"wp-block-media-text__media\"><img loading=\"lazy\" decoding=\"async\" width=\"683\" height=\"1024\" src=\"https:\/\/pferdepraxis-roedig.de\/wp-content\/uploads\/2023\/01\/Christine-Sloothaak-683x1024.jpg\" alt=\"\" class=\"wp-image-412 size-full\" srcset=\"https:\/\/pferdepraxis-roedig.de\/wp-content\/uploads\/2023\/01\/Christine-Sloothaak-683x1024.jpg 683w, https:\/\/pferdepraxis-roedig.de\/wp-content\/uploads\/2023\/01\/Christine-Sloothaak-200x300.jpg 200w, https:\/\/pferdepraxis-roedig.de\/wp-content\/uploads\/2023\/01\/Christine-Sloothaak-768x1152.jpg 768w, https:\/\/pferdepraxis-roedig.de\/wp-content\/uploads\/2023\/01\/Christine-Sloothaak-700x1050.jpg 700w, https:\/\/pferdepraxis-roedig.de\/wp-content\/uploads\/2023\/01\/Christine-Sloothaak-520x780.jpg 520w, https:\/\/pferdepraxis-roedig.de\/wp-content\/uploads\/2023\/01\/Christine-Sloothaak-360x540.jpg 360w, https:\/\/pferdepraxis-roedig.de\/wp-content\/uploads\/2023\/01\/Christine-Sloothaak-250x375.jpg 250w, https:\/\/pferdepraxis-roedig.de\/wp-content\/uploads\/2023\/01\/Christine-Sloothaak-100x150.jpg 100w, https:\/\/pferdepraxis-roedig.de\/wp-content\/uploads\/2023\/01\/Christine-Sloothaak.jpg 800w\" sizes=\"auto, (max-width: 683px) 100vw, 683px\" \/><\/figure><div class=\"wp-block-media-text__content\">\n<figure class=\"wp-block-table\"><table><tbody><tr><th>2005 \u2013 2007<\/th><td>Studied Veterinary Medicine at Szent Istv\u00e1n University, Budapest (Hungary)<\/td><\/tr><tr><th>2007 \u2013 2011<\/th><td>Continuation of studies in the 5th semester at the University of Veterinary Medicine Hanover<\/td><\/tr><tr><th>2011<\/th><td>Assistant Veterinarian at Dr. Mark Kaminski Equine Clinic, Bochum<\/td><\/tr><tr><th>Since 09\/2018<\/th><td>Veterinary Assistant at Dr. Nina R\u00f6dig's Veterinary Practice in Meerbusch<\/td><\/tr><\/tbody><\/table><\/figure>\n<\/div><\/div>","protected":false},"excerpt":{"rendered":"<p>Dr. Nina R\u00f6dig 1999 &#8211; 2004 Studium der Tiermedizin an der Veterin\u00e4rmedizinischen Fakult\u00e4t der Universit\u00e4t Leipzig 2004 Assistenz\u00e4rztin in der Pferdeklinik Dinkelsb\u00fchl 2005 &#8211; 2007 Assistenz\u00e4rztin in der Pferdeklinik Meerbusch 2007 Abschluss der Promotion an der Veterin\u00e4rmedizinischen Fakult\u00e4t der Universit\u00e4t [&hellip;]<\/p>\n","protected":false},"author":1,"featured_media":0,"parent":0,"menu_order":0,"comment_status":"closed","ping_status":"closed","template":"","meta":{"footnotes":""},"class_list":["post-44","page","type-page","status-publish","hentry","clearfix"],"yoast_head":"<!-- This site is optimized with the Yoast SEO plugin v27.3 - https:\/\/yoast.com\/product\/yoast-seo-wordpress\/ -->\n<title>Team - Tier\u00e4rztliche Praxis f\u00fcr Pferde - Dr. Nina R\u00f6dig - Fachtier\u00e4rztin<\/title>\n<meta name=\"robots\" content=\"index, follow, max-snippet:-1, max-image-preview:large, max-video-preview:-1\" \/>\n<link rel=\"canonical\" href=\"https:\/\/pferdepraxis-roedig.de\/en\/team\/\" \/>\n<meta property=\"og:locale\" content=\"en_GB\" \/>\n<meta property=\"og:type\" content=\"article\" \/>\n<meta property=\"og:title\" content=\"Team - Tier\u00e4rztliche Praxis f\u00fcr Pferde - Dr. Nina R\u00f6dig - Fachtier\u00e4rztin\" \/>\n<meta property=\"og:description\" content=\"Dr. Nina R\u00f6dig 1999 &#8211; 2004 Studium der Tiermedizin an der Veterin\u00e4rmedizinischen Fakult\u00e4t der Universit\u00e4t Leipzig 2004 Assistenz\u00e4rztin in der Pferdeklinik Dinkelsb\u00fchl 2005 &#8211; 2007 Assistenz\u00e4rztin in der Pferdeklinik Meerbusch 2007 Abschluss der Promotion an der Veterin\u00e4rmedizinischen Fakult\u00e4t der Universit\u00e4t [&hellip;]\" \/>\n<meta property=\"og:url\" content=\"https:\/\/pferdepraxis-roedig.de\/en\/team\/\" \/>\n<meta property=\"og:site_name\" content=\"Tier\u00e4rztliche Praxis f\u00fcr Pferde - Dr. Nina R\u00f6dig - Fachtier\u00e4rztin\" \/>\n<meta property=\"article:publisher\" content=\"https:\/\/www.facebook.com\/tierarztpraxisroedig\/\" \/>\n<meta property=\"article:modified_time\" content=\"2025-05-11T08:59:29+00:00\" \/>\n<meta property=\"og:image\" content=\"https:\/\/pferdepraxis-roedig.de\/wp-content\/uploads\/2023\/01\/Gruppenbild.jpg\" \/>\n\t<meta property=\"og:image:width\" content=\"1731\" \/>\n\t<meta property=\"og:image:height\" content=\"1154\" \/>\n\t<meta property=\"og:image:type\" content=\"image\/jpeg\" \/>\n<meta name=\"twitter:card\" content=\"summary_large_image\" \/>\n<meta name=\"twitter:label1\" content=\"Estimated reading time\" \/>\n\t<meta name=\"twitter:data1\" content=\"2 minutes\" \/>\n<script type=\"application\/ld+json\" class=\"yoast-schema-graph\">{\"@context\":\"https:\\\/\\\/schema.org\",\"@graph\":[{\"@type\":\"WebPage\",\"@id\":\"https:\\\/\\\/pferdepraxis-roedig.de\\\/team\",\"url\":\"https:\\\/\\\/pferdepraxis-roedig.de\\\/team\",\"name\":\"Team - Tier\u00e4rztliche Praxis f\u00fcr Pferde - Dr. Nina R\u00f6dig - Fachtier\u00e4rztin\",\"isPartOf\":{\"@id\":\"https:\\\/\\\/pferdepraxis-roedig.de\\\/#website\"},\"primaryImageOfPage\":{\"@id\":\"https:\\\/\\\/pferdepraxis-roedig.de\\\/team#primaryimage\"},\"image\":{\"@id\":\"https:\\\/\\\/pferdepraxis-roedig.de\\\/team#primaryimage\"},\"thumbnailUrl\":\"https:\\\/\\\/pferdepraxis-roedig.de\\\/wp-content\\\/uploads\\\/2023\\\/01\\\/Gruppenbild-1024x683.jpg\",\"datePublished\":\"2020-11-01T13:55:18+00:00\",\"dateModified\":\"2025-05-11T08:59:29+00:00\",\"breadcrumb\":{\"@id\":\"https:\\\/\\\/pferdepraxis-roedig.de\\\/team#breadcrumb\"},\"inLanguage\":\"en-GB\",\"potentialAction\":[{\"@type\":\"ReadAction\",\"target\":[\"https:\\\/\\\/pferdepraxis-roedig.de\\\/team\"]}]},{\"@type\":\"ImageObject\",\"inLanguage\":\"en-GB\",\"@id\":\"https:\\\/\\\/pferdepraxis-roedig.de\\\/team#primaryimage\",\"url\":\"https:\\\/\\\/pferdepraxis-roedig.de\\\/wp-content\\\/uploads\\\/2023\\\/01\\\/Gruppenbild-1024x683.jpg\",\"contentUrl\":\"https:\\\/\\\/pferdepraxis-roedig.de\\\/wp-content\\\/uploads\\\/2023\\\/01\\\/Gruppenbild-1024x683.jpg\"},{\"@type\":\"BreadcrumbList\",\"@id\":\"https:\\\/\\\/pferdepraxis-roedig.de\\\/team#breadcrumb\",\"itemListElement\":[{\"@type\":\"ListItem\",\"position\":1,\"name\":\"Startseite\",\"item\":\"https:\\\/\\\/pferdepraxis-roedig.de\\\/\"},{\"@type\":\"ListItem\",\"position\":2,\"name\":\"Team\"}]},{\"@type\":\"WebSite\",\"@id\":\"https:\\\/\\\/pferdepraxis-roedig.de\\\/#website\",\"url\":\"https:\\\/\\\/pferdepraxis-roedig.de\\\/\",\"name\":\"Tier\u00e4rztliche Praxis f\u00fcr Pferde - Dr. Nina R\u00f6dig\",\"description\":\"Orthop\u00e4die mit Ultraschall, dig. R\u00f6ntgen &amp; Endoskopie vor Ort. 24h-Notdienst. Zuverl\u00e4ssige Betreuung. Diagnostik M\u00f6glich. Kompetente Beratung.\",\"publisher\":{\"@id\":\"https:\\\/\\\/pferdepraxis-roedig.de\\\/#organization\"},\"potentialAction\":[{\"@type\":\"SearchAction\",\"target\":{\"@type\":\"EntryPoint\",\"urlTemplate\":\"https:\\\/\\\/pferdepraxis-roedig.de\\\/?s={search_term_string}\"},\"query-input\":{\"@type\":\"PropertyValueSpecification\",\"valueRequired\":true,\"valueName\":\"search_term_string\"}}],\"inLanguage\":\"en-GB\"},{\"@type\":\"Organization\",\"@id\":\"https:\\\/\\\/pferdepraxis-roedig.de\\\/#organization\",\"name\":\"Tier\u00e4rztliche Praxis f\u00fcr Pferde - Dr. Nina R\u00f6dig\",\"url\":\"https:\\\/\\\/pferdepraxis-roedig.de\\\/\",\"logo\":{\"@type\":\"ImageObject\",\"inLanguage\":\"en-GB\",\"@id\":\"https:\\\/\\\/pferdepraxis-roedig.de\\\/#\\\/schema\\\/logo\\\/image\\\/\",\"url\":\"https:\\\/\\\/pferdepraxis-roedig.de\\\/wp-content\\\/uploads\\\/2020\\\/12\\\/Logo_Roedig_TPfP_v2.png\",\"contentUrl\":\"https:\\\/\\\/pferdepraxis-roedig.de\\\/wp-content\\\/uploads\\\/2020\\\/12\\\/Logo_Roedig_TPfP_v2.png\",\"width\":1024,\"height\":386,\"caption\":\"Tier\u00e4rztliche Praxis f\u00fcr Pferde - Dr. Nina R\u00f6dig\"},\"image\":{\"@id\":\"https:\\\/\\\/pferdepraxis-roedig.de\\\/#\\\/schema\\\/logo\\\/image\\\/\"},\"sameAs\":[\"https:\\\/\\\/www.facebook.com\\\/tierarztpraxisroedig\\\/\",\"https:\\\/\\\/www.instagram.com\\\/tierarztpraxis_roedig\\\/\"]}]}<\/script>\n<!-- \/ Yoast SEO plugin. -->","yoast_head_json":{"title":"Team - Equine Veterinary Practice - Dr. Nina R\u00f6dig - Specialist Veterinarian","robots":{"index":"index","follow":"follow","max-snippet":"max-snippet:-1","max-image-preview":"max-image-preview:large","max-video-preview":"max-video-preview:-1"},"canonical":"https:\/\/pferdepraxis-roedig.de\/en\/team\/","og_locale":"en_GB","og_type":"article","og_title":"Team - Tier\u00e4rztliche Praxis f\u00fcr Pferde - Dr. Nina R\u00f6dig - Fachtier\u00e4rztin","og_description":"Dr. Nina R\u00f6dig 1999 &#8211; 2004 Studium der Tiermedizin an der Veterin\u00e4rmedizinischen Fakult\u00e4t der Universit\u00e4t Leipzig 2004 Assistenz\u00e4rztin in der Pferdeklinik Dinkelsb\u00fchl 2005 &#8211; 2007 Assistenz\u00e4rztin in der Pferdeklinik Meerbusch 2007 Abschluss der Promotion an der Veterin\u00e4rmedizinischen Fakult\u00e4t der Universit\u00e4t [&hellip;]","og_url":"https:\/\/pferdepraxis-roedig.de\/en\/team\/","og_site_name":"Tier\u00e4rztliche Praxis f\u00fcr Pferde - Dr. Nina R\u00f6dig - Fachtier\u00e4rztin","article_publisher":"https:\/\/www.facebook.com\/tierarztpraxisroedig\/","article_modified_time":"2025-05-11T08:59:29+00:00","og_image":[{"width":1731,"height":1154,"url":"https:\/\/pferdepraxis-roedig.de\/wp-content\/uploads\/2023\/01\/Gruppenbild.jpg","type":"image\/jpeg"}],"twitter_card":"summary_large_image","twitter_misc":{"Estimated reading time":"2 minutes"},"schema":{"@context":"https:\/\/schema.org","@graph":[{"@type":"WebPage","@id":"https:\/\/pferdepraxis-roedig.de\/team","url":"https:\/\/pferdepraxis-roedig.de\/team","name":"Team - Equine Veterinary Practice - Dr. Nina R\u00f6dig - Specialist Veterinarian","isPartOf":{"@id":"https:\/\/pferdepraxis-roedig.de\/#website"},"primaryImageOfPage":{"@id":"https:\/\/pferdepraxis-roedig.de\/team#primaryimage"},"image":{"@id":"https:\/\/pferdepraxis-roedig.de\/team#primaryimage"},"thumbnailUrl":"https:\/\/pferdepraxis-roedig.de\/wp-content\/uploads\/2023\/01\/Gruppenbild-1024x683.jpg","datePublished":"2020-11-01T13:55:18+00:00","dateModified":"2025-05-11T08:59:29+00:00","breadcrumb":{"@id":"https:\/\/pferdepraxis-roedig.de\/team#breadcrumb"},"inLanguage":"en-GB","potentialAction":[{"@type":"ReadAction","target":["https:\/\/pferdepraxis-roedig.de\/team"]}]},{"@type":"ImageObject","inLanguage":"en-GB","@id":"https:\/\/pferdepraxis-roedig.de\/team#primaryimage","url":"https:\/\/pferdepraxis-roedig.de\/wp-content\/uploads\/2023\/01\/Gruppenbild-1024x683.jpg","contentUrl":"https:\/\/pferdepraxis-roedig.de\/wp-content\/uploads\/2023\/01\/Gruppenbild-1024x683.jpg"},{"@type":"BreadcrumbList","@id":"https:\/\/pferdepraxis-roedig.de\/team#breadcrumb","itemListElement":[{"@type":"ListItem","position":1,"name":"Startseite","item":"https:\/\/pferdepraxis-roedig.de\/"},{"@type":"ListItem","position":2,"name":"Team"}]},{"@type":"WebSite","@id":"https:\/\/pferdepraxis-roedig.de\/#website","url":"https:\/\/pferdepraxis-roedig.de\/","name":"Veterinary Practice for Horses - Dr. Nina R\u00f6dig","description":"Orthopaedics with ultrasound, digital X-ray &amp; endoscopy on site. 24-hour emergency service. Reliable care. Diagnostics possible. Competent advice.","publisher":{"@id":"https:\/\/pferdepraxis-roedig.de\/#organization"},"potentialAction":[{"@type":"SearchAction","target":{"@type":"EntryPoint","urlTemplate":"https:\/\/pferdepraxis-roedig.de\/?s={search_term_string}"},"query-input":{"@type":"PropertyValueSpecification","valueRequired":true,"valueName":"search_term_string"}}],"inLanguage":"en-GB"},{"@type":"Organization","@id":"https:\/\/pferdepraxis-roedig.de\/#organization","name":"Veterinary Practice for Horses - Dr. Nina R\u00f6dig","url":"https:\/\/pferdepraxis-roedig.de\/","logo":{"@type":"ImageObject","inLanguage":"en-GB","@id":"https:\/\/pferdepraxis-roedig.de\/#\/schema\/logo\/image\/","url":"https:\/\/pferdepraxis-roedig.de\/wp-content\/uploads\/2020\/12\/Logo_Roedig_TPfP_v2.png","contentUrl":"https:\/\/pferdepraxis-roedig.de\/wp-content\/uploads\/2020\/12\/Logo_Roedig_TPfP_v2.png","width":1024,"height":386,"caption":"Tier\u00e4rztliche Praxis f\u00fcr Pferde - Dr. Nina R\u00f6dig"},"image":{"@id":"https:\/\/pferdepraxis-roedig.de\/#\/schema\/logo\/image\/"},"sameAs":["https:\/\/www.facebook.com\/tierarztpraxisroedig\/","https:\/\/www.instagram.com\/tierarztpraxis_roedig\/"]}]}},"_links":{"self":[{"href":"https:\/\/pferdepraxis-roedig.de\/en\/wp-json\/wp\/v2\/pages\/44","targetHints":{"allow":["GET"]}}],"collection":[{"href":"https:\/\/pferdepraxis-roedig.de\/en\/wp-json\/wp\/v2\/pages"}],"about":[{"href":"https:\/\/pferdepraxis-roedig.de\/en\/wp-json\/wp\/v2\/types\/page"}],"author":[{"embeddable":true,"href":"https:\/\/pferdepraxis-roedig.de\/en\/wp-json\/wp\/v2\/users\/1"}],"replies":[{"embeddable":true,"href":"https:\/\/pferdepraxis-roedig.de\/en\/wp-json\/wp\/v2\/comments?post=44"}],"version-history":[{"count":36,"href":"https:\/\/pferdepraxis-roedig.de\/en\/wp-json\/wp\/v2\/pages\/44\/revisions"}],"predecessor-version":[{"id":746,"href":"https:\/\/pferdepraxis-roedig.de\/en\/wp-json\/wp\/v2\/pages\/44\/revisions\/746"}],"wp:attachment":[{"href":"https:\/\/pferdepraxis-roedig.de\/en\/wp-json\/wp\/v2\/media?parent=44"}],"curies":[{"name":"wp","href":"https:\/\/api.w.org\/{rel}","templated":true}]}}