{"id":370,"date":"2022-01-19T15:51:19","date_gmt":"2022-01-19T14:51:19","guid":{"rendered":"https:\/\/pferdepraxis-roedig.de\/?page_id=370"},"modified":"2024-01-15T10:56:13","modified_gmt":"2024-01-15T09:56:13","slug":"stosswellentherapie-beim-pferd","status":"publish","type":"page","link":"https:\/\/pferdepraxis-roedig.de\/en\/stosswellentherapie-beim-pferd","title":{"rendered":"Shockwave therapy in horses"},"content":{"rendered":"<p><em>Die Sto\u00dfwellentherapie beim Pferd f\u00fchrt zur schnellen <strong>Schmerzbeseitigung<\/strong> and <strong>Verbesserung des Wohlbefindens <\/strong>unserer Patienten, als auch zu einer schnelleren Trainingswiederaufnahme. <\/em><\/p>\n\n\n<div class=\"wp-block-image is-style-default\">\n<figure class=\"alignright size-full\"><img loading=\"lazy\" decoding=\"async\" width=\"350\" height=\"510\" src=\"https:\/\/pferdepraxis-roedig.de\/wp-content\/uploads\/2022\/01\/Stosswelle-1.jpg\" alt=\"\" class=\"wp-image-392\" srcset=\"https:\/\/pferdepraxis-roedig.de\/wp-content\/uploads\/2022\/01\/Stosswelle-1.jpg 350w, https:\/\/pferdepraxis-roedig.de\/wp-content\/uploads\/2022\/01\/Stosswelle-1-206x300.jpg 206w, https:\/\/pferdepraxis-roedig.de\/wp-content\/uploads\/2022\/01\/Stosswelle-1-250x364.jpg 250w, https:\/\/pferdepraxis-roedig.de\/wp-content\/uploads\/2022\/01\/Stosswelle-1-100x146.jpg 100w\" sizes=\"auto, (max-width: 350px) 100vw, 350px\" \/><\/figure>\n<\/div>\n\n\n<p>Fokussierte Sto\u00dfwellen sind eine wirksame Methode zur Behandlung von Pferdeverletzungen und -erkrankungen. Diese nicht-invasive Behandlungsmethode verwendet hochenergetische Schallwellen, um besch\u00e4digtes Gewebe zu stimulieren und zu heilen.<\/p>\n\n\n\n<p>Die Sto\u00dfwellentherapie bei Pferden wird oft bei Sehnen- und Gelenksverletzungen eingesetzt. Es hat sich gezeigt, dass diese Behandlungsmethode die Schmerzen reduziert, Entz\u00fcndungen lindert und die Heilung beschleunigt. Fokussierte Sto\u00dfwellen k\u00f6nnen auch zur Behandlung von Knochenbr\u00fcchen, Muskelverspannungen und Wundheilungsst\u00f6rungen eingesetzt werden.<\/p>\n\n\n\n<p>Ein gro\u00dfer Vorteil der Sto\u00dfwellentherapie ist, dass sie nicht-invasiv ist. Das bedeutet, dass keine Nadeln oder chirurgischen Instrumente verwendet werden m\u00fcssen, um die Behandlung durchzuf\u00fchren. Dies reduziert das Risiko von Infektionen und Komplikationen.<\/p>\n\n\n\n<p>Dar\u00fcber hinaus ist die Sto\u00dfwellentherapie in der Regel schmerzfrei f\u00fcr das Pferd und erfordert keine Bet\u00e4ubungsmittel. Das bedeutet, dass das Pferd w\u00e4hrend der Behandlung wach und in der Lage ist, sich zu bewegen.<\/p>\n\n\n\n<p>Wenn Sie nach einer wirksamen und schonenden Methode zur Behandlung von Pferdeverletzungen suchen, k\u00f6nnte fokussierte Sto\u00dfwellen eine gute Option sein. Sprechen Sie mit Ihrem Tierarzt dar\u00fcber, ob diese Behandlungsmethode f\u00fcr Ihr Pferd geeignet ist.<\/p>\n\n\n\n<h2 class=\"wp-block-heading\">Anwendungsgebiete der fokussierten Sto\u00dfwelle beim Pferd<\/h2>\n\n\n\n<p>F\u00fcr die folgenden <strong>Anwendungsgebiete <\/strong>is the <strong>Shock wave <\/strong>at the horse <strong>optimal geeignet<\/strong>:<\/p>\n\n\n\n<ul class=\"wp-block-list\">\n<li>Fesseltr\u00e4gerursprung und Fesseltr\u00e4geransatz \u2013 Erkrankungen<\/li>\n\n\n\n<li>\u00dcberbeine<\/li>\n\n\n\n<li>Verkalkungen am Nackenbandansatz<\/li>\n\n\n\n<li>Hufrollenerkrankungen<\/li>\n\n\n\n<li>Sehnensch\u00e4den<\/li>\n\n\n\n<li>Bandl\u00e4sionen (u.a. Seitenb\u00e4nder, Kniescheibenb\u00e4nder)<\/li>\n\n\n\n<li>Arthrose<\/li>\n\n\n\n<li>Schale \/ Leist &#8211; insbesondere im Anfangsstadium<\/li>\n\n\n\n<li>Wundheilungsst\u00f6rungen<\/li>\n<\/ul>\n\n\n\n<p>Ob die Sto\u00dfwelle die richtige Therapie f\u00fcr die Erkrankung Ihres Pferdes ist, muss von Fall zu Fall entschieden werden.<\/p>\n\n\n\n<p>Die h\u00e4ufig \u00fcberraschend schnelle <strong>Schmerzbeseitigung<\/strong> f\u00fchrt zu einer <strong>Verbesserung des Wohlbefindens <\/strong>unserer Patienten, als auch zu einer schnelleren Trainingswiederaufnahme.<\/p>\n\n\n<div class=\"wp-block-image is-style-default\">\n<figure class=\"alignleft size-large is-resized\"><img loading=\"lazy\" decoding=\"async\" width=\"1155\" height=\"1539\" src=\"https:\/\/pferdepraxis-roedig.de\/wp-content\/uploads\/2023\/01\/Stosswellentherapie-2-edited.jpg\" alt=\"Anwendung der Sto\u00dfwellentherapie\" class=\"wp-image-444\" style=\"width:216px;height:288px\" srcset=\"https:\/\/pferdepraxis-roedig.de\/wp-content\/uploads\/2023\/01\/Stosswellentherapie-2-edited.jpg 1155w, https:\/\/pferdepraxis-roedig.de\/wp-content\/uploads\/2023\/01\/Stosswellentherapie-2-edited-225x300.jpg 225w, https:\/\/pferdepraxis-roedig.de\/wp-content\/uploads\/2023\/01\/Stosswellentherapie-2-edited-768x1023.jpg 768w, https:\/\/pferdepraxis-roedig.de\/wp-content\/uploads\/2023\/01\/Stosswellentherapie-2-edited-1153x1536.jpg 1153w, https:\/\/pferdepraxis-roedig.de\/wp-content\/uploads\/2023\/01\/Stosswellentherapie-2-edited-700x933.jpg 700w, https:\/\/pferdepraxis-roedig.de\/wp-content\/uploads\/2023\/01\/Stosswellentherapie-2-edited-520x693.jpg 520w, https:\/\/pferdepraxis-roedig.de\/wp-content\/uploads\/2023\/01\/Stosswellentherapie-2-edited-360x480.jpg 360w, https:\/\/pferdepraxis-roedig.de\/wp-content\/uploads\/2023\/01\/Stosswellentherapie-2-edited-250x333.jpg 250w, https:\/\/pferdepraxis-roedig.de\/wp-content\/uploads\/2023\/01\/Stosswellentherapie-2-edited-100x133.jpg 100w\" sizes=\"auto, (max-width: 1155px) 100vw, 1155px\" \/><figcaption class=\"wp-element-caption\">Anwendung der Sto\u00dfwellentherapie am Ansatz des Nackenbandes<\/figcaption><\/figure>\n<\/div>\n\n\n<p><\/p>\n\n\n<div class=\"wp-block-image\">\n<figure class=\"alignright size-medium\"><img loading=\"lazy\" decoding=\"async\" width=\"300\" height=\"200\" src=\"https:\/\/pferdepraxis-roedig.de\/wp-content\/uploads\/2023\/01\/Stosswellentherapie-1-300x200.jpg\" alt=\"\" class=\"wp-image-452\" srcset=\"https:\/\/pferdepraxis-roedig.de\/wp-content\/uploads\/2023\/01\/Stosswellentherapie-1-300x200.jpg 300w, https:\/\/pferdepraxis-roedig.de\/wp-content\/uploads\/2023\/01\/Stosswellentherapie-1-1024x683.jpg 1024w, https:\/\/pferdepraxis-roedig.de\/wp-content\/uploads\/2023\/01\/Stosswellentherapie-1-768x512.jpg 768w, https:\/\/pferdepraxis-roedig.de\/wp-content\/uploads\/2023\/01\/Stosswellentherapie-1-1536x1025.jpg 1536w, https:\/\/pferdepraxis-roedig.de\/wp-content\/uploads\/2023\/01\/Stosswellentherapie-1-700x467.jpg 700w, https:\/\/pferdepraxis-roedig.de\/wp-content\/uploads\/2023\/01\/Stosswellentherapie-1-520x347.jpg 520w, https:\/\/pferdepraxis-roedig.de\/wp-content\/uploads\/2023\/01\/Stosswellentherapie-1-360x240.jpg 360w, https:\/\/pferdepraxis-roedig.de\/wp-content\/uploads\/2023\/01\/Stosswellentherapie-1-250x167.jpg 250w, https:\/\/pferdepraxis-roedig.de\/wp-content\/uploads\/2023\/01\/Stosswellentherapie-1-100x67.jpg 100w, https:\/\/pferdepraxis-roedig.de\/wp-content\/uploads\/2023\/01\/Stosswellentherapie-1.jpg 1731w\" sizes=\"auto, (max-width: 300px) 100vw, 300px\" \/><figcaption class=\"wp-element-caption\">Anwendung der Sto\u00dfwellentherapie am Ursprung des Fesseltr\u00e4gers <\/figcaption><\/figure>\n<\/div>\n\n\n<p><\/p>\n\n\n\n<p><\/p>\n\n\n\n<p><\/p>\n\n\n\n<p><\/p>\n\n\n\n<h2 class=\"wp-block-heading\">Durchf\u00fchrung der fokussierten Sto\u00dfwellentherapie beim Pferd<\/h2>\n\n\n\n<p>F\u00fcr diese Anwendung ist<strong> kein station\u00e4rer Aufenthalt <\/strong>oder<strong> Fahrt in eine Klinik notwendig<\/strong>. Wir f\u00fchren die Behandlung dank unseres hochmodernen Ger\u00e4tes bei Ihnen <strong>vor Ort<\/strong> im Heimatstall durch.<\/p>\n\n\n\n<p>Die Behandlung mit dem piezoelektrischen Sto\u00dfwellenger\u00e4t ist sehr <strong>ger\u00e4uscharm<\/strong> und wird von den allermeisten Pferden sehr gut <strong>ohne Sedierung<\/strong> toleriert.<\/p>\n\n\n\n<p>Eine Sto\u00dfwellentherapie <strong>dauert ca. 5-10 Minuten<\/strong>.<\/p>\n\n\n\n<p>Bei den meisten Erkrankungen ist es sinnvoll eine <strong>mehrmalige Anwendung<\/strong> im <strong>Abstand von 1 \u2013 4 Wochen <\/strong>durchzuf\u00fchren. Die genaue Anzahl der Anwendungen ist abh\u00e4ngig vom Heilungsverlauf und der spezifischen Erkrankung.<\/p>\n\n\n\n<h2 class=\"wp-block-heading\">Kosten (vor Ort bei Ihnen im Stall)<\/h2>\n\n\n\n<p>Die einmalige, fokussierte Sto\u00dfwellentherapie beim Pferd kostet bei uns <strong>\u20ac250,35 brutto<\/strong> (Sto\u00dfwellentherapie fokussiert GOT 196 + Allgemeinuntersuchung GOT 21) zzgl. Hausbesuchsgeb\u00fchr und Anfahrt.<\/p>\n\n\n\n<figure class=\"wp-block-video\"><video height=\"1079\" style=\"aspect-ratio: 1240 \/ 1079;\" width=\"1240\" controls poster=\"https:\/\/pferdepraxis-roedig.de\/wp-content\/uploads\/2022\/01\/stossweller_video_vorschau.jpg\" src=\"https:\/\/pferdepraxis-roedig.de\/wp-content\/uploads\/2022\/01\/Stosswelle-2.mov\"><\/video><\/figure>\n\n\n\n<h2 class=\"wp-block-heading\"><\/h2>\n\n\n\n<p>Haben Sie Fragen zur Sto\u00dfwellentherapie beim Pferd oder w\u00fcnschen einen Termin? <a href=\"https:\/\/pferdepraxis-roedig.de\/en\/contact\/\">Contact <\/a>See us!<\/p>","protected":false},"excerpt":{"rendered":"<p>Die Sto\u00dfwellentherapie beim Pferd f\u00fchrt zur schnellen Schmerzbeseitigung und Verbesserung des Wohlbefindens unserer Patienten, als auch zu einer schnelleren Trainingswiederaufnahme. Fokussierte Sto\u00dfwellen sind eine wirksame Methode zur Behandlung von Pferdeverletzungen und -erkrankungen. Diese nicht-invasive Behandlungsmethode verwendet hochenergetische Schallwellen, um besch\u00e4digtes [&hellip;]<\/p>\n","protected":false},"author":1,"featured_media":0,"parent":0,"menu_order":0,"comment_status":"closed","ping_status":"closed","template":"","meta":{"footnotes":""},"class_list":["post-370","page","type-page","status-publish","hentry","clearfix"],"yoast_head":"<!-- This site is optimized with the Yoast SEO plugin v27.3 - https:\/\/yoast.com\/product\/yoast-seo-wordpress\/ -->\n<title>Sto\u00dfwellentherapie beim Pferd - Fachtier\u00e4rztin Dr. Nina R\u00f6dig<\/title>\n<meta name=\"description\" content=\"Die Sto\u00dfwellentherapie beim Pferd f\u00fchrt zur schnellen Schmerzbeseitigung und Verbesserung des Wohlbefindens unserer Patienten.\" \/>\n<meta name=\"robots\" content=\"index, follow, max-snippet:-1, max-image-preview:large, max-video-preview:-1\" \/>\n<link rel=\"canonical\" href=\"https:\/\/pferdepraxis-roedig.de\/en\/stosswellentherapie-beim-pferd\/\" \/>\n<meta property=\"og:locale\" content=\"en_GB\" \/>\n<meta property=\"og:type\" content=\"article\" \/>\n<meta property=\"og:title\" content=\"Sto\u00dfwellentherapie beim Pferd - Fachtier\u00e4rztin Dr. Nina R\u00f6dig\" \/>\n<meta property=\"og:description\" content=\"Die Sto\u00dfwellentherapie beim Pferd f\u00fchrt zur schnellen Schmerzbeseitigung und Verbesserung des Wohlbefindens unserer Patienten.\" \/>\n<meta property=\"og:url\" content=\"https:\/\/pferdepraxis-roedig.de\/en\/stosswellentherapie-beim-pferd\/\" \/>\n<meta property=\"og:site_name\" content=\"Tier\u00e4rztliche Praxis f\u00fcr Pferde - Dr. Nina R\u00f6dig - Fachtier\u00e4rztin\" \/>\n<meta property=\"article:publisher\" content=\"https:\/\/www.facebook.com\/tierarztpraxisroedig\/\" \/>\n<meta property=\"article:modified_time\" content=\"2024-01-15T09:56:13+00:00\" \/>\n<meta property=\"og:image\" content=\"https:\/\/pferdepraxis-roedig.de\/wp-content\/uploads\/2022\/01\/Stosswelle-1.jpg\" \/>\n<meta name=\"twitter:card\" content=\"summary_large_image\" \/>\n<meta name=\"twitter:label1\" content=\"Estimated reading time\" \/>\n\t<meta name=\"twitter:data1\" content=\"4 minutes\" \/>\n<script type=\"application\/ld+json\" class=\"yoast-schema-graph\">{\"@context\":\"https:\\\/\\\/schema.org\",\"@graph\":[{\"@type\":\"WebPage\",\"@id\":\"https:\\\/\\\/pferdepraxis-roedig.de\\\/stosswellentherapie-beim-pferd\",\"url\":\"https:\\\/\\\/pferdepraxis-roedig.de\\\/stosswellentherapie-beim-pferd\",\"name\":\"Sto\u00dfwellentherapie beim Pferd - Fachtier\u00e4rztin Dr. Nina R\u00f6dig\",\"isPartOf\":{\"@id\":\"https:\\\/\\\/pferdepraxis-roedig.de\\\/#website\"},\"primaryImageOfPage\":{\"@id\":\"https:\\\/\\\/pferdepraxis-roedig.de\\\/stosswellentherapie-beim-pferd#primaryimage\"},\"image\":{\"@id\":\"https:\\\/\\\/pferdepraxis-roedig.de\\\/stosswellentherapie-beim-pferd#primaryimage\"},\"thumbnailUrl\":\"https:\\\/\\\/pferdepraxis-roedig.de\\\/wp-content\\\/uploads\\\/2022\\\/01\\\/Stosswelle-1.jpg\",\"datePublished\":\"2022-01-19T14:51:19+00:00\",\"dateModified\":\"2024-01-15T09:56:13+00:00\",\"description\":\"Die Sto\u00dfwellentherapie beim Pferd f\u00fchrt zur schnellen Schmerzbeseitigung und Verbesserung des Wohlbefindens unserer Patienten.\",\"breadcrumb\":{\"@id\":\"https:\\\/\\\/pferdepraxis-roedig.de\\\/stosswellentherapie-beim-pferd#breadcrumb\"},\"inLanguage\":\"en-GB\",\"potentialAction\":[{\"@type\":\"ReadAction\",\"target\":[\"https:\\\/\\\/pferdepraxis-roedig.de\\\/stosswellentherapie-beim-pferd\"]}]},{\"@type\":\"ImageObject\",\"inLanguage\":\"en-GB\",\"@id\":\"https:\\\/\\\/pferdepraxis-roedig.de\\\/stosswellentherapie-beim-pferd#primaryimage\",\"url\":\"https:\\\/\\\/pferdepraxis-roedig.de\\\/wp-content\\\/uploads\\\/2022\\\/01\\\/Stosswelle-1.jpg\",\"contentUrl\":\"https:\\\/\\\/pferdepraxis-roedig.de\\\/wp-content\\\/uploads\\\/2022\\\/01\\\/Stosswelle-1.jpg\"},{\"@type\":\"BreadcrumbList\",\"@id\":\"https:\\\/\\\/pferdepraxis-roedig.de\\\/stosswellentherapie-beim-pferd#breadcrumb\",\"itemListElement\":[{\"@type\":\"ListItem\",\"position\":1,\"name\":\"Startseite\",\"item\":\"https:\\\/\\\/pferdepraxis-roedig.de\\\/\"},{\"@type\":\"ListItem\",\"position\":2,\"name\":\"Sto\u00dfwellentherapie beim Pferd\"}]},{\"@type\":\"WebSite\",\"@id\":\"https:\\\/\\\/pferdepraxis-roedig.de\\\/#website\",\"url\":\"https:\\\/\\\/pferdepraxis-roedig.de\\\/\",\"name\":\"Tier\u00e4rztliche Praxis f\u00fcr Pferde - Dr. Nina R\u00f6dig\",\"description\":\"Orthop\u00e4die mit Ultraschall, dig. R\u00f6ntgen &amp; Endoskopie vor Ort. 24h-Notdienst. Zuverl\u00e4ssige Betreuung. Diagnostik M\u00f6glich. Kompetente Beratung.\",\"publisher\":{\"@id\":\"https:\\\/\\\/pferdepraxis-roedig.de\\\/#organization\"},\"potentialAction\":[{\"@type\":\"SearchAction\",\"target\":{\"@type\":\"EntryPoint\",\"urlTemplate\":\"https:\\\/\\\/pferdepraxis-roedig.de\\\/?s={search_term_string}\"},\"query-input\":{\"@type\":\"PropertyValueSpecification\",\"valueRequired\":true,\"valueName\":\"search_term_string\"}}],\"inLanguage\":\"en-GB\"},{\"@type\":\"Organization\",\"@id\":\"https:\\\/\\\/pferdepraxis-roedig.de\\\/#organization\",\"name\":\"Tier\u00e4rztliche Praxis f\u00fcr Pferde - Dr. Nina R\u00f6dig\",\"url\":\"https:\\\/\\\/pferdepraxis-roedig.de\\\/\",\"logo\":{\"@type\":\"ImageObject\",\"inLanguage\":\"en-GB\",\"@id\":\"https:\\\/\\\/pferdepraxis-roedig.de\\\/#\\\/schema\\\/logo\\\/image\\\/\",\"url\":\"https:\\\/\\\/pferdepraxis-roedig.de\\\/wp-content\\\/uploads\\\/2020\\\/12\\\/Logo_Roedig_TPfP_v2.png\",\"contentUrl\":\"https:\\\/\\\/pferdepraxis-roedig.de\\\/wp-content\\\/uploads\\\/2020\\\/12\\\/Logo_Roedig_TPfP_v2.png\",\"width\":1024,\"height\":386,\"caption\":\"Tier\u00e4rztliche Praxis f\u00fcr Pferde - Dr. Nina R\u00f6dig\"},\"image\":{\"@id\":\"https:\\\/\\\/pferdepraxis-roedig.de\\\/#\\\/schema\\\/logo\\\/image\\\/\"},\"sameAs\":[\"https:\\\/\\\/www.facebook.com\\\/tierarztpraxisroedig\\\/\",\"https:\\\/\\\/www.instagram.com\\\/tierarztpraxis_roedig\\\/\"]}]}<\/script>\n<!-- \/ Yoast SEO plugin. -->","yoast_head_json":{"title":"Sto\u00dfwellentherapie beim Pferd - Fachtier\u00e4rztin Dr. Nina R\u00f6dig","description":"Die Sto\u00dfwellentherapie beim Pferd f\u00fchrt zur schnellen Schmerzbeseitigung und Verbesserung des Wohlbefindens unserer Patienten.","robots":{"index":"index","follow":"follow","max-snippet":"max-snippet:-1","max-image-preview":"max-image-preview:large","max-video-preview":"max-video-preview:-1"},"canonical":"https:\/\/pferdepraxis-roedig.de\/en\/stosswellentherapie-beim-pferd\/","og_locale":"en_GB","og_type":"article","og_title":"Sto\u00dfwellentherapie beim Pferd - Fachtier\u00e4rztin Dr. Nina R\u00f6dig","og_description":"Die Sto\u00dfwellentherapie beim Pferd f\u00fchrt zur schnellen Schmerzbeseitigung und Verbesserung des Wohlbefindens unserer Patienten.","og_url":"https:\/\/pferdepraxis-roedig.de\/en\/stosswellentherapie-beim-pferd\/","og_site_name":"Tier\u00e4rztliche Praxis f\u00fcr Pferde - Dr. Nina R\u00f6dig - Fachtier\u00e4rztin","article_publisher":"https:\/\/www.facebook.com\/tierarztpraxisroedig\/","article_modified_time":"2024-01-15T09:56:13+00:00","og_image":[{"url":"https:\/\/pferdepraxis-roedig.de\/wp-content\/uploads\/2022\/01\/Stosswelle-1.jpg","type":"","width":"","height":""}],"twitter_card":"summary_large_image","twitter_misc":{"Estimated reading time":"4 minutes"},"schema":{"@context":"https:\/\/schema.org","@graph":[{"@type":"WebPage","@id":"https:\/\/pferdepraxis-roedig.de\/stosswellentherapie-beim-pferd","url":"https:\/\/pferdepraxis-roedig.de\/stosswellentherapie-beim-pferd","name":"Sto\u00dfwellentherapie beim Pferd - Fachtier\u00e4rztin Dr. Nina R\u00f6dig","isPartOf":{"@id":"https:\/\/pferdepraxis-roedig.de\/#website"},"primaryImageOfPage":{"@id":"https:\/\/pferdepraxis-roedig.de\/stosswellentherapie-beim-pferd#primaryimage"},"image":{"@id":"https:\/\/pferdepraxis-roedig.de\/stosswellentherapie-beim-pferd#primaryimage"},"thumbnailUrl":"https:\/\/pferdepraxis-roedig.de\/wp-content\/uploads\/2022\/01\/Stosswelle-1.jpg","datePublished":"2022-01-19T14:51:19+00:00","dateModified":"2024-01-15T09:56:13+00:00","description":"Die Sto\u00dfwellentherapie beim Pferd f\u00fchrt zur schnellen Schmerzbeseitigung und Verbesserung des Wohlbefindens unserer Patienten.","breadcrumb":{"@id":"https:\/\/pferdepraxis-roedig.de\/stosswellentherapie-beim-pferd#breadcrumb"},"inLanguage":"en-GB","potentialAction":[{"@type":"ReadAction","target":["https:\/\/pferdepraxis-roedig.de\/stosswellentherapie-beim-pferd"]}]},{"@type":"ImageObject","inLanguage":"en-GB","@id":"https:\/\/pferdepraxis-roedig.de\/stosswellentherapie-beim-pferd#primaryimage","url":"https:\/\/pferdepraxis-roedig.de\/wp-content\/uploads\/2022\/01\/Stosswelle-1.jpg","contentUrl":"https:\/\/pferdepraxis-roedig.de\/wp-content\/uploads\/2022\/01\/Stosswelle-1.jpg"},{"@type":"BreadcrumbList","@id":"https:\/\/pferdepraxis-roedig.de\/stosswellentherapie-beim-pferd#breadcrumb","itemListElement":[{"@type":"ListItem","position":1,"name":"Startseite","item":"https:\/\/pferdepraxis-roedig.de\/"},{"@type":"ListItem","position":2,"name":"Sto\u00dfwellentherapie beim Pferd"}]},{"@type":"WebSite","@id":"https:\/\/pferdepraxis-roedig.de\/#website","url":"https:\/\/pferdepraxis-roedig.de\/","name":"Veterinary Practice for Horses - Dr. Nina R\u00f6dig","description":"Orthopaedics with ultrasound, digital X-ray &amp; endoscopy on site. 24-hour emergency service. Reliable care. Diagnostics possible. Competent advice.","publisher":{"@id":"https:\/\/pferdepraxis-roedig.de\/#organization"},"potentialAction":[{"@type":"SearchAction","target":{"@type":"EntryPoint","urlTemplate":"https:\/\/pferdepraxis-roedig.de\/?s={search_term_string}"},"query-input":{"@type":"PropertyValueSpecification","valueRequired":true,"valueName":"search_term_string"}}],"inLanguage":"en-GB"},{"@type":"Organization","@id":"https:\/\/pferdepraxis-roedig.de\/#organization","name":"Veterinary Practice for Horses - Dr. Nina R\u00f6dig","url":"https:\/\/pferdepraxis-roedig.de\/","logo":{"@type":"ImageObject","inLanguage":"en-GB","@id":"https:\/\/pferdepraxis-roedig.de\/#\/schema\/logo\/image\/","url":"https:\/\/pferdepraxis-roedig.de\/wp-content\/uploads\/2020\/12\/Logo_Roedig_TPfP_v2.png","contentUrl":"https:\/\/pferdepraxis-roedig.de\/wp-content\/uploads\/2020\/12\/Logo_Roedig_TPfP_v2.png","width":1024,"height":386,"caption":"Tier\u00e4rztliche Praxis f\u00fcr Pferde - Dr. Nina R\u00f6dig"},"image":{"@id":"https:\/\/pferdepraxis-roedig.de\/#\/schema\/logo\/image\/"},"sameAs":["https:\/\/www.facebook.com\/tierarztpraxisroedig\/","https:\/\/www.instagram.com\/tierarztpraxis_roedig\/"]}]}},"_links":{"self":[{"href":"https:\/\/pferdepraxis-roedig.de\/en\/wp-json\/wp\/v2\/pages\/370","targetHints":{"allow":["GET"]}}],"collection":[{"href":"https:\/\/pferdepraxis-roedig.de\/en\/wp-json\/wp\/v2\/pages"}],"about":[{"href":"https:\/\/pferdepraxis-roedig.de\/en\/wp-json\/wp\/v2\/types\/page"}],"author":[{"embeddable":true,"href":"https:\/\/pferdepraxis-roedig.de\/en\/wp-json\/wp\/v2\/users\/1"}],"replies":[{"embeddable":true,"href":"https:\/\/pferdepraxis-roedig.de\/en\/wp-json\/wp\/v2\/comments?post=370"}],"version-history":[{"count":28,"href":"https:\/\/pferdepraxis-roedig.de\/en\/wp-json\/wp\/v2\/pages\/370\/revisions"}],"predecessor-version":[{"id":579,"href":"https:\/\/pferdepraxis-roedig.de\/en\/wp-json\/wp\/v2\/pages\/370\/revisions\/579"}],"wp:attachment":[{"href":"https:\/\/pferdepraxis-roedig.de\/en\/wp-json\/wp\/v2\/media?parent=370"}],"curies":[{"name":"wp","href":"https:\/\/api.w.org\/{rel}","templated":true}]}}