{"id":341,"date":"2022-01-17T15:07:15","date_gmt":"2022-01-17T14:07:15","guid":{"rendered":"https:\/\/pferdepraxis-roedig.de\/?page_id=341"},"modified":"2024-05-07T18:01:48","modified_gmt":"2024-05-07T16:01:48","slug":"tournament-horse-vaccination","status":"publish","type":"page","link":"https:\/\/pferdepraxis-roedig.de\/en\/impfung-turnierpferde","title":{"rendered":"Vaccination of competition horses"},"content":{"rendered":"<p>If you wish to compete with your horse in a tournament, in Germany you are subject to the regulations of the FN (German Equestrian Federation) and therefore mandatory vaccination. This prescribes a specific vaccination schedule for competition horses, without which your horse will not be eligible to participate in equestrian events (LPO and most WBO tournaments).<\/p>\n\n\n\n<p>The following <a href=\"https:\/\/pferdepraxis-roedig.de\/en\/vaccination-in-horses\/\">Vaccinations <\/a>are mandatory in Germany:<\/p>\n\n\n\n<ul class=\"wp-block-list\">\n<li>Flu<\/li>\n<\/ul>\n\n\n\n<figure class=\"wp-block-image size-large is-resized is-style-rounded\"><img loading=\"lazy\" decoding=\"async\" width=\"1024\" height=\"678\" src=\"https:\/\/pferdepraxis-roedig.de\/wp-content\/uploads\/2022\/01\/Impfung_Turnierpferde-1024x678.jpg\" alt=\"Vaccination requirement tournament horses photo\" class=\"wp-image-342\" style=\"width:512px;height:339px\" srcset=\"https:\/\/pferdepraxis-roedig.de\/wp-content\/uploads\/2022\/01\/Impfung_Turnierpferde-1024x678.jpg 1024w, https:\/\/pferdepraxis-roedig.de\/wp-content\/uploads\/2022\/01\/Impfung_Turnierpferde-300x199.jpg 300w, https:\/\/pferdepraxis-roedig.de\/wp-content\/uploads\/2022\/01\/Impfung_Turnierpferde-768x508.jpg 768w, https:\/\/pferdepraxis-roedig.de\/wp-content\/uploads\/2022\/01\/Impfung_Turnierpferde-700x463.jpg 700w, https:\/\/pferdepraxis-roedig.de\/wp-content\/uploads\/2022\/01\/Impfung_Turnierpferde-520x344.jpg 520w, https:\/\/pferdepraxis-roedig.de\/wp-content\/uploads\/2022\/01\/Impfung_Turnierpferde-360x238.jpg 360w, https:\/\/pferdepraxis-roedig.de\/wp-content\/uploads\/2022\/01\/Impfung_Turnierpferde-250x165.jpg 250w, https:\/\/pferdepraxis-roedig.de\/wp-content\/uploads\/2022\/01\/Impfung_Turnierpferde-100x66.jpg 100w, https:\/\/pferdepraxis-roedig.de\/wp-content\/uploads\/2022\/01\/Impfung_Turnierpferde.jpg 1280w\" sizes=\"auto, (max-width: 1024px) 100vw, 1024px\" \/><\/figure>\n\n\n\n<h2 class=\"wp-block-heading\"><strong>Mandatory influenza vaccination for competition horses according to LPO<\/strong><\/h2>\n\n\n\n<p>For <strong>Competition horses<\/strong> Does the FN (German Equestrian Federation) mandate a vaccination in Germany against <strong>Flu <\/strong>before.<\/p>\n\n\n\n<p>The following vaccination schedule is mandatory for tournament horses:<\/p>\n\n\n\n<figure class=\"wp-block-table\"><table><tbody><tr><td><strong>Influenza vaccinations for competition horses according to LPO:<\/strong><\/td><\/tr><tr><td><strong>Primary immunisation<\/strong><\/td><td>Consists of three vaccinations:<br>Second vaccination at least 28 and at most 70 days after the first vaccination<br>Third vaccination a maximum of 6 months + 21 days after the second vaccination<\/td><\/tr><tr><td><strong>Booster vaccination<\/strong><\/td><td>Booster vaccinations at intervals of a maximum of 6 months + 21 days<\/td><\/tr><\/tbody><\/table><\/figure>\n\n\n\n<ul class=\"wp-block-list\">\n<li>All horses that have not yet been vaccinated against <strong>Flu <\/strong>have been vaccinated, with a different interval between vaccinations than 6 months plus 21 days, require before starting a tournament a <strong>primary immunisation<\/strong>.<\/li>\n\n\n\n<li>One <strong>Primary immunisation<\/strong> is considered complete when the first two vaccinations are given at an interval of 28-70 days AND a further 14 days have passed.<\/li>\n\n\n\n<li>In horses, which <strong>Regularly vaccinated<\/strong> are, must <strong>7 days<\/strong> between the last vaccination and the start of the next tournament.<\/li>\n<\/ul>\n\n\n\n<p>Please be sure to include these time intervals in your tournament season planning.<\/p>\n\n\n\n<h2 class=\"wp-block-heading\">CAUTION: <strong>Mandatory herpes vaccination for competition horses according to LPO from<\/strong> <strong>15 April 2024<\/strong><\/h2>\n\n\n\n<p>As of 15 April 2024, the FN has again lifted the mandatory vaccination against herpes. We naturally recommend vaccination for ALL horses that have contact with changing horses\/stable personnel. In the opinion of the vets, nothing has changed in the dangerousness of this disease, as the outbreak in Valencia unfortunately had to show at the time. <\/p>\n\n\n\n<p><\/p>\n\n\n\n<p> Source: \u201e<a href=\"https:\/\/www.pferd-aktuell.de\/ausbildung\/pferdehaltung\/impfung\">fn-press<\/a>\u201c <\/p>","protected":false},"excerpt":{"rendered":"<p>Wenn Sie mit Ihrem Pferd an einem Turnier teilnehmen m\u00f6chten, unterliegen Sie in Deutschland den Vorschriften der FN (Deutsche Reiterliche Vereinigung) und somit einer Impfpflicht. Diese schreibt f\u00fcr Turnierpferde ein bestimmtes Impfschema vor, ohne dass Ihr Pferd nicht zur Teilnahme [&hellip;]<\/p>\n","protected":false},"author":1,"featured_media":0,"parent":0,"menu_order":0,"comment_status":"closed","ping_status":"closed","template":"","meta":{"footnotes":""},"class_list":["post-341","page","type-page","status-publish","hentry","clearfix"],"yoast_head":"<!-- This site is optimized with the Yoast SEO plugin v27.4 - https:\/\/yoast.com\/product\/yoast-seo-wordpress\/ -->\n<title>Impfung Turnierpferde - Tier\u00e4rztliche Praxis f\u00fcr Pferde - Dr. Nina R\u00f6dig - Fachtier\u00e4rztin<\/title>\n<meta name=\"description\" content=\"F\u00fcr Turnierpferde gibt es in Deutschland eine Influenza Impfpflicht. Ab 01.01.2023 gilt dies auch f\u00fcr Herpes (EHV).\" \/>\n<meta name=\"robots\" content=\"index, follow, max-snippet:-1, max-image-preview:large, max-video-preview:-1\" \/>\n<link rel=\"canonical\" href=\"https:\/\/pferdepraxis-roedig.de\/en\/tournament-horse-vaccination\/\" \/>\n<meta property=\"og:locale\" content=\"en_GB\" \/>\n<meta property=\"og:type\" content=\"article\" \/>\n<meta property=\"og:title\" content=\"Impfung Turnierpferde - Tier\u00e4rztliche Praxis f\u00fcr Pferde - Dr. Nina R\u00f6dig - Fachtier\u00e4rztin\" \/>\n<meta property=\"og:description\" content=\"F\u00fcr Turnierpferde gibt es in Deutschland eine Influenza Impfpflicht. Ab 01.01.2023 gilt dies auch f\u00fcr Herpes (EHV).\" \/>\n<meta property=\"og:url\" content=\"https:\/\/pferdepraxis-roedig.de\/en\/tournament-horse-vaccination\/\" \/>\n<meta property=\"og:site_name\" content=\"Tier\u00e4rztliche Praxis f\u00fcr Pferde - Dr. Nina R\u00f6dig - Fachtier\u00e4rztin\" \/>\n<meta property=\"article:publisher\" content=\"https:\/\/www.facebook.com\/tierarztpraxisroedig\/\" \/>\n<meta property=\"article:modified_time\" content=\"2024-05-07T16:01:48+00:00\" \/>\n<meta property=\"og:image\" content=\"https:\/\/pferdepraxis-roedig.de\/wp-content\/uploads\/2022\/01\/Impfung_Turnierpferde-1024x678.jpg\" \/>\n<meta name=\"twitter:card\" content=\"summary_large_image\" \/>\n<meta name=\"twitter:label1\" content=\"Estimated reading time\" \/>\n\t<meta name=\"twitter:data1\" content=\"2 minutes\" \/>\n<script type=\"application\/ld+json\" class=\"yoast-schema-graph\">{\"@context\":\"https:\\\/\\\/schema.org\",\"@graph\":[{\"@type\":\"WebPage\",\"@id\":\"https:\\\/\\\/pferdepraxis-roedig.de\\\/impfung-turnierpferde\",\"url\":\"https:\\\/\\\/pferdepraxis-roedig.de\\\/impfung-turnierpferde\",\"name\":\"Impfung Turnierpferde - Tier\u00e4rztliche Praxis f\u00fcr Pferde - Dr. Nina R\u00f6dig - Fachtier\u00e4rztin\",\"isPartOf\":{\"@id\":\"https:\\\/\\\/pferdepraxis-roedig.de\\\/#website\"},\"primaryImageOfPage\":{\"@id\":\"https:\\\/\\\/pferdepraxis-roedig.de\\\/impfung-turnierpferde#primaryimage\"},\"image\":{\"@id\":\"https:\\\/\\\/pferdepraxis-roedig.de\\\/impfung-turnierpferde#primaryimage\"},\"thumbnailUrl\":\"https:\\\/\\\/pferdepraxis-roedig.de\\\/wp-content\\\/uploads\\\/2022\\\/01\\\/Impfung_Turnierpferde-1024x678.jpg\",\"datePublished\":\"2022-01-17T14:07:15+00:00\",\"dateModified\":\"2024-05-07T16:01:48+00:00\",\"description\":\"F\u00fcr Turnierpferde gibt es in Deutschland eine Influenza Impfpflicht. Ab 01.01.2023 gilt dies auch f\u00fcr Herpes (EHV).\",\"breadcrumb\":{\"@id\":\"https:\\\/\\\/pferdepraxis-roedig.de\\\/impfung-turnierpferde#breadcrumb\"},\"inLanguage\":\"en-GB\",\"potentialAction\":[{\"@type\":\"ReadAction\",\"target\":[\"https:\\\/\\\/pferdepraxis-roedig.de\\\/impfung-turnierpferde\"]}]},{\"@type\":\"ImageObject\",\"inLanguage\":\"en-GB\",\"@id\":\"https:\\\/\\\/pferdepraxis-roedig.de\\\/impfung-turnierpferde#primaryimage\",\"url\":\"https:\\\/\\\/pferdepraxis-roedig.de\\\/wp-content\\\/uploads\\\/2022\\\/01\\\/Impfung_Turnierpferde-1024x678.jpg\",\"contentUrl\":\"https:\\\/\\\/pferdepraxis-roedig.de\\\/wp-content\\\/uploads\\\/2022\\\/01\\\/Impfung_Turnierpferde-1024x678.jpg\"},{\"@type\":\"BreadcrumbList\",\"@id\":\"https:\\\/\\\/pferdepraxis-roedig.de\\\/impfung-turnierpferde#breadcrumb\",\"itemListElement\":[{\"@type\":\"ListItem\",\"position\":1,\"name\":\"Startseite\",\"item\":\"https:\\\/\\\/pferdepraxis-roedig.de\\\/\"},{\"@type\":\"ListItem\",\"position\":2,\"name\":\"Impfung Turnierpferde\"}]},{\"@type\":\"WebSite\",\"@id\":\"https:\\\/\\\/pferdepraxis-roedig.de\\\/#website\",\"url\":\"https:\\\/\\\/pferdepraxis-roedig.de\\\/\",\"name\":\"Tier\u00e4rztliche Praxis f\u00fcr Pferde - Dr. Nina R\u00f6dig\",\"description\":\"Orthop\u00e4die mit Ultraschall, dig. R\u00f6ntgen &amp; Endoskopie vor Ort. 24h-Notdienst. Zuverl\u00e4ssige Betreuung. Diagnostik M\u00f6glich. Kompetente Beratung.\",\"publisher\":{\"@id\":\"https:\\\/\\\/pferdepraxis-roedig.de\\\/#organization\"},\"potentialAction\":[{\"@type\":\"SearchAction\",\"target\":{\"@type\":\"EntryPoint\",\"urlTemplate\":\"https:\\\/\\\/pferdepraxis-roedig.de\\\/?s={search_term_string}\"},\"query-input\":{\"@type\":\"PropertyValueSpecification\",\"valueRequired\":true,\"valueName\":\"search_term_string\"}}],\"inLanguage\":\"en-GB\"},{\"@type\":\"Organization\",\"@id\":\"https:\\\/\\\/pferdepraxis-roedig.de\\\/#organization\",\"name\":\"Tier\u00e4rztliche Praxis f\u00fcr Pferde - Dr. Nina R\u00f6dig\",\"url\":\"https:\\\/\\\/pferdepraxis-roedig.de\\\/\",\"logo\":{\"@type\":\"ImageObject\",\"inLanguage\":\"en-GB\",\"@id\":\"https:\\\/\\\/pferdepraxis-roedig.de\\\/#\\\/schema\\\/logo\\\/image\\\/\",\"url\":\"https:\\\/\\\/pferdepraxis-roedig.de\\\/wp-content\\\/uploads\\\/2020\\\/12\\\/Logo_Roedig_TPfP_v2.png\",\"contentUrl\":\"https:\\\/\\\/pferdepraxis-roedig.de\\\/wp-content\\\/uploads\\\/2020\\\/12\\\/Logo_Roedig_TPfP_v2.png\",\"width\":1024,\"height\":386,\"caption\":\"Tier\u00e4rztliche Praxis f\u00fcr Pferde - Dr. Nina R\u00f6dig\"},\"image\":{\"@id\":\"https:\\\/\\\/pferdepraxis-roedig.de\\\/#\\\/schema\\\/logo\\\/image\\\/\"},\"sameAs\":[\"https:\\\/\\\/www.facebook.com\\\/tierarztpraxisroedig\\\/\",\"https:\\\/\\\/www.instagram.com\\\/tierarztpraxis_roedig\\\/\"]}]}<\/script>\n<!-- \/ Yoast SEO plugin. -->","yoast_head_json":{"title":"Vaccination of Tournament Horses - Veterinary Practice for Horses - Dr. Nina R\u00f6dig - Specialist Veterinarian","description":"For competition horses in Germany, there is a mandatory influenza vaccination. As of 01.01.2023, this also applies to herpes (EHV).","robots":{"index":"index","follow":"follow","max-snippet":"max-snippet:-1","max-image-preview":"max-image-preview:large","max-video-preview":"max-video-preview:-1"},"canonical":"https:\/\/pferdepraxis-roedig.de\/en\/tournament-horse-vaccination\/","og_locale":"en_GB","og_type":"article","og_title":"Impfung Turnierpferde - Tier\u00e4rztliche Praxis f\u00fcr Pferde - Dr. Nina R\u00f6dig - Fachtier\u00e4rztin","og_description":"F\u00fcr Turnierpferde gibt es in Deutschland eine Influenza Impfpflicht. Ab 01.01.2023 gilt dies auch f\u00fcr Herpes (EHV).","og_url":"https:\/\/pferdepraxis-roedig.de\/en\/tournament-horse-vaccination\/","og_site_name":"Tier\u00e4rztliche Praxis f\u00fcr Pferde - Dr. Nina R\u00f6dig - Fachtier\u00e4rztin","article_publisher":"https:\/\/www.facebook.com\/tierarztpraxisroedig\/","article_modified_time":"2024-05-07T16:01:48+00:00","og_image":[{"url":"https:\/\/pferdepraxis-roedig.de\/wp-content\/uploads\/2022\/01\/Impfung_Turnierpferde-1024x678.jpg","type":"","width":"","height":""}],"twitter_card":"summary_large_image","twitter_misc":{"Estimated reading time":"2 minutes"},"schema":{"@context":"https:\/\/schema.org","@graph":[{"@type":"WebPage","@id":"https:\/\/pferdepraxis-roedig.de\/impfung-turnierpferde","url":"https:\/\/pferdepraxis-roedig.de\/impfung-turnierpferde","name":"Vaccination of Tournament Horses - Veterinary Practice for Horses - Dr. Nina R\u00f6dig - Specialist Veterinarian","isPartOf":{"@id":"https:\/\/pferdepraxis-roedig.de\/#website"},"primaryImageOfPage":{"@id":"https:\/\/pferdepraxis-roedig.de\/impfung-turnierpferde#primaryimage"},"image":{"@id":"https:\/\/pferdepraxis-roedig.de\/impfung-turnierpferde#primaryimage"},"thumbnailUrl":"https:\/\/pferdepraxis-roedig.de\/wp-content\/uploads\/2022\/01\/Impfung_Turnierpferde-1024x678.jpg","datePublished":"2022-01-17T14:07:15+00:00","dateModified":"2024-05-07T16:01:48+00:00","description":"For competition horses in Germany, there is a mandatory influenza vaccination. As of 01.01.2023, this also applies to herpes (EHV).","breadcrumb":{"@id":"https:\/\/pferdepraxis-roedig.de\/impfung-turnierpferde#breadcrumb"},"inLanguage":"en-GB","potentialAction":[{"@type":"ReadAction","target":["https:\/\/pferdepraxis-roedig.de\/impfung-turnierpferde"]}]},{"@type":"ImageObject","inLanguage":"en-GB","@id":"https:\/\/pferdepraxis-roedig.de\/impfung-turnierpferde#primaryimage","url":"https:\/\/pferdepraxis-roedig.de\/wp-content\/uploads\/2022\/01\/Impfung_Turnierpferde-1024x678.jpg","contentUrl":"https:\/\/pferdepraxis-roedig.de\/wp-content\/uploads\/2022\/01\/Impfung_Turnierpferde-1024x678.jpg"},{"@type":"BreadcrumbList","@id":"https:\/\/pferdepraxis-roedig.de\/impfung-turnierpferde#breadcrumb","itemListElement":[{"@type":"ListItem","position":1,"name":"Startseite","item":"https:\/\/pferdepraxis-roedig.de\/"},{"@type":"ListItem","position":2,"name":"Impfung Turnierpferde"}]},{"@type":"WebSite","@id":"https:\/\/pferdepraxis-roedig.de\/#website","url":"https:\/\/pferdepraxis-roedig.de\/","name":"Veterinary Practice for Horses - Dr. Nina R\u00f6dig","description":"Orthopaedics with ultrasound, digital X-ray &amp; endoscopy on site. 24-hour emergency service. Reliable care. Diagnostics possible. Competent advice.","publisher":{"@id":"https:\/\/pferdepraxis-roedig.de\/#organization"},"potentialAction":[{"@type":"SearchAction","target":{"@type":"EntryPoint","urlTemplate":"https:\/\/pferdepraxis-roedig.de\/?s={search_term_string}"},"query-input":{"@type":"PropertyValueSpecification","valueRequired":true,"valueName":"search_term_string"}}],"inLanguage":"en-GB"},{"@type":"Organization","@id":"https:\/\/pferdepraxis-roedig.de\/#organization","name":"Veterinary Practice for Horses - Dr. Nina R\u00f6dig","url":"https:\/\/pferdepraxis-roedig.de\/","logo":{"@type":"ImageObject","inLanguage":"en-GB","@id":"https:\/\/pferdepraxis-roedig.de\/#\/schema\/logo\/image\/","url":"https:\/\/pferdepraxis-roedig.de\/wp-content\/uploads\/2020\/12\/Logo_Roedig_TPfP_v2.png","contentUrl":"https:\/\/pferdepraxis-roedig.de\/wp-content\/uploads\/2020\/12\/Logo_Roedig_TPfP_v2.png","width":1024,"height":386,"caption":"Tier\u00e4rztliche Praxis f\u00fcr Pferde - Dr. Nina R\u00f6dig"},"image":{"@id":"https:\/\/pferdepraxis-roedig.de\/#\/schema\/logo\/image\/"},"sameAs":["https:\/\/www.facebook.com\/tierarztpraxisroedig\/","https:\/\/www.instagram.com\/tierarztpraxis_roedig\/"]}]}},"_links":{"self":[{"href":"https:\/\/pferdepraxis-roedig.de\/en\/wp-json\/wp\/v2\/pages\/341","targetHints":{"allow":["GET"]}}],"collection":[{"href":"https:\/\/pferdepraxis-roedig.de\/en\/wp-json\/wp\/v2\/pages"}],"about":[{"href":"https:\/\/pferdepraxis-roedig.de\/en\/wp-json\/wp\/v2\/types\/page"}],"author":[{"embeddable":true,"href":"https:\/\/pferdepraxis-roedig.de\/en\/wp-json\/wp\/v2\/users\/1"}],"replies":[{"embeddable":true,"href":"https:\/\/pferdepraxis-roedig.de\/en\/wp-json\/wp\/v2\/comments?post=341"}],"version-history":[{"count":2,"href":"https:\/\/pferdepraxis-roedig.de\/en\/wp-json\/wp\/v2\/pages\/341\/revisions"}],"predecessor-version":[{"id":594,"href":"https:\/\/pferdepraxis-roedig.de\/en\/wp-json\/wp\/v2\/pages\/341\/revisions\/594"}],"wp:attachment":[{"href":"https:\/\/pferdepraxis-roedig.de\/en\/wp-json\/wp\/v2\/media?parent=341"}],"curies":[{"name":"wp","href":"https:\/\/api.w.org\/{rel}","templated":true}]}}