{"id":32,"date":"2020-11-01T13:52:05","date_gmt":"2020-11-01T13:52:05","guid":{"rendered":"https:\/\/xn--tierrztlichepraxisfr-ezb75c.live-website.com\/?page_id=32"},"modified":"2025-09-07T11:41:50","modified_gmt":"2025-09-07T09:41:50","slug":"dr-nina-roedig-fachtieraerztin-fuer-pferde","status":"publish","type":"page","link":"https:\/\/pferdepraxis-roedig.de\/en\/","title":{"rendered":"Welcome"},"content":{"rendered":"<p id=\"block-55111ce9-af2f-47c2-9a9a-f6b51aefa466\">on the homepage of the <strong>mobile veterinary practice for horses \u2013 Dr. Nina R\u00f6dig (Specialist in Equine Medicine)<\/strong>.<\/p>\n\n\n\n<p id=\"block-28fcaeea-ea4b-49d0-acf3-276b4225e5cb\">Our strength is the <strong>empathetic <\/strong>and <strong>comprehensive consultation <\/strong>and <strong>support <\/strong>for the horse owner concerning diseases, diagnostics, therapy, and prophylaxis of your horse.<\/p>\n\n\n\n<p>We are a team of <strong>specialised <\/strong>and <strong>highly trained <\/strong><a href=\"https:\/\/pferdepraxis-roedig.de\/en\/team\/\"><strong>Veterinary surgeons<\/strong><\/a> with long-standing experience in the field of equine medicine. Through the <strong>ongoing participation<\/strong> of every team member in <strong>specialized training courses<\/strong> and <strong>conferences <\/strong>in the field of<\/p>\n\n\n\n<ul class=\"wp-block-list\">\n<li><strong>Equine orthopaedics<\/strong>, <\/li>\n\n\n\n<li class=\"translation-block\"><strong>Respiratory problems <\/strong>in horses,<\/li>\n\n\n\n<li class=\"translation-block\"><strong>Eye<\/strong>\u2013 and <strong>dental diseases <\/strong>and<\/li>\n\n\n\n<li><strong>Riding problems<\/strong><\/li>\n<\/ul>\n\n\n\n<p>We can always offer you <strong>highly specialized diagnostic and treatment methods.<\/strong> To this end, we work with you to develop a treatment plan tailored to your horse\u2019s needs.<\/p>\n\n\n\n<p id=\"block-d4d4515b-1e0f-4b65-8644-d13e8fb944d0\">In addition, our <strong>mobile units are fully equipped with state-of-the-art medical technology<\/strong>. We have one of the newest <strong><a href=\"https:\/\/pferdepraxis-roedig.de\/en\/diagnostik-roentgen\/\">digital X-ray developer<\/a><\/strong> for preparation and assessment at your premises in your home stable. If requested, we can also send these X-rays digitally. Further equipment includes:<\/p>\n\n\n\n<ul class=\"wp-block-list\">\n<li>several <strong><a href=\"https:\/\/pferdepraxis-roedig.de\/en\/diagnostik-ultraschall\/\">digital ultrasound devices<\/a><\/strong>, <\/li>\n\n\n\n<li>a mobile <strong><a href=\"https:\/\/pferdepraxis-roedig.de\/en\/diagnostic-endoscopy\/\">Bronchoscope<\/a><\/strong>, <\/li>\n\n\n\n<li><strong><a href=\"https:\/\/pferdepraxis-roedig.de\/en\/auge\/\">Slit lamp<\/a><\/strong>, <\/li>\n\n\n\n<li><strong><a href=\"https:\/\/pferdepraxis-roedig.de\/en\/stosswellentherapie-beim-pferd\/\">Shock wave<\/a><\/strong>, <\/li>\n\n\n\n<li>the possibility to do <strong><a href=\"https:\/\/pferdepraxis-roedig.de\/en\/orthopaedics-regenerative-therapy-acp\/\">ACP and I-RAP Therapy<\/a><\/strong> on-site <\/li>\n\n\n\n<li>modern <strong><a href=\"https:\/\/pferdepraxis-roedig.de\/en\/zahnbehandlung\/\">Dental equipment<\/a><\/strong>.<\/li>\n<\/ul>\n\n\n\n<p>Our <strong>area of practice <\/strong>extends from Mettmann through Ratingen, Duisburg, Krefeld, D\u00fcsseldorf, Neuss, Meerbusch, M\u00f6nchengladbach to Dormagen.<\/p>\n\n\n<div class=\"wp-block-image\">\n<figure class=\"aligncenter size-full\"><img loading=\"lazy\" decoding=\"async\" width=\"1024\" height=\"683\" src=\"https:\/\/pferdepraxis-roedig.de\/wp-content\/uploads\/2025\/02\/Gruppenbild_reduced-e1739872291417-1.webp\" alt=\"\" class=\"wp-image-687\" srcset=\"https:\/\/pferdepraxis-roedig.de\/wp-content\/uploads\/2025\/02\/Gruppenbild_reduced-e1739872291417-1.webp 1024w, https:\/\/pferdepraxis-roedig.de\/wp-content\/uploads\/2025\/02\/Gruppenbild_reduced-e1739872291417-1-300x200.webp 300w, https:\/\/pferdepraxis-roedig.de\/wp-content\/uploads\/2025\/02\/Gruppenbild_reduced-e1739872291417-1-768x512.webp 768w, https:\/\/pferdepraxis-roedig.de\/wp-content\/uploads\/2025\/02\/Gruppenbild_reduced-e1739872291417-1-700x467.webp 700w, https:\/\/pferdepraxis-roedig.de\/wp-content\/uploads\/2025\/02\/Gruppenbild_reduced-e1739872291417-1-520x347.webp 520w, https:\/\/pferdepraxis-roedig.de\/wp-content\/uploads\/2025\/02\/Gruppenbild_reduced-e1739872291417-1-360x240.webp 360w, https:\/\/pferdepraxis-roedig.de\/wp-content\/uploads\/2025\/02\/Gruppenbild_reduced-e1739872291417-1-250x167.webp 250w, https:\/\/pferdepraxis-roedig.de\/wp-content\/uploads\/2025\/02\/Gruppenbild_reduced-e1739872291417-1-100x67.webp 100w\" sizes=\"auto, (max-width: 1024px) 100vw, 1024px\" \/><figcaption class=\"wp-element-caption\">Our veterinary team <\/figcaption><\/figure>\n<\/div>\n\n\n<p id=\"block-65879e8c-4df1-4100-a825-a912a511ce1a\">To <strong><a href=\"https:\/\/pferdepraxis-roedig.de\/en\/contact\/\">schedule an appointment,<\/a> <\/strong>please contact us directly at the <strong>telephone number <\/strong>listed below.<\/p>\n\n\n\n<h3 class=\"wp-block-heading has-text-align-center\" id=\"block-880b9ea7-c9cc-4934-a509-28e7e0ea5b5e\">Dr. Nina R\u00f6dig \u2013 Equine Veterinarian (Fachtierarzt)<br>Mobile: 0151-23063527<br>E-Mail: info@pferdepraxis-roedig.de<\/h3>\n\n\n\n<figure class=\"wp-block-table\"><table><tbody><tr><th>Opening hours<\/th><td>Mon \u2013 Fri<\/td><td>08:00 \u2013 19:00<\/td><td>and after consultation<\/td><\/tr><tr><th>Telephone consultation<br>and appointment scheduling<\/th><td>Mon \u2013 Fri<\/td><td>08:00 \u2013 10:00<\/td><\/tr><\/tbody><\/table><\/figure>","protected":false},"excerpt":{"rendered":"<p>auf der Homepage der mobilen tier\u00e4rztlichen Praxis f\u00fcr Pferde \u2013 Dr. Nina R\u00f6dig (Fachtier\u00e4rztin f\u00fcr Pferde). Unsere St\u00e4rke ist die einf\u00fchlsame und vollumfassende Beratung und Begleitung der Pferdebesitzer bei Erkrankungen, Diagnostik, Therapie und zur Prophylaxe Ihres Pferdes. Wir sind ein [&hellip;]<\/p>\n","protected":false},"author":1,"featured_media":0,"parent":0,"menu_order":0,"comment_status":"closed","ping_status":"closed","template":"","meta":{"footnotes":""},"class_list":["post-32","page","type-page","status-publish","hentry","clearfix"],"yoast_head":"<!-- This site is optimized with the Yoast SEO plugin v27.3 - https:\/\/yoast.com\/product\/yoast-seo-wordpress\/ -->\n<title>Tier\u00e4rztliche Praxis f\u00fcr Pferde - Dr. Nina R\u00f6dig - Fachtier\u00e4rztin<\/title>\n<meta name=\"description\" content=\"Wir sind ein Team aus spezialisierten und top ausgebildeten (Fach-)Tier\u00e4rztinnen f\u00fcr Pferde mit langj\u00e4hrigerer Erfahrung im Rheinland.\" \/>\n<meta name=\"robots\" content=\"index, follow, max-snippet:-1, max-image-preview:large, max-video-preview:-1\" \/>\n<link rel=\"canonical\" href=\"https:\/\/pferdepraxis-roedig.de\/en\/\" \/>\n<meta property=\"og:locale\" content=\"en_GB\" \/>\n<meta property=\"og:type\" content=\"article\" \/>\n<meta property=\"og:title\" content=\"Tier\u00e4rztliche Praxis f\u00fcr Pferde - Dr. Nina R\u00f6dig - Fachtier\u00e4rztin\" \/>\n<meta property=\"og:description\" content=\"Wir sind ein Team aus spezialisierten und top ausgebildeten (Fach-)Tier\u00e4rztinnen f\u00fcr Pferde mit langj\u00e4hrigerer Erfahrung im Rheinland.\" \/>\n<meta property=\"og:url\" content=\"https:\/\/pferdepraxis-roedig.de\/en\/\" \/>\n<meta property=\"og:site_name\" content=\"Tier\u00e4rztliche Praxis f\u00fcr Pferde - Dr. Nina R\u00f6dig - Fachtier\u00e4rztin\" \/>\n<meta property=\"article:publisher\" content=\"https:\/\/www.facebook.com\/tierarztpraxisroedig\/\" \/>\n<meta property=\"article:modified_time\" content=\"2025-09-07T09:41:50+00:00\" \/>\n<meta property=\"og:image\" content=\"https:\/\/pferdepraxis-roedig.de\/wp-content\/uploads\/2025\/02\/Gruppenbild_reduced-e1739872291417-1.webp\" \/>\n\t<meta property=\"og:image:width\" content=\"1024\" \/>\n\t<meta property=\"og:image:height\" content=\"683\" \/>\n\t<meta property=\"og:image:type\" content=\"image\/webp\" \/>\n<meta name=\"twitter:card\" content=\"summary_large_image\" \/>\n<meta name=\"twitter:label1\" content=\"Estimated reading time\" \/>\n\t<meta name=\"twitter:data1\" content=\"2 minutes\" \/>\n<script type=\"application\/ld+json\" class=\"yoast-schema-graph\">{\"@context\":\"https:\\\/\\\/schema.org\",\"@graph\":[{\"@type\":\"WebPage\",\"@id\":\"https:\\\/\\\/pferdepraxis-roedig.de\\\/\",\"url\":\"https:\\\/\\\/pferdepraxis-roedig.de\\\/\",\"name\":\"Tier\u00e4rztliche Praxis f\u00fcr Pferde - Dr. Nina R\u00f6dig - Fachtier\u00e4rztin\",\"isPartOf\":{\"@id\":\"https:\\\/\\\/pferdepraxis-roedig.de\\\/#website\"},\"primaryImageOfPage\":{\"@id\":\"https:\\\/\\\/pferdepraxis-roedig.de\\\/#primaryimage\"},\"image\":{\"@id\":\"https:\\\/\\\/pferdepraxis-roedig.de\\\/#primaryimage\"},\"thumbnailUrl\":\"https:\\\/\\\/pferdepraxis-roedig.de\\\/wp-content\\\/uploads\\\/2025\\\/02\\\/Gruppenbild_reduced-e1739872291417-1.webp\",\"datePublished\":\"2020-11-01T13:52:05+00:00\",\"dateModified\":\"2025-09-07T09:41:50+00:00\",\"description\":\"Wir sind ein Team aus spezialisierten und top ausgebildeten (Fach-)Tier\u00e4rztinnen f\u00fcr Pferde mit langj\u00e4hrigerer Erfahrung im Rheinland.\",\"breadcrumb\":{\"@id\":\"https:\\\/\\\/pferdepraxis-roedig.de\\\/#breadcrumb\"},\"inLanguage\":\"en-GB\",\"potentialAction\":[{\"@type\":\"ReadAction\",\"target\":[\"https:\\\/\\\/pferdepraxis-roedig.de\\\/\"]}]},{\"@type\":\"ImageObject\",\"inLanguage\":\"en-GB\",\"@id\":\"https:\\\/\\\/pferdepraxis-roedig.de\\\/#primaryimage\",\"url\":\"https:\\\/\\\/pferdepraxis-roedig.de\\\/wp-content\\\/uploads\\\/2025\\\/02\\\/Gruppenbild_reduced-e1739872291417-1.webp\",\"contentUrl\":\"https:\\\/\\\/pferdepraxis-roedig.de\\\/wp-content\\\/uploads\\\/2025\\\/02\\\/Gruppenbild_reduced-e1739872291417-1.webp\"},{\"@type\":\"BreadcrumbList\",\"@id\":\"https:\\\/\\\/pferdepraxis-roedig.de\\\/#breadcrumb\",\"itemListElement\":[{\"@type\":\"ListItem\",\"position\":1,\"name\":\"Startseite\",\"item\":\"https:\\\/\\\/pferdepraxis-roedig.de\\\/\"},{\"@type\":\"ListItem\",\"position\":2,\"name\":\"Herzlich Willkommen\"}]},{\"@type\":\"WebSite\",\"@id\":\"https:\\\/\\\/pferdepraxis-roedig.de\\\/#website\",\"url\":\"https:\\\/\\\/pferdepraxis-roedig.de\\\/\",\"name\":\"Tier\u00e4rztliche Praxis f\u00fcr Pferde - Dr. Nina R\u00f6dig\",\"description\":\"Orthop\u00e4die mit Ultraschall, dig. R\u00f6ntgen &amp; Endoskopie vor Ort. 24h-Notdienst. Zuverl\u00e4ssige Betreuung. Diagnostik M\u00f6glich. Kompetente Beratung.\",\"publisher\":{\"@id\":\"https:\\\/\\\/pferdepraxis-roedig.de\\\/#organization\"},\"potentialAction\":[{\"@type\":\"SearchAction\",\"target\":{\"@type\":\"EntryPoint\",\"urlTemplate\":\"https:\\\/\\\/pferdepraxis-roedig.de\\\/?s={search_term_string}\"},\"query-input\":{\"@type\":\"PropertyValueSpecification\",\"valueRequired\":true,\"valueName\":\"search_term_string\"}}],\"inLanguage\":\"en-GB\"},{\"@type\":\"Organization\",\"@id\":\"https:\\\/\\\/pferdepraxis-roedig.de\\\/#organization\",\"name\":\"Tier\u00e4rztliche Praxis f\u00fcr Pferde - Dr. Nina R\u00f6dig\",\"url\":\"https:\\\/\\\/pferdepraxis-roedig.de\\\/\",\"logo\":{\"@type\":\"ImageObject\",\"inLanguage\":\"en-GB\",\"@id\":\"https:\\\/\\\/pferdepraxis-roedig.de\\\/#\\\/schema\\\/logo\\\/image\\\/\",\"url\":\"https:\\\/\\\/pferdepraxis-roedig.de\\\/wp-content\\\/uploads\\\/2020\\\/12\\\/Logo_Roedig_TPfP_v2.png\",\"contentUrl\":\"https:\\\/\\\/pferdepraxis-roedig.de\\\/wp-content\\\/uploads\\\/2020\\\/12\\\/Logo_Roedig_TPfP_v2.png\",\"width\":1024,\"height\":386,\"caption\":\"Tier\u00e4rztliche Praxis f\u00fcr Pferde - Dr. Nina R\u00f6dig\"},\"image\":{\"@id\":\"https:\\\/\\\/pferdepraxis-roedig.de\\\/#\\\/schema\\\/logo\\\/image\\\/\"},\"sameAs\":[\"https:\\\/\\\/www.facebook.com\\\/tierarztpraxisroedig\\\/\",\"https:\\\/\\\/www.instagram.com\\\/tierarztpraxis_roedig\\\/\"]}]}<\/script>\n<!-- \/ Yoast SEO plugin. -->","yoast_head_json":{"title":"Veterinary Practice for Horses - Dr. Nina R\u00f6dig - Specialist Veterinarian","description":"We are a team of specialised and highly trained (specialist) equine veterinary surgeons with many years of experience in the Rhineland.","robots":{"index":"index","follow":"follow","max-snippet":"max-snippet:-1","max-image-preview":"max-image-preview:large","max-video-preview":"max-video-preview:-1"},"canonical":"https:\/\/pferdepraxis-roedig.de\/en\/","og_locale":"en_GB","og_type":"article","og_title":"Tier\u00e4rztliche Praxis f\u00fcr Pferde - Dr. Nina R\u00f6dig - Fachtier\u00e4rztin","og_description":"Wir sind ein Team aus spezialisierten und top ausgebildeten (Fach-)Tier\u00e4rztinnen f\u00fcr Pferde mit langj\u00e4hrigerer Erfahrung im Rheinland.","og_url":"https:\/\/pferdepraxis-roedig.de\/en\/","og_site_name":"Tier\u00e4rztliche Praxis f\u00fcr Pferde - Dr. Nina R\u00f6dig - Fachtier\u00e4rztin","article_publisher":"https:\/\/www.facebook.com\/tierarztpraxisroedig\/","article_modified_time":"2025-09-07T09:41:50+00:00","og_image":[{"width":1024,"height":683,"url":"https:\/\/pferdepraxis-roedig.de\/wp-content\/uploads\/2025\/02\/Gruppenbild_reduced-e1739872291417-1.webp","type":"image\/webp"}],"twitter_card":"summary_large_image","twitter_misc":{"Estimated reading time":"2 minutes"},"schema":{"@context":"https:\/\/schema.org","@graph":[{"@type":"WebPage","@id":"https:\/\/pferdepraxis-roedig.de\/","url":"https:\/\/pferdepraxis-roedig.de\/","name":"Veterinary Practice for Horses - Dr. Nina R\u00f6dig - Specialist Veterinarian","isPartOf":{"@id":"https:\/\/pferdepraxis-roedig.de\/#website"},"primaryImageOfPage":{"@id":"https:\/\/pferdepraxis-roedig.de\/#primaryimage"},"image":{"@id":"https:\/\/pferdepraxis-roedig.de\/#primaryimage"},"thumbnailUrl":"https:\/\/pferdepraxis-roedig.de\/wp-content\/uploads\/2025\/02\/Gruppenbild_reduced-e1739872291417-1.webp","datePublished":"2020-11-01T13:52:05+00:00","dateModified":"2025-09-07T09:41:50+00:00","description":"We are a team of specialised and highly trained (specialist) equine veterinary surgeons with many years of experience in the Rhineland.","breadcrumb":{"@id":"https:\/\/pferdepraxis-roedig.de\/#breadcrumb"},"inLanguage":"en-GB","potentialAction":[{"@type":"ReadAction","target":["https:\/\/pferdepraxis-roedig.de\/"]}]},{"@type":"ImageObject","inLanguage":"en-GB","@id":"https:\/\/pferdepraxis-roedig.de\/#primaryimage","url":"https:\/\/pferdepraxis-roedig.de\/wp-content\/uploads\/2025\/02\/Gruppenbild_reduced-e1739872291417-1.webp","contentUrl":"https:\/\/pferdepraxis-roedig.de\/wp-content\/uploads\/2025\/02\/Gruppenbild_reduced-e1739872291417-1.webp"},{"@type":"BreadcrumbList","@id":"https:\/\/pferdepraxis-roedig.de\/#breadcrumb","itemListElement":[{"@type":"ListItem","position":1,"name":"Startseite","item":"https:\/\/pferdepraxis-roedig.de\/"},{"@type":"ListItem","position":2,"name":"Herzlich Willkommen"}]},{"@type":"WebSite","@id":"https:\/\/pferdepraxis-roedig.de\/#website","url":"https:\/\/pferdepraxis-roedig.de\/","name":"Veterinary Practice for Horses - Dr. Nina R\u00f6dig","description":"Orthopaedics with ultrasound, digital X-ray &amp; endoscopy on site. 24-hour emergency service. Reliable care. Diagnostics possible. Competent advice.","publisher":{"@id":"https:\/\/pferdepraxis-roedig.de\/#organization"},"potentialAction":[{"@type":"SearchAction","target":{"@type":"EntryPoint","urlTemplate":"https:\/\/pferdepraxis-roedig.de\/?s={search_term_string}"},"query-input":{"@type":"PropertyValueSpecification","valueRequired":true,"valueName":"search_term_string"}}],"inLanguage":"en-GB"},{"@type":"Organization","@id":"https:\/\/pferdepraxis-roedig.de\/#organization","name":"Veterinary Practice for Horses - Dr. Nina R\u00f6dig","url":"https:\/\/pferdepraxis-roedig.de\/","logo":{"@type":"ImageObject","inLanguage":"en-GB","@id":"https:\/\/pferdepraxis-roedig.de\/#\/schema\/logo\/image\/","url":"https:\/\/pferdepraxis-roedig.de\/wp-content\/uploads\/2020\/12\/Logo_Roedig_TPfP_v2.png","contentUrl":"https:\/\/pferdepraxis-roedig.de\/wp-content\/uploads\/2020\/12\/Logo_Roedig_TPfP_v2.png","width":1024,"height":386,"caption":"Tier\u00e4rztliche Praxis f\u00fcr Pferde - Dr. Nina R\u00f6dig"},"image":{"@id":"https:\/\/pferdepraxis-roedig.de\/#\/schema\/logo\/image\/"},"sameAs":["https:\/\/www.facebook.com\/tierarztpraxisroedig\/","https:\/\/www.instagram.com\/tierarztpraxis_roedig\/"]}]}},"_links":{"self":[{"href":"https:\/\/pferdepraxis-roedig.de\/en\/wp-json\/wp\/v2\/pages\/32","targetHints":{"allow":["GET"]}}],"collection":[{"href":"https:\/\/pferdepraxis-roedig.de\/en\/wp-json\/wp\/v2\/pages"}],"about":[{"href":"https:\/\/pferdepraxis-roedig.de\/en\/wp-json\/wp\/v2\/types\/page"}],"author":[{"embeddable":true,"href":"https:\/\/pferdepraxis-roedig.de\/en\/wp-json\/wp\/v2\/users\/1"}],"replies":[{"embeddable":true,"href":"https:\/\/pferdepraxis-roedig.de\/en\/wp-json\/wp\/v2\/comments?post=32"}],"version-history":[{"count":16,"href":"https:\/\/pferdepraxis-roedig.de\/en\/wp-json\/wp\/v2\/pages\/32\/revisions"}],"predecessor-version":[{"id":770,"href":"https:\/\/pferdepraxis-roedig.de\/en\/wp-json\/wp\/v2\/pages\/32\/revisions\/770"}],"wp:attachment":[{"href":"https:\/\/pferdepraxis-roedig.de\/en\/wp-json\/wp\/v2\/media?parent=32"}],"curies":[{"name":"wp","href":"https:\/\/api.w.org\/{rel}","templated":true}]}}