{"id":131,"date":"2020-11-01T14:45:05","date_gmt":"2020-11-01T14:45:05","guid":{"rendered":"https:\/\/xn--tierrztlichepraxisfr-ezb75c.live-website.com\/?page_id=131"},"modified":"2022-01-17T10:49:15","modified_gmt":"2022-01-17T09:49:15","slug":"magendasseln","status":"publish","type":"page","link":"https:\/\/pferdepraxis-roedig.de\/en\/magendasseln","title":{"rendered":"Hamstring"},"content":{"rendered":"<p>Die Magendasseln parasitieren fast ausschlie\u00dflich bei Unpaarhufern, also bei Pferden, Eseln oder Maultieren. Seltener kommen sie auch bei Hunden und auch beim Menschen vor und werden hier als &#8222;Hautmaulwurf&#8220; bezeichnet, da sie sich unter der Haut entlangfressen. Als Symptom bilden sich rote Linien unter der Haut. Die Entwicklung wird in diesen Fehlwirten jedoch nicht abgeschlossen, und die Larven gehen im zweiten Larvenstadium zugrunde. Eine \u00dcbertragung von Mensch zu Mensch ist daher nicht m\u00f6glich (nur die Dasselfliege liegt die infekti\u00f6sen Eier: siehe Lebenszyklus). Bei der Dasselfliege handelt es sich um eine acht bis 18 Millimeter gro\u00dfe braune Fliege, die dicht behaart und von hummel\u00e4hnlicher Gestalt ist.<\/p>\n\n\n\n<figure class=\"wp-block-image size-large\"><img loading=\"lazy\" decoding=\"async\" width=\"159\" height=\"193\" src=\"https:\/\/pferdepraxis-roedig.de\/wp-content\/uploads\/2020\/12\/magendassel_1.jpg\" alt=\"Foto Merial\" class=\"wp-image-174\" srcset=\"https:\/\/pferdepraxis-roedig.de\/wp-content\/uploads\/2020\/12\/magendassel_1.jpg 159w, https:\/\/pferdepraxis-roedig.de\/wp-content\/uploads\/2020\/12\/magendassel_1-100x121.jpg 100w\" sizes=\"auto, (max-width: 159px) 100vw, 159px\" \/><figcaption>\u00a9 Firma Merial<\/figcaption><\/figure>\n\n\n\n<p>Die Dassellarve (Magendassellarve) ist eine r\u00f6tlich-braune, tonnenf\u00f6rmige, circa 1,5 Zentimeter lange Larve mit mehreren Dornenreihen am Rumpf und kr\u00e4ftigen Mundhaken.<\/p>\n\n\n\n<figure class=\"wp-block-image size-large\"><img loading=\"lazy\" decoding=\"async\" width=\"212\" height=\"152\" src=\"https:\/\/pferdepraxis-roedig.de\/wp-content\/uploads\/2020\/12\/magendassel_2.jpg\" alt=\"Foto Merial\" class=\"wp-image-175\" srcset=\"https:\/\/pferdepraxis-roedig.de\/wp-content\/uploads\/2020\/12\/magendassel_2.jpg 212w, https:\/\/pferdepraxis-roedig.de\/wp-content\/uploads\/2020\/12\/magendassel_2-100x72.jpg 100w\" sizes=\"auto, (max-width: 212px) 100vw, 212px\" \/><figcaption>\u00a9 Firma Merial<\/figcaption><\/figure>\n\n\n\n<h3 class=\"wp-block-heading\">Lebenszyklus<\/h3>\n\n\n\n<p>Die begatteten Weibchen der Magendasseln fliegen ihre Opfer an und legen die Eier in das Fell und verkleben sie dort. Die h\u00e4ufigste europ\u00e4ische Art nutzt bevorzugt dabei den Brust- und Bauchbereich oder die Beine zur Eiablage.<\/p>\n\n\n\n<figure class=\"wp-block-image size-large\"><img loading=\"lazy\" decoding=\"async\" width=\"206\" height=\"130\" src=\"https:\/\/pferdepraxis-roedig.de\/wp-content\/uploads\/2020\/12\/magendassel_3.jpg\" alt=\"Foto Merial\" class=\"wp-image-176\" srcset=\"https:\/\/pferdepraxis-roedig.de\/wp-content\/uploads\/2020\/12\/magendassel_3.jpg 206w, https:\/\/pferdepraxis-roedig.de\/wp-content\/uploads\/2020\/12\/magendassel_3-100x63.jpg 100w\" sizes=\"auto, (max-width: 206px) 100vw, 206px\" \/><figcaption>\u00a9 Firma Merial<\/figcaption><\/figure>\n\n\n\n<p>Aus den vor allem an den Vorderbeinen, Schultern und Flanken abgesetzten Eiern schl\u00fcpfen die Larven (Larve I) erst nach Ber\u00fchrung mit dem Speichel des Wirtstieres und haken sich mit den Mundhaken in der Zunge oder der Wange fest. Durch Belecken dieser Stellen gelangen die Larven I in die Maulh\u00f6hle. Sie bohren sich in die Schleimhaut der Maulh\u00f6hle und verweilen hier f\u00fcr drei bis vier Wochen. Es kann zu Schwellung des weichen Gaumens und Entz\u00fcndung der Zunge, gefolgt von Kau- und Schluckbeschwerden, kommen.<\/p>\n\n\n\n<p>Nach ihrer darauf folgenden Verpuppung und H\u00e4utung zur Larve II wandern sie in ihren eigentlichen Ansiedlungsort im Magen. Mit Hilfe ihrer Mundhaken bohren sie sich als Larve II und sp\u00e4ter als Larve III tief in die Magenschleimhaut ein, was chronische Magenschleimhautentz\u00fcndungen mit Geschw\u00fcrbildung zur Folge hat. Gelegentlich kommt es sogar zu Magendurchbruch mit nachfolgender Bauchfellentz\u00fcndung.<\/p>\n\n\n\n<p>Die reifen Larven III werden nach einem acht- bis zehnmonatigen Aufenthalt im Magen zu Beginn der warmen Jahreszeit schlie\u00dflich mit dem Kot ausgeschieden. Ihre nachfolgende Verpuppung findet in der Au\u00dfenwelt statt. Nach einer Puppenruhe von drei bis vier Wochen schl\u00fcpfen die Dasselfliegen und beginnen unmittelbar nach der Paarung mit der Eiablage. Die Fliegen besitzen keine Mundwerkzeuge zur Nahrungsaufnahme. Daher \u00fcberleben sie h\u00f6chstens drei Wochen, in denen sie die Eier ablegen.<\/p>\n\n\n\n<figure class=\"wp-block-image size-large\"><img loading=\"lazy\" decoding=\"async\" width=\"216\" height=\"154\" src=\"https:\/\/pferdepraxis-roedig.de\/wp-content\/uploads\/2020\/12\/magendassel_4.jpg\" alt=\"Foto Merial\" class=\"wp-image-177\" srcset=\"https:\/\/pferdepraxis-roedig.de\/wp-content\/uploads\/2020\/12\/magendassel_4.jpg 216w, https:\/\/pferdepraxis-roedig.de\/wp-content\/uploads\/2020\/12\/magendassel_4-100x71.jpg 100w\" sizes=\"auto, (max-width: 216px) 100vw, 216px\" \/><figcaption>\u00a9 Firma Merial<\/figcaption><\/figure>\n\n\n\n<h3 class=\"wp-block-heading\">Erkennung<\/h3>\n\n\n\n<p>Abgesehen von der Magenspiegelung (Gastroskopie) stehen keine sicheren Routineverfahren zur Erkennung des Befalls mit Magendassellarven beim Pferd zur Verf\u00fcgung. Auch findet man nur selten Larven im Kot. Im Sommer und Herbst sind die an den Haaren abgelegten Eier ein Hinweis f\u00fcr einen zu erwartenden Befall. Als klinische Erscheinungen k\u00f6nnen Koliken, wechselnder Appetit, Durchfall, Abmagerung und Blutarmut auftreten. Besonders bei Fohlen sind Entwicklungsst\u00f6rungen, Leistungsminderung, verringerte Widerstandskraft und selten auch Todesf\u00e4lle zu beobachten. Bek\u00e4mpfung<\/p>\n\n\n\n<p>Eine medikamentelle Abt\u00f6tung der Larven im Verdauungstrakt der Pferde f\u00fchrt zur Unterbrechung des Entwicklungszyklus. Durch geeignete Pr\u00e4parate sind die Wanderlarven und die bereits festsitzenden Magendasseln abzut\u00f6ten. Es sollten m\u00f6glichst alle Pferde behandelt werden, um das Risiko einer Neuinfektion im folgenden Sommer deutlich zu reduzieren.<\/p>\n\n\n\n<h3 class=\"wp-block-heading\">Zeitpunkt der Entwurmung<\/h3>\n\n\n\n<p>Um den empfohlenen Zeitraum der Entwurmung nachvollziehen zu k\u00f6nnen, ist es wichtig, den Lebenszyklus der Magendassel zu kennen. Es ist wichtig, den Zeitpunkt zur Bek\u00e4mpfung abzupassen, an dem die Larven bereits in den Magen gewandert sind. Die erwachsenen Dasselfliegen in Mitteleuropa haben nur eine kurze Flugperiode von Ende Juni bis August (vereinzelt bis Ende Oktober). Zur Eiablage bevorzugen die Weibchen warme und sonnige Tage. Die geschl\u00fcpften Larven (siehe Lebenszyklus) ben\u00f6tigen etwa drei bis vier Wochen bis sie von der Schleimhaut des Schlundes bis in den Magen gewandert sind.<\/p>\n\n\n\n<p>Daher gibt es lediglich einen Termin, ab dem fr\u00fchestens entwurmt werden sollte (nicht vor Mitte November), aber keinen zu sp\u00e4ten Termin. Allerdings sollten die Pferde sp\u00e4testens vor Austrieb auf die Weiden entwurmt werden, um eine Verseuchung der Weiden mit den Larven III zu vermeiden.<\/p>\n\n\n\n<p>Allerdings: Je l\u00e4nger die Larven sich in der Magenschleimhaut befinden, desto gr\u00f6\u00dfer ist ihre Schadwirkung f\u00fcr Ihr Pferd! Als unterst\u00fctzende Bek\u00e4mpfungsma\u00dfnahme wird empfohlen, die am Haarkleid der Pferde anhaftenden Eier zu entfernen.<\/p>\n\n\n\n<p>Do you have any questions or would you like to make an appointment? <a href=\"https:\/\/pferdepraxis-roedig.de\/en\/contact\/\">Contact <\/a>See us!<\/p>","protected":false},"excerpt":{"rendered":"<p>Die Magendasseln parasitieren fast ausschlie\u00dflich bei Unpaarhufern, also bei Pferden, Eseln oder Maultieren. Seltener kommen sie auch bei Hunden und auch beim Menschen vor und werden hier als &#8222;Hautmaulwurf&#8220; bezeichnet, da sie sich unter der Haut entlangfressen. Als Symptom bilden [&hellip;]<\/p>\n","protected":false},"author":1,"featured_media":0,"parent":0,"menu_order":0,"comment_status":"closed","ping_status":"closed","template":"","meta":{"footnotes":""},"class_list":["post-131","page","type-page","status-publish","hentry","clearfix"],"yoast_head":"<!-- This site is optimized with the Yoast SEO plugin v27.4 - https:\/\/yoast.com\/product\/yoast-seo-wordpress\/ -->\n<title>Magendasseln - Tier\u00e4rztliche Praxis f\u00fcr Pferde - Dr. Nina R\u00f6dig - Fachtier\u00e4rztin<\/title>\n<meta name=\"description\" content=\"Hier erfahren Sie alles Rund um das Thema Magendasseln beim Pferd. Haben Sie Fragen oder w\u00fcnschen einen Termin? Kontaktieren Sie uns!\" \/>\n<meta name=\"robots\" content=\"index, follow, max-snippet:-1, max-image-preview:large, max-video-preview:-1\" \/>\n<link rel=\"canonical\" href=\"https:\/\/pferdepraxis-roedig.de\/en\/magendasseln\/\" \/>\n<meta property=\"og:locale\" content=\"en_GB\" \/>\n<meta property=\"og:type\" content=\"article\" \/>\n<meta property=\"og:title\" content=\"Magendasseln - Tier\u00e4rztliche Praxis f\u00fcr Pferde - Dr. Nina R\u00f6dig - Fachtier\u00e4rztin\" \/>\n<meta property=\"og:description\" content=\"Hier erfahren Sie alles Rund um das Thema Magendasseln beim Pferd. Haben Sie Fragen oder w\u00fcnschen einen Termin? Kontaktieren Sie uns!\" \/>\n<meta property=\"og:url\" content=\"https:\/\/pferdepraxis-roedig.de\/en\/magendasseln\/\" \/>\n<meta property=\"og:site_name\" content=\"Tier\u00e4rztliche Praxis f\u00fcr Pferde - Dr. Nina R\u00f6dig - Fachtier\u00e4rztin\" \/>\n<meta property=\"article:publisher\" content=\"https:\/\/www.facebook.com\/tierarztpraxisroedig\/\" \/>\n<meta property=\"article:modified_time\" content=\"2022-01-17T09:49:15+00:00\" \/>\n<meta property=\"og:image\" content=\"https:\/\/pferdepraxis-roedig.de\/wp-content\/uploads\/2020\/12\/magendassel_1.jpg\" \/>\n<meta name=\"twitter:card\" content=\"summary_large_image\" \/>\n<meta name=\"twitter:label1\" content=\"Estimated reading time\" \/>\n\t<meta name=\"twitter:data1\" content=\"5 minutes\" \/>\n<script type=\"application\/ld+json\" class=\"yoast-schema-graph\">{\"@context\":\"https:\\\/\\\/schema.org\",\"@graph\":[{\"@type\":\"WebPage\",\"@id\":\"https:\\\/\\\/pferdepraxis-roedig.de\\\/magendasseln\",\"url\":\"https:\\\/\\\/pferdepraxis-roedig.de\\\/magendasseln\",\"name\":\"Magendasseln - Tier\u00e4rztliche Praxis f\u00fcr Pferde - Dr. Nina R\u00f6dig - Fachtier\u00e4rztin\",\"isPartOf\":{\"@id\":\"https:\\\/\\\/pferdepraxis-roedig.de\\\/#website\"},\"primaryImageOfPage\":{\"@id\":\"https:\\\/\\\/pferdepraxis-roedig.de\\\/magendasseln#primaryimage\"},\"image\":{\"@id\":\"https:\\\/\\\/pferdepraxis-roedig.de\\\/magendasseln#primaryimage\"},\"thumbnailUrl\":\"https:\\\/\\\/pferdepraxis-roedig.de\\\/wp-content\\\/uploads\\\/2020\\\/12\\\/magendassel_1.jpg\",\"datePublished\":\"2020-11-01T14:45:05+00:00\",\"dateModified\":\"2022-01-17T09:49:15+00:00\",\"description\":\"Hier erfahren Sie alles Rund um das Thema Magendasseln beim Pferd. Haben Sie Fragen oder w\u00fcnschen einen Termin? Kontaktieren Sie uns!\",\"breadcrumb\":{\"@id\":\"https:\\\/\\\/pferdepraxis-roedig.de\\\/magendasseln#breadcrumb\"},\"inLanguage\":\"en-GB\",\"potentialAction\":[{\"@type\":\"ReadAction\",\"target\":[\"https:\\\/\\\/pferdepraxis-roedig.de\\\/magendasseln\"]}]},{\"@type\":\"ImageObject\",\"inLanguage\":\"en-GB\",\"@id\":\"https:\\\/\\\/pferdepraxis-roedig.de\\\/magendasseln#primaryimage\",\"url\":\"https:\\\/\\\/pferdepraxis-roedig.de\\\/wp-content\\\/uploads\\\/2020\\\/12\\\/magendassel_1.jpg\",\"contentUrl\":\"https:\\\/\\\/pferdepraxis-roedig.de\\\/wp-content\\\/uploads\\\/2020\\\/12\\\/magendassel_1.jpg\"},{\"@type\":\"BreadcrumbList\",\"@id\":\"https:\\\/\\\/pferdepraxis-roedig.de\\\/magendasseln#breadcrumb\",\"itemListElement\":[{\"@type\":\"ListItem\",\"position\":1,\"name\":\"Startseite\",\"item\":\"https:\\\/\\\/pferdepraxis-roedig.de\\\/\"},{\"@type\":\"ListItem\",\"position\":2,\"name\":\"Magendasseln\"}]},{\"@type\":\"WebSite\",\"@id\":\"https:\\\/\\\/pferdepraxis-roedig.de\\\/#website\",\"url\":\"https:\\\/\\\/pferdepraxis-roedig.de\\\/\",\"name\":\"Tier\u00e4rztliche Praxis f\u00fcr Pferde - Dr. Nina R\u00f6dig\",\"description\":\"Orthop\u00e4die mit Ultraschall, dig. R\u00f6ntgen &amp; Endoskopie vor Ort. 24h-Notdienst. Zuverl\u00e4ssige Betreuung. Diagnostik M\u00f6glich. Kompetente Beratung.\",\"publisher\":{\"@id\":\"https:\\\/\\\/pferdepraxis-roedig.de\\\/#organization\"},\"potentialAction\":[{\"@type\":\"SearchAction\",\"target\":{\"@type\":\"EntryPoint\",\"urlTemplate\":\"https:\\\/\\\/pferdepraxis-roedig.de\\\/?s={search_term_string}\"},\"query-input\":{\"@type\":\"PropertyValueSpecification\",\"valueRequired\":true,\"valueName\":\"search_term_string\"}}],\"inLanguage\":\"en-GB\"},{\"@type\":\"Organization\",\"@id\":\"https:\\\/\\\/pferdepraxis-roedig.de\\\/#organization\",\"name\":\"Tier\u00e4rztliche Praxis f\u00fcr Pferde - Dr. Nina R\u00f6dig\",\"url\":\"https:\\\/\\\/pferdepraxis-roedig.de\\\/\",\"logo\":{\"@type\":\"ImageObject\",\"inLanguage\":\"en-GB\",\"@id\":\"https:\\\/\\\/pferdepraxis-roedig.de\\\/#\\\/schema\\\/logo\\\/image\\\/\",\"url\":\"https:\\\/\\\/pferdepraxis-roedig.de\\\/wp-content\\\/uploads\\\/2020\\\/12\\\/Logo_Roedig_TPfP_v2.png\",\"contentUrl\":\"https:\\\/\\\/pferdepraxis-roedig.de\\\/wp-content\\\/uploads\\\/2020\\\/12\\\/Logo_Roedig_TPfP_v2.png\",\"width\":1024,\"height\":386,\"caption\":\"Tier\u00e4rztliche Praxis f\u00fcr Pferde - Dr. Nina R\u00f6dig\"},\"image\":{\"@id\":\"https:\\\/\\\/pferdepraxis-roedig.de\\\/#\\\/schema\\\/logo\\\/image\\\/\"},\"sameAs\":[\"https:\\\/\\\/www.facebook.com\\\/tierarztpraxisroedig\\\/\",\"https:\\\/\\\/www.instagram.com\\\/tierarztpraxis_roedig\\\/\"]}]}<\/script>\n<!-- \/ Yoast SEO plugin. -->","yoast_head_json":{"title":"Magendasseln - Tier\u00e4rztliche Praxis f\u00fcr Pferde - Dr. Nina R\u00f6dig - Fachtier\u00e4rztin","description":"Hier erfahren Sie alles Rund um das Thema Magendasseln beim Pferd. Haben Sie Fragen oder w\u00fcnschen einen Termin? Kontaktieren Sie uns!","robots":{"index":"index","follow":"follow","max-snippet":"max-snippet:-1","max-image-preview":"max-image-preview:large","max-video-preview":"max-video-preview:-1"},"canonical":"https:\/\/pferdepraxis-roedig.de\/en\/magendasseln\/","og_locale":"en_GB","og_type":"article","og_title":"Magendasseln - Tier\u00e4rztliche Praxis f\u00fcr Pferde - Dr. Nina R\u00f6dig - Fachtier\u00e4rztin","og_description":"Hier erfahren Sie alles Rund um das Thema Magendasseln beim Pferd. Haben Sie Fragen oder w\u00fcnschen einen Termin? Kontaktieren Sie uns!","og_url":"https:\/\/pferdepraxis-roedig.de\/en\/magendasseln\/","og_site_name":"Tier\u00e4rztliche Praxis f\u00fcr Pferde - Dr. Nina R\u00f6dig - Fachtier\u00e4rztin","article_publisher":"https:\/\/www.facebook.com\/tierarztpraxisroedig\/","article_modified_time":"2022-01-17T09:49:15+00:00","og_image":[{"url":"https:\/\/pferdepraxis-roedig.de\/wp-content\/uploads\/2020\/12\/magendassel_1.jpg","type":"","width":"","height":""}],"twitter_card":"summary_large_image","twitter_misc":{"Estimated reading time":"5 minutes"},"schema":{"@context":"https:\/\/schema.org","@graph":[{"@type":"WebPage","@id":"https:\/\/pferdepraxis-roedig.de\/magendasseln","url":"https:\/\/pferdepraxis-roedig.de\/magendasseln","name":"Magendasseln - Tier\u00e4rztliche Praxis f\u00fcr Pferde - Dr. Nina R\u00f6dig - Fachtier\u00e4rztin","isPartOf":{"@id":"https:\/\/pferdepraxis-roedig.de\/#website"},"primaryImageOfPage":{"@id":"https:\/\/pferdepraxis-roedig.de\/magendasseln#primaryimage"},"image":{"@id":"https:\/\/pferdepraxis-roedig.de\/magendasseln#primaryimage"},"thumbnailUrl":"https:\/\/pferdepraxis-roedig.de\/wp-content\/uploads\/2020\/12\/magendassel_1.jpg","datePublished":"2020-11-01T14:45:05+00:00","dateModified":"2022-01-17T09:49:15+00:00","description":"Hier erfahren Sie alles Rund um das Thema Magendasseln beim Pferd. Haben Sie Fragen oder w\u00fcnschen einen Termin? Kontaktieren Sie uns!","breadcrumb":{"@id":"https:\/\/pferdepraxis-roedig.de\/magendasseln#breadcrumb"},"inLanguage":"en-GB","potentialAction":[{"@type":"ReadAction","target":["https:\/\/pferdepraxis-roedig.de\/magendasseln"]}]},{"@type":"ImageObject","inLanguage":"en-GB","@id":"https:\/\/pferdepraxis-roedig.de\/magendasseln#primaryimage","url":"https:\/\/pferdepraxis-roedig.de\/wp-content\/uploads\/2020\/12\/magendassel_1.jpg","contentUrl":"https:\/\/pferdepraxis-roedig.de\/wp-content\/uploads\/2020\/12\/magendassel_1.jpg"},{"@type":"BreadcrumbList","@id":"https:\/\/pferdepraxis-roedig.de\/magendasseln#breadcrumb","itemListElement":[{"@type":"ListItem","position":1,"name":"Startseite","item":"https:\/\/pferdepraxis-roedig.de\/"},{"@type":"ListItem","position":2,"name":"Magendasseln"}]},{"@type":"WebSite","@id":"https:\/\/pferdepraxis-roedig.de\/#website","url":"https:\/\/pferdepraxis-roedig.de\/","name":"Veterinary Practice for Horses - Dr. Nina R\u00f6dig","description":"Orthopaedics with ultrasound, digital X-ray &amp; endoscopy on site. 24-hour emergency service. Reliable care. Diagnostics possible. Competent advice.","publisher":{"@id":"https:\/\/pferdepraxis-roedig.de\/#organization"},"potentialAction":[{"@type":"SearchAction","target":{"@type":"EntryPoint","urlTemplate":"https:\/\/pferdepraxis-roedig.de\/?s={search_term_string}"},"query-input":{"@type":"PropertyValueSpecification","valueRequired":true,"valueName":"search_term_string"}}],"inLanguage":"en-GB"},{"@type":"Organization","@id":"https:\/\/pferdepraxis-roedig.de\/#organization","name":"Veterinary Practice for Horses - Dr. Nina R\u00f6dig","url":"https:\/\/pferdepraxis-roedig.de\/","logo":{"@type":"ImageObject","inLanguage":"en-GB","@id":"https:\/\/pferdepraxis-roedig.de\/#\/schema\/logo\/image\/","url":"https:\/\/pferdepraxis-roedig.de\/wp-content\/uploads\/2020\/12\/Logo_Roedig_TPfP_v2.png","contentUrl":"https:\/\/pferdepraxis-roedig.de\/wp-content\/uploads\/2020\/12\/Logo_Roedig_TPfP_v2.png","width":1024,"height":386,"caption":"Tier\u00e4rztliche Praxis f\u00fcr Pferde - Dr. Nina R\u00f6dig"},"image":{"@id":"https:\/\/pferdepraxis-roedig.de\/#\/schema\/logo\/image\/"},"sameAs":["https:\/\/www.facebook.com\/tierarztpraxisroedig\/","https:\/\/www.instagram.com\/tierarztpraxis_roedig\/"]}]}},"_links":{"self":[{"href":"https:\/\/pferdepraxis-roedig.de\/en\/wp-json\/wp\/v2\/pages\/131","targetHints":{"allow":["GET"]}}],"collection":[{"href":"https:\/\/pferdepraxis-roedig.de\/en\/wp-json\/wp\/v2\/pages"}],"about":[{"href":"https:\/\/pferdepraxis-roedig.de\/en\/wp-json\/wp\/v2\/types\/page"}],"author":[{"embeddable":true,"href":"https:\/\/pferdepraxis-roedig.de\/en\/wp-json\/wp\/v2\/users\/1"}],"replies":[{"embeddable":true,"href":"https:\/\/pferdepraxis-roedig.de\/en\/wp-json\/wp\/v2\/comments?post=131"}],"version-history":[{"count":5,"href":"https:\/\/pferdepraxis-roedig.de\/en\/wp-json\/wp\/v2\/pages\/131\/revisions"}],"predecessor-version":[{"id":321,"href":"https:\/\/pferdepraxis-roedig.de\/en\/wp-json\/wp\/v2\/pages\/131\/revisions\/321"}],"wp:attachment":[{"href":"https:\/\/pferdepraxis-roedig.de\/en\/wp-json\/wp\/v2\/media?parent=131"}],"curies":[{"name":"wp","href":"https:\/\/api.w.org\/{rel}","templated":true}]}}