{"id":122,"date":"2020-11-01T14:42:05","date_gmt":"2020-11-01T14:42:05","guid":{"rendered":"https:\/\/xn--tierrztlichepraxisfr-ezb75c.live-website.com\/?page_id=122"},"modified":"2025-10-05T15:36:17","modified_gmt":"2025-10-05T13:36:17","slug":"sehnenerkrankungen-hufrehe","status":"publish","type":"page","link":"https:\/\/pferdepraxis-roedig.de\/en\/sehnenerkrankungen-hufrehe","title":{"rendered":"Laminitis in horses: Causes, symptoms &amp; quick help"},"content":{"rendered":"<p>Hufrehe beim Pferd ist eine schmerzhafte Entz\u00fcndung der Huflederhaut, die sofortiges Handeln erfordert. In diesem Beitrag erfahren Sie, wie Hufrehe entsteht, welche Symptome auftreten und welche Sofortma\u00dfnahmen Sie ergreifen k\u00f6nnen.<\/p>\n\n\n\n<hr class=\"wp-block-separator has-alpha-channel-opacity\"\/>\n\n\n\n<h2 class=\"wp-block-heading\"><strong>Was ist Hufrehe beim Pferd?<\/strong><\/h2>\n\n\n\n<p>Hufrehe (Laminitis, Pododermatitis aseptica) ist eine Entz\u00fcndung der Huflederhaut. In schweren F\u00e4llen kann die Hufkapsel vom Hufbein abgel\u00f6st werden \u2013 mit Rotation oder sogar Durchbrechen des Hufbeins.<\/p>\n\n\n\n<figure class=\"wp-block-image size-large\"><img loading=\"lazy\" decoding=\"async\" width=\"1024\" height=\"683\" src=\"https:\/\/pferdepraxis-roedig.de\/wp-content\/uploads\/2023\/01\/Mobiles-digitales-Roentgen-2-1024x683.jpg\" alt=\"Hufrehe beim Pferd R\u00f6ntgen\" class=\"wp-image-463\" srcset=\"https:\/\/pferdepraxis-roedig.de\/wp-content\/uploads\/2023\/01\/Mobiles-digitales-Roentgen-2-1024x683.jpg 1024w, https:\/\/pferdepraxis-roedig.de\/wp-content\/uploads\/2023\/01\/Mobiles-digitales-Roentgen-2-300x200.jpg 300w, https:\/\/pferdepraxis-roedig.de\/wp-content\/uploads\/2023\/01\/Mobiles-digitales-Roentgen-2-768x512.jpg 768w, https:\/\/pferdepraxis-roedig.de\/wp-content\/uploads\/2023\/01\/Mobiles-digitales-Roentgen-2-1536x1025.jpg 1536w, https:\/\/pferdepraxis-roedig.de\/wp-content\/uploads\/2023\/01\/Mobiles-digitales-Roentgen-2-700x467.jpg 700w, https:\/\/pferdepraxis-roedig.de\/wp-content\/uploads\/2023\/01\/Mobiles-digitales-Roentgen-2-520x347.jpg 520w, https:\/\/pferdepraxis-roedig.de\/wp-content\/uploads\/2023\/01\/Mobiles-digitales-Roentgen-2-360x240.jpg 360w, https:\/\/pferdepraxis-roedig.de\/wp-content\/uploads\/2023\/01\/Mobiles-digitales-Roentgen-2-250x167.jpg 250w, https:\/\/pferdepraxis-roedig.de\/wp-content\/uploads\/2023\/01\/Mobiles-digitales-Roentgen-2-100x67.jpg 100w, https:\/\/pferdepraxis-roedig.de\/wp-content\/uploads\/2023\/01\/Mobiles-digitales-Roentgen-2.jpg 1731w\" sizes=\"auto, (max-width: 1024px) 100vw, 1024px\" \/><\/figure>\n\n\n\n<hr class=\"wp-block-separator has-alpha-channel-opacity\"\/>\n\n\n\n<h2 class=\"wp-block-heading\"><strong>H\u00e4ufige Ursachen<\/strong><\/h2>\n\n\n\n<ul class=\"wp-block-list\">\n<li><strong>Metabolisches Syndrom (EMS) &amp; Cushing (PPID)<\/strong>: Insulinresistenz und hormonelle St\u00f6rungen erh\u00f6hen das Risiko.<\/li>\n\n\n\n<li><strong>Fructanhaltiges Gras<\/strong>: Besonders im Fr\u00fchling und Herbst kann Zucker Hufrehe ausl\u00f6sen.<\/li>\n\n\n\n<li><strong>\u00dcbergewicht<\/strong>: Steigert die Anf\u00e4lligkeit f\u00fcr Stoffwechselprobleme.<\/li>\n\n\n\n<li><strong>Genetische Disposition<\/strong>: Ponys und bestimmte Rassen sind anf\u00e4lliger.<\/li>\n\n\n\n<li><strong>Unsachgem\u00e4\u00dfe Hufbearbeitung<\/strong>: Kann Fehlstellungen und Belastung der Hufe verursachen.<\/li>\n\n\n\n<li><strong>Vergiftungen<\/strong>: Bestimmte Pflanzen oder Medikamente k\u00f6nnen toxische Hufrehe ausl\u00f6sen.<\/li>\n\n\n\n<li><strong>Geburtsrehe<\/strong>: Entz\u00fcndungen nach der Geburt k\u00f6nnen Hufrehe verursachen.<\/li>\n<\/ul>\n\n\n\n<hr class=\"wp-block-separator has-alpha-channel-opacity\"\/>\n\n\n\n<h2 class=\"wp-block-heading\"><strong>Symptoms<\/strong><\/h2>\n\n\n\n<ul class=\"wp-block-list\">\n<li>Klammer Gang, besonders bei Belastung<\/li>\n\n\n\n<li>Erw\u00e4rmte Hufe<\/li>\n\n\n\n<li>Gewichtverlagerung auf die Hinterhand (S\u00e4gebockhaltung)<\/li>\n\n\n\n<li>Vorderbeine nach vorne gestreckt<\/li>\n\n\n\n<li>Schmerzempfindlichkeit beim Abtasten der Hufsohle<\/li>\n\n\n\n<li>Starkes Lahmen in Wendungen<\/li>\n<\/ul>\n\n\n\n<hr class=\"wp-block-separator has-alpha-channel-opacity\"\/>\n\n\n\n<h2 class=\"wp-block-heading\"><strong>Sofortma\u00dfnahmen bei Verdacht<\/strong><\/h2>\n\n\n\n<ol start=\"1\" class=\"wp-block-list\">\n<li><strong>Tierarzt kontaktieren:<\/strong> Hufrehe ist ein Notfall.<\/li>\n\n\n\n<li><strong>K\u00fchlen:<\/strong> Betroffene Hufe mit Eis oder kaltem Wasser k\u00fchlen.<\/li>\n\n\n\n<li><strong>Weichen Untergrund w\u00e4hlen:<\/strong> Pferd sofort auf weichen Untergrund stellen.<\/li>\n\n\n\n<li><strong>Ruhigstellen:<\/strong> Bewegungen minimieren, Pferd in Box halten.<\/li>\n\n\n\n<li><strong>F\u00fctterung anpassen:<\/strong> Zucker- und st\u00e4rkehaltiges Futter meiden und <strong>sofort Futtermenge reduzieren<\/strong>.<\/li>\n<\/ol>\n\n\n\n<hr class=\"wp-block-separator has-alpha-channel-opacity\"\/>\n\n\n\n<h2 class=\"wp-block-heading\"><strong>Pr\u00e4vention<\/strong><\/h2>\n\n\n\n<ul class=\"wp-block-list\">\n<li>Regelm\u00e4\u00dfige Hufpflege durch erfahrenen Hufschmied<\/li>\n\n\n\n<li>Ausreichend Bewegung, angepasst an den Gesundheitszustand<\/li>\n\n\n\n<li>Angepasste F\u00fctterung bei EMS oder Cushing<\/li>\n\n\n\n<li>Vermeidung von fructan-reichem Gras<\/li>\n\n\n\n<li>Regelm\u00e4\u00dfige tier\u00e4rztliche Kontrollen<\/li>\n<\/ul>\n\n\n\n<hr class=\"wp-block-separator has-alpha-channel-opacity\"\/>\n\n\n\n<h2 class=\"wp-block-heading\"><strong>Conclusion<\/strong><\/h2>\n\n\n\n<p>Hufrehe beim Pferd ist eine ernsthafte Erkrankung, die schnelles Handeln erfordert. Durch pr\u00e4ventive Ma\u00dfnahmen und enge Zusammenarbeit mit Ihrem Tierarzt k\u00f6nnen Sie das Risiko minimieren und Ihrem Pferd ein schmerzfreies Leben erm\u00f6glichen.<\/p>\n\n\n\n<hr class=\"wp-block-separator has-alpha-channel-opacity\"\/>\n\n\n\n<h2 class=\"wp-block-heading\"><strong><a href=\"https:\/\/pferdepraxis-roedig.de\/en\/contact\/\">\ud83d\udcde Kontakt<\/a><\/strong><\/h2>\n\n\n\n<p>Veterinary Practice for Horses Dr. Nina R\u00f6dig<br>Phone: +49 151 23063527<br>E-mail: <a href=\"mailto:info@pferdepraxis-roedig.de\">info@pferdepraxis-roedig.de<\/a><\/p>","protected":false},"excerpt":{"rendered":"<p>Hufrehe beim Pferd ist eine schmerzhafte Entz\u00fcndung der Huflederhaut, die sofortiges Handeln erfordert. In diesem Beitrag erfahren Sie, wie Hufrehe entsteht, welche Symptome auftreten und welche Sofortma\u00dfnahmen Sie ergreifen k\u00f6nnen. Was ist Hufrehe beim Pferd? Hufrehe (Laminitis, Pododermatitis aseptica) ist [&hellip;]<\/p>\n","protected":false},"author":1,"featured_media":0,"parent":0,"menu_order":0,"comment_status":"closed","ping_status":"closed","template":"","meta":{"footnotes":""},"class_list":["post-122","page","type-page","status-publish","hentry","clearfix"],"yoast_head":"<!-- This site is optimized with the Yoast SEO plugin v27.4 - https:\/\/yoast.com\/product\/yoast-seo-wordpress\/ -->\n<title>Hufrehe beim Pferd: Ursachen, Symptome &amp; schnelle Hilfe - Tier\u00e4rztliche Praxis f\u00fcr Pferde - Dr. Nina R\u00f6dig - Fachtier\u00e4rztin<\/title>\n<meta name=\"description\" content=\"Hufrehe beim Pferd ist eine schmerzhafte Entz\u00fcndung der Huflederhaut, die sofortiges Handeln erfordert.\" \/>\n<meta name=\"robots\" content=\"index, follow, max-snippet:-1, max-image-preview:large, max-video-preview:-1\" \/>\n<link rel=\"canonical\" href=\"https:\/\/pferdepraxis-roedig.de\/en\/sehnenerkrankungen-hufrehe\/\" \/>\n<meta property=\"og:locale\" content=\"en_GB\" \/>\n<meta property=\"og:type\" content=\"article\" \/>\n<meta property=\"og:title\" content=\"Hufrehe beim Pferd: Ursachen, Symptome &amp; schnelle Hilfe - Tier\u00e4rztliche Praxis f\u00fcr Pferde - Dr. Nina R\u00f6dig - Fachtier\u00e4rztin\" \/>\n<meta property=\"og:description\" content=\"Hufrehe beim Pferd ist eine schmerzhafte Entz\u00fcndung der Huflederhaut, die sofortiges Handeln erfordert.\" \/>\n<meta property=\"og:url\" content=\"https:\/\/pferdepraxis-roedig.de\/en\/sehnenerkrankungen-hufrehe\/\" \/>\n<meta property=\"og:site_name\" content=\"Tier\u00e4rztliche Praxis f\u00fcr Pferde - Dr. Nina R\u00f6dig - Fachtier\u00e4rztin\" \/>\n<meta property=\"article:publisher\" content=\"https:\/\/www.facebook.com\/tierarztpraxisroedig\/\" \/>\n<meta property=\"article:modified_time\" content=\"2025-10-05T13:36:17+00:00\" \/>\n<meta property=\"og:image\" content=\"https:\/\/pferdepraxis-roedig.de\/wp-content\/uploads\/2023\/01\/Mobiles-digitales-Roentgen-2.jpg\" \/>\n\t<meta property=\"og:image:width\" content=\"1731\" \/>\n\t<meta property=\"og:image:height\" content=\"1155\" \/>\n\t<meta property=\"og:image:type\" content=\"image\/jpeg\" \/>\n<meta name=\"twitter:card\" content=\"summary_large_image\" \/>\n<meta name=\"twitter:label1\" content=\"Estimated reading time\" \/>\n\t<meta name=\"twitter:data1\" content=\"13 minutes\" \/>\n<script type=\"application\/ld+json\" class=\"yoast-schema-graph\">{\"@context\":\"https:\\\/\\\/schema.org\",\"@graph\":[{\"@type\":\"WebPage\",\"@id\":\"https:\\\/\\\/pferdepraxis-roedig.de\\\/sehnenerkrankungen-hufrehe\",\"url\":\"https:\\\/\\\/pferdepraxis-roedig.de\\\/sehnenerkrankungen-hufrehe\",\"name\":\"Hufrehe beim Pferd: Ursachen, Symptome &amp; schnelle Hilfe - Tier\u00e4rztliche Praxis f\u00fcr Pferde - Dr. Nina R\u00f6dig - Fachtier\u00e4rztin\",\"isPartOf\":{\"@id\":\"https:\\\/\\\/pferdepraxis-roedig.de\\\/#website\"},\"primaryImageOfPage\":{\"@id\":\"https:\\\/\\\/pferdepraxis-roedig.de\\\/sehnenerkrankungen-hufrehe#primaryimage\"},\"image\":{\"@id\":\"https:\\\/\\\/pferdepraxis-roedig.de\\\/sehnenerkrankungen-hufrehe#primaryimage\"},\"thumbnailUrl\":\"https:\\\/\\\/pferdepraxis-roedig.de\\\/wp-content\\\/uploads\\\/2023\\\/01\\\/Mobiles-digitales-Roentgen-2-1024x683.jpg\",\"datePublished\":\"2020-11-01T14:42:05+00:00\",\"dateModified\":\"2025-10-05T13:36:17+00:00\",\"description\":\"Hufrehe beim Pferd ist eine schmerzhafte Entz\u00fcndung der Huflederhaut, die sofortiges Handeln erfordert.\",\"breadcrumb\":{\"@id\":\"https:\\\/\\\/pferdepraxis-roedig.de\\\/sehnenerkrankungen-hufrehe#breadcrumb\"},\"inLanguage\":\"en-GB\",\"potentialAction\":[{\"@type\":\"ReadAction\",\"target\":[\"https:\\\/\\\/pferdepraxis-roedig.de\\\/sehnenerkrankungen-hufrehe\"]}]},{\"@type\":\"ImageObject\",\"inLanguage\":\"en-GB\",\"@id\":\"https:\\\/\\\/pferdepraxis-roedig.de\\\/sehnenerkrankungen-hufrehe#primaryimage\",\"url\":\"https:\\\/\\\/pferdepraxis-roedig.de\\\/wp-content\\\/uploads\\\/2023\\\/01\\\/Mobiles-digitales-Roentgen-2-1024x683.jpg\",\"contentUrl\":\"https:\\\/\\\/pferdepraxis-roedig.de\\\/wp-content\\\/uploads\\\/2023\\\/01\\\/Mobiles-digitales-Roentgen-2-1024x683.jpg\"},{\"@type\":\"BreadcrumbList\",\"@id\":\"https:\\\/\\\/pferdepraxis-roedig.de\\\/sehnenerkrankungen-hufrehe#breadcrumb\",\"itemListElement\":[{\"@type\":\"ListItem\",\"position\":1,\"name\":\"Startseite\",\"item\":\"https:\\\/\\\/pferdepraxis-roedig.de\\\/\"},{\"@type\":\"ListItem\",\"position\":2,\"name\":\"Hufrehe beim Pferd: Ursachen, Symptome &amp; schnelle Hilfe\"}]},{\"@type\":\"WebSite\",\"@id\":\"https:\\\/\\\/pferdepraxis-roedig.de\\\/#website\",\"url\":\"https:\\\/\\\/pferdepraxis-roedig.de\\\/\",\"name\":\"Tier\u00e4rztliche Praxis f\u00fcr Pferde - Dr. Nina R\u00f6dig\",\"description\":\"Orthop\u00e4die mit Ultraschall, dig. R\u00f6ntgen &amp; Endoskopie vor Ort. 24h-Notdienst. Zuverl\u00e4ssige Betreuung. Diagnostik M\u00f6glich. Kompetente Beratung.\",\"publisher\":{\"@id\":\"https:\\\/\\\/pferdepraxis-roedig.de\\\/#organization\"},\"potentialAction\":[{\"@type\":\"SearchAction\",\"target\":{\"@type\":\"EntryPoint\",\"urlTemplate\":\"https:\\\/\\\/pferdepraxis-roedig.de\\\/?s={search_term_string}\"},\"query-input\":{\"@type\":\"PropertyValueSpecification\",\"valueRequired\":true,\"valueName\":\"search_term_string\"}}],\"inLanguage\":\"en-GB\"},{\"@type\":\"Organization\",\"@id\":\"https:\\\/\\\/pferdepraxis-roedig.de\\\/#organization\",\"name\":\"Tier\u00e4rztliche Praxis f\u00fcr Pferde - Dr. Nina R\u00f6dig\",\"url\":\"https:\\\/\\\/pferdepraxis-roedig.de\\\/\",\"logo\":{\"@type\":\"ImageObject\",\"inLanguage\":\"en-GB\",\"@id\":\"https:\\\/\\\/pferdepraxis-roedig.de\\\/#\\\/schema\\\/logo\\\/image\\\/\",\"url\":\"https:\\\/\\\/pferdepraxis-roedig.de\\\/wp-content\\\/uploads\\\/2020\\\/12\\\/Logo_Roedig_TPfP_v2.png\",\"contentUrl\":\"https:\\\/\\\/pferdepraxis-roedig.de\\\/wp-content\\\/uploads\\\/2020\\\/12\\\/Logo_Roedig_TPfP_v2.png\",\"width\":1024,\"height\":386,\"caption\":\"Tier\u00e4rztliche Praxis f\u00fcr Pferde - Dr. Nina R\u00f6dig\"},\"image\":{\"@id\":\"https:\\\/\\\/pferdepraxis-roedig.de\\\/#\\\/schema\\\/logo\\\/image\\\/\"},\"sameAs\":[\"https:\\\/\\\/www.facebook.com\\\/tierarztpraxisroedig\\\/\",\"https:\\\/\\\/www.instagram.com\\\/tierarztpraxis_roedig\\\/\"]}]}<\/script>\n<!-- \/ Yoast SEO plugin. -->","yoast_head_json":{"title":"Hufrehe beim Pferd: Ursachen, Symptome &amp; schnelle Hilfe - Tier\u00e4rztliche Praxis f\u00fcr Pferde - Dr. Nina R\u00f6dig - Fachtier\u00e4rztin","description":"Hufrehe beim Pferd ist eine schmerzhafte Entz\u00fcndung der Huflederhaut, die sofortiges Handeln erfordert.","robots":{"index":"index","follow":"follow","max-snippet":"max-snippet:-1","max-image-preview":"max-image-preview:large","max-video-preview":"max-video-preview:-1"},"canonical":"https:\/\/pferdepraxis-roedig.de\/en\/sehnenerkrankungen-hufrehe\/","og_locale":"en_GB","og_type":"article","og_title":"Hufrehe beim Pferd: Ursachen, Symptome &amp; schnelle Hilfe - Tier\u00e4rztliche Praxis f\u00fcr Pferde - Dr. Nina R\u00f6dig - Fachtier\u00e4rztin","og_description":"Hufrehe beim Pferd ist eine schmerzhafte Entz\u00fcndung der Huflederhaut, die sofortiges Handeln erfordert.","og_url":"https:\/\/pferdepraxis-roedig.de\/en\/sehnenerkrankungen-hufrehe\/","og_site_name":"Tier\u00e4rztliche Praxis f\u00fcr Pferde - Dr. Nina R\u00f6dig - Fachtier\u00e4rztin","article_publisher":"https:\/\/www.facebook.com\/tierarztpraxisroedig\/","article_modified_time":"2025-10-05T13:36:17+00:00","og_image":[{"width":1731,"height":1155,"url":"https:\/\/pferdepraxis-roedig.de\/wp-content\/uploads\/2023\/01\/Mobiles-digitales-Roentgen-2.jpg","type":"image\/jpeg"}],"twitter_card":"summary_large_image","twitter_misc":{"Estimated reading time":"13 minutes"},"schema":{"@context":"https:\/\/schema.org","@graph":[{"@type":"WebPage","@id":"https:\/\/pferdepraxis-roedig.de\/sehnenerkrankungen-hufrehe","url":"https:\/\/pferdepraxis-roedig.de\/sehnenerkrankungen-hufrehe","name":"Hufrehe beim Pferd: Ursachen, Symptome &amp; schnelle Hilfe - Tier\u00e4rztliche Praxis f\u00fcr Pferde - Dr. Nina R\u00f6dig - Fachtier\u00e4rztin","isPartOf":{"@id":"https:\/\/pferdepraxis-roedig.de\/#website"},"primaryImageOfPage":{"@id":"https:\/\/pferdepraxis-roedig.de\/sehnenerkrankungen-hufrehe#primaryimage"},"image":{"@id":"https:\/\/pferdepraxis-roedig.de\/sehnenerkrankungen-hufrehe#primaryimage"},"thumbnailUrl":"https:\/\/pferdepraxis-roedig.de\/wp-content\/uploads\/2023\/01\/Mobiles-digitales-Roentgen-2-1024x683.jpg","datePublished":"2020-11-01T14:42:05+00:00","dateModified":"2025-10-05T13:36:17+00:00","description":"Hufrehe beim Pferd ist eine schmerzhafte Entz\u00fcndung der Huflederhaut, die sofortiges Handeln erfordert.","breadcrumb":{"@id":"https:\/\/pferdepraxis-roedig.de\/sehnenerkrankungen-hufrehe#breadcrumb"},"inLanguage":"en-GB","potentialAction":[{"@type":"ReadAction","target":["https:\/\/pferdepraxis-roedig.de\/sehnenerkrankungen-hufrehe"]}]},{"@type":"ImageObject","inLanguage":"en-GB","@id":"https:\/\/pferdepraxis-roedig.de\/sehnenerkrankungen-hufrehe#primaryimage","url":"https:\/\/pferdepraxis-roedig.de\/wp-content\/uploads\/2023\/01\/Mobiles-digitales-Roentgen-2-1024x683.jpg","contentUrl":"https:\/\/pferdepraxis-roedig.de\/wp-content\/uploads\/2023\/01\/Mobiles-digitales-Roentgen-2-1024x683.jpg"},{"@type":"BreadcrumbList","@id":"https:\/\/pferdepraxis-roedig.de\/sehnenerkrankungen-hufrehe#breadcrumb","itemListElement":[{"@type":"ListItem","position":1,"name":"Startseite","item":"https:\/\/pferdepraxis-roedig.de\/"},{"@type":"ListItem","position":2,"name":"Hufrehe beim Pferd: Ursachen, Symptome &amp; schnelle Hilfe"}]},{"@type":"WebSite","@id":"https:\/\/pferdepraxis-roedig.de\/#website","url":"https:\/\/pferdepraxis-roedig.de\/","name":"Veterinary Practice for Horses - Dr. Nina R\u00f6dig","description":"Orthopaedics with ultrasound, digital X-ray &amp; endoscopy on site. 24-hour emergency service. Reliable care. Diagnostics possible. Competent advice.","publisher":{"@id":"https:\/\/pferdepraxis-roedig.de\/#organization"},"potentialAction":[{"@type":"SearchAction","target":{"@type":"EntryPoint","urlTemplate":"https:\/\/pferdepraxis-roedig.de\/?s={search_term_string}"},"query-input":{"@type":"PropertyValueSpecification","valueRequired":true,"valueName":"search_term_string"}}],"inLanguage":"en-GB"},{"@type":"Organization","@id":"https:\/\/pferdepraxis-roedig.de\/#organization","name":"Veterinary Practice for Horses - Dr. Nina R\u00f6dig","url":"https:\/\/pferdepraxis-roedig.de\/","logo":{"@type":"ImageObject","inLanguage":"en-GB","@id":"https:\/\/pferdepraxis-roedig.de\/#\/schema\/logo\/image\/","url":"https:\/\/pferdepraxis-roedig.de\/wp-content\/uploads\/2020\/12\/Logo_Roedig_TPfP_v2.png","contentUrl":"https:\/\/pferdepraxis-roedig.de\/wp-content\/uploads\/2020\/12\/Logo_Roedig_TPfP_v2.png","width":1024,"height":386,"caption":"Tier\u00e4rztliche Praxis f\u00fcr Pferde - Dr. Nina R\u00f6dig"},"image":{"@id":"https:\/\/pferdepraxis-roedig.de\/#\/schema\/logo\/image\/"},"sameAs":["https:\/\/www.facebook.com\/tierarztpraxisroedig\/","https:\/\/www.instagram.com\/tierarztpraxis_roedig\/"]}]}},"_links":{"self":[{"href":"https:\/\/pferdepraxis-roedig.de\/en\/wp-json\/wp\/v2\/pages\/122","targetHints":{"allow":["GET"]}}],"collection":[{"href":"https:\/\/pferdepraxis-roedig.de\/en\/wp-json\/wp\/v2\/pages"}],"about":[{"href":"https:\/\/pferdepraxis-roedig.de\/en\/wp-json\/wp\/v2\/types\/page"}],"author":[{"embeddable":true,"href":"https:\/\/pferdepraxis-roedig.de\/en\/wp-json\/wp\/v2\/users\/1"}],"replies":[{"embeddable":true,"href":"https:\/\/pferdepraxis-roedig.de\/en\/wp-json\/wp\/v2\/comments?post=122"}],"version-history":[{"count":4,"href":"https:\/\/pferdepraxis-roedig.de\/en\/wp-json\/wp\/v2\/pages\/122\/revisions"}],"predecessor-version":[{"id":787,"href":"https:\/\/pferdepraxis-roedig.de\/en\/wp-json\/wp\/v2\/pages\/122\/revisions\/787"}],"wp:attachment":[{"href":"https:\/\/pferdepraxis-roedig.de\/en\/wp-json\/wp\/v2\/media?parent=122"}],"curies":[{"name":"wp","href":"https:\/\/api.w.org\/{rel}","templated":true}]}}