{"id":115,"date":"2020-11-01T14:30:41","date_gmt":"2020-11-01T14:30:41","guid":{"rendered":"https:\/\/xn--tierrztlichepraxisfr-ezb75c.live-website.com\/?page_id=115"},"modified":"2022-01-17T15:45:05","modified_gmt":"2022-01-17T14:45:05","slug":"infektionskrankheiten-tetanus","status":"publish","type":"page","link":"https:\/\/pferdepraxis-roedig.de\/en\/infektionskrankheiten-tetanus","title":{"rendered":"Infektionskrankheiten &#8211; Tetanus"},"content":{"rendered":"<p>Der Erreger des Wundstarrkrampfes ist ein Bakterium (Clostridium tetani). Es lebt immer in der Umgebung des Pferdes, ist st\u00e4ndig in infektionst\u00fcchtigem Zustand pr\u00e4sent und leider sind Pferde sind die f\u00fcr den Wundstarrkrampf anf\u00e4lligste Haustierart. Tetanus ist nicht ansteckend und nicht auf oder vom Menschen \u00fcbertragbar.<\/p>\n\n\n\n<h3 class=\"wp-block-heading\">Naming<\/h3>\n\n\n\n<p>Der Begriff Tetanus beschreibt das starke Zusammenziehen von Skelettmuskulatur, im Grunde einen Muskelkrampf. Dadurch ist die Erkrankung ebenso gut beschrieben, wie durch den umgangssprachlichen Begriff Wundstarrkrampf. Die Infektion erfolgt durch das Eindringen des Bakteriums in Wunden und die Folge sind starke Muskelkr\u00e4mpfe.<\/p>\n\n\n\n<h3 class=\"wp-block-heading\">Clinical course<\/h3>\n\n\n\n<p>Die Bezeichnung beschreibt das Krankheitsbild recht genau: <\/p>\n\n\n\n<p>Die \u00e4u\u00dferlich sichtbaren Muskeln sind dauernd und schmerzhaft zusammengezogen \u2013 starr und steif stehen die armen Pferde da. Gelangt Clostridium tetani in eine sauerstoffarme Umgebung (zum Beispiel in eine Wunde, die sich schnell schlie\u00dft), so vermehrt es sich und setzt dabei insbesondere den Giftstoff Tetanospasmin frei. <\/p>\n\n\n\n<p>Wichtig: Die verursachende Wunde muss nicht immer zwingend gefunden werden. Das Gift wird von den in unmittelbarer N\u00e4he der Wunde vorhandenen Nervenzellen aufgenommen und in diesen bis in das R\u00fcckenmark transportiert. Dort blockiert es die Freisetzung von Substanzen, die normalerweise zu einer Abschw\u00e4chung von Reflexen und Reaktionen auf \u00e4u\u00dfere Reize f\u00fchren. Somit blockiert das Tetanustoxin ausgerechnet die Nervenzellen, die normalerweise die Spannung der K\u00f6rpermuskulatur hemmend beeinflussen. <\/p>\n\n\n\n<p>Die Folge ist der nicht zu kontrollierende Krampf der Skelettmuskulatur bei vollem Bewusstsein: die Pferde stehen mit steif nach vorn gerecktem Hals und herausgestellten Beinen (s\u00e4gebockartig) da. Sie k\u00f6nnen wegen der starken Anspannung der Kaumuskulatur kein Futter aufnehmen, geschweige denn kauen und schlucken. <\/p>\n\n\n\n<p>Jedes Ger\u00e4usch oder auch nur Lichteinfall bedeutet eine Qual, da alle \u00e4u\u00dferen Reize zu einer noch st\u00e4rkeren Muskelanspannung f\u00fchren. Betroffene Pferde sind schlie\u00dflich so ersch\u00f6pft, dass sie seitlich umfallen, da sie ja ihre Beine nicht anwinkeln k\u00f6nnen. Die meisten Pferde sterben an der L\u00e4hmung der Atemwegsmuskulatur bei vollem Bewusstsein, das hei\u00dft, sie ersticken. Die Erkrankung verl\u00e4uft sehr h\u00e4ufig t\u00f6dlich.<\/p>\n\n\n\n<h3 class=\"wp-block-heading\">Therapy<\/h3>\n\n\n\n<p>Auch mit den heutigen intensivmedizinischen und pflegerischen M\u00f6glichkeiten kann nur ein sehr kleiner Teil der Pferde gerettet werden, wenn sich die ersten Symptome zeigen. Sitzt das Tetanustoxin n\u00e4mlich erst einmal in den Nervenzellen, so braucht sein Abbau oft Wochen. Einen Menschen kann man in dieser Zeit beatmen und durch Infusionen ern\u00e4hren \u2013 f\u00fcr ein Pferd endet der Wundstarrkrampf meist t\u00f6dlich.<\/p>\n\n\n\n<h3 class=\"wp-block-heading\">Prophylaxis<\/h3>\n\n\n\n<p>Eine (in jedem Fall sehr kostenintensive) Behandlung hat in der Regel nur bei unvollst\u00e4ndig entwickeltem Krankheitsbild Aussicht auf Erfolg. Die Schutzimpfung gegen den Wundstarrkrampf ist eine der wirkungsvollsten Schutzimpfungen in der Pferdemedizin, jedes Pferd sollte aufgrund der permanenten Infektionsgefahr gegen Tetanus schutzgeimpft sein. Diese Schutzimpfung ist die einzige vorbeugende Ma\u00dfnahme, um das Pferd vor dem h\u00e4ufig t\u00f6dlich verlaufenden Wundstarrkrampf zu sch\u00fctzen. Deshalb ist eine vorbeugende (prophylaktische) Schutzimpfung zwingend notwendig. Bei neugeborenen Fohlen, die nicht ausreichend Erstmilch (Kolostrum) erhalten haben, oder die von nicht geimpften M\u00fcttern stammen, ist eine passive Impfung mit Tetanus-Immunserum wichtig. Eine passive Schutzimpfung ist auch immer bei verletzten ungeimpften Pferden dringend geboten.<\/p>","protected":false},"excerpt":{"rendered":"<p>Der Erreger des Wundstarrkrampfes ist ein Bakterium (Clostridium tetani). Es lebt immer in der Umgebung des Pferdes, ist st\u00e4ndig in infektionst\u00fcchtigem Zustand pr\u00e4sent und leider sind Pferde sind die f\u00fcr den Wundstarrkrampf anf\u00e4lligste Haustierart. Tetanus ist nicht ansteckend und nicht [&hellip;]<\/p>\n","protected":false},"author":1,"featured_media":0,"parent":0,"menu_order":0,"comment_status":"closed","ping_status":"closed","template":"","meta":{"footnotes":""},"class_list":["post-115","page","type-page","status-publish","hentry","clearfix"],"yoast_head":"<!-- This site is optimized with the Yoast SEO plugin v27.3 - https:\/\/yoast.com\/product\/yoast-seo-wordpress\/ -->\n<title>Infektionskrankheiten - Tetanus - Tier\u00e4rztliche Praxis f\u00fcr Pferde - Dr. Nina R\u00f6dig - Fachtier\u00e4rztin<\/title>\n<meta name=\"description\" content=\"Der Erreger des Wundstarrkrampfes ist ein Bakterium (Clostridium tetani).\" \/>\n<meta name=\"robots\" content=\"index, follow, max-snippet:-1, max-image-preview:large, max-video-preview:-1\" \/>\n<link rel=\"canonical\" href=\"https:\/\/pferdepraxis-roedig.de\/en\/infektionskrankheiten-tetanus\/\" \/>\n<meta property=\"og:locale\" content=\"en_GB\" \/>\n<meta property=\"og:type\" content=\"article\" \/>\n<meta property=\"og:title\" content=\"Infektionskrankheiten - Tetanus - Tier\u00e4rztliche Praxis f\u00fcr Pferde - Dr. Nina R\u00f6dig - Fachtier\u00e4rztin\" \/>\n<meta property=\"og:description\" content=\"Der Erreger des Wundstarrkrampfes ist ein Bakterium (Clostridium tetani).\" \/>\n<meta property=\"og:url\" content=\"https:\/\/pferdepraxis-roedig.de\/en\/infektionskrankheiten-tetanus\/\" \/>\n<meta property=\"og:site_name\" content=\"Tier\u00e4rztliche Praxis f\u00fcr Pferde - Dr. Nina R\u00f6dig - Fachtier\u00e4rztin\" \/>\n<meta property=\"article:publisher\" content=\"https:\/\/www.facebook.com\/tierarztpraxisroedig\/\" \/>\n<meta property=\"article:modified_time\" content=\"2022-01-17T14:45:05+00:00\" \/>\n<meta name=\"twitter:card\" content=\"summary_large_image\" \/>\n<meta name=\"twitter:label1\" content=\"Estimated reading time\" \/>\n\t<meta name=\"twitter:data1\" content=\"3 minutes\" \/>\n<script type=\"application\/ld+json\" class=\"yoast-schema-graph\">{\"@context\":\"https:\\\/\\\/schema.org\",\"@graph\":[{\"@type\":\"WebPage\",\"@id\":\"https:\\\/\\\/pferdepraxis-roedig.de\\\/infektionskrankheiten-tetanus\",\"url\":\"https:\\\/\\\/pferdepraxis-roedig.de\\\/infektionskrankheiten-tetanus\",\"name\":\"Infektionskrankheiten - Tetanus - Tier\u00e4rztliche Praxis f\u00fcr Pferde - Dr. Nina R\u00f6dig - Fachtier\u00e4rztin\",\"isPartOf\":{\"@id\":\"https:\\\/\\\/pferdepraxis-roedig.de\\\/#website\"},\"datePublished\":\"2020-11-01T14:30:41+00:00\",\"dateModified\":\"2022-01-17T14:45:05+00:00\",\"description\":\"Der Erreger des Wundstarrkrampfes ist ein Bakterium (Clostridium tetani).\",\"breadcrumb\":{\"@id\":\"https:\\\/\\\/pferdepraxis-roedig.de\\\/infektionskrankheiten-tetanus#breadcrumb\"},\"inLanguage\":\"en-GB\",\"potentialAction\":[{\"@type\":\"ReadAction\",\"target\":[\"https:\\\/\\\/pferdepraxis-roedig.de\\\/infektionskrankheiten-tetanus\"]}]},{\"@type\":\"BreadcrumbList\",\"@id\":\"https:\\\/\\\/pferdepraxis-roedig.de\\\/infektionskrankheiten-tetanus#breadcrumb\",\"itemListElement\":[{\"@type\":\"ListItem\",\"position\":1,\"name\":\"Startseite\",\"item\":\"https:\\\/\\\/pferdepraxis-roedig.de\\\/\"},{\"@type\":\"ListItem\",\"position\":2,\"name\":\"Infektionskrankheiten &#8211; Tetanus\"}]},{\"@type\":\"WebSite\",\"@id\":\"https:\\\/\\\/pferdepraxis-roedig.de\\\/#website\",\"url\":\"https:\\\/\\\/pferdepraxis-roedig.de\\\/\",\"name\":\"Tier\u00e4rztliche Praxis f\u00fcr Pferde - Dr. Nina R\u00f6dig\",\"description\":\"Orthop\u00e4die mit Ultraschall, dig. R\u00f6ntgen &amp; Endoskopie vor Ort. 24h-Notdienst. Zuverl\u00e4ssige Betreuung. Diagnostik M\u00f6glich. Kompetente Beratung.\",\"publisher\":{\"@id\":\"https:\\\/\\\/pferdepraxis-roedig.de\\\/#organization\"},\"potentialAction\":[{\"@type\":\"SearchAction\",\"target\":{\"@type\":\"EntryPoint\",\"urlTemplate\":\"https:\\\/\\\/pferdepraxis-roedig.de\\\/?s={search_term_string}\"},\"query-input\":{\"@type\":\"PropertyValueSpecification\",\"valueRequired\":true,\"valueName\":\"search_term_string\"}}],\"inLanguage\":\"en-GB\"},{\"@type\":\"Organization\",\"@id\":\"https:\\\/\\\/pferdepraxis-roedig.de\\\/#organization\",\"name\":\"Tier\u00e4rztliche Praxis f\u00fcr Pferde - Dr. Nina R\u00f6dig\",\"url\":\"https:\\\/\\\/pferdepraxis-roedig.de\\\/\",\"logo\":{\"@type\":\"ImageObject\",\"inLanguage\":\"en-GB\",\"@id\":\"https:\\\/\\\/pferdepraxis-roedig.de\\\/#\\\/schema\\\/logo\\\/image\\\/\",\"url\":\"https:\\\/\\\/pferdepraxis-roedig.de\\\/wp-content\\\/uploads\\\/2020\\\/12\\\/Logo_Roedig_TPfP_v2.png\",\"contentUrl\":\"https:\\\/\\\/pferdepraxis-roedig.de\\\/wp-content\\\/uploads\\\/2020\\\/12\\\/Logo_Roedig_TPfP_v2.png\",\"width\":1024,\"height\":386,\"caption\":\"Tier\u00e4rztliche Praxis f\u00fcr Pferde - Dr. Nina R\u00f6dig\"},\"image\":{\"@id\":\"https:\\\/\\\/pferdepraxis-roedig.de\\\/#\\\/schema\\\/logo\\\/image\\\/\"},\"sameAs\":[\"https:\\\/\\\/www.facebook.com\\\/tierarztpraxisroedig\\\/\",\"https:\\\/\\\/www.instagram.com\\\/tierarztpraxis_roedig\\\/\"]}]}<\/script>\n<!-- \/ Yoast SEO plugin. -->","yoast_head_json":{"title":"Infektionskrankheiten - Tetanus - Tier\u00e4rztliche Praxis f\u00fcr Pferde - Dr. Nina R\u00f6dig - Fachtier\u00e4rztin","description":"Der Erreger des Wundstarrkrampfes ist ein Bakterium (Clostridium tetani).","robots":{"index":"index","follow":"follow","max-snippet":"max-snippet:-1","max-image-preview":"max-image-preview:large","max-video-preview":"max-video-preview:-1"},"canonical":"https:\/\/pferdepraxis-roedig.de\/en\/infektionskrankheiten-tetanus\/","og_locale":"en_GB","og_type":"article","og_title":"Infektionskrankheiten - Tetanus - Tier\u00e4rztliche Praxis f\u00fcr Pferde - Dr. Nina R\u00f6dig - Fachtier\u00e4rztin","og_description":"Der Erreger des Wundstarrkrampfes ist ein Bakterium (Clostridium tetani).","og_url":"https:\/\/pferdepraxis-roedig.de\/en\/infektionskrankheiten-tetanus\/","og_site_name":"Tier\u00e4rztliche Praxis f\u00fcr Pferde - Dr. Nina R\u00f6dig - Fachtier\u00e4rztin","article_publisher":"https:\/\/www.facebook.com\/tierarztpraxisroedig\/","article_modified_time":"2022-01-17T14:45:05+00:00","twitter_card":"summary_large_image","twitter_misc":{"Estimated reading time":"3 minutes"},"schema":{"@context":"https:\/\/schema.org","@graph":[{"@type":"WebPage","@id":"https:\/\/pferdepraxis-roedig.de\/infektionskrankheiten-tetanus","url":"https:\/\/pferdepraxis-roedig.de\/infektionskrankheiten-tetanus","name":"Infektionskrankheiten - Tetanus - Tier\u00e4rztliche Praxis f\u00fcr Pferde - Dr. Nina R\u00f6dig - Fachtier\u00e4rztin","isPartOf":{"@id":"https:\/\/pferdepraxis-roedig.de\/#website"},"datePublished":"2020-11-01T14:30:41+00:00","dateModified":"2022-01-17T14:45:05+00:00","description":"Der Erreger des Wundstarrkrampfes ist ein Bakterium (Clostridium tetani).","breadcrumb":{"@id":"https:\/\/pferdepraxis-roedig.de\/infektionskrankheiten-tetanus#breadcrumb"},"inLanguage":"en-GB","potentialAction":[{"@type":"ReadAction","target":["https:\/\/pferdepraxis-roedig.de\/infektionskrankheiten-tetanus"]}]},{"@type":"BreadcrumbList","@id":"https:\/\/pferdepraxis-roedig.de\/infektionskrankheiten-tetanus#breadcrumb","itemListElement":[{"@type":"ListItem","position":1,"name":"Startseite","item":"https:\/\/pferdepraxis-roedig.de\/"},{"@type":"ListItem","position":2,"name":"Infektionskrankheiten &#8211; Tetanus"}]},{"@type":"WebSite","@id":"https:\/\/pferdepraxis-roedig.de\/#website","url":"https:\/\/pferdepraxis-roedig.de\/","name":"Veterinary Practice for Horses - Dr. Nina R\u00f6dig","description":"Orthopaedics with ultrasound, digital X-ray &amp; endoscopy on site. 24-hour emergency service. Reliable care. Diagnostics possible. Competent advice.","publisher":{"@id":"https:\/\/pferdepraxis-roedig.de\/#organization"},"potentialAction":[{"@type":"SearchAction","target":{"@type":"EntryPoint","urlTemplate":"https:\/\/pferdepraxis-roedig.de\/?s={search_term_string}"},"query-input":{"@type":"PropertyValueSpecification","valueRequired":true,"valueName":"search_term_string"}}],"inLanguage":"en-GB"},{"@type":"Organization","@id":"https:\/\/pferdepraxis-roedig.de\/#organization","name":"Veterinary Practice for Horses - Dr. Nina R\u00f6dig","url":"https:\/\/pferdepraxis-roedig.de\/","logo":{"@type":"ImageObject","inLanguage":"en-GB","@id":"https:\/\/pferdepraxis-roedig.de\/#\/schema\/logo\/image\/","url":"https:\/\/pferdepraxis-roedig.de\/wp-content\/uploads\/2020\/12\/Logo_Roedig_TPfP_v2.png","contentUrl":"https:\/\/pferdepraxis-roedig.de\/wp-content\/uploads\/2020\/12\/Logo_Roedig_TPfP_v2.png","width":1024,"height":386,"caption":"Tier\u00e4rztliche Praxis f\u00fcr Pferde - Dr. Nina R\u00f6dig"},"image":{"@id":"https:\/\/pferdepraxis-roedig.de\/#\/schema\/logo\/image\/"},"sameAs":["https:\/\/www.facebook.com\/tierarztpraxisroedig\/","https:\/\/www.instagram.com\/tierarztpraxis_roedig\/"]}]}},"_links":{"self":[{"href":"https:\/\/pferdepraxis-roedig.de\/en\/wp-json\/wp\/v2\/pages\/115","targetHints":{"allow":["GET"]}}],"collection":[{"href":"https:\/\/pferdepraxis-roedig.de\/en\/wp-json\/wp\/v2\/pages"}],"about":[{"href":"https:\/\/pferdepraxis-roedig.de\/en\/wp-json\/wp\/v2\/types\/page"}],"author":[{"embeddable":true,"href":"https:\/\/pferdepraxis-roedig.de\/en\/wp-json\/wp\/v2\/users\/1"}],"replies":[{"embeddable":true,"href":"https:\/\/pferdepraxis-roedig.de\/en\/wp-json\/wp\/v2\/comments?post=115"}],"version-history":[{"count":2,"href":"https:\/\/pferdepraxis-roedig.de\/en\/wp-json\/wp\/v2\/pages\/115\/revisions"}],"predecessor-version":[{"id":361,"href":"https:\/\/pferdepraxis-roedig.de\/en\/wp-json\/wp\/v2\/pages\/115\/revisions\/361"}],"wp:attachment":[{"href":"https:\/\/pferdepraxis-roedig.de\/en\/wp-json\/wp\/v2\/media?parent=115"}],"curies":[{"name":"wp","href":"https:\/\/api.w.org\/{rel}","templated":true}]}}