{"id":113,"date":"2020-11-01T14:30:19","date_gmt":"2020-11-01T14:30:19","guid":{"rendered":"https:\/\/xn--tierrztlichepraxisfr-ezb75c.live-website.com\/?page_id=113"},"modified":"2024-09-19T21:45:24","modified_gmt":"2024-09-19T19:45:24","slug":"infektionskrankheiten-druse","status":"publish","type":"page","link":"https:\/\/pferdepraxis-roedig.de\/en\/infektionskrankheiten-druse","title":{"rendered":"Infektionskrankheiten &#8211; Druse beim Pferd"},"content":{"rendered":"<p>Hier erfahren Sie alles Wichtige \u00fcber Druse beim Pferd, eine hoch ansteckende Infektionskrankheit, die vor allem Pferde und Esel betrifft.\u00a0<br>\u00a0<br><strong>Was ist Druse?\u00a0<br><\/strong>\u00a0<br>Druse, medizinisch als \u201eCoryza contagiosa equorum\u201c bekannt, wird durch das Bakterium Streptococcus equi, equi verursacht. Diese Erkrankung ist f\u00fcr Pferde extrem ansteckend, jedoch besteht keine Ansteckungsgefahr f\u00fcr andere Tiere oder Menschen. Besonders gef\u00e4hrdet sind Fohlen und geschw\u00e4chte Pferde. Der Begriff \u201eDruse\u201c leitet sich vermutlich von der Botanik ab und bezieht sich auf die mit Eiter gef\u00fcllten Lymphknoten, die bei betroffenen Tieren auftreten.\u00a0<br>\u00a0<br><strong>Clinical course\u00a0<\/strong><br>\u00a0<br>Das Bakterium bef\u00e4llt haupts\u00e4chlich die oberen Atemwege. Zu den h\u00e4ufigsten Symptomen der Druse geh\u00f6ren:\u00a0<br>\u00a0<br>&#8211; Anstieg der K\u00f6rpertemperatur\u00a0<br>&#8211; Appetitlosigkeit\u00a0<br>&#8211; Mattigkeit\u00a0<br>&#8211; Husten\u00a0<br>&#8211; Eitriger Nasenausfluss\u00a0<br>&#8211; Atemnot\u00a0<br>&#8211; Schmerzhafte Schwellung der Lymphknoten\u00a0<br>\u00a0<br>Die Krankheit beginnt oft mit hohem Fieber und kann in schweren F\u00e4llen zu Lymphknotenabszessen f\u00fchren. Ein wichtiges Merkmal ist die schnelle Ausbreitung der Krankheit innerhalb eines Pferdebestandes.\u00a0<br>\u00a0<br><strong>Transfer\u00a0<\/strong><br>\u00a0<br>Druse ist sehr ansteckend und kann sich rasch im gesamten Pferdebestand verbreiten. Die \u00dcbertragung erfolgt \u00fcber:\u00a0<br>\u00a0<br>&#8211; Gemeinsame Nutzung von S\u00e4tteln, Halfter, Tr\u00e4nken und Futtertr\u00f6gen\u00a0<br>&#8211; Direkten Kontakt zwischen Pferden durch Nasenausfluss und Auswurf beim Husten\u00a0<br>&#8211; Menschen, die mit erkrankten Tieren in Kontakt kommen\u00a0<\/p>\n\n\n\n<p>&#8211; \u00fcber Mistgabeln, Schubkarren,&nbsp;&nbsp;<\/p>\n\n\n\n<p>Bei Verdacht auf Druse sollten erkrankte Pferde sofort isoliert und eine Stalldesinfektion durchgef\u00fchrt werden. Genesene Pferde k\u00f6nnen die Bakterien bis zu vier Wochen nach Abklingen der Symptome weiterhin \u00fcbertragen.\u00a0<br>\u00a0<br><strong>Diagnose\u00a0<\/strong><br>\u00a0<br>Die Diagnose der Druse kann nur durch einen Tierarzt gestellt werden. Als Goldstandart wird eine endoskopische Luftsacksp\u00fclprobe entnommen und in einem Labor mittels PCR-Untersuchung analysiert. Diese Untersuchung dauert in der Regel 48 Stunden.\u00a0<\/p>\n\n\n\n<figure class=\"wp-block-image size-large\"><img loading=\"lazy\" decoding=\"async\" width=\"1024\" height=\"683\" src=\"https:\/\/pferdepraxis-roedig.de\/wp-content\/uploads\/2024\/09\/DSC04907-1024x683.jpg\" alt=\"Bild Druse\" class=\"wp-image-611\" srcset=\"https:\/\/pferdepraxis-roedig.de\/wp-content\/uploads\/2024\/09\/DSC04907-1024x683.jpg 1024w, https:\/\/pferdepraxis-roedig.de\/wp-content\/uploads\/2024\/09\/DSC04907-300x200.jpg 300w, https:\/\/pferdepraxis-roedig.de\/wp-content\/uploads\/2024\/09\/DSC04907-768x512.jpg 768w, https:\/\/pferdepraxis-roedig.de\/wp-content\/uploads\/2024\/09\/DSC04907-1536x1024.jpg 1536w, https:\/\/pferdepraxis-roedig.de\/wp-content\/uploads\/2024\/09\/DSC04907-2048x1365.jpg 2048w, https:\/\/pferdepraxis-roedig.de\/wp-content\/uploads\/2024\/09\/DSC04907-700x467.jpg 700w, https:\/\/pferdepraxis-roedig.de\/wp-content\/uploads\/2024\/09\/DSC04907-520x347.jpg 520w, https:\/\/pferdepraxis-roedig.de\/wp-content\/uploads\/2024\/09\/DSC04907-360x240.jpg 360w, https:\/\/pferdepraxis-roedig.de\/wp-content\/uploads\/2024\/09\/DSC04907-250x167.jpg 250w, https:\/\/pferdepraxis-roedig.de\/wp-content\/uploads\/2024\/09\/DSC04907-100x67.jpg 100w\" sizes=\"auto, (max-width: 1024px) 100vw, 1024px\" \/><\/figure>\n\n\n\n<p>Eine Untersuchung eines mittels eines Nasentupfers ist im positiven Fall beweisend, gilt aber als unsicherer als Luftsacksp\u00fclung.\u00a0<br>\u00a0<br><strong>Behandlung\u00a0<\/strong><br>\u00a0<br>Die Behandlung der Druse erfordert unbedingt die Konsultation eines Tierarztes, da eine unzureichende Behandlung im schlimmsten Fall zum Tod des Pferdes f\u00fchren kann.\u00a0<br>\u00a0<br><strong>Bestimmungen zu Druse\u00a0beim Pferd<br><\/strong>\u00a0<br>In Nordrhein-Westfalen ist Druse weder anzeige- noch meldepflichtig. Der Amtstierarzt muss nicht informiert werden, und es gibt keine angeordneten Sperrungen von St\u00e4llen oder Absagen von Turnieren. Stallbesitzer sind jedoch verpflichtet, keine Tiere aus dem Bestand zu verbringen, bis die Wartezeit (circa drei bis vier Wochen nach Abklingen der letzten Symptome) abgelaufen ist.\u00a0<br>\u00a0<br><strong>Vaccinations\u00a0<\/strong><br>\u00a0<br>Der verf\u00fcgbare Druseimpfstoff bietet nur einen kurzfristigen Schutz von etwa drei Monaten und ist nicht frei von Nebenwirkungen. Eine Impfung ist nicht m\u00f6glich, wenn die Erkrankung bereits im Stall ausgebrochen ist. Der Schutz besteht nur nach einer Grundimmunisierung, die aus zwei Impfungen im Abstand von zwei Wochen besteht.\u00a0<br>\u00a0<br><strong>Conclusion\u00a0<\/strong><br>\u00a0<br>Druse beim Pferd ist eine ernstzunehmende Erkrankung, die schnell zu schweren gesundheitlichen Problemen f\u00fchren kann. Bei Verdacht auf Druse oder Fragen zur Impfung und Behandlung stehen wir Ihnen jederzeit zur Verf\u00fcgung. Sch\u00fctzen Sie Ihr Pferd und informieren Sie sich bei uns!\u00a0<br>\u00a0<br>&#8212;<\/p>\n\n\n\n<p>Do you have any questions or requests regarding horse vaccinations?\u00a0<a href=\"https:\/\/pferdepraxis-roedig.de\/en\/contact\/\">Contact\u00a0<\/a>See us!\u00a0<\/p>","protected":false},"excerpt":{"rendered":"<p>Hier erfahren Sie alles Wichtige \u00fcber Druse beim Pferd, eine hoch ansteckende Infektionskrankheit, die vor allem Pferde und Esel betrifft.\u00a0\u00a0Was ist Druse?\u00a0\u00a0Druse, medizinisch als \u201eCoryza contagiosa equorum\u201c bekannt, wird durch das Bakterium Streptococcus equi, equi verursacht. Diese Erkrankung ist f\u00fcr [&hellip;]<\/p>\n","protected":false},"author":1,"featured_media":0,"parent":0,"menu_order":0,"comment_status":"closed","ping_status":"closed","template":"","meta":{"footnotes":""},"class_list":["post-113","page","type-page","status-publish","hentry","clearfix"],"yoast_head":"<!-- This site is optimized with the Yoast SEO plugin v27.3 - https:\/\/yoast.com\/product\/yoast-seo-wordpress\/ -->\n<title>Infektionskrankheiten - Druse beim Pferd - Tier\u00e4rztliche Praxis f\u00fcr Pferde - Dr. Nina R\u00f6dig - Fachtier\u00e4rztin<\/title>\n<meta name=\"description\" content=\"Hier erfahren Sie alles Wichtige \u00fcber Druse beim Pferd\" \/>\n<meta name=\"robots\" content=\"index, follow, max-snippet:-1, max-image-preview:large, max-video-preview:-1\" \/>\n<link rel=\"canonical\" href=\"https:\/\/pferdepraxis-roedig.de\/en\/infektionskrankheiten-druse\/\" \/>\n<meta property=\"og:locale\" content=\"en_GB\" \/>\n<meta property=\"og:type\" content=\"article\" \/>\n<meta property=\"og:title\" content=\"Infektionskrankheiten - Druse beim Pferd - Tier\u00e4rztliche Praxis f\u00fcr Pferde - Dr. Nina R\u00f6dig - Fachtier\u00e4rztin\" \/>\n<meta property=\"og:description\" content=\"Hier erfahren Sie alles Wichtige \u00fcber Druse beim Pferd\" \/>\n<meta property=\"og:url\" content=\"https:\/\/pferdepraxis-roedig.de\/en\/infektionskrankheiten-druse\/\" \/>\n<meta property=\"og:site_name\" content=\"Tier\u00e4rztliche Praxis f\u00fcr Pferde - Dr. Nina R\u00f6dig - Fachtier\u00e4rztin\" \/>\n<meta property=\"article:publisher\" content=\"https:\/\/www.facebook.com\/tierarztpraxisroedig\/\" \/>\n<meta property=\"article:modified_time\" content=\"2024-09-19T19:45:24+00:00\" \/>\n<meta property=\"og:image\" content=\"https:\/\/pferdepraxis-roedig.de\/wp-content\/uploads\/2024\/09\/DSC04907-1024x683.jpg\" \/>\n<meta name=\"twitter:card\" content=\"summary_large_image\" \/>\n<meta name=\"twitter:label1\" content=\"Estimated reading time\" \/>\n\t<meta name=\"twitter:data1\" content=\"4 minutes\" \/>\n<script type=\"application\/ld+json\" class=\"yoast-schema-graph\">{\"@context\":\"https:\\\/\\\/schema.org\",\"@graph\":[{\"@type\":\"WebPage\",\"@id\":\"https:\\\/\\\/pferdepraxis-roedig.de\\\/infektionskrankheiten-druse\",\"url\":\"https:\\\/\\\/pferdepraxis-roedig.de\\\/infektionskrankheiten-druse\",\"name\":\"Infektionskrankheiten - Druse beim Pferd - Tier\u00e4rztliche Praxis f\u00fcr Pferde - Dr. Nina R\u00f6dig - Fachtier\u00e4rztin\",\"isPartOf\":{\"@id\":\"https:\\\/\\\/pferdepraxis-roedig.de\\\/#website\"},\"primaryImageOfPage\":{\"@id\":\"https:\\\/\\\/pferdepraxis-roedig.de\\\/infektionskrankheiten-druse#primaryimage\"},\"image\":{\"@id\":\"https:\\\/\\\/pferdepraxis-roedig.de\\\/infektionskrankheiten-druse#primaryimage\"},\"thumbnailUrl\":\"https:\\\/\\\/pferdepraxis-roedig.de\\\/wp-content\\\/uploads\\\/2024\\\/09\\\/DSC04907-1024x683.jpg\",\"datePublished\":\"2020-11-01T14:30:19+00:00\",\"dateModified\":\"2024-09-19T19:45:24+00:00\",\"description\":\"Hier erfahren Sie alles Wichtige \u00fcber Druse beim Pferd\",\"breadcrumb\":{\"@id\":\"https:\\\/\\\/pferdepraxis-roedig.de\\\/infektionskrankheiten-druse#breadcrumb\"},\"inLanguage\":\"en-GB\",\"potentialAction\":[{\"@type\":\"ReadAction\",\"target\":[\"https:\\\/\\\/pferdepraxis-roedig.de\\\/infektionskrankheiten-druse\"]}]},{\"@type\":\"ImageObject\",\"inLanguage\":\"en-GB\",\"@id\":\"https:\\\/\\\/pferdepraxis-roedig.de\\\/infektionskrankheiten-druse#primaryimage\",\"url\":\"https:\\\/\\\/pferdepraxis-roedig.de\\\/wp-content\\\/uploads\\\/2024\\\/09\\\/DSC04907-1024x683.jpg\",\"contentUrl\":\"https:\\\/\\\/pferdepraxis-roedig.de\\\/wp-content\\\/uploads\\\/2024\\\/09\\\/DSC04907-1024x683.jpg\"},{\"@type\":\"BreadcrumbList\",\"@id\":\"https:\\\/\\\/pferdepraxis-roedig.de\\\/infektionskrankheiten-druse#breadcrumb\",\"itemListElement\":[{\"@type\":\"ListItem\",\"position\":1,\"name\":\"Startseite\",\"item\":\"https:\\\/\\\/pferdepraxis-roedig.de\\\/\"},{\"@type\":\"ListItem\",\"position\":2,\"name\":\"Infektionskrankheiten &#8211; Druse beim Pferd\"}]},{\"@type\":\"WebSite\",\"@id\":\"https:\\\/\\\/pferdepraxis-roedig.de\\\/#website\",\"url\":\"https:\\\/\\\/pferdepraxis-roedig.de\\\/\",\"name\":\"Tier\u00e4rztliche Praxis f\u00fcr Pferde - Dr. Nina R\u00f6dig\",\"description\":\"Orthop\u00e4die mit Ultraschall, dig. R\u00f6ntgen &amp; Endoskopie vor Ort. 24h-Notdienst. Zuverl\u00e4ssige Betreuung. Diagnostik M\u00f6glich. Kompetente Beratung.\",\"publisher\":{\"@id\":\"https:\\\/\\\/pferdepraxis-roedig.de\\\/#organization\"},\"potentialAction\":[{\"@type\":\"SearchAction\",\"target\":{\"@type\":\"EntryPoint\",\"urlTemplate\":\"https:\\\/\\\/pferdepraxis-roedig.de\\\/?s={search_term_string}\"},\"query-input\":{\"@type\":\"PropertyValueSpecification\",\"valueRequired\":true,\"valueName\":\"search_term_string\"}}],\"inLanguage\":\"en-GB\"},{\"@type\":\"Organization\",\"@id\":\"https:\\\/\\\/pferdepraxis-roedig.de\\\/#organization\",\"name\":\"Tier\u00e4rztliche Praxis f\u00fcr Pferde - Dr. Nina R\u00f6dig\",\"url\":\"https:\\\/\\\/pferdepraxis-roedig.de\\\/\",\"logo\":{\"@type\":\"ImageObject\",\"inLanguage\":\"en-GB\",\"@id\":\"https:\\\/\\\/pferdepraxis-roedig.de\\\/#\\\/schema\\\/logo\\\/image\\\/\",\"url\":\"https:\\\/\\\/pferdepraxis-roedig.de\\\/wp-content\\\/uploads\\\/2020\\\/12\\\/Logo_Roedig_TPfP_v2.png\",\"contentUrl\":\"https:\\\/\\\/pferdepraxis-roedig.de\\\/wp-content\\\/uploads\\\/2020\\\/12\\\/Logo_Roedig_TPfP_v2.png\",\"width\":1024,\"height\":386,\"caption\":\"Tier\u00e4rztliche Praxis f\u00fcr Pferde - Dr. Nina R\u00f6dig\"},\"image\":{\"@id\":\"https:\\\/\\\/pferdepraxis-roedig.de\\\/#\\\/schema\\\/logo\\\/image\\\/\"},\"sameAs\":[\"https:\\\/\\\/www.facebook.com\\\/tierarztpraxisroedig\\\/\",\"https:\\\/\\\/www.instagram.com\\\/tierarztpraxis_roedig\\\/\"]}]}<\/script>\n<!-- \/ Yoast SEO plugin. -->","yoast_head_json":{"title":"Infektionskrankheiten - Druse beim Pferd - Tier\u00e4rztliche Praxis f\u00fcr Pferde - Dr. Nina R\u00f6dig - Fachtier\u00e4rztin","description":"Hier erfahren Sie alles Wichtige \u00fcber Druse beim Pferd","robots":{"index":"index","follow":"follow","max-snippet":"max-snippet:-1","max-image-preview":"max-image-preview:large","max-video-preview":"max-video-preview:-1"},"canonical":"https:\/\/pferdepraxis-roedig.de\/en\/infektionskrankheiten-druse\/","og_locale":"en_GB","og_type":"article","og_title":"Infektionskrankheiten - Druse beim Pferd - Tier\u00e4rztliche Praxis f\u00fcr Pferde - Dr. Nina R\u00f6dig - Fachtier\u00e4rztin","og_description":"Hier erfahren Sie alles Wichtige \u00fcber Druse beim Pferd","og_url":"https:\/\/pferdepraxis-roedig.de\/en\/infektionskrankheiten-druse\/","og_site_name":"Tier\u00e4rztliche Praxis f\u00fcr Pferde - Dr. Nina R\u00f6dig - Fachtier\u00e4rztin","article_publisher":"https:\/\/www.facebook.com\/tierarztpraxisroedig\/","article_modified_time":"2024-09-19T19:45:24+00:00","og_image":[{"url":"https:\/\/pferdepraxis-roedig.de\/wp-content\/uploads\/2024\/09\/DSC04907-1024x683.jpg","type":"","width":"","height":""}],"twitter_card":"summary_large_image","twitter_misc":{"Estimated reading time":"4 minutes"},"schema":{"@context":"https:\/\/schema.org","@graph":[{"@type":"WebPage","@id":"https:\/\/pferdepraxis-roedig.de\/infektionskrankheiten-druse","url":"https:\/\/pferdepraxis-roedig.de\/infektionskrankheiten-druse","name":"Infektionskrankheiten - Druse beim Pferd - Tier\u00e4rztliche Praxis f\u00fcr Pferde - Dr. Nina R\u00f6dig - Fachtier\u00e4rztin","isPartOf":{"@id":"https:\/\/pferdepraxis-roedig.de\/#website"},"primaryImageOfPage":{"@id":"https:\/\/pferdepraxis-roedig.de\/infektionskrankheiten-druse#primaryimage"},"image":{"@id":"https:\/\/pferdepraxis-roedig.de\/infektionskrankheiten-druse#primaryimage"},"thumbnailUrl":"https:\/\/pferdepraxis-roedig.de\/wp-content\/uploads\/2024\/09\/DSC04907-1024x683.jpg","datePublished":"2020-11-01T14:30:19+00:00","dateModified":"2024-09-19T19:45:24+00:00","description":"Hier erfahren Sie alles Wichtige \u00fcber Druse beim Pferd","breadcrumb":{"@id":"https:\/\/pferdepraxis-roedig.de\/infektionskrankheiten-druse#breadcrumb"},"inLanguage":"en-GB","potentialAction":[{"@type":"ReadAction","target":["https:\/\/pferdepraxis-roedig.de\/infektionskrankheiten-druse"]}]},{"@type":"ImageObject","inLanguage":"en-GB","@id":"https:\/\/pferdepraxis-roedig.de\/infektionskrankheiten-druse#primaryimage","url":"https:\/\/pferdepraxis-roedig.de\/wp-content\/uploads\/2024\/09\/DSC04907-1024x683.jpg","contentUrl":"https:\/\/pferdepraxis-roedig.de\/wp-content\/uploads\/2024\/09\/DSC04907-1024x683.jpg"},{"@type":"BreadcrumbList","@id":"https:\/\/pferdepraxis-roedig.de\/infektionskrankheiten-druse#breadcrumb","itemListElement":[{"@type":"ListItem","position":1,"name":"Startseite","item":"https:\/\/pferdepraxis-roedig.de\/"},{"@type":"ListItem","position":2,"name":"Infektionskrankheiten &#8211; Druse beim Pferd"}]},{"@type":"WebSite","@id":"https:\/\/pferdepraxis-roedig.de\/#website","url":"https:\/\/pferdepraxis-roedig.de\/","name":"Veterinary Practice for Horses - Dr. Nina R\u00f6dig","description":"Orthopaedics with ultrasound, digital X-ray &amp; endoscopy on site. 24-hour emergency service. Reliable care. Diagnostics possible. Competent advice.","publisher":{"@id":"https:\/\/pferdepraxis-roedig.de\/#organization"},"potentialAction":[{"@type":"SearchAction","target":{"@type":"EntryPoint","urlTemplate":"https:\/\/pferdepraxis-roedig.de\/?s={search_term_string}"},"query-input":{"@type":"PropertyValueSpecification","valueRequired":true,"valueName":"search_term_string"}}],"inLanguage":"en-GB"},{"@type":"Organization","@id":"https:\/\/pferdepraxis-roedig.de\/#organization","name":"Veterinary Practice for Horses - Dr. Nina R\u00f6dig","url":"https:\/\/pferdepraxis-roedig.de\/","logo":{"@type":"ImageObject","inLanguage":"en-GB","@id":"https:\/\/pferdepraxis-roedig.de\/#\/schema\/logo\/image\/","url":"https:\/\/pferdepraxis-roedig.de\/wp-content\/uploads\/2020\/12\/Logo_Roedig_TPfP_v2.png","contentUrl":"https:\/\/pferdepraxis-roedig.de\/wp-content\/uploads\/2020\/12\/Logo_Roedig_TPfP_v2.png","width":1024,"height":386,"caption":"Tier\u00e4rztliche Praxis f\u00fcr Pferde - Dr. Nina R\u00f6dig"},"image":{"@id":"https:\/\/pferdepraxis-roedig.de\/#\/schema\/logo\/image\/"},"sameAs":["https:\/\/www.facebook.com\/tierarztpraxisroedig\/","https:\/\/www.instagram.com\/tierarztpraxis_roedig\/"]}]}},"_links":{"self":[{"href":"https:\/\/pferdepraxis-roedig.de\/en\/wp-json\/wp\/v2\/pages\/113","targetHints":{"allow":["GET"]}}],"collection":[{"href":"https:\/\/pferdepraxis-roedig.de\/en\/wp-json\/wp\/v2\/pages"}],"about":[{"href":"https:\/\/pferdepraxis-roedig.de\/en\/wp-json\/wp\/v2\/types\/page"}],"author":[{"embeddable":true,"href":"https:\/\/pferdepraxis-roedig.de\/en\/wp-json\/wp\/v2\/users\/1"}],"replies":[{"embeddable":true,"href":"https:\/\/pferdepraxis-roedig.de\/en\/wp-json\/wp\/v2\/comments?post=113"}],"version-history":[{"count":4,"href":"https:\/\/pferdepraxis-roedig.de\/en\/wp-json\/wp\/v2\/pages\/113\/revisions"}],"predecessor-version":[{"id":612,"href":"https:\/\/pferdepraxis-roedig.de\/en\/wp-json\/wp\/v2\/pages\/113\/revisions\/612"}],"wp:attachment":[{"href":"https:\/\/pferdepraxis-roedig.de\/en\/wp-json\/wp\/v2\/media?parent=113"}],"curies":[{"name":"wp","href":"https:\/\/api.w.org\/{rel}","templated":true}]}}