{"id":111,"date":"2020-11-01T14:29:58","date_gmt":"2020-11-01T14:29:58","guid":{"rendered":"https:\/\/xn--tierrztlichepraxisfr-ezb75c.live-website.com\/?page_id=111"},"modified":"2022-01-17T15:43:30","modified_gmt":"2022-01-17T14:43:30","slug":"infectious-diseases-influenza","status":"publish","type":"page","link":"https:\/\/pferdepraxis-roedig.de\/en\/infektionskrankheiten-influenza","title":{"rendered":"Infectious Diseases \u2013 Equine Influenza"},"content":{"rendered":"<p>The equine influenza is, according to the latest findings in our latitudes, caused by the virus strains Influenza A\/Equi-2\/Newmarket\/2\/93 and A\/Equi-2\/Ohio\/03. While the influenza viruses are related to the pathogen of human influenza, fortunately, no infections have (as yet) occurred from horse to human (and vice versa).<\/p>\n\n\n\n<h3 class=\"wp-block-heading\">Transfer<\/h3>\n\n\n\n<p>The animals contract the viruses via droplet infection of the mucous membranes of the upper and lower respiratory tract. From here, the virus spreads throughout the entire respiratory tract in a very short time. However, the virus can also spread via the bloodstream. <\/p>\n\n\n\n<p>This leads to viral damage of the lung tissue, which is accompanied by coughing. With each cough, large amounts of the virus are released into the environment within a radius of up to 40 metres. Viral shedding occurs mainly during the incubation period (twelve hours to three days) and during the first five days after the onset of clinical symptoms. However, it can also be shed by animals for seven to ten days after they appear to have recovered. <\/p>\n\n\n\n<p>Typical of influenza is the extremely short incubation period. If an infected horse enters a non-immune herd, the disease spreads within a few days to up to 100% of the animals.<\/p>\n\n\n\n<p>The virus spreads not only through the air but also via carriers such as dust, feed, cleaning materials, animals, and contact persons.<\/p>\n\n\n\n<h3 class=\"wp-block-heading\">Clinical course<\/h3>\n\n\n\n<p>Equine influenza is a highly contagious, febrile infectious disease of the respiratory tract, preferentially settling in the lower respiratory organs. Typical of this disease is a sudden onset of recurring fever, which can rise to 42\u00b0C. <\/p>\n\n\n\n<p>After a few days, a strong, but dry and painful cough sets in. Furthermore, clear, watery to slimy nasal discharge can be observed as a result of inflammation of the nasal mucous membrane. In addition, inflammation of the conjunctiva with increased tear flow can occur. The subsequent fever-free phase can last for hours or even days, then fever sets in again. <\/p>\n\n\n\n<p>Usually, three or more bouts of fever are typical with an infection of equine influenza viruses. A continuously elevated body temperature, as well as purulent nasal discharge, conversely, is a sign of an additional bacterial infection. Furthermore, particularly with severe cases, reduced feed intake, lethargy, apathy, and general or local muscle tremors can occur. Heart weakness and swollen limbs are also possible.<br>The danger of this illness lies in the potential for chronic damage to the lung tissue, which can lead to a long-term reduction in performance.<\/p>\n\n\n\n<h3 class=\"wp-block-heading\">Therapy<\/h3>\n\n\n\n<p>The therapy consists of immediate immobilisation of the animals and calling in the vet for treatment. After the fever subsides, the horses should not be ridden for approximately three weeks to prevent chronic bronchitis.<br>During the recovery phase, in addition to rest, conditions relating to posture and feeding play a crucial role: fresh air, high-quality, dust-free feed. Even if the illness subsides without bacteria being able to establish themselves in the mucous membranes damaged by the viruses, the body's own lung cleaning mechanisms remain impaired for a good four weeks. If horses are worked too soon (it is recommended to have one week of rest for each day with a fever), permanent respiratory diseases often remain. Furthermore, muscle damage (including in the heart) can be a consequence of an influenza infection and lead to performance limitations.<\/p>\n\n\n\n<h3 class=\"wp-block-heading\">Prophylaxis<\/h3>\n\n\n\n<p>The most important hand tool against this really very contagious disease is preventive vaccination. Because of the long-term health risks for their horse from the consequences of an influenza infection, protective vaccinations against influenza are not only indicated because events are put at risk by so-called flu waves, but also because the required weeks of rest and the same possible long-term consequences can thus be avoided. Admittedly, influenza cases or even epidemics have hardly been seen in Germany for years, but this can again be attributed to the consistent vaccination of all horses.<\/p>","protected":false},"excerpt":{"rendered":"<p>Die Equine Influenza wird in den hiesigen Breitengraden nach neuesten Erkenntnissen durch die Virusst\u00e4mme Influenza A\/Equi -2\/Newmarket\/2\/93 und A\/Equi-2\/Ohio\/03 hervorgerufen. Die Influenzaviren sind zwar verwandt mit dem Erreger der menschlichen Influenza, aber gl\u00fccklicherweise sind (noch) keine Ansteckungen von Pferd auf [&hellip;]<\/p>\n","protected":false},"author":1,"featured_media":0,"parent":0,"menu_order":0,"comment_status":"closed","ping_status":"closed","template":"","meta":{"footnotes":""},"class_list":["post-111","page","type-page","status-publish","hentry","clearfix"],"yoast_head":"<!-- This site is optimized with the Yoast SEO plugin v27.3 - https:\/\/yoast.com\/product\/yoast-seo-wordpress\/ -->\n<title>Infektionskrankheiten - Influenza beim Pferd - Tier\u00e4rztliche Praxis f\u00fcr Pferde - Dr. Nina R\u00f6dig - Fachtier\u00e4rztin<\/title>\n<meta name=\"description\" content=\"Die Equine Influenza wird in den hiesigen Breitengraden nach neuesten Erkenntnissen durch die Virusst\u00e4mme Influenza A\/Equi -2\/Newmarket\/2\/93 und A\/Equi-2\/Ohio\/03 hervorgerufen.\" \/>\n<meta name=\"robots\" content=\"index, follow, max-snippet:-1, max-image-preview:large, max-video-preview:-1\" \/>\n<link rel=\"canonical\" href=\"https:\/\/pferdepraxis-roedig.de\/en\/infectious-diseases-influenza\/\" \/>\n<meta property=\"og:locale\" content=\"en_GB\" \/>\n<meta property=\"og:type\" content=\"article\" \/>\n<meta property=\"og:title\" content=\"Infektionskrankheiten - Influenza beim Pferd - Tier\u00e4rztliche Praxis f\u00fcr Pferde - Dr. Nina R\u00f6dig - Fachtier\u00e4rztin\" \/>\n<meta property=\"og:description\" content=\"Die Equine Influenza wird in den hiesigen Breitengraden nach neuesten Erkenntnissen durch die Virusst\u00e4mme Influenza A\/Equi -2\/Newmarket\/2\/93 und A\/Equi-2\/Ohio\/03 hervorgerufen.\" \/>\n<meta property=\"og:url\" content=\"https:\/\/pferdepraxis-roedig.de\/en\/infectious-diseases-influenza\/\" \/>\n<meta property=\"og:site_name\" content=\"Tier\u00e4rztliche Praxis f\u00fcr Pferde - Dr. Nina R\u00f6dig - Fachtier\u00e4rztin\" \/>\n<meta property=\"article:publisher\" content=\"https:\/\/www.facebook.com\/tierarztpraxisroedig\/\" \/>\n<meta property=\"article:modified_time\" content=\"2022-01-17T14:43:30+00:00\" \/>\n<meta name=\"twitter:card\" content=\"summary_large_image\" \/>\n<meta name=\"twitter:label1\" content=\"Estimated reading time\" \/>\n\t<meta name=\"twitter:data1\" content=\"4 minutes\" \/>\n<script type=\"application\/ld+json\" class=\"yoast-schema-graph\">{\"@context\":\"https:\\\/\\\/schema.org\",\"@graph\":[{\"@type\":\"WebPage\",\"@id\":\"https:\\\/\\\/pferdepraxis-roedig.de\\\/infektionskrankheiten-influenza\",\"url\":\"https:\\\/\\\/pferdepraxis-roedig.de\\\/infektionskrankheiten-influenza\",\"name\":\"Infektionskrankheiten - Influenza beim Pferd - Tier\u00e4rztliche Praxis f\u00fcr Pferde - Dr. Nina R\u00f6dig - Fachtier\u00e4rztin\",\"isPartOf\":{\"@id\":\"https:\\\/\\\/pferdepraxis-roedig.de\\\/#website\"},\"datePublished\":\"2020-11-01T14:29:58+00:00\",\"dateModified\":\"2022-01-17T14:43:30+00:00\",\"description\":\"Die Equine Influenza wird in den hiesigen Breitengraden nach neuesten Erkenntnissen durch die Virusst\u00e4mme Influenza A\\\/Equi -2\\\/Newmarket\\\/2\\\/93 und A\\\/Equi-2\\\/Ohio\\\/03 hervorgerufen.\",\"breadcrumb\":{\"@id\":\"https:\\\/\\\/pferdepraxis-roedig.de\\\/infektionskrankheiten-influenza#breadcrumb\"},\"inLanguage\":\"en-GB\",\"potentialAction\":[{\"@type\":\"ReadAction\",\"target\":[\"https:\\\/\\\/pferdepraxis-roedig.de\\\/infektionskrankheiten-influenza\"]}]},{\"@type\":\"BreadcrumbList\",\"@id\":\"https:\\\/\\\/pferdepraxis-roedig.de\\\/infektionskrankheiten-influenza#breadcrumb\",\"itemListElement\":[{\"@type\":\"ListItem\",\"position\":1,\"name\":\"Startseite\",\"item\":\"https:\\\/\\\/pferdepraxis-roedig.de\\\/\"},{\"@type\":\"ListItem\",\"position\":2,\"name\":\"Infektionskrankheiten &#8211; Influenza beim Pferd\"}]},{\"@type\":\"WebSite\",\"@id\":\"https:\\\/\\\/pferdepraxis-roedig.de\\\/#website\",\"url\":\"https:\\\/\\\/pferdepraxis-roedig.de\\\/\",\"name\":\"Tier\u00e4rztliche Praxis f\u00fcr Pferde - Dr. Nina R\u00f6dig\",\"description\":\"Orthop\u00e4die mit Ultraschall, dig. R\u00f6ntgen &amp; Endoskopie vor Ort. 24h-Notdienst. Zuverl\u00e4ssige Betreuung. Diagnostik M\u00f6glich. Kompetente Beratung.\",\"publisher\":{\"@id\":\"https:\\\/\\\/pferdepraxis-roedig.de\\\/#organization\"},\"potentialAction\":[{\"@type\":\"SearchAction\",\"target\":{\"@type\":\"EntryPoint\",\"urlTemplate\":\"https:\\\/\\\/pferdepraxis-roedig.de\\\/?s={search_term_string}\"},\"query-input\":{\"@type\":\"PropertyValueSpecification\",\"valueRequired\":true,\"valueName\":\"search_term_string\"}}],\"inLanguage\":\"en-GB\"},{\"@type\":\"Organization\",\"@id\":\"https:\\\/\\\/pferdepraxis-roedig.de\\\/#organization\",\"name\":\"Tier\u00e4rztliche Praxis f\u00fcr Pferde - Dr. Nina R\u00f6dig\",\"url\":\"https:\\\/\\\/pferdepraxis-roedig.de\\\/\",\"logo\":{\"@type\":\"ImageObject\",\"inLanguage\":\"en-GB\",\"@id\":\"https:\\\/\\\/pferdepraxis-roedig.de\\\/#\\\/schema\\\/logo\\\/image\\\/\",\"url\":\"https:\\\/\\\/pferdepraxis-roedig.de\\\/wp-content\\\/uploads\\\/2020\\\/12\\\/Logo_Roedig_TPfP_v2.png\",\"contentUrl\":\"https:\\\/\\\/pferdepraxis-roedig.de\\\/wp-content\\\/uploads\\\/2020\\\/12\\\/Logo_Roedig_TPfP_v2.png\",\"width\":1024,\"height\":386,\"caption\":\"Tier\u00e4rztliche Praxis f\u00fcr Pferde - Dr. Nina R\u00f6dig\"},\"image\":{\"@id\":\"https:\\\/\\\/pferdepraxis-roedig.de\\\/#\\\/schema\\\/logo\\\/image\\\/\"},\"sameAs\":[\"https:\\\/\\\/www.facebook.com\\\/tierarztpraxisroedig\\\/\",\"https:\\\/\\\/www.instagram.com\\\/tierarztpraxis_roedig\\\/\"]}]}<\/script>\n<!-- \/ Yoast SEO plugin. -->","yoast_head_json":{"title":"Infectious Diseases - Equine Influenza - Veterinary Practice for Horses - Dr. Nina R\u00f6dig - Specialist Veterinarian","description":"Equine influenza is caused in these latitudes by the virus strains Influenza A\/Equi -2\/Newmarket\/2\/93 and A\/Equi-2\/Ohio\/03, according to the latest findings.","robots":{"index":"index","follow":"follow","max-snippet":"max-snippet:-1","max-image-preview":"max-image-preview:large","max-video-preview":"max-video-preview:-1"},"canonical":"https:\/\/pferdepraxis-roedig.de\/en\/infectious-diseases-influenza\/","og_locale":"en_GB","og_type":"article","og_title":"Infektionskrankheiten - Influenza beim Pferd - Tier\u00e4rztliche Praxis f\u00fcr Pferde - Dr. Nina R\u00f6dig - Fachtier\u00e4rztin","og_description":"Die Equine Influenza wird in den hiesigen Breitengraden nach neuesten Erkenntnissen durch die Virusst\u00e4mme Influenza A\/Equi -2\/Newmarket\/2\/93 und A\/Equi-2\/Ohio\/03 hervorgerufen.","og_url":"https:\/\/pferdepraxis-roedig.de\/en\/infectious-diseases-influenza\/","og_site_name":"Tier\u00e4rztliche Praxis f\u00fcr Pferde - Dr. Nina R\u00f6dig - Fachtier\u00e4rztin","article_publisher":"https:\/\/www.facebook.com\/tierarztpraxisroedig\/","article_modified_time":"2022-01-17T14:43:30+00:00","twitter_card":"summary_large_image","twitter_misc":{"Estimated reading time":"4 minutes"},"schema":{"@context":"https:\/\/schema.org","@graph":[{"@type":"WebPage","@id":"https:\/\/pferdepraxis-roedig.de\/infektionskrankheiten-influenza","url":"https:\/\/pferdepraxis-roedig.de\/infektionskrankheiten-influenza","name":"Infectious Diseases - Equine Influenza - Veterinary Practice for Horses - Dr. Nina R\u00f6dig - Specialist Veterinarian","isPartOf":{"@id":"https:\/\/pferdepraxis-roedig.de\/#website"},"datePublished":"2020-11-01T14:29:58+00:00","dateModified":"2022-01-17T14:43:30+00:00","description":"Equine influenza is caused in these latitudes by the virus strains Influenza A\/Equi -2\/Newmarket\/2\/93 and A\/Equi-2\/Ohio\/03, according to the latest findings.","breadcrumb":{"@id":"https:\/\/pferdepraxis-roedig.de\/infektionskrankheiten-influenza#breadcrumb"},"inLanguage":"en-GB","potentialAction":[{"@type":"ReadAction","target":["https:\/\/pferdepraxis-roedig.de\/infektionskrankheiten-influenza"]}]},{"@type":"BreadcrumbList","@id":"https:\/\/pferdepraxis-roedig.de\/infektionskrankheiten-influenza#breadcrumb","itemListElement":[{"@type":"ListItem","position":1,"name":"Startseite","item":"https:\/\/pferdepraxis-roedig.de\/"},{"@type":"ListItem","position":2,"name":"Infektionskrankheiten &#8211; Influenza beim Pferd"}]},{"@type":"WebSite","@id":"https:\/\/pferdepraxis-roedig.de\/#website","url":"https:\/\/pferdepraxis-roedig.de\/","name":"Veterinary Practice for Horses - Dr. Nina R\u00f6dig","description":"Orthopaedics with ultrasound, digital X-ray &amp; endoscopy on site. 24-hour emergency service. Reliable care. Diagnostics possible. Competent advice.","publisher":{"@id":"https:\/\/pferdepraxis-roedig.de\/#organization"},"potentialAction":[{"@type":"SearchAction","target":{"@type":"EntryPoint","urlTemplate":"https:\/\/pferdepraxis-roedig.de\/?s={search_term_string}"},"query-input":{"@type":"PropertyValueSpecification","valueRequired":true,"valueName":"search_term_string"}}],"inLanguage":"en-GB"},{"@type":"Organization","@id":"https:\/\/pferdepraxis-roedig.de\/#organization","name":"Veterinary Practice for Horses - Dr. Nina R\u00f6dig","url":"https:\/\/pferdepraxis-roedig.de\/","logo":{"@type":"ImageObject","inLanguage":"en-GB","@id":"https:\/\/pferdepraxis-roedig.de\/#\/schema\/logo\/image\/","url":"https:\/\/pferdepraxis-roedig.de\/wp-content\/uploads\/2020\/12\/Logo_Roedig_TPfP_v2.png","contentUrl":"https:\/\/pferdepraxis-roedig.de\/wp-content\/uploads\/2020\/12\/Logo_Roedig_TPfP_v2.png","width":1024,"height":386,"caption":"Tier\u00e4rztliche Praxis f\u00fcr Pferde - Dr. Nina R\u00f6dig"},"image":{"@id":"https:\/\/pferdepraxis-roedig.de\/#\/schema\/logo\/image\/"},"sameAs":["https:\/\/www.facebook.com\/tierarztpraxisroedig\/","https:\/\/www.instagram.com\/tierarztpraxis_roedig\/"]}]}},"_links":{"self":[{"href":"https:\/\/pferdepraxis-roedig.de\/en\/wp-json\/wp\/v2\/pages\/111","targetHints":{"allow":["GET"]}}],"collection":[{"href":"https:\/\/pferdepraxis-roedig.de\/en\/wp-json\/wp\/v2\/pages"}],"about":[{"href":"https:\/\/pferdepraxis-roedig.de\/en\/wp-json\/wp\/v2\/types\/page"}],"author":[{"embeddable":true,"href":"https:\/\/pferdepraxis-roedig.de\/en\/wp-json\/wp\/v2\/users\/1"}],"replies":[{"embeddable":true,"href":"https:\/\/pferdepraxis-roedig.de\/en\/wp-json\/wp\/v2\/comments?post=111"}],"version-history":[{"count":2,"href":"https:\/\/pferdepraxis-roedig.de\/en\/wp-json\/wp\/v2\/pages\/111\/revisions"}],"predecessor-version":[{"id":359,"href":"https:\/\/pferdepraxis-roedig.de\/en\/wp-json\/wp\/v2\/pages\/111\/revisions\/359"}],"wp:attachment":[{"href":"https:\/\/pferdepraxis-roedig.de\/en\/wp-json\/wp\/v2\/media?parent=111"}],"curies":[{"name":"wp","href":"https:\/\/api.w.org\/{rel}","templated":true}]}}